{"id":15290,"date":"2024-01-04T13:13:02","date_gmt":"2024-01-04T13:13:02","guid":{"rendered":"https:\/\/nets360.eu\/juridisk-oplysning\/"},"modified":"2025-08-14T08:47:51","modified_gmt":"2025-08-14T08:47:51","slug":"juridisk-oplysning","status":"publish","type":"page","link":"https:\/\/nets360.eu\/da\/juridisk-oplysning\/","title":{"rendered":"Juridisk oplysning"},"content":{"rendered":"\t\t<div data-elementor-type=\"wp-page\" data-elementor-id=\"15290\" class=\"elementor elementor-15290 elementor-1372\" data-elementor-post-type=\"page\">\n\t\t\t\t<div class=\"elementor-element elementor-element-5443ba6 e-flex e-con-boxed e-con e-parent\" data-id=\"5443ba6\" data-element_type=\"container\" data-settings=\"{&quot;background_background&quot;:&quot;gradient&quot;}\">\n\t\t\t\t\t<div class=\"e-con-inner\">\n\t\t<div class=\"elementor-element elementor-element-5fc7769 e-flex e-con-boxed e-con e-child\" data-id=\"5fc7769\" data-element_type=\"container\">\n\t\t\t\t\t<div class=\"e-con-inner\">\n\t\t<div class=\"elementor-element elementor-element-774e743 e-flex e-con-boxed e-con e-child\" data-id=\"774e743\" data-element_type=\"container\">\n\t\t\t\t\t<div class=\"e-con-inner\">\n\t\t\t\t<div class=\"elementor-element elementor-element-6486a88 elementor-widget elementor-widget-text-editor\" data-id=\"6486a88\" data-element_type=\"widget\" data-widget_type=\"text-editor.default\">\n\t\t\t\t<div class=\"elementor-widget-container\">\n\t\t\t\t\t\t\t\t\t<p>nets360<\/p>\t\t\t\t\t\t\t\t<\/div>\n\t\t\t\t<\/div>\n\t\t\t\t<div class=\"elementor-element elementor-element-52638f4 elementor-widget elementor-widget-heading\" data-id=\"52638f4\" data-element_type=\"widget\" data-widget_type=\"heading.default\">\n\t\t\t\t<div class=\"elementor-widget-container\">\n\t\t\t\t\t<h1 class=\"elementor-heading-title elementor-size-default\">Juridisk oplysning<\/h1>\t\t\t\t<\/div>\n\t\t\t\t<\/div>\n\t\t\t\t\t<\/div>\n\t\t\t\t<\/div>\n\t\t\t\t\t<\/div>\n\t\t\t\t<\/div>\n\t\t\t\t\t<\/div>\n\t\t\t\t<\/div>\n\t\t<div class=\"elementor-element elementor-element-09076b3 e-flex e-con-boxed e-con e-parent\" data-id=\"09076b3\" data-element_type=\"container\">\n\t\t\t\t\t<div class=\"e-con-inner\">\n\t\t\t\t<div class=\"elementor-element elementor-element-68ea3ca elementor-widget elementor-widget-heading\" data-id=\"68ea3ca\" data-element_type=\"widget\" data-widget_type=\"heading.default\">\n\t\t\t\t<div class=\"elementor-widget-container\">\n\t\t\t\t\t<h2 class=\"elementor-heading-title elementor-size-default\">Juridisk meddelelse\n\n<\/h2>\t\t\t\t<\/div>\n\t\t\t\t<\/div>\n\t\t\t\t<div class=\"elementor-element elementor-element-6538102 elementor-widget elementor-widget-text-editor\" data-id=\"6538102\" data-element_type=\"widget\" data-widget_type=\"text-editor.default\">\n\t\t\t\t<div class=\"elementor-widget-container\">\n\t\t\t\t\t\t\t\t\t<p><strong>Hovedkvarter<\/strong><\/p><p>nets360 O\u00dc<\/p><p>Hobujaama 4<br>Tallinn 10151<br>Estland<\/p><p>Handelsregisternummer: 16895772<br>Moms-ID: EE102744798  <\/p><p>Telefon: +372 6063940<br>E-mail: frontdesk@nets360.eu<\/p><p>Repr\u00e6senteret af: Bernhard Teufel (administrerende direkt\u00f8r)<\/p><p>Ansvarlig for indhold: Jaakko M\u00e4kinen<\/p><p><strong>nets360 tilbyder sine tjenester i hele Europa. Du kan finde vores kontorer og teams i dit land i <a href=\"https:\/\/nets360.eu\/da\/kontakt-os\/\">kontaktsektionen<\/a>. <\/strong><\/p>\t\t\t\t\t\t\t\t<\/div>\n\t\t\t\t<\/div>\n\t\t\t\t\t<\/div>\n\t\t\t\t<\/div>\n\t\t<div class=\"elementor-element elementor-element-115aa2f e-flex e-con-boxed e-con e-parent\" data-id=\"115aa2f\" data-element_type=\"container\">\n\t\t\t\t\t<div class=\"e-con-inner\">\n\t\t\t\t<div class=\"elementor-element elementor-element-7cdea4c elementor-widget elementor-widget-heading\" data-id=\"7cdea4c\" data-element_type=\"widget\" data-widget_type=\"heading.default\">\n\t\t\t\t<div class=\"elementor-widget-container\">\n\t\t\t\t\t<h2 class=\"elementor-heading-title elementor-size-default\">Ansvarsfraskrivelse\n<\/h2>\t\t\t\t<\/div>\n\t\t\t\t<\/div>\n\t\t\t\t<div class=\"elementor-element elementor-element-38b1dee elementor-widget elementor-widget-text-editor\" data-id=\"38b1dee\" data-element_type=\"widget\" data-widget_type=\"text-editor.default\">\n\t\t\t\t<div class=\"elementor-widget-container\">\n\t\t\t\t\t\t\t\t\t<p>nets360 leverer udelukkende tjenester til erhvervskunder, offentlige myndigheder og ikke-statslige organisationer (NGO&#8217;er) inden for Det Europ\u00e6iske \u00d8konomiske Samarbejdsomr\u00e5de. Vi tilbyder ikke tjenester til privatpersoner eller forbrugere (B2C). <\/p><p><b>Meddelelse i henhold til Art. 14 stk. 1 i ODR-forordningen:   <\/b><br>Europa-Kommissionen stiller en platform til r\u00e5dighed for onlinetvistbil\u00e6ggelse (ODR), som du kan f\u00e5 adgang til her: https:\/\/ec.europa.eu\/consumers\/odr\/ <br>Vi er dog hverken forpligtet til eller villige til at deltage i tvistbil\u00e6ggelsesprocedurer ved et forbrugervoldgiftsn\u00e6vn, da vi ikke tilbyder tjenester til forbrugere.<\/p><p><strong>Ansvarsfraskrivelse for prim\u00e6rsprog<\/strong><br>Indholdet og oplysningerne p\u00e5 dette websted er prim\u00e6rt p\u00e5 engelsk. Overs\u00e6ttelser til andre sprog kan v\u00e6re forsinkede eller ikke opdaterede. Hvis et bestemt indhold kun er tilg\u00e6ngeligt p\u00e5 et ikke-engelsk sprog, anses dette indhold for at v\u00e6re autoritativt.  <\/p><p><b>Ansvarsfraskrivelse<\/b> for <strong>tredjepartsindhold<\/strong><br>nets360 er ikke ansvarlig for de oplysninger, der offentligg\u00f8res eller formidles af tredjeparter, s\u00e5som partnere og forhandlere.<\/p>\t\t\t\t\t\t\t\t<\/div>\n\t\t\t\t<\/div>\n\t\t\t\t\t<\/div>\n\t\t\t\t<\/div>\n\t\t<div class=\"elementor-element elementor-element-76e7bc2 e-flex e-con-boxed e-con e-parent\" data-id=\"76e7bc2\" data-element_type=\"container\">\n\t\t\t\t\t<div class=\"e-con-inner\">\n\t\t\t\t<div class=\"elementor-element elementor-element-0b0a32a elementor-widget elementor-widget-heading\" data-id=\"0b0a32a\" data-element_type=\"widget\" data-widget_type=\"heading.default\">\n\t\t\t\t<div class=\"elementor-widget-container\">\n\t\t\t\t\t<h2 class=\"elementor-heading-title elementor-size-default\">nets360<\/h2>\t\t\t\t<\/div>\n\t\t\t\t<\/div>\n\t\t\t\t<div class=\"elementor-element elementor-element-5289185 elementor-widget elementor-widget-text-editor\" data-id=\"5289185\" data-element_type=\"widget\" data-widget_type=\"text-editor.default\">\n\t\t\t\t<div class=\"elementor-widget-container\">\n\t\t\t\t\t\t\t\t\t<p>nets360 <strong>Group \/ Brand Name<br><\/strong>nets360 Group henviser til den europ\u00e6iske organisation eller til et eller flere af medlemsfirmaerne. nets360 best\u00e5r af separate, uafh\u00e6ngige virksomheder. Medlemsfirmaer i nets360-netv\u00e6rket af uafh\u00e6ngige firmaer er tilknyttet nets360 Group. Intet medlemsfirma har nogen bemyndigelse til at forpligte eller binde nets360 Group eller noget andet medlemsfirma over for tredjemand, og nets360 Group har heller ikke nogen s\u00e5dan bemyndigelse til at forpligte eller binde noget medlemsfirma.   <\/p><p>Brandet nets360 er norsk nordic O\u00dc&#8217;s ejendom i Tallinn. Ingen virksomhed, der er tilknyttet nets360-m\u00e6rket, er autoriseret til at indg\u00e5 kontrakter eller p\u00e5tage sig forpligtelser for selve m\u00e6rket. <\/p>\t\t\t\t\t\t\t\t<\/div>\n\t\t\t\t<\/div>\n\t\t\t\t\t<\/div>\n\t\t\t\t<\/div>\n\t\t<div class=\"elementor-element elementor-element-85bfe1b e-flex e-con-boxed e-con e-parent\" data-id=\"85bfe1b\" data-element_type=\"container\">\n\t\t\t\t\t<div class=\"e-con-inner\">\n\t\t\t\t<div class=\"elementor-element elementor-element-d3b6afb elementor-widget elementor-widget-heading\" data-id=\"d3b6afb\" data-element_type=\"widget\" data-widget_type=\"heading.default\">\n\t\t\t\t<div class=\"elementor-widget-container\">\n\t\t\t\t\t<h2 class=\"elementor-heading-title elementor-size-default\">Juridisk note om jurisdiktion og juridiske enheder\n<\/h2>\t\t\t\t<\/div>\n\t\t\t\t<\/div>\n\t\t\t\t<div class=\"elementor-element elementor-element-a268d5e elementor-widget elementor-widget-text-editor\" data-id=\"a268d5e\" data-element_type=\"widget\" data-widget_type=\"text-editor.default\">\n\t\t\t\t<div class=\"elementor-widget-container\">\n\t\t\t\t\t\t\t\t\t<p>Afh\u00e6ngigt af det land, hvor vores tjenester leveres, kan nets360 operere gennem tilknyttede virksomheder eller juridisk adskilte enheder i henhold til lokal lovgivning.<\/p><p>Mens nets360 O\u00dc, der er baseret i Estland, fungerer som den centrale juridiske og operationelle enhed, kan visse tjenester eller kontraktforhold h\u00e5ndteres lokalt gennem landespecifikke filialer eller partnerenheder, der er en del af det bredere nets360-\u00f8kosystem.<\/p><p>Alle disse enheder opererer under de samme kvalitets-, compliance- og servicestandarder som nets360 O\u00dc.<\/p>\t\t\t\t\t\t\t\t<\/div>\n\t\t\t\t<\/div>\n\t\t\t\t\t<\/div>\n\t\t\t\t<\/div>\n\t\t<div class=\"elementor-element elementor-element-863ea44 e-flex e-con-boxed e-con e-parent\" data-id=\"863ea44\" data-element_type=\"container\">\n\t\t\t\t\t<div class=\"e-con-inner\">\n\t\t\t\t<div class=\"elementor-element elementor-element-0bb53a4 elementor-widget elementor-widget-heading\" data-id=\"0bb53a4\" data-element_type=\"widget\" data-widget_type=\"heading.default\">\n\t\t\t\t<div class=\"elementor-widget-container\">\n\t\t\t\t\t<h2 class=\"elementor-heading-title elementor-size-default\">Rapportering af overtr\u00e6delser<\/h2>\t\t\t\t<\/div>\n\t\t\t\t<\/div>\n\t\t\t\t<div class=\"elementor-element elementor-element-3e9964e elementor-widget__width-initial animated-fast elementor-widget elementor-widget-toggle\" data-id=\"3e9964e\" data-element_type=\"widget\" data-settings=\"{&quot;_animation&quot;:&quot;none&quot;}\" data-widget_type=\"toggle.default\">\n\t\t\t\t<div class=\"elementor-widget-container\">\n\t\t\t\t\t\t\t<div class=\"elementor-toggle\">\n\t\t\t\t\t\t\t<div class=\"elementor-toggle-item\">\n\t\t\t\t\t<div id=\"elementor-tab-title-6561\" class=\"elementor-tab-title\" data-tab=\"1\" role=\"button\" aria-controls=\"elementor-tab-content-6561\" aria-expanded=\"false\">\n\t\t\t\t\t\t\t\t\t\t\t\t<span class=\"elementor-toggle-icon elementor-toggle-icon-right\" aria-hidden=\"true\">\n\t\t\t\t\t\t\t\t\t\t\t\t\t\t\t<span class=\"elementor-toggle-icon-closed\"><svg class=\"e-font-icon-svg e-fas-plus\" viewBox=\"0 0 448 512\" xmlns=\"http:\/\/www.w3.org\/2000\/svg\"><path d=\"M416 208H272V64c0-17.67-14.33-32-32-32h-32c-17.67 0-32 14.33-32 32v144H32c-17.67 0-32 14.33-32 32v32c0 17.67 14.33 32 32 32h144v144c0 17.67 14.33 32 32 32h32c17.67 0 32-14.33 32-32V304h144c17.67 0 32-14.33 32-32v-32c0-17.67-14.33-32-32-32z\"><\/path><\/svg><\/span>\n\t\t\t\t\t\t\t\t<span class=\"elementor-toggle-icon-opened\"><svg class=\"elementor-toggle-icon-opened e-font-icon-svg e-fas-minus\" viewBox=\"0 0 448 512\" xmlns=\"http:\/\/www.w3.org\/2000\/svg\"><path d=\"M416 208H32c-17.67 0-32 14.33-32 32v32c0 17.67 14.33 32 32 32h384c17.67 0 32-14.33 32-32v-32c0-17.67-14.33-32-32-32z\"><\/path><\/svg><\/span>\n\t\t\t\t\t\t\t\t\t\t\t\t\t<\/span>\n\t\t\t\t\t\t\t\t\t\t\t\t<a class=\"elementor-toggle-title\" tabindex=\"0\">Rapportering af brud p\u00e5 persondatasikkerheden<\/a>\n\t\t\t\t\t<\/div>\n\n\t\t\t\t\t<div id=\"elementor-tab-content-6561\" class=\"elementor-tab-content elementor-clearfix\" data-tab=\"1\" role=\"region\" aria-labelledby=\"elementor-tab-title-6561\"><p>Hvis du mener, at fortroligheden, tilg\u00e6ngeligheden eller integriteten af dine eller andres personoplysninger er blevet kompromitteret af nets360 eller en medarbejder hos nets360, skal du sende en e-mail om det til <a href=\"mailto:privacy@nets360.eu\">privacy@nets360.eu.<\/a><\/p>\n<\/div>\n\t\t\t\t<\/div>\n\t\t\t\t\t\t\t<div class=\"elementor-toggle-item\">\n\t\t\t\t\t<div id=\"elementor-tab-title-6562\" class=\"elementor-tab-title\" data-tab=\"2\" role=\"button\" aria-controls=\"elementor-tab-content-6562\" aria-expanded=\"false\">\n\t\t\t\t\t\t\t\t\t\t\t\t<span class=\"elementor-toggle-icon elementor-toggle-icon-right\" aria-hidden=\"true\">\n\t\t\t\t\t\t\t\t\t\t\t\t\t\t\t<span class=\"elementor-toggle-icon-closed\"><svg class=\"e-font-icon-svg e-fas-plus\" viewBox=\"0 0 448 512\" xmlns=\"http:\/\/www.w3.org\/2000\/svg\"><path d=\"M416 208H272V64c0-17.67-14.33-32-32-32h-32c-17.67 0-32 14.33-32 32v144H32c-17.67 0-32 14.33-32 32v32c0 17.67 14.33 32 32 32h144v144c0 17.67 14.33 32 32 32h32c17.67 0 32-14.33 32-32V304h144c17.67 0 32-14.33 32-32v-32c0-17.67-14.33-32-32-32z\"><\/path><\/svg><\/span>\n\t\t\t\t\t\t\t\t<span class=\"elementor-toggle-icon-opened\"><svg class=\"elementor-toggle-icon-opened e-font-icon-svg e-fas-minus\" viewBox=\"0 0 448 512\" xmlns=\"http:\/\/www.w3.org\/2000\/svg\"><path d=\"M416 208H32c-17.67 0-32 14.33-32 32v32c0 17.67 14.33 32 32 32h384c17.67 0 32-14.33 32-32v-32c0-17.67-14.33-32-32-32z\"><\/path><\/svg><\/span>\n\t\t\t\t\t\t\t\t\t\t\t\t\t<\/span>\n\t\t\t\t\t\t\t\t\t\t\t\t<a class=\"elementor-toggle-title\" tabindex=\"0\">Rapportering af IT- og sikkerhedsproblemer<\/a>\n\t\t\t\t\t<\/div>\n\n\t\t\t\t\t<div id=\"elementor-tab-content-6562\" class=\"elementor-tab-content elementor-clearfix\" data-tab=\"2\" role=\"region\" aria-labelledby=\"elementor-tab-title-6562\"><p>Hvis du har f\u00e5et tilsendt spam eller phishing-beskeder fra nets360-netv\u00e6rket, dine computere er blevet angrebet, eller du har modtaget fupopkald, s\u00e5 send en e-mail til <a href=\"mailto:abuse@nets360.eu\">abuse@nets360.eu.<\/a><\/p><\/p>\n<\/div>\n\t\t\t\t<\/div>\n\t\t\t\t\t\t\t<div class=\"elementor-toggle-item\">\n\t\t\t\t\t<div id=\"elementor-tab-title-6563\" class=\"elementor-tab-title\" data-tab=\"3\" role=\"button\" aria-controls=\"elementor-tab-content-6563\" aria-expanded=\"false\">\n\t\t\t\t\t\t\t\t\t\t\t\t<span class=\"elementor-toggle-icon elementor-toggle-icon-right\" aria-hidden=\"true\">\n\t\t\t\t\t\t\t\t\t\t\t\t\t\t\t<span class=\"elementor-toggle-icon-closed\"><svg class=\"e-font-icon-svg e-fas-plus\" viewBox=\"0 0 448 512\" xmlns=\"http:\/\/www.w3.org\/2000\/svg\"><path d=\"M416 208H272V64c0-17.67-14.33-32-32-32h-32c-17.67 0-32 14.33-32 32v144H32c-17.67 0-32 14.33-32 32v32c0 17.67 14.33 32 32 32h144v144c0 17.67 14.33 32 32 32h32c17.67 0 32-14.33 32-32V304h144c17.67 0 32-14.33 32-32v-32c0-17.67-14.33-32-32-32z\"><\/path><\/svg><\/span>\n\t\t\t\t\t\t\t\t<span class=\"elementor-toggle-icon-opened\"><svg class=\"elementor-toggle-icon-opened e-font-icon-svg e-fas-minus\" viewBox=\"0 0 448 512\" xmlns=\"http:\/\/www.w3.org\/2000\/svg\"><path d=\"M416 208H32c-17.67 0-32 14.33-32 32v32c0 17.67 14.33 32 32 32h384c17.67 0 32-14.33 32-32v-32c0-17.67-14.33-32-32-32z\"><\/path><\/svg><\/span>\n\t\t\t\t\t\t\t\t\t\t\t\t\t<\/span>\n\t\t\t\t\t\t\t\t\t\t\t\t<a class=\"elementor-toggle-title\" tabindex=\"0\">Rapportering af ulovligt indhold<\/a>\n\t\t\t\t\t<\/div>\n\n\t\t\t\t\t<div id=\"elementor-tab-content-6563\" class=\"elementor-tab-content elementor-clearfix\" data-tab=\"3\" role=\"region\" aria-labelledby=\"elementor-tab-title-6563\"><p>Hvis du opdager ulovligt indhold p\u00e5 hjemmesider, der bruger nets360&#8217;s webhosting eller cloud-tjenester, s\u00e5som opfordring til had og vold, overtr\u00e6delse af varem\u00e6rkeloven, terrormateriale osv, bedes du rapportere det via e-mail.  <a href=\"mailto:illegal@nets360.eu\">illegal@nets360.eu<\/a><\/p><\/p>\n<\/div>\n\t\t\t\t<\/div>\n\t\t\t\t\t\t\t\t<\/div>\n\t\t\t\t\t\t<\/div>\n\t\t\t\t<\/div>\n\t\t\t\t\t<\/div>\n\t\t\t\t<\/div>\n\t\t\t\t<\/div>\n\t\t","protected":false},"excerpt":{"rendered":"<p>nets360 Juridisk oplysning Juridisk meddelelse Hovedkvarter nets360 O\u00dc Hobujaama 4Tallinn 10151Estland Handelsregisternummer: 16895772Moms-ID: EE102744798 Telefon: +372 6063940E-mail: frontdesk@nets360.eu Repr\u00e6senteret af: Bernhard Teufel (administrerende direkt\u00f8r) Ansvarlig for indhold: Jaakko M\u00e4kinen nets360 tilbyder sine tjenester i hele Europa. Du kan finde vores kontorer og teams i dit land i kontaktsektionen. Ansvarsfraskrivelse nets360 leverer udelukkende tjenester til erhvervskunder, [&hellip;]<\/p>\n","protected":false},"author":1,"featured_media":0,"parent":0,"menu_order":0,"comment_status":"closed","ping_status":"closed","template":"","meta":{"_acf_changed":false,"inline_featured_image":false,"footnotes":""},"class_list":["post-15290","page","type-page","status-publish","hentry"],"acf":[],"_links":{"self":[{"href":"https:\/\/nets360.eu\/da\/wp-json\/wp\/v2\/pages\/15290","targetHints":{"allow":["GET"]}}],"collection":[{"href":"https:\/\/nets360.eu\/da\/wp-json\/wp\/v2\/pages"}],"about":[{"href":"https:\/\/nets360.eu\/da\/wp-json\/wp\/v2\/types\/page"}],"author":[{"embeddable":true,"href":"https:\/\/nets360.eu\/da\/wp-json\/wp\/v2\/users\/1"}],"replies":[{"embeddable":true,"href":"https:\/\/nets360.eu\/da\/wp-json\/wp\/v2\/comments?post=15290"}],"version-history":[{"count":1,"href":"https:\/\/nets360.eu\/da\/wp-json\/wp\/v2\/pages\/15290\/revisions"}],"predecessor-version":[{"id":15291,"href":"https:\/\/nets360.eu\/da\/wp-json\/wp\/v2\/pages\/15290\/revisions\/15291"}],"wp:attachment":[{"href":"https:\/\/nets360.eu\/da\/wp-json\/wp\/v2\/media?parent=15290"}],"curies":[{"name":"wp","href":"https:\/\/api.w.org\/{rel}","templated":true}]}}