{"id":11240,"date":"2024-04-27T08:27:55","date_gmt":"2024-04-27T08:27:55","guid":{"rendered":"https:\/\/nets360.eu\/standard-iot-sim\/"},"modified":"2024-10-12T11:46:04","modified_gmt":"2024-10-12T11:46:04","slug":"standard-iot-sim","status":"publish","type":"page","link":"https:\/\/nets360.eu\/de\/standard-iot-sim\/","title":{"rendered":"Standard-IoT-SIM"},"content":{"rendered":"\t\t<div data-elementor-type=\"wp-page\" data-elementor-id=\"11240\" class=\"elementor elementor-11240 elementor-8205\" data-elementor-post-type=\"page\">\n\t\t\t\t<div class=\"elementor-element elementor-element-5443ba6 e-flex e-con-boxed e-con e-parent\" data-id=\"5443ba6\" data-element_type=\"container\" data-settings=\"{&quot;background_background&quot;:&quot;gradient&quot;}\">\n\t\t\t\t\t<div class=\"e-con-inner\">\n\t\t<div class=\"elementor-element elementor-element-5fc7769 e-flex e-con-boxed e-con e-child\" data-id=\"5fc7769\" data-element_type=\"container\">\n\t\t\t\t\t<div class=\"e-con-inner\">\n\t\t<div class=\"elementor-element elementor-element-774e743 e-flex e-con-boxed e-con e-child\" data-id=\"774e743\" data-element_type=\"container\">\n\t\t\t\t\t<div class=\"e-con-inner\">\n\t\t\t\t<div class=\"elementor-element elementor-element-6486a88 elementor-widget elementor-widget-text-editor\" data-id=\"6486a88\" data-element_type=\"widget\" data-widget_type=\"text-editor.default\">\n\t\t\t\t<div class=\"elementor-widget-container\">\n\t\t\t\t\t\t\t\t\t<p>nets360 Standard IoT M2M SIM<\/p>\n\t\t\t\t\t\t\t\t<\/div>\n\t\t\t\t<\/div>\n\t\t\t\t<div class=\"elementor-element elementor-element-52638f4 elementor-widget elementor-widget-heading\" data-id=\"52638f4\" data-element_type=\"widget\" data-widget_type=\"heading.default\">\n\t\t\t\t<div class=\"elementor-widget-container\">\n\t\t\t\t\t<h1 class=\"elementor-heading-title elementor-size-default\">Die Standard IoT M2M SIM-Karte<\/h1>\t\t\t\t<\/div>\n\t\t\t\t<\/div>\n\t\t\t\t<div class=\"elementor-element elementor-element-52bc3ac elementor-widget elementor-widget-text-editor\" data-id=\"52bc3ac\" data-element_type=\"widget\" data-widget_type=\"text-editor.default\">\n\t\t\t\t<div class=\"elementor-widget-container\">\n\t\t\t\t\t\t\t\t\t<p>Erschlie\u00dfen Sie das Potenzial Ihrer IoT-Projekte mit der nets360 Standard IoT SIM-Karte. Unsere SIM-Karte wurde f\u00fcr nahtlose Konnektivit\u00e4t entwickelt und bietet eine zuverl\u00e4ssige Hochgeschwindigkeits-Daten\u00fcbertragung \u00fcber mehrere Netzwerke <\/p>\n\t\t\t\t\t\t\t\t<\/div>\n\t\t\t\t<\/div>\n\t\t\t\t\t<\/div>\n\t\t\t\t<\/div>\n\t\t\t\t\t<\/div>\n\t\t\t\t<\/div>\n\t\t<div class=\"elementor-element elementor-element-98599f0 e-con-full e-flex e-con e-child\" data-id=\"98599f0\" data-element_type=\"container\">\n\t\t\t\t<div class=\"elementor-element elementor-element-fb17bc1 animated-fast elementor-widget elementor-widget-image\" data-id=\"fb17bc1\" data-element_type=\"widget\" data-settings=\"{&quot;_animation&quot;:&quot;none&quot;,&quot;_animation_delay&quot;:200}\" data-widget_type=\"image.default\">\n\t\t\t\t<div class=\"elementor-widget-container\">\n\t\t\t\t\t\t\t\t\t\t\t\t\t\t\t<img decoding=\"async\" src=\"https:\/\/nets360.eu\/wp-content\/uploads\/elementor\/thumbs\/Standard_IoT_SIM-qvbmstjips6h90rsv95d0f66xrl4oaxmp4ee5ue4fw.png\" title=\"Standard_IoT_SIM\" alt=\"Standard_IoT_SIM\" loading=\"lazy\" \/>\t\t\t\t\t\t\t\t\t\t\t\t\t\t\t<\/div>\n\t\t\t\t<\/div>\n\t\t\t\t<\/div>\n\t\t\t\t\t<\/div>\n\t\t\t\t<\/div>\n\t\t<div class=\"elementor-element elementor-element-b74f7ed e-flex e-con-boxed e-con e-parent\" data-id=\"b74f7ed\" data-element_type=\"container\">\n\t\t\t\t\t<div class=\"e-con-inner\">\n\t\t<div class=\"elementor-element elementor-element-6b6f569 e-con-full animated-fast e-flex e-con e-child\" data-id=\"6b6f569\" data-element_type=\"container\" data-settings=\"{&quot;animation&quot;:&quot;none&quot;}\">\n\t\t\t\t<div class=\"elementor-element elementor-element-5bcc251 elementor-widget elementor-widget-heading\" data-id=\"5bcc251\" data-element_type=\"widget\" data-widget_type=\"heading.default\">\n\t\t\t\t<div class=\"elementor-widget-container\">\n\t\t\t\t\t<h2 class=\"elementor-heading-title elementor-size-default\">Standard-IoT-SIM<\/h2>\t\t\t\t<\/div>\n\t\t\t\t<\/div>\n\t\t\t\t<div class=\"elementor-element elementor-element-eda382a elementor-widget elementor-widget-text-editor\" data-id=\"eda382a\" data-element_type=\"widget\" data-widget_type=\"text-editor.default\">\n\t\t\t\t<div class=\"elementor-widget-container\">\n\t\t\t\t\t\t\t\t\t<p>Die nets360 Standard IoT-SIM-Karte bietet eine zuverl\u00e4ssige und vielseitige L\u00f6sung f\u00fcr Ihre IoT-Projekte. Unsere SIM-Karte wurde f\u00fcr nahtlose Konnektivit\u00e4t entwickelt und erm\u00f6glicht eine stabile und schnelle Daten\u00fcbertragung in \u00fcber 600 Mobilfunknetzen weltweit. In Europa decken wir 47 L\u00e4nder mit \u00fcber 80 Mobilfunknetzen ab und sorgen daf\u00fcr, dass Ihre Ger\u00e4te jederzeit und \u00fcberall verbunden bleiben.  <\/p>\n<p>Unsere IoT-SIM-Karte ist flexibel und skalierbar, so dass sie sich an die wachsenden Anforderungen Ihrer Projekte anpassen kann, egal ob es sich um kleine Anwendungen oder umfangreiche IoT-\u00d6kosysteme handelt.<\/p>\n<p>Das benutzerfreundliche Verwaltungsportal von nets360 macht die Verwaltung Ihrer SIM-Karten einfach und effizient. Mit den Tarifoptionen Pay-as-you-go und Datenpool + SIM bieten wir flexible Preismodelle, die auf die spezifischen Bed\u00fcrfnisse Ihres Unternehmens zugeschnitten sind. <\/p>\n<p>Die nets360 Standard IoT-SIM-Karte ist die ideale Wahl f\u00fcr die Verbindung von intelligenten Ger\u00e4ten, Asset Tracking, Sensoren und vielen anderen IoT-Anwendungen. Vertrauen Sie nets360 und profitieren Sie von einer bew\u00e4hrten L\u00f6sung, die Ihre Projekte zuverl\u00e4ssig und effizient unterst\u00fctzt. <\/p>\n\t\t\t\t\t\t\t\t<\/div>\n\t\t\t\t<\/div>\n\t\t\t\t<\/div>\n\t\t<div class=\"elementor-element elementor-element-b87ab2c e-con-full e-flex e-con e-child\" data-id=\"b87ab2c\" data-element_type=\"container\">\n\t\t\t\t<div class=\"elementor-element elementor-element-304ccd9 animated-fast elementor-widget elementor-widget-image\" data-id=\"304ccd9\" data-element_type=\"widget\" data-settings=\"{&quot;_animation&quot;:&quot;none&quot;,&quot;_animation_delay&quot;:200}\" data-widget_type=\"image.default\">\n\t\t\t\t<div class=\"elementor-widget-container\">\n\t\t\t\t\t\t\t\t\t\t\t\t\t\t\t<img fetchpriority=\"high\" decoding=\"async\" width=\"300\" height=\"197\" src=\"https:\/\/nets360.eu\/wp-content\/uploads\/2024\/10\/Standard_IoT_SIM-300x197.png\" class=\"attachment-medium size-medium wp-image-10761\" alt=\"\" srcset=\"https:\/\/nets360.eu\/wp-content\/uploads\/2024\/10\/Standard_IoT_SIM-300x197.png 300w, https:\/\/nets360.eu\/wp-content\/uploads\/2024\/10\/Standard_IoT_SIM-768x503.png 768w, https:\/\/nets360.eu\/wp-content\/uploads\/2024\/10\/Standard_IoT_SIM.png 1024w\" sizes=\"(max-width: 300px) 100vw, 300px\" \/>\t\t\t\t\t\t\t\t\t\t\t\t\t\t\t<\/div>\n\t\t\t\t<\/div>\n\t\t\t\t<\/div>\n\t\t\t\t\t<\/div>\n\t\t\t\t<\/div>\n\t\t<div class=\"elementor-element elementor-element-c833f67 e-flex e-con-boxed e-con e-parent\" data-id=\"c833f67\" data-element_type=\"container\" data-settings=\"{&quot;background_background&quot;:&quot;gradient&quot;,&quot;shape_divider_top&quot;:&quot;curve&quot;,&quot;shape_divider_bottom&quot;:&quot;curve&quot;}\">\n\t\t\t\t\t<div class=\"e-con-inner\">\n\t\t\t\t<div class=\"elementor-shape elementor-shape-top\" aria-hidden=\"true\" data-negative=\"false\">\n\t\t\t<svg xmlns=\"http:\/\/www.w3.org\/2000\/svg\" viewBox=\"0 0 1000 100\" preserveAspectRatio=\"none\">\n    <path class=\"elementor-shape-fill\" d=\"M1000,4.3V0H0v4.3C0.9,23.1,126.7,99.2,500,100S1000,22.7,1000,4.3z\"\/>\n<\/svg>\t\t<\/div>\n\t\t\t\t<div class=\"elementor-shape elementor-shape-bottom\" aria-hidden=\"true\" data-negative=\"false\">\n\t\t\t<svg xmlns=\"http:\/\/www.w3.org\/2000\/svg\" viewBox=\"0 0 1000 100\" preserveAspectRatio=\"none\">\n    <path class=\"elementor-shape-fill\" d=\"M1000,4.3V0H0v4.3C0.9,23.1,126.7,99.2,500,100S1000,22.7,1000,4.3z\"\/>\n<\/svg>\t\t<\/div>\n\t\t<div class=\"elementor-element elementor-element-c696cfc e-con-full e-flex e-con e-child\" data-id=\"c696cfc\" data-element_type=\"container\" data-settings=\"{&quot;background_background&quot;:&quot;classic&quot;}\">\n\t\t\t\t<div class=\"elementor-element elementor-element-2a12d3e elementor-widget elementor-widget-heading\" data-id=\"2a12d3e\" data-element_type=\"widget\" data-widget_type=\"heading.default\">\n\t\t\t\t<div class=\"elementor-widget-container\">\n\t\t\t\t\t<h2 class=\"elementor-heading-title elementor-size-default\">Leistungen inklusive <\/h2>\t\t\t\t<\/div>\n\t\t\t\t<\/div>\n\t\t\t\t<div class=\"elementor-element elementor-element-833bb4a elementor-position-left elementor-vertical-align-top elementor-widget elementor-widget-image-box\" data-id=\"833bb4a\" data-element_type=\"widget\" data-widget_type=\"image-box.default\">\n\t\t\t\t<div class=\"elementor-widget-container\">\n\t\t\t\t\t<div class=\"elementor-image-box-wrapper\"><figure class=\"elementor-image-box-img\"><img decoding=\"async\" width=\"20\" height=\"20\" src=\"https:\/\/nets360.eu\/wp-content\/uploads\/2023\/12\/check-square-icon.svg\" class=\"attachment-full size-full wp-image-2284\" alt=\"\" \/><\/figure><div class=\"elementor-image-box-content\"><h2 class=\"elementor-image-box-title\">Alle Mobilfunknetze in Europa<\/h2><p class=\"elementor-image-box-description\">\u00dcber 80 Netze in mehr als 47 L\u00e4ndern beste Netzabdeckung, einschlie\u00dflich der Mobilfunknetze der Nachbarl\u00e4nder in Grenzn\u00e4he<\/p><\/div><\/div>\t\t\t\t<\/div>\n\t\t\t\t<\/div>\n\t\t\t\t<div class=\"elementor-element elementor-element-aa93cd0 elementor-position-left elementor-vertical-align-top elementor-widget elementor-widget-image-box\" data-id=\"aa93cd0\" data-element_type=\"widget\" data-widget_type=\"image-box.default\">\n\t\t\t\t<div class=\"elementor-widget-container\">\n\t\t\t\t\t<div class=\"elementor-image-box-wrapper\"><figure class=\"elementor-image-box-img\"><img decoding=\"async\" width=\"20\" height=\"20\" src=\"https:\/\/nets360.eu\/wp-content\/uploads\/2023\/12\/check-square-icon.svg\" class=\"attachment-full size-full wp-image-2284\" alt=\"\" \/><\/figure><div class=\"elementor-image-box-content\"><h2 class=\"elementor-image-box-title\">+600 Netzwerke in der ganzen Welt<\/h2><p class=\"elementor-image-box-description\">Wir decken \u00fcber 600 Mobilfunknetze weltweit ab.<\/p><\/div><\/div>\t\t\t\t<\/div>\n\t\t\t\t<\/div>\n\t\t\t\t<div class=\"elementor-element elementor-element-ab26f53 elementor-position-left elementor-vertical-align-top elementor-widget elementor-widget-image-box\" data-id=\"ab26f53\" data-element_type=\"widget\" data-widget_type=\"image-box.default\">\n\t\t\t\t<div class=\"elementor-widget-container\">\n\t\t\t\t\t<div class=\"elementor-image-box-wrapper\"><figure class=\"elementor-image-box-img\"><img decoding=\"async\" width=\"20\" height=\"20\" src=\"https:\/\/nets360.eu\/wp-content\/uploads\/2023\/12\/check-square-icon.svg\" class=\"attachment-full size-full wp-image-2284\" alt=\"\" \/><\/figure><div class=\"elementor-image-box-content\"><h2 class=\"elementor-image-box-title\">Datenvolumen<\/h2><p class=\"elementor-image-box-description\">Option 1: Datenvolumen pro SIM-Karte (Pay-as-you-go) <br> Option 2: Poolvolumen mit SIM-Karten<\/p><\/div><\/div>\t\t\t\t<\/div>\n\t\t\t\t<\/div>\n\t\t\t\t<div class=\"elementor-element elementor-element-58cceb2 elementor-position-left elementor-vertical-align-top elementor-widget elementor-widget-image-box\" data-id=\"58cceb2\" data-element_type=\"widget\" data-widget_type=\"image-box.default\">\n\t\t\t\t<div class=\"elementor-widget-container\">\n\t\t\t\t\t<div class=\"elementor-image-box-wrapper\"><figure class=\"elementor-image-box-img\"><img decoding=\"async\" width=\"20\" height=\"20\" src=\"https:\/\/nets360.eu\/wp-content\/uploads\/2023\/12\/check-square-icon.svg\" class=\"attachment-full size-full wp-image-2284\" alt=\"\" \/><\/figure><div class=\"elementor-image-box-content\"><h2 class=\"elementor-image-box-title\">Unterst\u00fctzte Technologien<\/h2><p class=\"elementor-image-box-description\">2G (GSM\/GPRS\/EDGE), 3G (UMTS\/HSDPA\/HSPA+), 4G (LTE\/LTE Advanced), LTE-M, NB-IoT und 5G Technologien je nach Land und Region<\/p><\/div><\/div>\t\t\t\t<\/div>\n\t\t\t\t<\/div>\n\t\t\t\t<div class=\"elementor-element elementor-element-6cc2862 elementor-position-left elementor-vertical-align-top elementor-widget elementor-widget-image-box\" data-id=\"6cc2862\" data-element_type=\"widget\" data-widget_type=\"image-box.default\">\n\t\t\t\t<div class=\"elementor-widget-container\">\n\t\t\t\t\t<div class=\"elementor-image-box-wrapper\"><figure class=\"elementor-image-box-img\"><img decoding=\"async\" width=\"20\" height=\"20\" src=\"https:\/\/nets360.eu\/wp-content\/uploads\/2023\/12\/check-square-icon.svg\" class=\"attachment-full size-full wp-image-2284\" alt=\"\" \/><\/figure><div class=\"elementor-image-box-content\"><h2 class=\"elementor-image-box-title\">NB-IoT und LTE-M (LTE Cat M1)<\/h2><p class=\"elementor-image-box-description\">NB-IoT und LTE-M sind besonders f\u00fcr energieeffiziente oder stromsparende IoT-Ger\u00e4te geeignet. Viele Netzbetreiber in Europa unterst\u00fctzen diese Technologie bereits<\/p><\/div><\/div>\t\t\t\t<\/div>\n\t\t\t\t<\/div>\n\t\t\t\t<div class=\"elementor-element elementor-element-317c8b9 elementor-position-left elementor-vertical-align-top elementor-widget elementor-widget-image-box\" data-id=\"317c8b9\" data-element_type=\"widget\" data-widget_type=\"image-box.default\">\n\t\t\t\t<div class=\"elementor-widget-container\">\n\t\t\t\t\t<div class=\"elementor-image-box-wrapper\"><figure class=\"elementor-image-box-img\"><img decoding=\"async\" width=\"20\" height=\"20\" src=\"https:\/\/nets360.eu\/wp-content\/uploads\/2023\/12\/check-square-icon.svg\" class=\"attachment-full size-full wp-image-2284\" alt=\"\" \/><\/figure><div class=\"elementor-image-box-content\"><h2 class=\"elementor-image-box-title\">Schutz vor Diebstahl<\/h2><p class=\"elementor-image-box-description\">Basierend auf der IMEI (eindeutige Identifikationsnummer eines mobilen Ger\u00e4ts) ist die Verwendung einer SIM-Karte auf ein bestimmtes Ger\u00e4t beschr\u00e4nkt (IMEI-Lock)<\/p><\/div><\/div>\t\t\t\t<\/div>\n\t\t\t\t<\/div>\n\t\t\t\t<div class=\"elementor-element elementor-element-192e44e elementor-position-left elementor-vertical-align-top elementor-widget elementor-widget-image-box\" data-id=\"192e44e\" data-element_type=\"widget\" data-widget_type=\"image-box.default\">\n\t\t\t\t<div class=\"elementor-widget-container\">\n\t\t\t\t\t<div class=\"elementor-image-box-wrapper\"><figure class=\"elementor-image-box-img\"><img decoding=\"async\" width=\"20\" height=\"20\" src=\"https:\/\/nets360.eu\/wp-content\/uploads\/2023\/12\/check-square-icon.svg\" class=\"attachment-full size-full wp-image-2284\" alt=\"\" \/><\/figure><div class=\"elementor-image-box-content\"><h2 class=\"elementor-image-box-title\">Ein Vertrag, eine Ansprechpartner<\/h2><p class=\"elementor-image-box-description\">Ein Vertrag, ein Ansprechpartner in ganz Europa<\/p><\/div><\/div>\t\t\t\t<\/div>\n\t\t\t\t<\/div>\n\t\t\t\t<\/div>\n\t\t<div class=\"elementor-element elementor-element-d2c155b e-con-full e-flex e-con e-child\" data-id=\"d2c155b\" data-element_type=\"container\" data-settings=\"{&quot;background_background&quot;:&quot;classic&quot;}\">\n\t\t\t\t<div class=\"elementor-element elementor-element-ff13854 elementor-widget elementor-widget-heading\" data-id=\"ff13854\" data-element_type=\"widget\" data-widget_type=\"heading.default\">\n\t\t\t\t<div class=\"elementor-widget-container\">\n\t\t\t\t\t<h2 class=\"elementor-heading-title elementor-size-default\">Optionale Merkmale<\/h2>\t\t\t\t<\/div>\n\t\t\t\t<\/div>\n\t\t\t\t<div class=\"elementor-element elementor-element-c7682bf elementor-position-left elementor-vertical-align-top elementor-widget elementor-widget-image-box\" data-id=\"c7682bf\" data-element_type=\"widget\" data-widget_type=\"image-box.default\">\n\t\t\t\t<div class=\"elementor-widget-container\">\n\t\t\t\t\t<div class=\"elementor-image-box-wrapper\"><figure class=\"elementor-image-box-img\"><img decoding=\"async\" width=\"20\" height=\"20\" src=\"https:\/\/nets360.eu\/wp-content\/uploads\/2023\/12\/check-square-icon.svg\" class=\"attachment-full size-full wp-image-2284\" alt=\"\" \/><\/figure><div class=\"elementor-image-box-content\"><h2 class=\"elementor-image-box-title\">VPN<\/h2><p class=\"elementor-image-box-description\">VPN-Verbindung \u00fcber IPsec<\/p><\/div><\/div>\t\t\t\t<\/div>\n\t\t\t\t<\/div>\n\t\t\t\t<div class=\"elementor-element elementor-element-6233dfb elementor-position-left elementor-vertical-align-top elementor-widget elementor-widget-image-box\" data-id=\"6233dfb\" data-element_type=\"widget\" data-widget_type=\"image-box.default\">\n\t\t\t\t<div class=\"elementor-widget-container\">\n\t\t\t\t\t<div class=\"elementor-image-box-wrapper\"><figure class=\"elementor-image-box-img\"><img decoding=\"async\" width=\"20\" height=\"20\" src=\"https:\/\/nets360.eu\/wp-content\/uploads\/2023\/12\/check-square-icon.svg\" class=\"attachment-full size-full wp-image-2284\" alt=\"\" \/><\/figure><div class=\"elementor-image-box-content\"><h2 class=\"elementor-image-box-title\">Direct to Cloud<\/h2><p class=\"elementor-image-box-description\">Direkte, private Daten\u00fcbertragung \u00fcber nets360 APN zu \u00fcber 50 Cloud-Anbietern in Europa, verf\u00fcgbar ab Q3.2024<\/p><\/div><\/div>\t\t\t\t<\/div>\n\t\t\t\t<\/div>\n\t\t\t\t<\/div>\n\t\t\t\t\t<\/div>\n\t\t\t\t<\/div>\n\t\t<div class=\"elementor-element elementor-element-8424109 e-flex e-con-boxed e-con e-parent\" data-id=\"8424109\" data-element_type=\"container\" data-settings=\"{&quot;background_background&quot;:&quot;classic&quot;}\">\n\t\t\t\t\t<div class=\"e-con-inner\">\n\t\t\t\t<div class=\"elementor-element elementor-element-355c8a2 elementor-widget elementor-widget-image\" data-id=\"355c8a2\" data-element_type=\"widget\" data-widget_type=\"image.default\">\n\t\t\t\t<div class=\"elementor-widget-container\">\n\t\t\t\t\t\t\t\t\t\t\t\t\t\t\t<img decoding=\"async\" src=\"https:\/\/nets360.eu\/wp-content\/uploads\/elementor\/thumbs\/Extended-Secure-IoT-SIM-qvbmvrra627voyhin127c6da2b1lu3narq49e40muk.png\" title=\"Extended Secure IoT SIM\" alt=\"Extended Secure IoT SIM\" loading=\"lazy\" \/>\t\t\t\t\t\t\t\t\t\t\t\t\t\t\t<\/div>\n\t\t\t\t<\/div>\n\t\t\t\t<div class=\"elementor-element elementor-element-2dc924e elementor-widget elementor-widget-heading\" data-id=\"2dc924e\" data-element_type=\"widget\" data-widget_type=\"heading.default\">\n\t\t\t\t<div class=\"elementor-widget-container\">\n\t\t\t\t\t<h2 class=\"elementor-heading-title elementor-size-default\">Erweiterte sichere IoT M2M SIM<\/h2>\t\t\t\t<\/div>\n\t\t\t\t<\/div>\n\t\t\t\t<div class=\"elementor-element elementor-element-8b5005e elementor-widget elementor-widget-text-editor\" data-id=\"8b5005e\" data-element_type=\"widget\" data-widget_type=\"text-editor.default\">\n\t\t\t\t<div class=\"elementor-widget-container\">\n\t\t\t\t\t\t\t\t\t<p>Entdecken Sie unsere IoT\/OT SIM mit integrierter Cloud-Sicherheit.<\/p>\n\t\t\t\t\t\t\t\t<\/div>\n\t\t\t\t<\/div>\n\t\t\t\t<div class=\"elementor-element elementor-element-6a9401f elementor-align-center elementor-widget elementor-widget-button\" data-id=\"6a9401f\" data-element_type=\"widget\" data-widget_type=\"button.default\">\n\t\t\t\t<div class=\"elementor-widget-container\">\n\t\t\t\t\t\t\t\t\t<div class=\"elementor-button-wrapper\">\n\t\t\t\t\t<a class=\"elementor-button elementor-button-link elementor-size-sm\" href=\"https:\/\/nets360.eu\/de\/extended-secure-iot-sim\/\">\n\t\t\t\t\t\t<span class=\"elementor-button-content-wrapper\">\n\t\t\t\t\t\t\t\t\t<span class=\"elementor-button-text\">Mehr lesen<\/span>\n\t\t\t\t\t<\/span>\n\t\t\t\t\t<\/a>\n\t\t\t\t<\/div>\n\t\t\t\t\t\t\t\t<\/div>\n\t\t\t\t<\/div>\n\t\t\t\t\t<\/div>\n\t\t\t\t<\/div>\n\t\t<div class=\"elementor-element elementor-element-909fa51 e-flex e-con-boxed e-con e-parent\" data-id=\"909fa51\" data-element_type=\"container\" data-settings=\"{&quot;background_background&quot;:&quot;gradient&quot;}\">\n\t\t\t\t\t<div class=\"e-con-inner\">\n\t\t<div class=\"elementor-element elementor-element-52b8636 e-con-full e-flex e-con e-child\" data-id=\"52b8636\" data-element_type=\"container\">\n\t\t\t\t<div class=\"elementor-element elementor-element-2fdbabd elementor-widget elementor-widget-image\" data-id=\"2fdbabd\" data-element_type=\"widget\" data-widget_type=\"image.default\">\n\t\t\t\t<div class=\"elementor-widget-container\">\n\t\t\t\t\t\t\t\t\t\t\t\t\t\t\t<img decoding=\"async\" width=\"2560\" height=\"916\" src=\"https:\/\/nets360.eu\/wp-content\/uploads\/2023\/12\/AdobeStock_240045949-min-scaled-1.webp\" class=\"attachment-full size-full wp-image-2296\" alt=\"\" \/>\t\t\t\t\t\t\t\t\t\t\t\t\t\t\t<\/div>\n\t\t\t\t<\/div>\n\t\t\t\t<\/div>\n\t\t<div class=\"elementor-element elementor-element-4e21806 e-con-full e-flex e-con e-child\" data-id=\"4e21806\" data-element_type=\"container\">\n\t\t<div class=\"elementor-element elementor-element-46223e2 animated-fast e-flex e-con-boxed e-con e-child\" data-id=\"46223e2\" data-element_type=\"container\" data-settings=\"{&quot;animation&quot;:&quot;none&quot;}\">\n\t\t\t\t\t<div class=\"e-con-inner\">\n\t\t\t\t<div class=\"elementor-element elementor-element-d642856 elementor-widget elementor-widget-heading\" data-id=\"d642856\" data-element_type=\"widget\" data-widget_type=\"heading.default\">\n\t\t\t\t<div class=\"elementor-widget-container\">\n\t\t\t\t\t<h2 class=\"elementor-heading-title elementor-size-default\">Starten Sie mit nets360<\/h2>\t\t\t\t<\/div>\n\t\t\t\t<\/div>\n\t\t\t\t<div class=\"elementor-element elementor-element-dfaf728 elementor-widget elementor-widget-text-editor\" data-id=\"dfaf728\" data-element_type=\"widget\" data-widget_type=\"text-editor.default\">\n\t\t\t\t<div class=\"elementor-widget-container\">\n\t\t\t\t\t\t\t\t\t<p>Wir liefern in ganz Europa und sprechen mehrere Sprachen.<br \/>Lassen Sie uns \u00fcber Ihre L\u00f6sung sprechen.<\/p>\n\t\t\t\t\t\t\t\t<\/div>\n\t\t\t\t<\/div>\n\t\t\t\t<div class=\"elementor-element elementor-element-51e1f0b elementor-widget elementor-widget-button\" data-id=\"51e1f0b\" data-element_type=\"widget\" data-widget_type=\"button.default\">\n\t\t\t\t<div class=\"elementor-widget-container\">\n\t\t\t\t\t\t\t\t\t<div class=\"elementor-button-wrapper\">\n\t\t\t\t\t<a class=\"elementor-button elementor-button-link elementor-size-sm\" href=\"https:\/\/nets360.eu\/de\/kontakt\/\">\n\t\t\t\t\t\t<span class=\"elementor-button-content-wrapper\">\n\t\t\t\t\t\t\t\t\t<span class=\"elementor-button-text\">Kontakt Vertrieb<\/span>\n\t\t\t\t\t<\/span>\n\t\t\t\t\t<\/a>\n\t\t\t\t<\/div>\n\t\t\t\t\t\t\t\t<\/div>\n\t\t\t\t<\/div>\n\t\t\t\t\t<\/div>\n\t\t\t\t<\/div>\n\t\t\t\t<\/div>\n\t\t\t\t\t<\/div>\n\t\t\t\t<\/div>\n\t\t\t\t<\/div>\n\t\t","protected":false},"excerpt":{"rendered":"<p>nets360 Standard IoT M2M SIM Die Standard IoT M2M SIM-Karte Erschlie\u00dfen Sie das Potenzial Ihrer IoT-Projekte mit der nets360 Standard IoT SIM-Karte. Unsere SIM-Karte wurde f\u00fcr nahtlose Konnektivit\u00e4t entwickelt und bietet eine zuverl\u00e4ssige Hochgeschwindigkeits-Daten\u00fcbertragung \u00fcber mehrere Netzwerke Standard-IoT-SIM Die nets360 Standard IoT-SIM-Karte bietet eine zuverl\u00e4ssige und vielseitige L\u00f6sung f\u00fcr Ihre IoT-Projekte. Unsere SIM-Karte wurde f\u00fcr [&hellip;]<\/p>\n","protected":false},"author":1,"featured_media":0,"parent":0,"menu_order":0,"comment_status":"closed","ping_status":"closed","template":"","meta":{"_acf_changed":false,"inline_featured_image":false,"footnotes":""},"class_list":["post-11240","page","type-page","status-publish","hentry"],"acf":[],"_links":{"self":[{"href":"https:\/\/nets360.eu\/de\/wp-json\/wp\/v2\/pages\/11240","targetHints":{"allow":["GET"]}}],"collection":[{"href":"https:\/\/nets360.eu\/de\/wp-json\/wp\/v2\/pages"}],"about":[{"href":"https:\/\/nets360.eu\/de\/wp-json\/wp\/v2\/types\/page"}],"author":[{"embeddable":true,"href":"https:\/\/nets360.eu\/de\/wp-json\/wp\/v2\/users\/1"}],"replies":[{"embeddable":true,"href":"https:\/\/nets360.eu\/de\/wp-json\/wp\/v2\/comments?post=11240"}],"version-history":[{"count":1,"href":"https:\/\/nets360.eu\/de\/wp-json\/wp\/v2\/pages\/11240\/revisions"}],"predecessor-version":[{"id":11241,"href":"https:\/\/nets360.eu\/de\/wp-json\/wp\/v2\/pages\/11240\/revisions\/11241"}],"wp:attachment":[{"href":"https:\/\/nets360.eu\/de\/wp-json\/wp\/v2\/media?parent=11240"}],"curies":[{"name":"wp","href":"https:\/\/api.w.org\/{rel}","templated":true}]}}