{"id":13496,"date":"2025-03-13T18:32:01","date_gmt":"2025-03-13T18:32:01","guid":{"rendered":"https:\/\/nets360.eu\/internetzugang-fuer-unternehmen\/"},"modified":"2025-03-13T22:19:11","modified_gmt":"2025-03-13T22:19:11","slug":"internetzugang-fuer-unternehmen","status":"publish","type":"page","link":"https:\/\/nets360.eu\/de\/internetzugang-fuer-unternehmen\/","title":{"rendered":"Internetzugang f\u00fcr Unternehmen"},"content":{"rendered":"\t\t<div data-elementor-type=\"wp-page\" data-elementor-id=\"13496\" class=\"elementor elementor-13496 elementor-13482\" data-elementor-post-type=\"page\">\n\t\t\t\t<div class=\"elementor-element elementor-element-5443ba6 e-flex e-con-boxed e-con e-parent\" data-id=\"5443ba6\" data-element_type=\"container\" data-settings=\"{&quot;background_background&quot;:&quot;gradient&quot;}\">\n\t\t\t\t\t<div class=\"e-con-inner\">\n\t\t<div class=\"elementor-element elementor-element-5fc7769 e-flex e-con-boxed e-con e-child\" data-id=\"5fc7769\" data-element_type=\"container\">\n\t\t\t\t\t<div class=\"e-con-inner\">\n\t\t<div class=\"elementor-element elementor-element-774e743 e-flex e-con-boxed e-con e-child\" data-id=\"774e743\" data-element_type=\"container\">\n\t\t\t\t\t<div class=\"e-con-inner\">\n\t\t\t\t<div class=\"elementor-element elementor-element-6486a88 elementor-widget elementor-widget-text-editor\" data-id=\"6486a88\" data-element_type=\"widget\" data-widget_type=\"text-editor.default\">\n\t\t\t\t<div class=\"elementor-widget-container\">\n\t\t\t\t\t\t\t\t\t<p>nets360 Business Internetzugang<\/p>\n\t\t\t\t\t\t\t\t<\/div>\n\t\t\t\t<\/div>\n\t\t\t\t<div class=\"elementor-element elementor-element-52638f4 elementor-widget elementor-widget-heading\" data-id=\"52638f4\" data-element_type=\"widget\" data-widget_type=\"heading.default\">\n\t\t\t\t<div class=\"elementor-widget-container\">\n\t\t\t\t\t<h1 class=\"elementor-heading-title elementor-size-default\">Zuverl\u00e4ssiges und skalierbares Internet f\u00fcr Unternehmen<\/h1>\t\t\t\t<\/div>\n\t\t\t\t<\/div>\n\t\t\t\t<div class=\"elementor-element elementor-element-52bc3ac elementor-widget elementor-widget-text-editor\" data-id=\"52bc3ac\" data-element_type=\"widget\" data-widget_type=\"text-editor.default\">\n\t\t\t\t<div class=\"elementor-widget-container\">\n\t\t\t\t\t\t\t\t\t<p>In der heutigen schnelllebigen digitalen Welt ben\u00f6tigen Unternehmen eine Hochleistungs-Internetverbindung, die einen reibungslosen Betrieb, eine unterbrechungsfreie Kommunikation und einen sicheren Datenzugriff gew\u00e4hrleistet. nets360 Business Internet bietet eine Konnektivit\u00e4t der Enterprise-Klasse, die auf die Bed\u00fcrfnisse moderner Unternehmen zugeschnitten ist &#8211; von kleinen B\u00fcros bis hin zu Gro\u00dfunternehmen. <\/p>\n\t\t\t\t\t\t\t\t<\/div>\n\t\t\t\t<\/div>\n\t\t\t\t<div class=\"elementor-element elementor-element-3f00382 elementor-widget elementor-widget-button\" data-id=\"3f00382\" data-element_type=\"widget\" data-widget_type=\"button.default\">\n\t\t\t\t<div class=\"elementor-widget-container\">\n\t\t\t\t\t\t\t\t\t<div class=\"elementor-button-wrapper\">\n\t\t\t\t\t<a class=\"elementor-button elementor-button-link elementor-size-sm\" href=\"https:\/\/nets360.eu\/de\/kontakt\/\">\n\t\t\t\t\t\t<span class=\"elementor-button-content-wrapper\">\n\t\t\t\t\t\t\t\t\t<span class=\"elementor-button-text\">Angebot anfordern<\/span>\n\t\t\t\t\t<\/span>\n\t\t\t\t\t<\/a>\n\t\t\t\t<\/div>\n\t\t\t\t\t\t\t\t<\/div>\n\t\t\t\t<\/div>\n\t\t\t\t\t<\/div>\n\t\t\t\t<\/div>\n\t\t<div class=\"elementor-element elementor-element-2c674bb e-con-full e-flex e-con e-child\" data-id=\"2c674bb\" data-element_type=\"container\">\n\t\t\t\t<div class=\"elementor-element elementor-element-36a2da7 animated-fast elementor-widget elementor-widget-image\" data-id=\"36a2da7\" data-element_type=\"widget\" data-settings=\"{&quot;_animation&quot;:&quot;none&quot;,&quot;_animation_delay&quot;:200}\" data-widget_type=\"image.default\">\n\t\t\t\t<div class=\"elementor-widget-container\">\n\t\t\t\t\t\t\t\t\t\t\t\t\t\t\t<img decoding=\"async\" width=\"194\" height=\"189\" src=\"https:\/\/nets360.eu\/wp-content\/uploads\/2023\/11\/Group-15.svg\" class=\"attachment-full size-full wp-image-2258\" alt=\"\" \/>\t\t\t\t\t\t\t\t\t\t\t\t\t\t\t<\/div>\n\t\t\t\t<\/div>\n\t\t\t\t<\/div>\n\t\t\t\t\t<\/div>\n\t\t\t\t<\/div>\n\t\t\t\t\t<\/div>\n\t\t\t\t<\/div>\n\t\t<div class=\"elementor-element elementor-element-1805350 e-flex e-con-boxed e-con e-parent\" data-id=\"1805350\" data-element_type=\"container\">\n\t\t\t\t\t<div class=\"e-con-inner\">\n\t\t<div class=\"elementor-element elementor-element-d9f9977 e-con-full e-flex e-con e-child\" data-id=\"d9f9977\" data-element_type=\"container\" data-settings=\"{&quot;background_background&quot;:&quot;classic&quot;}\">\n\t\t\t\t<div class=\"elementor-element elementor-element-eae3465 elementor-view-default elementor-position-block-start elementor-mobile-position-block-start elementor-widget elementor-widget-icon-box\" data-id=\"eae3465\" data-element_type=\"widget\" data-widget_type=\"icon-box.default\">\n\t\t\t\t<div class=\"elementor-widget-container\">\n\t\t\t\t\t\t\t<div class=\"elementor-icon-box-wrapper\">\n\n\t\t\t\t\t\t<div class=\"elementor-icon-box-icon\">\n\t\t\t\t<span  class=\"elementor-icon\">\n\t\t\t\t<svg aria-hidden=\"true\" class=\"e-font-icon-svg e-fas-network-wired\" viewBox=\"0 0 640 512\" xmlns=\"http:\/\/www.w3.org\/2000\/svg\"><path d=\"M640 264v-16c0-8.84-7.16-16-16-16H344v-40h72c17.67 0 32-14.33 32-32V32c0-17.67-14.33-32-32-32H224c-17.67 0-32 14.33-32 32v128c0 17.67 14.33 32 32 32h72v40H16c-8.84 0-16 7.16-16 16v16c0 8.84 7.16 16 16 16h104v40H64c-17.67 0-32 14.33-32 32v128c0 17.67 14.33 32 32 32h160c17.67 0 32-14.33 32-32V352c0-17.67-14.33-32-32-32h-56v-40h304v40h-56c-17.67 0-32 14.33-32 32v128c0 17.67 14.33 32 32 32h160c17.67 0 32-14.33 32-32V352c0-17.67-14.33-32-32-32h-56v-40h104c8.84 0 16-7.16 16-16zM256 128V64h128v64H256zm-64 320H96v-64h96v64zm352 0h-96v-64h96v64z\"><\/path><\/svg>\t\t\t\t<\/span>\n\t\t\t<\/div>\n\t\t\t\n\t\t\t\t\t\t<div class=\"elementor-icon-box-content\">\n\n\t\t\t\t\t\t\t\t\t<h2 class=\"elementor-icon-box-title\">\n\t\t\t\t\t\t<span  >\n\t\t\t\t\t\t\tFlexible Konnektivit\u00e4tsoptionen\t\t\t\t\t\t<\/span>\n\t\t\t\t\t<\/h2>\n\t\t\t\t\n\t\t\t\t\t\t\t\t\t<p class=\"elementor-icon-box-description\">\n\t\t\t\t\t\t\n\nMit nets360 Business Internet k\u00f6nnen Sie die Verbindungsart w\u00e4hlen, die am besten zu Ihren gesch\u00e4ftlichen Anforderungen passt, <b>von VDSL25 bis zu Glasfaserverbindungen mit bis zu 100 Gbit\/s<\/b>. Ganz gleich, ob Sie eine kosteng\u00fcnstige L\u00f6sung f\u00fcr ein einzelnes B\u00fcro oder eine Hochleistungsverbindung f\u00fcr datenintensive Gesch\u00e4ftsabl\u00e4ufe ben\u00f6tigen, wir haben das Richtige f\u00fcr Sie. \t\t\t\t\t<\/p>\n\t\t\t\t\n\t\t\t<\/div>\n\t\t\t\n\t\t<\/div>\n\t\t\t\t\t\t<\/div>\n\t\t\t\t<\/div>\n\t\t\t\t<\/div>\n\t\t<div class=\"elementor-element elementor-element-9fda135 e-con-full e-flex e-con e-child\" data-id=\"9fda135\" data-element_type=\"container\" data-settings=\"{&quot;background_background&quot;:&quot;classic&quot;}\">\n\t\t\t\t<div class=\"elementor-element elementor-element-92809fc elementor-view-default elementor-position-block-start elementor-mobile-position-block-start elementor-widget elementor-widget-icon-box\" data-id=\"92809fc\" data-element_type=\"widget\" data-widget_type=\"icon-box.default\">\n\t\t\t\t<div class=\"elementor-widget-container\">\n\t\t\t\t\t\t\t<div class=\"elementor-icon-box-wrapper\">\n\n\t\t\t\t\t\t<div class=\"elementor-icon-box-icon\">\n\t\t\t\t<span  class=\"elementor-icon\">\n\t\t\t\t<svg aria-hidden=\"true\" class=\"e-font-icon-svg e-fas-globe\" viewBox=\"0 0 496 512\" xmlns=\"http:\/\/www.w3.org\/2000\/svg\"><path d=\"M336.5 160C322 70.7 287.8 8 248 8s-74 62.7-88.5 152h177zM152 256c0 22.2 1.2 43.5 3.3 64h185.3c2.1-20.5 3.3-41.8 3.3-64s-1.2-43.5-3.3-64H155.3c-2.1 20.5-3.3 41.8-3.3 64zm324.7-96c-28.6-67.9-86.5-120.4-158-141.6 24.4 33.8 41.2 84.7 50 141.6h108zM177.2 18.4C105.8 39.6 47.8 92.1 19.3 160h108c8.7-56.9 25.5-107.8 49.9-141.6zM487.4 192H372.7c2.1 21 3.3 42.5 3.3 64s-1.2 43-3.3 64h114.6c5.5-20.5 8.6-41.8 8.6-64s-3.1-43.5-8.5-64zM120 256c0-21.5 1.2-43 3.3-64H8.6C3.2 212.5 0 233.8 0 256s3.2 43.5 8.6 64h114.6c-2-21-3.2-42.5-3.2-64zm39.5 96c14.5 89.3 48.7 152 88.5 152s74-62.7 88.5-152h-177zm159.3 141.6c71.4-21.2 129.4-73.7 158-141.6h-108c-8.8 56.9-25.6 107.8-50 141.6zM19.3 352c28.6 67.9 86.5 120.4 158 141.6-24.4-33.8-41.2-84.7-50-141.6h-108z\"><\/path><\/svg>\t\t\t\t<\/span>\n\t\t\t<\/div>\n\t\t\t\n\t\t\t\t\t\t<div class=\"elementor-icon-box-content\">\n\n\t\t\t\t\t\t\t\t\t<h2 class=\"elementor-icon-box-title\">\n\t\t\t\t\t\t<span  >\n\t\t\t\t\t\t\t4G\/5G-Backup f\u00fcr maximale Verl\u00e4sslichkeit\t\t\t\t\t\t<\/span>\n\t\t\t\t\t<\/h2>\n\t\t\t\t\n\t\t\t\t\t\t\t\t\t<p class=\"elementor-icon-box-description\">\n\t\t\t\t\t\t\n\nUm eine ununterbrochene Konnektivit\u00e4t zu gew\u00e4hrleisten, enthalten alle nets360 Business Internet-L\u00f6sungen ein integriertes 4G\/5G-Backup. Diese automatische Ausfallsicherung garantiert, dass Ihr Unternehmen auch bei einem Ausfall der Hauptverbindung online bleibt. \t\t\t\t\t<\/p>\n\t\t\t\t\n\t\t\t<\/div>\n\t\t\t\n\t\t<\/div>\n\t\t\t\t\t\t<\/div>\n\t\t\t\t<\/div>\n\t\t\t\t<\/div>\n\t\t\t\t\t<\/div>\n\t\t\t\t<\/div>\n\t\t<div class=\"elementor-element elementor-element-5f43ab0 e-flex e-con-boxed e-con e-parent\" data-id=\"5f43ab0\" data-element_type=\"container\">\n\t\t\t\t\t<div class=\"e-con-inner\">\n\t\t<div class=\"elementor-element elementor-element-73776be e-con-full e-flex e-con e-child\" data-id=\"73776be\" data-element_type=\"container\">\n\t\t\t\t<div class=\"elementor-element elementor-element-a6f4065 elementor-widget elementor-widget-heading\" data-id=\"a6f4065\" data-element_type=\"widget\" data-widget_type=\"heading.default\">\n\t\t\t\t<div class=\"elementor-widget-container\">\n\t\t\t\t\t<h2 class=\"elementor-heading-title elementor-size-default\">Die wichtigsten Vorteile von nets360 Business Internet Access<\/h2>\t\t\t\t<\/div>\n\t\t\t\t<\/div>\n\t\t\t\t<\/div>\n\t\t<div class=\"elementor-element elementor-element-84e7235 e-con-full e-flex e-con e-child\" data-id=\"84e7235\" data-element_type=\"container\">\n\t\t\t\t<div class=\"elementor-element elementor-element-a9ad663 elementor-widget elementor-widget-text-editor\" data-id=\"a9ad663\" data-element_type=\"widget\" data-widget_type=\"text-editor.default\">\n\t\t\t\t<div class=\"elementor-widget-container\">\n\t\t\t\t\t\t\t\t\t<p><img decoding=\"async\" class=\"emoji\" role=\"img\" draggable=\"false\" src=\"https:\/\/s.w.org\/images\/core\/emoji\/15.0.3\/svg\/2705.svg\" alt=\"\u2705\">  Hochgeschwindigkeitsverbindungen &#8211; bis zu 100 Gbit\/s Glasfaser<\/p>\n<p><img decoding=\"async\" class=\"emoji\" role=\"img\" draggable=\"false\" src=\"https:\/\/s.w.org\/images\/core\/emoji\/15.0.3\/svg\/2705.svg\" alt=\"\u2705\">  Zuverl\u00e4ssig und sicher &#8211; Leistung auf Unternehmensniveau mit niedriger Latenz und hoher Verf\u00fcgbarkeit.<\/p>\n<p><img decoding=\"async\" class=\"emoji\" role=\"img\" draggable=\"false\" src=\"https:\/\/s.w.org\/images\/core\/emoji\/15.0.3\/svg\/2705.svg\" alt=\"\u2705\">  Nahtloses Backup mit 4G\/5G &#8211; Automatisches Failover f\u00fcr kontinuierliche Konnektivit\u00e4t  <\/p>\n<p><img decoding=\"async\" class=\"emoji\" role=\"img\" draggable=\"false\" src=\"https:\/\/s.w.org\/images\/core\/emoji\/15.0.3\/svg\/2705.svg\" alt=\"\u2705\">  Dedizierter Business-Support &#8211; 24\/7-\u00dcberwachung und vorrangiger Kundenservice.<\/p>\n<p><img decoding=\"async\" class=\"emoji\" role=\"img\" draggable=\"false\" src=\"https:\/\/s.w.org\/images\/core\/emoji\/15.0.3\/svg\/2705.svg\" alt=\"\u2705\">  Skalierbarkeit &amp; Anpassung &#8211; Ma\u00dfgeschneiderte L\u00f6sungen f\u00fcr die individuellen Anforderungen Ihres Unternehmens.<\/p>\n\t\t\t\t\t\t\t\t<\/div>\n\t\t\t\t<\/div>\n\t\t\t\t<\/div>\n\t\t\t\t\t<\/div>\n\t\t\t\t<\/div>\n\t\t<div class=\"elementor-element elementor-element-07b4833 e-flex e-con-boxed e-con e-parent\" data-id=\"07b4833\" data-element_type=\"container\">\n\t\t\t\t\t<div class=\"e-con-inner\">\n\t\t\t\t<div class=\"elementor-element elementor-element-8968d5b elementor-widget-divider--view-line elementor-widget elementor-widget-divider\" data-id=\"8968d5b\" data-element_type=\"widget\" data-widget_type=\"divider.default\">\n\t\t\t\t<div class=\"elementor-widget-container\">\n\t\t\t\t\t\t\t<div class=\"elementor-divider\">\n\t\t\t<span class=\"elementor-divider-separator\">\n\t\t\t\t\t\t<\/span>\n\t\t<\/div>\n\t\t\t\t\t\t<\/div>\n\t\t\t\t<\/div>\n\t\t\t\t\t<\/div>\n\t\t\t\t<\/div>\n\t\t<div class=\"elementor-element elementor-element-3631ca7 e-flex e-con-boxed e-con e-parent\" data-id=\"3631ca7\" data-element_type=\"container\">\n\t\t\t\t\t<div class=\"e-con-inner\">\n\t\t<div class=\"elementor-element elementor-element-0404989 e-con-full e-flex e-con e-child\" data-id=\"0404989\" data-element_type=\"container\">\n\t\t\t\t<div class=\"elementor-element elementor-element-632abaa elementor-widget elementor-widget-heading\" data-id=\"632abaa\" data-element_type=\"widget\" data-widget_type=\"heading.default\">\n\t\t\t\t<div class=\"elementor-widget-container\">\n\t\t\t\t\t<h2 class=\"elementor-heading-title elementor-size-default\">Warum nets360<\/h2>\t\t\t\t<\/div>\n\t\t\t\t<\/div>\n\t\t\t\t<\/div>\n\t\t<div class=\"elementor-element elementor-element-08628ed e-con-full e-flex e-con e-child\" data-id=\"08628ed\" data-element_type=\"container\">\n\t\t\t\t<div class=\"elementor-element elementor-element-20b0889 elementor-widget elementor-widget-text-editor\" data-id=\"20b0889\" data-element_type=\"widget\" data-widget_type=\"text-editor.default\">\n\t\t\t\t<div class=\"elementor-widget-container\">\n\t\t\t\t\t\t\t\t\t<p><strong>Support macht den Unterschied!<\/strong><\/p>\n<p>Wir sind f\u00fcr Sie da und k\u00fcmmern uns um Ihre Anliegen. Im Gegensatz zu vielen Anbietern, die einfach nur &#8222;Internet verkaufen&#8220;, liefern wir echte Leistung und echten Support. Je nach Ihrem Service Level Agreement (SLA) \u00fcberwachen wir Ihre Business-Internetverbindung proaktiv 24\/7\/365 und ergreifen bei Bedarf eigenst\u00e4ndig Ma\u00dfnahmen zur Wiederherstellung des Services. Mit nets360 erhalten Sie zuverl\u00e4ssige Konnektivit\u00e4t und fachkundigen Support in Ihrer Sprache, wenn es darauf ankommt.   <\/p>\n\t\t\t\t\t\t\t\t<\/div>\n\t\t\t\t<\/div>\n\t\t\t\t<\/div>\n\t\t\t\t\t<\/div>\n\t\t\t\t<\/div>\n\t\t<div class=\"elementor-element elementor-element-536f3f4 e-flex e-con-boxed e-con e-parent\" data-id=\"536f3f4\" data-element_type=\"container\">\n\t\t\t\t\t<div class=\"e-con-inner\">\n\t\t\t\t<div class=\"elementor-element elementor-element-f6e5d0b elementor-widget-divider--view-line elementor-widget elementor-widget-divider\" data-id=\"f6e5d0b\" data-element_type=\"widget\" data-widget_type=\"divider.default\">\n\t\t\t\t<div class=\"elementor-widget-container\">\n\t\t\t\t\t\t\t<div class=\"elementor-divider\">\n\t\t\t<span class=\"elementor-divider-separator\">\n\t\t\t\t\t\t<\/span>\n\t\t<\/div>\n\t\t\t\t\t\t<\/div>\n\t\t\t\t<\/div>\n\t\t\t\t\t<\/div>\n\t\t\t\t<\/div>\n\t\t<div class=\"elementor-element elementor-element-f4a8fc8 e-flex e-con-boxed e-con e-parent\" data-id=\"f4a8fc8\" data-element_type=\"container\">\n\t\t\t\t\t<div class=\"e-con-inner\">\n\t\t<div class=\"elementor-element elementor-element-f041949 e-con-full e-flex e-con e-child\" data-id=\"f041949\" data-element_type=\"container\">\n\t\t\t\t<div class=\"elementor-element elementor-element-e3e01fc elementor-widget elementor-widget-heading\" data-id=\"e3e01fc\" data-element_type=\"widget\" data-widget_type=\"heading.default\">\n\t\t\t\t<div class=\"elementor-widget-container\">\n\t\t\t\t\t<h2 class=\"elementor-heading-title elementor-size-default\">Letzte Meile<\/h2>\t\t\t\t<\/div>\n\t\t\t\t<\/div>\n\t\t\t\t<\/div>\n\t\t<div class=\"elementor-element elementor-element-0f393c3 e-con-full e-flex e-con e-child\" data-id=\"0f393c3\" data-element_type=\"container\">\n\t\t\t\t<div class=\"elementor-element elementor-element-6409df1 elementor-widget elementor-widget-text-editor\" data-id=\"6409df1\" data-element_type=\"widget\" data-widget_type=\"text-editor.default\">\n\t\t\t\t<div class=\"elementor-widget-container\">\n\t\t\t\t\t\t\t\t\t<p>nets360 bietet eine Reihe von Konnektivit\u00e4tsoptionen f\u00fcr den dedizierten Internetzugang, die auf die spezifischen Bed\u00fcrfnisse jedes Unternehmens zugeschnitten sind. Unser Hauptaugenmerk liegt auf leistungsstarken Glasfaserverbindungen mit Geschwindigkeiten von bis zu 100 Gbps. Als Alternative oder Backup bieten wir zuverl\u00e4ssige xDSL-L\u00f6sungen, mobile 4G\/5G-Konnektivit\u00e4t und feste drahtlose Verbindungen.  <\/p>\n\t\t\t\t\t\t\t\t<\/div>\n\t\t\t\t<\/div>\n\t\t\t\t<div class=\"elementor-element elementor-element-f2b3f33 elementor-widget elementor-widget-text-editor\" data-id=\"f2b3f33\" data-element_type=\"widget\" data-widget_type=\"text-editor.default\">\n\t\t\t\t<div class=\"elementor-widget-container\">\n\t\t\t\t\t\t\t\t\t<p><strong>Typische Bandbreiten (Glasfaser)<\/strong><\/p>\n<ul>\n<li>50 \/ 50 Mbits<\/li>\n<li>100 \/ 100 Mbits  <\/li>\n<li>200 \/ 200 Mbits<\/li>\n<li>300 \/ 300 Mbits<\/li>\n<li>500 \/ 500 Mbits<\/li>\n<li>1.000 \/ 1.000 Mbits<\/li>\n<li>10.000 \/ 10.000 Mbits<\/li>\n<li>25.000 \/ 25.000 Mbits<\/li>\n<\/ul>\n\t\t\t\t\t\t\t\t<\/div>\n\t\t\t\t<\/div>\n\t\t\t\t<\/div>\n\t\t\t\t\t<\/div>\n\t\t\t\t<\/div>\n\t\t<div class=\"elementor-element elementor-element-3878d84 e-flex e-con-boxed e-con e-parent\" data-id=\"3878d84\" data-element_type=\"container\">\n\t\t\t\t\t<div class=\"e-con-inner\">\n\t\t\t\t<div class=\"elementor-element elementor-element-40b2bd2 elementor-widget-divider--view-line elementor-widget elementor-widget-divider\" data-id=\"40b2bd2\" data-element_type=\"widget\" data-widget_type=\"divider.default\">\n\t\t\t\t<div class=\"elementor-widget-container\">\n\t\t\t\t\t\t\t<div class=\"elementor-divider\">\n\t\t\t<span class=\"elementor-divider-separator\">\n\t\t\t\t\t\t<\/span>\n\t\t<\/div>\n\t\t\t\t\t\t<\/div>\n\t\t\t\t<\/div>\n\t\t\t\t\t<\/div>\n\t\t\t\t<\/div>\n\t\t<div class=\"elementor-element elementor-element-8070ac2 e-flex e-con-boxed e-con e-parent\" data-id=\"8070ac2\" data-element_type=\"container\">\n\t\t\t\t\t<div class=\"e-con-inner\">\n\t\t<div class=\"elementor-element elementor-element-f288f4c e-con-full e-flex e-con e-child\" data-id=\"f288f4c\" data-element_type=\"container\">\n\t\t\t\t<div class=\"elementor-element elementor-element-088326f elementor-widget elementor-widget-heading\" data-id=\"088326f\" data-element_type=\"widget\" data-widget_type=\"heading.default\">\n\t\t\t\t<div class=\"elementor-widget-container\">\n\t\t\t\t\t<h2 class=\"elementor-heading-title elementor-size-default\">L\u00e4nder<\/h2>\t\t\t\t<\/div>\n\t\t\t\t<\/div>\n\t\t\t\t<\/div>\n\t\t<div class=\"elementor-element elementor-element-0c5bd1e e-con-full e-flex e-con e-child\" data-id=\"0c5bd1e\" data-element_type=\"container\">\n\t\t\t\t<div class=\"elementor-element elementor-element-8070eb0 elementor-widget elementor-widget-text-editor\" data-id=\"8070eb0\" data-element_type=\"widget\" data-widget_type=\"text-editor.default\">\n\t\t\t\t<div class=\"elementor-widget-container\">\n\t\t\t\t\t\t\t\t\t<p>Wir bieten derzeit Business Internet in den folgenden L\u00e4ndern an<\/p>\n<ul>\n<li>D\u00e4nemark<\/li>\n<li>Finnland<\/li>\n<li>Frankreich<\/li>\n<li>Deutschland<\/li>\n<li>Lichtenstein<\/li>\n<li>Norwegen<\/li>\n<li>Schweiz<\/li>\n<li>Andere L\u00e4nder auf Anfrage.<\/li>\n<\/ul>\n\t\t\t\t\t\t\t\t<\/div>\n\t\t\t\t<\/div>\n\t\t\t\t<div class=\"elementor-element elementor-element-0a39750 elementor-widget elementor-widget-button\" data-id=\"0a39750\" data-element_type=\"widget\" data-widget_type=\"button.default\">\n\t\t\t\t<div class=\"elementor-widget-container\">\n\t\t\t\t\t\t\t\t\t<div class=\"elementor-button-wrapper\">\n\t\t\t\t\t<a class=\"elementor-button elementor-button-link elementor-size-sm\" href=\"https:\/\/nets360.eu\/de\/kontakt\/\">\n\t\t\t\t\t\t<span class=\"elementor-button-content-wrapper\">\n\t\t\t\t\t\t\t\t\t<span class=\"elementor-button-text\">Angebot anfordern<\/span>\n\t\t\t\t\t<\/span>\n\t\t\t\t\t<\/a>\n\t\t\t\t<\/div>\n\t\t\t\t\t\t\t\t<\/div>\n\t\t\t\t<\/div>\n\t\t\t\t<\/div>\n\t\t\t\t\t<\/div>\n\t\t\t\t<\/div>\n\t\t<div class=\"elementor-element elementor-element-b2d1c72 e-flex e-con-boxed e-con e-parent\" data-id=\"b2d1c72\" data-element_type=\"container\" data-settings=\"{&quot;background_background&quot;:&quot;gradient&quot;}\">\n\t\t\t\t\t<div class=\"e-con-inner\">\n\t\t<div class=\"elementor-element elementor-element-52484d4 e-con-full e-flex e-con e-child\" data-id=\"52484d4\" data-element_type=\"container\">\n\t\t\t\t<div class=\"elementor-element elementor-element-289f419 elementor-widget elementor-widget-image\" data-id=\"289f419\" data-element_type=\"widget\" data-settings=\"{&quot;_animation&quot;:&quot;none&quot;}\" data-widget_type=\"image.default\">\n\t\t\t\t<div class=\"elementor-widget-container\">\n\t\t\t\t\t\t\t\t\t\t\t\t\t\t\t<img fetchpriority=\"high\" decoding=\"async\" width=\"2560\" height=\"916\" src=\"https:\/\/nets360.eu\/wp-content\/uploads\/2023\/12\/AdobeStock_240045949-min-scaled-1.webp\" class=\"attachment-full size-full wp-image-2296\" alt=\"\" \/>\t\t\t\t\t\t\t\t\t\t\t\t\t\t\t<\/div>\n\t\t\t\t<\/div>\n\t\t\t\t<\/div>\n\t\t<div class=\"elementor-element elementor-element-c95fcd6 e-con-full e-flex e-con e-child\" data-id=\"c95fcd6\" data-element_type=\"container\">\n\t\t<div class=\"elementor-element elementor-element-39d94bb animated-fast e-flex e-con-boxed e-con e-child\" data-id=\"39d94bb\" data-element_type=\"container\" data-settings=\"{&quot;animation&quot;:&quot;none&quot;}\">\n\t\t\t\t\t<div class=\"e-con-inner\">\n\t\t\t\t<div class=\"elementor-element elementor-element-e0c5ba2 elementor-widget elementor-widget-heading\" data-id=\"e0c5ba2\" data-element_type=\"widget\" data-widget_type=\"heading.default\">\n\t\t\t\t<div class=\"elementor-widget-container\">\n\t\t\t\t\t<h2 class=\"elementor-heading-title elementor-size-default\">Starten Sie mit nets360<\/h2>\t\t\t\t<\/div>\n\t\t\t\t<\/div>\n\t\t\t\t<div class=\"elementor-element elementor-element-a6e710f elementor-widget elementor-widget-text-editor\" data-id=\"a6e710f\" data-element_type=\"widget\" data-widget_type=\"text-editor.default\">\n\t\t\t\t<div class=\"elementor-widget-container\">\n\t\t\t\t\t\t\t\t\t<p>Wir liefern in ganz Europa und sprechen mehrere Sprachen.<br \/>Lassen Sie uns \u00fcber Ihre L\u00f6sung sprechen.<\/p>\n\t\t\t\t\t\t\t\t<\/div>\n\t\t\t\t<\/div>\n\t\t\t\t<div class=\"elementor-element elementor-element-fa471b7 elementor-widget elementor-widget-button\" data-id=\"fa471b7\" data-element_type=\"widget\" data-widget_type=\"button.default\">\n\t\t\t\t<div class=\"elementor-widget-container\">\n\t\t\t\t\t\t\t\t\t<div class=\"elementor-button-wrapper\">\n\t\t\t\t\t<a class=\"elementor-button elementor-button-link elementor-size-sm\" href=\"https:\/\/nets360.eu\/de\/kontakt\/\">\n\t\t\t\t\t\t<span class=\"elementor-button-content-wrapper\">\n\t\t\t\t\t\t\t\t\t<span class=\"elementor-button-text\">Vertrieb kontaktieren<\/span>\n\t\t\t\t\t<\/span>\n\t\t\t\t\t<\/a>\n\t\t\t\t<\/div>\n\t\t\t\t\t\t\t\t<\/div>\n\t\t\t\t<\/div>\n\t\t\t\t\t<\/div>\n\t\t\t\t<\/div>\n\t\t\t\t<\/div>\n\t\t\t\t\t<\/div>\n\t\t\t\t<\/div>\n\t\t<div class=\"elementor-element elementor-element-9905265 e-flex e-con-boxed e-con e-parent\" data-id=\"9905265\" data-element_type=\"container\">\n\t\t\t\t\t<div class=\"e-con-inner\">\n\t\t\t\t\t<\/div>\n\t\t\t\t<\/div>\n\t\t\t\t<\/div>\n\t\t","protected":false},"excerpt":{"rendered":"<p>nets360 Business Internetzugang Zuverl\u00e4ssiges und skalierbares Internet f\u00fcr Unternehmen In der heutigen schnelllebigen digitalen Welt ben\u00f6tigen Unternehmen eine Hochleistungs-Internetverbindung, die einen reibungslosen Betrieb, eine unterbrechungsfreie Kommunikation und einen sicheren Datenzugriff gew\u00e4hrleistet. nets360 Business Internet bietet eine Konnektivit\u00e4t der Enterprise-Klasse, die auf die Bed\u00fcrfnisse moderner Unternehmen zugeschnitten ist &#8211; von kleinen B\u00fcros bis hin zu Gro\u00dfunternehmen. [&hellip;]<\/p>\n","protected":false},"author":1,"featured_media":0,"parent":0,"menu_order":0,"comment_status":"closed","ping_status":"closed","template":"","meta":{"_acf_changed":false,"inline_featured_image":false,"footnotes":""},"class_list":["post-13496","page","type-page","status-publish","hentry"],"acf":[],"_links":{"self":[{"href":"https:\/\/nets360.eu\/de\/wp-json\/wp\/v2\/pages\/13496","targetHints":{"allow":["GET"]}}],"collection":[{"href":"https:\/\/nets360.eu\/de\/wp-json\/wp\/v2\/pages"}],"about":[{"href":"https:\/\/nets360.eu\/de\/wp-json\/wp\/v2\/types\/page"}],"author":[{"embeddable":true,"href":"https:\/\/nets360.eu\/de\/wp-json\/wp\/v2\/users\/1"}],"replies":[{"embeddable":true,"href":"https:\/\/nets360.eu\/de\/wp-json\/wp\/v2\/comments?post=13496"}],"version-history":[{"count":11,"href":"https:\/\/nets360.eu\/de\/wp-json\/wp\/v2\/pages\/13496\/revisions"}],"predecessor-version":[{"id":13545,"href":"https:\/\/nets360.eu\/de\/wp-json\/wp\/v2\/pages\/13496\/revisions\/13545"}],"wp:attachment":[{"href":"https:\/\/nets360.eu\/de\/wp-json\/wp\/v2\/media?parent=13496"}],"curies":[{"name":"wp","href":"https:\/\/api.w.org\/{rel}","templated":true}]}}