{"id":3037,"date":"2024-01-04T13:13:02","date_gmt":"2024-01-04T13:13:02","guid":{"rendered":"https:\/\/nets360.eu\/rechtliche-hinweise\/"},"modified":"2025-08-14T08:47:39","modified_gmt":"2025-08-14T08:47:39","slug":"rechtliche-hinweise","status":"publish","type":"page","link":"https:\/\/nets360.eu\/de\/rechtliche-hinweise\/","title":{"rendered":"Rechtliche Hinweise"},"content":{"rendered":"\t\t<div data-elementor-type=\"wp-page\" data-elementor-id=\"3037\" class=\"elementor elementor-3037 elementor-1372\" data-elementor-post-type=\"page\">\n\t\t\t\t<div class=\"elementor-element elementor-element-5443ba6 e-flex e-con-boxed e-con e-parent\" data-id=\"5443ba6\" data-element_type=\"container\" data-settings=\"{&quot;background_background&quot;:&quot;gradient&quot;}\">\n\t\t\t\t\t<div class=\"e-con-inner\">\n\t\t<div class=\"elementor-element elementor-element-5fc7769 e-flex e-con-boxed e-con e-child\" data-id=\"5fc7769\" data-element_type=\"container\">\n\t\t\t\t\t<div class=\"e-con-inner\">\n\t\t<div class=\"elementor-element elementor-element-774e743 e-flex e-con-boxed e-con e-child\" data-id=\"774e743\" data-element_type=\"container\">\n\t\t\t\t\t<div class=\"e-con-inner\">\n\t\t\t\t<div class=\"elementor-element elementor-element-6486a88 elementor-widget elementor-widget-text-editor\" data-id=\"6486a88\" data-element_type=\"widget\" data-widget_type=\"text-editor.default\">\n\t\t\t\t<div class=\"elementor-widget-container\">\n\t\t\t\t\t\t\t\t\t<p>nets360<\/p>\t\t\t\t\t\t\t\t<\/div>\n\t\t\t\t<\/div>\n\t\t\t\t<div class=\"elementor-element elementor-element-52638f4 elementor-widget elementor-widget-heading\" data-id=\"52638f4\" data-element_type=\"widget\" data-widget_type=\"heading.default\">\n\t\t\t\t<div class=\"elementor-widget-container\">\n\t\t\t\t\t<h1 class=\"elementor-heading-title elementor-size-default\">Rechtliche Hinweise<\/h1>\t\t\t\t<\/div>\n\t\t\t\t<\/div>\n\t\t\t\t\t<\/div>\n\t\t\t\t<\/div>\n\t\t\t\t\t<\/div>\n\t\t\t\t<\/div>\n\t\t\t\t\t<\/div>\n\t\t\t\t<\/div>\n\t\t<div class=\"elementor-element elementor-element-09076b3 e-flex e-con-boxed e-con e-parent\" data-id=\"09076b3\" data-element_type=\"container\">\n\t\t\t\t\t<div class=\"e-con-inner\">\n\t\t\t\t<div class=\"elementor-element elementor-element-68ea3ca elementor-widget elementor-widget-heading\" data-id=\"68ea3ca\" data-element_type=\"widget\" data-widget_type=\"heading.default\">\n\t\t\t\t<div class=\"elementor-widget-container\">\n\t\t\t\t\t<h2 class=\"elementor-heading-title elementor-size-default\">Impressum\n\n<\/h2>\t\t\t\t<\/div>\n\t\t\t\t<\/div>\n\t\t\t\t<div class=\"elementor-element elementor-element-6538102 elementor-widget elementor-widget-text-editor\" data-id=\"6538102\" data-element_type=\"widget\" data-widget_type=\"text-editor.default\">\n\t\t\t\t<div class=\"elementor-widget-container\">\n\t\t\t\t\t\t\t\t\t<p><strong>Hauptsitz<\/strong><\/p><p>nets360 O\u00dc<\/p><p>Hobujaama 4<br>Tallinn 10151<br>Estland<\/p><p>Handelsregisternummer: 16895772<br>Umsatzsteuer-ID: EE102744798  <\/p><p>Telefon: +372 6063940<br>E-Mail: frontdesk@nets360.eu<\/p><p>Vertreten durch: Bernhard Teufel (CEO)<\/p><p>Verantwortlich f\u00fcr den Inhalt: Jaakko M\u00e4kinen<\/p><p><strong>nets360 bietet seine Dienste in ganz Europa an. Unsere B\u00fcros und Teams in Ihrem Land finden Sie in der Rubrik <a href=\"https:\/\/nets360.eu\/de\/kontakt\/\">Kontakt<\/a>. <\/strong><\/p>\t\t\t\t\t\t\t\t<\/div>\n\t\t\t\t<\/div>\n\t\t\t\t\t<\/div>\n\t\t\t\t<\/div>\n\t\t<div class=\"elementor-element elementor-element-115aa2f e-flex e-con-boxed e-con e-parent\" data-id=\"115aa2f\" data-element_type=\"container\">\n\t\t\t\t\t<div class=\"e-con-inner\">\n\t\t\t\t<div class=\"elementor-element elementor-element-7cdea4c elementor-widget elementor-widget-heading\" data-id=\"7cdea4c\" data-element_type=\"widget\" data-widget_type=\"heading.default\">\n\t\t\t\t<div class=\"elementor-widget-container\">\n\t\t\t\t\t<h2 class=\"elementor-heading-title elementor-size-default\">Haftungsausschluss\n<\/h2>\t\t\t\t<\/div>\n\t\t\t\t<\/div>\n\t\t\t\t<div class=\"elementor-element elementor-element-38b1dee elementor-widget elementor-widget-text-editor\" data-id=\"38b1dee\" data-element_type=\"widget\" data-widget_type=\"text-editor.default\">\n\t\t\t\t<div class=\"elementor-widget-container\">\n\t\t\t\t\t\t\t\t\t<p>nets360 bietet Dienstleistungen ausschlie\u00dflich f\u00fcr Gesch\u00e4ftskunden, Beh\u00f6rden und Nichtregierungsorganisationen (NGOs) innerhalb des Europ\u00e4ischen Wirtschaftsraums an. Wir bieten keine Dienstleistungen f\u00fcr Privatpersonen oder Verbraucher (B2C) an. <\/p><p><b>Mitteilung gem\u00e4\u00df Art. 14 Abs. 1 ODR-Verordnung:   <\/b><br>Die Europ\u00e4ische Kommission stellt eine Plattform zur Online-Streitbeilegung (OS) zur Verf\u00fcgung, auf die Sie hier zugreifen k\u00f6nnen: https:\/\/ec.europa.eu\/consumers\/odr\/ <br>Wir sind jedoch weder verpflichtet noch bereit, an einem Streitbeilegungsverfahren vor einer Verbraucherschlichtungsstelle teilzunehmen, da wir keine Dienstleistungen f\u00fcr Verbraucher anbieten.<\/p><p><strong>Prim\u00e4re Sprache Disclaimer<\/strong><br>Der Inhalt und die Informationen auf dieser Website sind haupts\u00e4chlich auf Englisch. \u00dcbersetzungen in andere Sprachen k\u00f6nnen verz\u00f6gert oder nicht aktuell sein. Falls ein bestimmter Inhalt nur in einer nicht-englischen Sprache verf\u00fcgbar ist, wird dieser Inhalt als ma\u00dfgebend betrachtet.<\/p><p><b>Haftungsausschluss f\u00fcr<\/b><strong>Inhalte Dritter<\/strong><br>nets360 ist nicht verantwortlich f\u00fcr die von Dritten, wie Partnern und Wiederverk\u00e4ufern, ver\u00f6ffentlichten oder verbreiteten Informationen.<\/p>\t\t\t\t\t\t\t\t<\/div>\n\t\t\t\t<\/div>\n\t\t\t\t\t<\/div>\n\t\t\t\t<\/div>\n\t\t<div class=\"elementor-element elementor-element-76e7bc2 e-flex e-con-boxed e-con e-parent\" data-id=\"76e7bc2\" data-element_type=\"container\">\n\t\t\t\t\t<div class=\"e-con-inner\">\n\t\t\t\t<div class=\"elementor-element elementor-element-0b0a32a elementor-widget elementor-widget-heading\" data-id=\"0b0a32a\" data-element_type=\"widget\" data-widget_type=\"heading.default\">\n\t\t\t\t<div class=\"elementor-widget-container\">\n\t\t\t\t\t<h2 class=\"elementor-heading-title elementor-size-default\">nets360<\/h2>\t\t\t\t<\/div>\n\t\t\t\t<\/div>\n\t\t\t\t<div class=\"elementor-element elementor-element-5289185 elementor-widget elementor-widget-text-editor\" data-id=\"5289185\" data-element_type=\"widget\" data-widget_type=\"text-editor.default\">\n\t\t\t\t<div class=\"elementor-widget-container\">\n\t\t\t\t\t\t\t\t\t<p><strong>nets360 Group \/ Markenname<br><\/strong>nets360 Group bezieht sich auf die europ\u00e4ische Organisation oder auf eine oder mehrere der Mitgliedsfirmen. nets360 besteht aus separaten, unabh\u00e4ngigen Unternehmen. Die Mitgliedsfirmen des nets360-Netzwerks unabh\u00e4ngiger Firmen sind mit der nets360 Group verbunden. Kein Mitgliedsunternehmen hat die Befugnis, die nets360 Group oder ein anderes Mitgliedsunternehmen gegen\u00fcber Dritten zu verpflichten oder zu binden, noch hat die nets360 Group eine solche Befugnis, ein Mitgliedsunternehmen zu verpflichten oder zu binden.<\/p><p>Die Marke nets360 ist Eigentum der norsk nordic O\u00dc in Tallinn. Kein Unternehmen, das mit der Marke nets360 verbunden ist, ist befugt, f\u00fcr die Marke selbst Vertr\u00e4ge zu schlie\u00dfen oder Verbindlichkeiten einzugehen.<\/p>\t\t\t\t\t\t\t\t<\/div>\n\t\t\t\t<\/div>\n\t\t\t\t\t<\/div>\n\t\t\t\t<\/div>\n\t\t<div class=\"elementor-element elementor-element-85bfe1b e-flex e-con-boxed e-con e-parent\" data-id=\"85bfe1b\" data-element_type=\"container\">\n\t\t\t\t\t<div class=\"e-con-inner\">\n\t\t\t\t<div class=\"elementor-element elementor-element-d3b6afb elementor-widget elementor-widget-heading\" data-id=\"d3b6afb\" data-element_type=\"widget\" data-widget_type=\"heading.default\">\n\t\t\t\t<div class=\"elementor-widget-container\">\n\t\t\t\t\t<h2 class=\"elementor-heading-title elementor-size-default\">Rechtlicher Hinweis zu Gerichtsbarkeit und juristischen Personen\n<\/h2>\t\t\t\t<\/div>\n\t\t\t\t<\/div>\n\t\t\t\t<div class=\"elementor-element elementor-element-a268d5e elementor-widget elementor-widget-text-editor\" data-id=\"a268d5e\" data-element_type=\"widget\" data-widget_type=\"text-editor.default\">\n\t\t\t\t<div class=\"elementor-widget-container\">\n\t\t\t\t\t\t\t\t\t<p>Je nach Land, in dem unsere Dienste angeboten werden, kann nets360 \u00fcber verbundene Unternehmen oder rechtlich eigenst\u00e4ndige Einheiten nach lokalem Recht t\u00e4tig sein.<\/p><p>W\u00e4hrend die nets360 O\u00dc mit Sitz in Estland als zentrale rechtliche und operative Einheit dient, k\u00f6nnen bestimmte Dienstleistungen oder Vertragsbeziehungen lokal \u00fcber l\u00e4nderspezifische Niederlassungen oder Partnerunternehmen abgewickelt werden, die Teil des breiteren nets360-\u00d6kosystems sind.<\/p><p>Alle diese Unternehmen arbeiten nach den gleichen Qualit\u00e4ts-, Compliance- und Servicestandards wie nets360 O\u00dc.<\/p>\t\t\t\t\t\t\t\t<\/div>\n\t\t\t\t<\/div>\n\t\t\t\t\t<\/div>\n\t\t\t\t<\/div>\n\t\t<div class=\"elementor-element elementor-element-863ea44 e-flex e-con-boxed e-con e-parent\" data-id=\"863ea44\" data-element_type=\"container\">\n\t\t\t\t\t<div class=\"e-con-inner\">\n\t\t\t\t<div class=\"elementor-element elementor-element-0bb53a4 elementor-widget elementor-widget-heading\" data-id=\"0bb53a4\" data-element_type=\"widget\" data-widget_type=\"heading.default\">\n\t\t\t\t<div class=\"elementor-widget-container\">\n\t\t\t\t\t<h2 class=\"elementor-heading-title elementor-size-default\">Meldung von Verst\u00f6\u00dfen<\/h2>\t\t\t\t<\/div>\n\t\t\t\t<\/div>\n\t\t\t\t<div class=\"elementor-element elementor-element-3e9964e elementor-widget__width-initial animated-fast elementor-widget elementor-widget-toggle\" data-id=\"3e9964e\" data-element_type=\"widget\" data-settings=\"{&quot;_animation&quot;:&quot;none&quot;}\" data-widget_type=\"toggle.default\">\n\t\t\t\t<div class=\"elementor-widget-container\">\n\t\t\t\t\t\t\t<div class=\"elementor-toggle\">\n\t\t\t\t\t\t\t<div class=\"elementor-toggle-item\">\n\t\t\t\t\t<div id=\"elementor-tab-title-6561\" class=\"elementor-tab-title\" data-tab=\"1\" role=\"button\" aria-controls=\"elementor-tab-content-6561\" aria-expanded=\"false\">\n\t\t\t\t\t\t\t\t\t\t\t\t<span class=\"elementor-toggle-icon elementor-toggle-icon-right\" aria-hidden=\"true\">\n\t\t\t\t\t\t\t\t\t\t\t\t\t\t\t<span class=\"elementor-toggle-icon-closed\"><svg class=\"e-font-icon-svg e-fas-plus\" viewBox=\"0 0 448 512\" xmlns=\"http:\/\/www.w3.org\/2000\/svg\"><path d=\"M416 208H272V64c0-17.67-14.33-32-32-32h-32c-17.67 0-32 14.33-32 32v144H32c-17.67 0-32 14.33-32 32v32c0 17.67 14.33 32 32 32h144v144c0 17.67 14.33 32 32 32h32c17.67 0 32-14.33 32-32V304h144c17.67 0 32-14.33 32-32v-32c0-17.67-14.33-32-32-32z\"><\/path><\/svg><\/span>\n\t\t\t\t\t\t\t\t<span class=\"elementor-toggle-icon-opened\"><svg class=\"elementor-toggle-icon-opened e-font-icon-svg e-fas-minus\" viewBox=\"0 0 448 512\" xmlns=\"http:\/\/www.w3.org\/2000\/svg\"><path d=\"M416 208H32c-17.67 0-32 14.33-32 32v32c0 17.67 14.33 32 32 32h384c17.67 0 32-14.33 32-32v-32c0-17.67-14.33-32-32-32z\"><\/path><\/svg><\/span>\n\t\t\t\t\t\t\t\t\t\t\t\t\t<\/span>\n\t\t\t\t\t\t\t\t\t\t\t\t<a class=\"elementor-toggle-title\" tabindex=\"0\">Meldung einer Verletzung des Schutzes personenbezogener Daten<\/a>\n\t\t\t\t\t<\/div>\n\n\t\t\t\t\t<div id=\"elementor-tab-content-6561\" class=\"elementor-tab-content elementor-clearfix\" data-tab=\"1\" role=\"region\" aria-labelledby=\"elementor-tab-title-6561\"><p>Wenn Sie der Meinung sind, dass die Vertraulichkeit, Verf\u00fcgbarkeit oder Integrit\u00e4t Ihrer oder anderer personenbezogener Daten durch nets360 oder einen Mitarbeiter von nets360 beeintr\u00e4chtigt wurde, senden Sie eine E-Mail dar\u00fcber an <a href=\"mailto:privacy@nets360.eu\">privacy@nets360.eu<\/a><\/p>\n<\/div>\n\t\t\t\t<\/div>\n\t\t\t\t\t\t\t<div class=\"elementor-toggle-item\">\n\t\t\t\t\t<div id=\"elementor-tab-title-6562\" class=\"elementor-tab-title\" data-tab=\"2\" role=\"button\" aria-controls=\"elementor-tab-content-6562\" aria-expanded=\"false\">\n\t\t\t\t\t\t\t\t\t\t\t\t<span class=\"elementor-toggle-icon elementor-toggle-icon-right\" aria-hidden=\"true\">\n\t\t\t\t\t\t\t\t\t\t\t\t\t\t\t<span class=\"elementor-toggle-icon-closed\"><svg class=\"e-font-icon-svg e-fas-plus\" viewBox=\"0 0 448 512\" xmlns=\"http:\/\/www.w3.org\/2000\/svg\"><path d=\"M416 208H272V64c0-17.67-14.33-32-32-32h-32c-17.67 0-32 14.33-32 32v144H32c-17.67 0-32 14.33-32 32v32c0 17.67 14.33 32 32 32h144v144c0 17.67 14.33 32 32 32h32c17.67 0 32-14.33 32-32V304h144c17.67 0 32-14.33 32-32v-32c0-17.67-14.33-32-32-32z\"><\/path><\/svg><\/span>\n\t\t\t\t\t\t\t\t<span class=\"elementor-toggle-icon-opened\"><svg class=\"elementor-toggle-icon-opened e-font-icon-svg e-fas-minus\" viewBox=\"0 0 448 512\" xmlns=\"http:\/\/www.w3.org\/2000\/svg\"><path d=\"M416 208H32c-17.67 0-32 14.33-32 32v32c0 17.67 14.33 32 32 32h384c17.67 0 32-14.33 32-32v-32c0-17.67-14.33-32-32-32z\"><\/path><\/svg><\/span>\n\t\t\t\t\t\t\t\t\t\t\t\t\t<\/span>\n\t\t\t\t\t\t\t\t\t\t\t\t<a class=\"elementor-toggle-title\" tabindex=\"0\">Berichterstattung \u00fcber IT- und Sicherheitsprobleme<\/a>\n\t\t\t\t\t<\/div>\n\n\t\t\t\t\t<div id=\"elementor-tab-content-6562\" class=\"elementor-tab-content elementor-clearfix\" data-tab=\"2\" role=\"region\" aria-labelledby=\"elementor-tab-title-6562\"><p>Wenn Sie Spam- oder Phishing-Nachrichten aus dem nets360-Netzwerk erhalten haben, Ihre Computer angegriffen wurden oder Sie betr\u00fcgerische Anrufe erhalten haben, senden Sie bitte eine E-Mail an <a href=\"mailto:abuse@nets360.eu\">abuse@nets360.eu<\/a><\/p><\/p>\n<\/div>\n\t\t\t\t<\/div>\n\t\t\t\t\t\t\t<div class=\"elementor-toggle-item\">\n\t\t\t\t\t<div id=\"elementor-tab-title-6563\" class=\"elementor-tab-title\" data-tab=\"3\" role=\"button\" aria-controls=\"elementor-tab-content-6563\" aria-expanded=\"false\">\n\t\t\t\t\t\t\t\t\t\t\t\t<span class=\"elementor-toggle-icon elementor-toggle-icon-right\" aria-hidden=\"true\">\n\t\t\t\t\t\t\t\t\t\t\t\t\t\t\t<span class=\"elementor-toggle-icon-closed\"><svg class=\"e-font-icon-svg e-fas-plus\" viewBox=\"0 0 448 512\" xmlns=\"http:\/\/www.w3.org\/2000\/svg\"><path d=\"M416 208H272V64c0-17.67-14.33-32-32-32h-32c-17.67 0-32 14.33-32 32v144H32c-17.67 0-32 14.33-32 32v32c0 17.67 14.33 32 32 32h144v144c0 17.67 14.33 32 32 32h32c17.67 0 32-14.33 32-32V304h144c17.67 0 32-14.33 32-32v-32c0-17.67-14.33-32-32-32z\"><\/path><\/svg><\/span>\n\t\t\t\t\t\t\t\t<span class=\"elementor-toggle-icon-opened\"><svg class=\"elementor-toggle-icon-opened e-font-icon-svg e-fas-minus\" viewBox=\"0 0 448 512\" xmlns=\"http:\/\/www.w3.org\/2000\/svg\"><path d=\"M416 208H32c-17.67 0-32 14.33-32 32v32c0 17.67 14.33 32 32 32h384c17.67 0 32-14.33 32-32v-32c0-17.67-14.33-32-32-32z\"><\/path><\/svg><\/span>\n\t\t\t\t\t\t\t\t\t\t\t\t\t<\/span>\n\t\t\t\t\t\t\t\t\t\t\t\t<a class=\"elementor-toggle-title\" tabindex=\"0\">Meldung von illegalen Inhalten<\/a>\n\t\t\t\t\t<\/div>\n\n\t\t\t\t\t<div id=\"elementor-tab-content-6563\" class=\"elementor-tab-content elementor-clearfix\" data-tab=\"3\" role=\"region\" aria-labelledby=\"elementor-tab-title-6563\"><p>Wenn Sie illegale Inhalte auf Websites bemerken, die die Webhosting- oder Cloud-Dienste von nets360 nutzen, wie z.B. Aufstachelung zu Hass und Gewalt, Versto\u00df gegen das Markengesetz, terroristisches Material usw., melden Sie dies bitte per E-Mail.  <a href=\"mailto:illegal@nets360.eu\">illegal@nets360.eu<\/a><\/p><\/p>\n<\/div>\n\t\t\t\t<\/div>\n\t\t\t\t\t\t\t\t<\/div>\n\t\t\t\t\t\t<\/div>\n\t\t\t\t<\/div>\n\t\t\t\t\t<\/div>\n\t\t\t\t<\/div>\n\t\t\t\t<\/div>\n\t\t","protected":false},"excerpt":{"rendered":"<p>nets360 Rechtliche Hinweise Impressum Hauptsitz nets360 O\u00dc Hobujaama 4Tallinn 10151Estland Handelsregisternummer: 16895772Umsatzsteuer-ID: EE102744798 Telefon: +372 6063940E-Mail: frontdesk@nets360.eu Vertreten durch: Bernhard Teufel (CEO) Verantwortlich f\u00fcr den Inhalt: Jaakko M\u00e4kinen nets360 bietet seine Dienste in ganz Europa an. Unsere B\u00fcros und Teams in Ihrem Land finden Sie in der Rubrik Kontakt. Haftungsausschluss nets360 bietet Dienstleistungen ausschlie\u00dflich f\u00fcr [&hellip;]<\/p>\n","protected":false},"author":1,"featured_media":0,"parent":0,"menu_order":0,"comment_status":"closed","ping_status":"closed","template":"","meta":{"_acf_changed":false,"inline_featured_image":false,"footnotes":""},"class_list":["post-3037","page","type-page","status-publish","hentry"],"acf":[],"_links":{"self":[{"href":"https:\/\/nets360.eu\/de\/wp-json\/wp\/v2\/pages\/3037","targetHints":{"allow":["GET"]}}],"collection":[{"href":"https:\/\/nets360.eu\/de\/wp-json\/wp\/v2\/pages"}],"about":[{"href":"https:\/\/nets360.eu\/de\/wp-json\/wp\/v2\/types\/page"}],"author":[{"embeddable":true,"href":"https:\/\/nets360.eu\/de\/wp-json\/wp\/v2\/users\/1"}],"replies":[{"embeddable":true,"href":"https:\/\/nets360.eu\/de\/wp-json\/wp\/v2\/comments?post=3037"}],"version-history":[{"count":24,"href":"https:\/\/nets360.eu\/de\/wp-json\/wp\/v2\/pages\/3037\/revisions"}],"predecessor-version":[{"id":15269,"href":"https:\/\/nets360.eu\/de\/wp-json\/wp\/v2\/pages\/3037\/revisions\/15269"}],"wp:attachment":[{"href":"https:\/\/nets360.eu\/de\/wp-json\/wp\/v2\/media?parent=3037"}],"curies":[{"name":"wp","href":"https:\/\/api.w.org\/{rel}","templated":true}]}}