{"id":3070,"date":"2024-01-01T17:09:57","date_gmt":"2024-01-01T17:09:57","guid":{"rendered":"https:\/\/nets360.eu\/cookie-richtlinie\/"},"modified":"2024-05-19T17:11:31","modified_gmt":"2024-05-19T17:11:31","slug":"cookie-richtlinie","status":"publish","type":"page","link":"https:\/\/nets360.eu\/de\/cookie-richtlinie\/","title":{"rendered":"Cookie-Richtlinie"},"content":{"rendered":"\t\t<div data-elementor-type=\"wp-page\" data-elementor-id=\"3070\" class=\"elementor elementor-3070 elementor-1233\" data-elementor-post-type=\"page\">\n\t\t\t\t<div class=\"elementor-element elementor-element-09771a0 e-flex e-con-boxed e-con e-parent\" data-id=\"09771a0\" data-element_type=\"container\" data-settings=\"{&quot;background_background&quot;:&quot;gradient&quot;}\">\n\t\t\t\t\t<div class=\"e-con-inner\">\n\t\t<div class=\"elementor-element elementor-element-baa6622 e-flex e-con-boxed e-con e-child\" data-id=\"baa6622\" data-element_type=\"container\">\n\t\t\t\t\t<div class=\"e-con-inner\">\n\t\t<div class=\"elementor-element elementor-element-33f4430 e-flex e-con-boxed e-con e-child\" data-id=\"33f4430\" data-element_type=\"container\">\n\t\t\t\t\t<div class=\"e-con-inner\">\n\t\t\t\t<div class=\"elementor-element elementor-element-65c5dfd elementor-widget elementor-widget-text-editor\" data-id=\"65c5dfd\" data-element_type=\"widget\" data-widget_type=\"text-editor.default\">\n\t\t\t\t<div class=\"elementor-widget-container\">\n\t\t\t\t\t\t\t\t\t<p>nets360<\/p>\n\t\t\t\t\t\t\t\t<\/div>\n\t\t\t\t<\/div>\n\t\t\t\t<div class=\"elementor-element elementor-element-02c1a2a elementor-widget elementor-widget-heading\" data-id=\"02c1a2a\" data-element_type=\"widget\" data-widget_type=\"heading.default\">\n\t\t\t\t<div class=\"elementor-widget-container\">\n\t\t\t\t\t<h1 class=\"elementor-heading-title elementor-size-default\">Cookie-Richtlinie<\/h1>\t\t\t\t<\/div>\n\t\t\t\t<\/div>\n\t\t\t\t\t<\/div>\n\t\t\t\t<\/div>\n\t\t\t\t\t<\/div>\n\t\t\t\t<\/div>\n\t\t\t\t\t<\/div>\n\t\t\t\t<\/div>\n\t\t<div class=\"elementor-element elementor-element-162eb73a e-flex e-con-boxed e-con e-parent\" data-id=\"162eb73a\" data-element_type=\"container\">\n\t\t\t\t\t<div class=\"e-con-inner\">\n\t\t\t\t<div class=\"elementor-element elementor-element-1abccec elementor-widget elementor-widget-heading\" data-id=\"1abccec\" data-element_type=\"widget\" data-widget_type=\"heading.default\">\n\t\t\t\t<div class=\"elementor-widget-container\">\n\t\t\t\t\t<h2 class=\"elementor-heading-title elementor-size-default\">.<\/h2>\t\t\t\t<\/div>\n\t\t\t\t<\/div>\n\t\t\t\t<div class=\"elementor-element elementor-element-c0eb209 elementor-widget elementor-widget-text-editor\" data-id=\"c0eb209\" data-element_type=\"widget\" data-widget_type=\"text-editor.default\">\n\t\t\t\t<div class=\"elementor-widget-container\">\n\t\t\t\t\t\t\t\t\t<p>Zuletzt aktualisiert am: 15.07.2023<\/p>\n<p>Diese Cookie-Richtlinie erkl\u00e4rt, wie nets360 (&#8222;wir&#8220;, &#8222;uns&#8220; oder &#8222;unser&#8220;) Cookies und \u00e4hnliche Tracking-Technologien auf unserer Website verwendet. Bitte lesen Sie diese Richtlinie sorgf\u00e4ltig durch, um zu verstehen, wie wir Ihre Informationen durch Cookies sammeln, verwenden und weitergeben. Durch die Nutzung unserer Website erkl\u00e4ren Sie sich mit der Verwendung von Cookies, wie in dieser Richtlinie beschrieben, einverstanden.<\/p>\n<p>Was sind Cookies?<br \/>Cookies sind kleine Textdateien, die auf Ihrem Ger\u00e4t (Computer, Tablet oder Mobilger\u00e4t) gespeichert werden, wenn Sie eine Website besuchen. Sie werden h\u00e4ufig verwendet, um Websites effizienter zu gestalten und um den Website-Besitzern Informationen zur Verf\u00fcgung zu stellen.<\/p>\n<p>Wie wir Cookies verwenden<br \/>Wir verwenden Cookies, um Ihr Surferlebnis zu verbessern, die Funktionalit\u00e4t unserer Website zu erh\u00f6hen, den Website-Verkehr zu analysieren und Inhalte zu personalisieren. Die von uns verwendeten Cookies k\u00f6nnen wie folgt kategorisiert werden:<\/p>\n<p>1. Wesentliche Cookies: Diese Cookies sind f\u00fcr das ordnungsgem\u00e4\u00dfe Funktionieren der Website erforderlich und k\u00f6nnen in unseren Systemen nicht deaktiviert werden. Sie werden in der Regel als Reaktion auf Ihre Aktionen gesetzt, z. B. wenn Sie Ihre Datenschutzeinstellungen festlegen, sich anmelden oder Formulare ausf\u00fcllen.<\/p>\n<p>2. Analytische Cookies: Diese Cookies erm\u00f6glichen es uns, Informationen dar\u00fcber zu sammeln, wie Besucher unsere Website nutzen, z. B. die Anzahl der Besucher, die besuchten Seiten und die Quellen des Verkehrs. Wir verwenden diese Informationen, um die Leistung und Funktionalit\u00e4t unserer Website zu analysieren und zu verbessern.<\/p>\n<p>3. Funktionale Cookies: Diese Cookies erm\u00f6glichen es der Website, verbesserte Funktionalit\u00e4t und Personalisierung zu bieten. Sie k\u00f6nnen von uns oder von Drittanbietern, deren Dienste wir auf unseren Seiten eingebunden haben, festgelegt werden. Diese Cookies erm\u00f6glichen es uns, Ihre Pr\u00e4ferenzen zu speichern und Ihre Erfahrungen auf unserer Website anzupassen.<\/p>\n<p>4. Werbe-Cookies: Diese Cookies werden verwendet, um Werbung zu liefern, die f\u00fcr Sie und Ihre Interessen relevanter sind. Sie werden auch verwendet, um die Anzahl der Anzeigen zu begrenzen und die Wirksamkeit von Werbekampagnen zu messen. Diese Cookies k\u00f6nnen von uns oder von dritten Werbenetzwerken mit unserer Zustimmung gesetzt werden.<\/p>\n<p>Cookie-Zustimmung<br \/>Wenn Sie unsere Website zum ersten Mal besuchen, wird ein Cookie-Banner angezeigt, in dem Sie um Ihre Zustimmung zur Verwendung von Cookies gebeten werden. Wenn Sie auf unserer Website weitersurfen, nachdem Sie das Banner gesehen haben, stimmen Sie unserer Verwendung von Cookies wie in dieser Richtlinie beschrieben zu.<\/p>\n<p>Sie k\u00f6nnen Ihre Cookie-Pr\u00e4ferenzen jederzeit \u00e4ndern, indem Sie Ihre Browsereinstellungen \u00e4ndern. Die meisten Browser erm\u00f6glichen es Ihnen, Cookies von bestimmten oder allen von Ihnen besuchten Websites zu blockieren oder zu l\u00f6schen. Bitte beachten Sie jedoch, dass das Blockieren oder L\u00f6schen von Cookies die Funktionalit\u00e4t unserer Website und Ihre F\u00e4higkeit, auf bestimmte Funktionen zuzugreifen, beeintr\u00e4chtigen kann.<\/p>\n<p>Cookies von Dritten<br \/>Wir k\u00f6nnen Drittanbietern erlauben, Cookies auf unserer Website zu platzieren, um uns bei der Analyse des Website-Verkehrs, der Personalisierung von Inhalten und der Bereitstellung von Werbung zu unterst\u00fctzen. Diese Drittanbieter-Cookies unterliegen den jeweiligen Datenschutzrichtlinien der Anbieter und werden von dieser Cookie-Richtlinie nicht erfasst.<\/p>\n<p>Wir verwenden derzeit die folgenden Cookies von Drittanbietern auf unserer Website:<\/p>\n<p>&#8211;  [List third-party cookies and their purposes]<\/p>\n<p>Aktualisierungen dieser Cookie-Richtlinie<br \/>Wir k\u00f6nnen diese Cookie-Richtlinie von Zeit zu Zeit aktualisieren, um \u00c4nderungen in unseren Praktiken oder aus anderen betrieblichen, rechtlichen oder regulatorischen Gr\u00fcnden zu ber\u00fccksichtigen. Die aktualisierte Version wird durch ein aktualisiertes &#8222;Zuletzt aktualisiert&#8220;-Datum am Anfang dieser Richtlinie angezeigt. Wir empfehlen, diese Seite regelm\u00e4\u00dfig auf Aktualisierungen zu \u00fcberpr\u00fcfen.<\/p>\n<p>Kontakt<br \/>Wenn Sie Fragen oder Bedenken bez\u00fcglich unserer Verwendung von Cookies haben, kontaktieren Sie uns bitte unter<\/p>\n<p>nets360 O\u00dc, Hobujaama 4, Tallinn 10151, Estland<\/p>\n<p>webadmin@nets360.eu<\/p>\n<p>Durch die Nutzung unserer Website best\u00e4tigen Sie, dass Sie diese Cookie-Richtlinie gelesen und verstanden haben, und erkl\u00e4ren sich mit der Erfassung, Verwendung und Weitergabe Ihrer Daten wie hier beschrieben einverstanden.<\/p>\n\t\t\t\t\t\t\t\t<\/div>\n\t\t\t\t<\/div>\n\t\t\t\t\t<\/div>\n\t\t\t\t<\/div>\n\t\t\t\t<\/div>\n\t\t","protected":false},"excerpt":{"rendered":"<p>nets360 Cookie-Richtlinie . Zuletzt aktualisiert am: 15.07.2023 Diese Cookie-Richtlinie erkl\u00e4rt, wie nets360 (&#8222;wir&#8220;, &#8222;uns&#8220; oder &#8222;unser&#8220;) Cookies und \u00e4hnliche Tracking-Technologien auf unserer Website verwendet. Bitte lesen Sie diese Richtlinie sorgf\u00e4ltig durch, um zu verstehen, wie wir Ihre Informationen durch Cookies sammeln, verwenden und weitergeben. Durch die Nutzung unserer Website erkl\u00e4ren Sie sich mit der Verwendung [&hellip;]<\/p>\n","protected":false},"author":1,"featured_media":0,"parent":0,"menu_order":0,"comment_status":"closed","ping_status":"closed","template":"","meta":{"_acf_changed":false,"inline_featured_image":false,"footnotes":""},"class_list":["post-3070","page","type-page","status-publish","hentry"],"acf":[],"_links":{"self":[{"href":"https:\/\/nets360.eu\/de\/wp-json\/wp\/v2\/pages\/3070","targetHints":{"allow":["GET"]}}],"collection":[{"href":"https:\/\/nets360.eu\/de\/wp-json\/wp\/v2\/pages"}],"about":[{"href":"https:\/\/nets360.eu\/de\/wp-json\/wp\/v2\/types\/page"}],"author":[{"embeddable":true,"href":"https:\/\/nets360.eu\/de\/wp-json\/wp\/v2\/users\/1"}],"replies":[{"embeddable":true,"href":"https:\/\/nets360.eu\/de\/wp-json\/wp\/v2\/comments?post=3070"}],"version-history":[{"count":13,"href":"https:\/\/nets360.eu\/de\/wp-json\/wp\/v2\/pages\/3070\/revisions"}],"predecessor-version":[{"id":9562,"href":"https:\/\/nets360.eu\/de\/wp-json\/wp\/v2\/pages\/3070\/revisions\/9562"}],"wp:attachment":[{"href":"https:\/\/nets360.eu\/de\/wp-json\/wp\/v2\/media?parent=3070"}],"curies":[{"name":"wp","href":"https:\/\/api.w.org\/{rel}","templated":true}]}}