{"id":3077,"date":"2023-11-14T13:42:07","date_gmt":"2023-11-14T13:42:07","guid":{"rendered":"https:\/\/nets360.eu\/gdpr-richtlinie\/"},"modified":"2024-03-11T13:54:17","modified_gmt":"2024-03-11T13:54:17","slug":"gdpr-richtlinie","status":"publish","type":"page","link":"https:\/\/nets360.eu\/de\/gdpr-richtlinie\/","title":{"rendered":"GDPR-Richtlinie"},"content":{"rendered":"\t\t<div data-elementor-type=\"wp-page\" data-elementor-id=\"3077\" class=\"elementor elementor-3077 elementor-3\" data-elementor-post-type=\"page\">\n\t\t\t\t<div class=\"elementor-element elementor-element-1e00aac e-flex e-con-boxed e-con e-parent\" data-id=\"1e00aac\" data-element_type=\"container\">\n\t\t\t\t\t<div class=\"e-con-inner\">\n\t\t<div class=\"elementor-element elementor-element-80c3366 e-flex e-con-boxed e-con e-child\" data-id=\"80c3366\" data-element_type=\"container\" data-settings=\"{&quot;background_background&quot;:&quot;classic&quot;}\">\n\t\t\t\t\t<div class=\"e-con-inner\">\n\t\t<div class=\"elementor-element elementor-element-492255a e-flex e-con-boxed e-con e-child\" data-id=\"492255a\" data-element_type=\"container\">\n\t\t\t\t\t<div class=\"e-con-inner\">\n\t\t\t\t<div class=\"elementor-element elementor-element-7c06956 elementor-widget elementor-widget-text-editor\" data-id=\"7c06956\" data-element_type=\"widget\" data-widget_type=\"text-editor.default\">\n\t\t\t\t<div class=\"elementor-widget-container\">\n\t\t\t\t\t\t\t\t\t<p>nets360<\/p>\n\t\t\t\t\t\t\t\t<\/div>\n\t\t\t\t<\/div>\n\t\t\t\t<div class=\"elementor-element elementor-element-6ec94eb elementor-widget elementor-widget-heading\" data-id=\"6ec94eb\" data-element_type=\"widget\" data-widget_type=\"heading.default\">\n\t\t\t\t<div class=\"elementor-widget-container\">\n\t\t\t\t\t<h1 class=\"elementor-heading-title elementor-size-default\">GDPR-Richtlinie<\/h1>\t\t\t\t<\/div>\n\t\t\t\t<\/div>\n\t\t\t\t\t<\/div>\n\t\t\t\t<\/div>\n\t\t\t\t\t<\/div>\n\t\t\t\t<\/div>\n\t\t\t\t\t<\/div>\n\t\t\t\t<\/div>\n\t\t<div class=\"elementor-element elementor-element-9d9c0bc e-flex e-con-boxed e-con e-parent\" data-id=\"9d9c0bc\" data-element_type=\"container\">\n\t\t\t\t\t<div class=\"e-con-inner\">\n\t\t<div class=\"elementor-element elementor-element-0693eb7 elementor-hidden-desktop elementor-hidden-tablet elementor-hidden-mobile e-flex e-con-boxed e-con e-child\" data-id=\"0693eb7\" data-element_type=\"container\" data-settings=\"{&quot;background_background&quot;:&quot;classic&quot;}\">\n\t\t\t\t\t<div class=\"e-con-inner\">\n\t\t\t\t<div class=\"elementor-element elementor-element-5867118 elementor-nav-menu--dropdown-mobile elementor-nav-menu__text-align-aside elementor-widget elementor-widget-nav-menu\" data-id=\"5867118\" data-element_type=\"widget\" data-settings=\"{&quot;layout&quot;:&quot;horizontal&quot;,&quot;submenu_icon&quot;:{&quot;value&quot;:&quot;&lt;svg aria-hidden=\\&quot;true\\&quot; class=\\&quot;e-font-icon-svg e-fas-caret-down\\&quot; viewBox=\\&quot;0 0 320 512\\&quot; xmlns=\\&quot;http:\\\/\\\/www.w3.org\\\/2000\\\/svg\\&quot;&gt;&lt;path d=\\&quot;M31.3 192h257.3c17.8 0 26.7 21.5 14.1 34.1L174.1 354.8c-7.8 7.8-20.5 7.8-28.3 0L17.2 226.1C4.6 213.5 13.5 192 31.3 192z\\&quot;&gt;&lt;\\\/path&gt;&lt;\\\/svg&gt;&quot;,&quot;library&quot;:&quot;fa-solid&quot;}}\" data-widget_type=\"nav-menu.default\">\n\t\t\t\t<div class=\"elementor-widget-container\">\n\t\t\t\t\t\t\t\t<nav aria-label=\"Men\u00fc\" class=\"elementor-nav-menu--main elementor-nav-menu__container elementor-nav-menu--layout-horizontal e--pointer-underline e--animation-fade\">\n\t\t\t\t<ul id=\"menu-1-5867118\" class=\"elementor-nav-menu\"><li class=\"menu-item menu-item-type-post_type menu-item-object-page menu-item-1991\"><a href=\"https:\/\/nets360.eu\/extended-secure-iot-gateway\/\" class=\"elementor-item\">Extended Secure IoT-Gateway<\/a><\/li>\n<\/ul>\t\t\t<\/nav>\n\t\t\t\t\t\t<nav class=\"elementor-nav-menu--dropdown elementor-nav-menu__container\" aria-hidden=\"true\">\n\t\t\t\t<ul id=\"menu-2-5867118\" class=\"elementor-nav-menu\"><li class=\"menu-item menu-item-type-post_type menu-item-object-page menu-item-1991\"><a href=\"https:\/\/nets360.eu\/extended-secure-iot-gateway\/\" class=\"elementor-item\" tabindex=\"-1\">Extended Secure IoT-Gateway<\/a><\/li>\n<\/ul>\t\t\t<\/nav>\n\t\t\t\t\t\t<\/div>\n\t\t\t\t<\/div>\n\t\t\t\t\t<\/div>\n\t\t\t\t<\/div>\n\t\t<div class=\"elementor-element elementor-element-8b6503a e-flex e-con-boxed e-con e-child\" data-id=\"8b6503a\" data-element_type=\"container\">\n\t\t\t\t\t<div class=\"e-con-inner\">\n\t\t<div class=\"elementor-element elementor-element-aa6dd2f e-flex e-con-boxed e-con e-child\" data-id=\"aa6dd2f\" data-element_type=\"container\" data-settings=\"{&quot;background_background&quot;:&quot;classic&quot;}\">\n\t\t\t\t\t<div class=\"e-con-inner\">\n\t\t<div class=\"elementor-element elementor-element-b43a792 e-flex e-con-boxed e-con e-child\" data-id=\"b43a792\" data-element_type=\"container\">\n\t\t\t\t\t<div class=\"e-con-inner\">\n\t\t\t\t\t<\/div>\n\t\t\t\t<\/div>\n\t\t\t\t\t<\/div>\n\t\t\t\t<\/div>\n\t\t\t\t\t<\/div>\n\t\t\t\t<\/div>\n\t\t\t\t\t<\/div>\n\t\t\t\t<\/div>\n\t\t<div class=\"elementor-element elementor-element-162eb73a e-flex e-con-boxed e-con e-parent\" data-id=\"162eb73a\" data-element_type=\"container\">\n\t\t\t\t\t<div class=\"e-con-inner\">\n\t\t\t\t<div class=\"elementor-element elementor-element-1abccec elementor-widget elementor-widget-heading\" data-id=\"1abccec\" data-element_type=\"widget\" data-widget_type=\"heading.default\">\n\t\t\t\t<div class=\"elementor-widget-container\">\n\t\t\t\t\t<h2 class=\"elementor-heading-title elementor-size-default\">.<\/h2>\t\t\t\t<\/div>\n\t\t\t\t<\/div>\n\t\t\t\t<div class=\"elementor-element elementor-element-c0eb209 elementor-widget elementor-widget-text-editor\" data-id=\"c0eb209\" data-element_type=\"widget\" data-widget_type=\"text-editor.default\">\n\t\t\t\t<div class=\"elementor-widget-container\">\n\t\t\t\t\t\t\t\t\t<p>Datum des Inkrafttretens: 15.07.2023<\/p>\n<p>Einf\u00fchrung<\/p>\n<p>Bei nets360 sind wir verpflichtet, die Privatsph\u00e4re und die pers\u00f6nlichen Daten unserer Nutzer zu sch\u00fctzen. In dieser Datenschutzrichtlinie wird dargelegt, wie wir Ihre personenbezogenen Daten in \u00dcbereinstimmung mit der Allgemeinen Datenschutzverordnung (GDPR) und anderen geltenden Datenschutzgesetzen erfassen, verwenden, offenlegen und sch\u00fctzen.<\/p>\n<p>1. Datenverantwortlicher<br>nets360, registriert in Estland, agiert als Datenverantwortlicher f\u00fcr die pers\u00f6nlichen Daten, die wir sammeln und verarbeiten. Wenn Sie Fragen oder Bedenken hinsichtlich der Verarbeitung Ihrer personenbezogenen Daten haben, wenden Sie sich bitte an uns, indem Sie die am Ende dieser Datenschutzrichtlinie angegebenen Daten verwenden.<\/p>\n<p>2. Informationen, die wir sammeln<br>Wir k\u00f6nnen die folgenden Arten von personenbezogenen Daten erfassen und verarbeiten:<\/p>\n<p>a. Pers\u00f6nliche Informationen: Wenn Sie unsere Website nutzen oder unsere Dienste in Anspruch nehmen, k\u00f6nnen wir personenbezogene Daten wie Ihren Namen, Ihre E-Mail-Adresse, Ihre Kontaktdaten und alle anderen Informationen, die Sie uns freiwillig zur Verf\u00fcgung stellen, erfassen.<\/p>\n<p>b. Protokolldaten: Unsere Server zeichnen automatisch Informationen \u00fcber Ihre Nutzung unserer Website auf, einschlie\u00dflich Browsertyp, Betriebssystem und die von Ihnen besuchten Seiten.<\/p>\n<p>c. Cookies und \u00e4hnliche Technologien: Wir k\u00f6nnen Cookies und \u00e4hnliche Tracking-Technologien verwenden, um Ihr Surferlebnis zu verbessern und den Website-Verkehr zu analysieren. Sie k\u00f6nnen Ihre Pr\u00e4ferenzen f\u00fcr Cookies \u00fcber Ihre Browsereinstellungen verwalten.<\/p>\n<p>3. Wie wir Ihre Informationen verwenden<br>Wir verwenden Ihre personenbezogenen Daten f\u00fcr die folgenden Zwecke:<\/p>\n<p>a. Bereitstellung und Verbesserung von Dienstleistungen: Wir verwenden Ihre Daten, um Ihnen die gew\u00fcnschten Dienstleistungen zu erbringen, Ihre Anfragen zu beantworten und die Funktionalit\u00e4t unserer Website zu verbessern.<\/p>\n<p>b. Kommunikation: Wir k\u00f6nnen Ihnen Verwaltungs-E-Mails, Werbematerialien oder andere Mitteilungen im Zusammenhang mit unseren Dienstleistungen senden, je nach Ihren Pr\u00e4ferenzen und den geltenden Gesetzen.<\/p>\n<p>c. Analyse und Forschung: Wir k\u00f6nnen Ihre Daten zu analytischen Zwecken verwenden, z. B. um das Nutzerverhalten, Trends und Vorlieben zu verstehen, um unsere Dienste und die Nutzererfahrung zu verbessern.<\/p>\n<p>4. Rechtsgrundlage f\u00fcr die Verarbeitung<br>Wir werden Ihre personenbezogenen Daten nur dann verarbeiten, wenn wir eine rechtliche Grundlage daf\u00fcr haben, wozu auch geh\u00f6ren kann:<\/p>\n<p>a. Vertragserf\u00fcllung: Die Verarbeitung Ihrer Daten ist f\u00fcr die Erf\u00fcllung eines Vertrags zwischen Ihnen und nets360 oder f\u00fcr die Durchf\u00fchrung vorvertraglicher Ma\u00dfnahmen auf Ihren Wunsch hin erforderlich.<\/p>\n<p>b. Einverst\u00e4ndnis: Wir k\u00f6nnen Ihre Daten auf der Grundlage Ihrer Einwilligung verarbeiten, die Sie jederzeit widerrufen k\u00f6nnen.<\/p>\n<p>c. Berechtigte Interessen: Die Verarbeitung Ihrer Daten kann f\u00fcr unsere berechtigten Interessen erforderlich sein, wie z. B. die Gew\u00e4hrleistung der Sicherheit und Integrit\u00e4t unserer Systeme, die Durchf\u00fchrung von Gesch\u00e4ftsvorg\u00e4ngen oder die Einhaltung rechtlicher Verpflichtungen.<\/p>\n<p>5. Gemeinsame Nutzung und Offenlegung von Daten<br>Unter den folgenden Umst\u00e4nden k\u00f6nnen wir Ihre personenbezogenen Daten an Dritte weitergeben:<\/p>\n<p>a. Dienstanbieter: Wir k\u00f6nnen vertrauensw\u00fcrdige Drittanbieter beauftragen, bestimmte Gesch\u00e4ftsfunktionen in unserem Namen auszuf\u00fchren, z. B. Hosting, Datenanalyse, Marketing und Kundensupport. Diese Dienstleister sind nur befugt, Ihre Daten zu verarbeiten, soweit dies zur Erbringung der angeforderten Dienstleistungen erforderlich ist.<\/p>\n<p>b. Gesetzliche Verpflichtungen: Wir k\u00f6nnen Ihre Daten offenlegen, wenn dies durch Gesetze, Vorschriften oder rechtliche Verfahren erforderlich ist.<\/p>\n<p>c. Unternehmens\u00fcbertragungen: Im Falle einer Fusion, einer \u00dcbernahme oder eines Verkaufs aller oder eines Teils unserer Verm\u00f6genswerte k\u00f6nnen Ihre personenbezogenen Daten an das \u00fcbernehmende Unternehmen \u00fcbertragen werden.<\/p>\n<p>6. Internationale Daten\u00fcbermittlung<br>Da wir ein in Estland ans\u00e4ssiges Unternehmen sind, k\u00f6nnen Ihre personenbezogenen Daten au\u00dferhalb des Europ\u00e4ischen Wirtschaftsraums (EWR) \u00fcbermittelt und verarbeitet werden. Wir werden geeignete Ma\u00dfnahmen ergreifen, um sicherzustellen, dass Ihre Daten im Einklang mit den geltenden Datenschutzgesetzen gesch\u00fctzt werden, z. B. durch die Verwendung von Standardvertragsklauseln oder durch das Vertrauen auf die Privacy-Shield-Zertifizierung des Empf\u00e4ngers.<\/p>\n<p>7. Datensicherheit<br>Wir setzen angemessene technische und organisatorische Ma\u00dfnahmen ein, um Ihre pers\u00f6nlichen Daten vor unbefugtem Zugriff, Offenlegung, \u00c4nderung oder Zerst\u00f6rung zu sch\u00fctzen. Bitte beachten Sie jedoch, dass keine Methode der \u00dcbertragung \u00fcber das Internet oder der elektronischen Speicherung 100% sicher ist.<\/p>\n<p>8. Vorratsdatenspeicherung<br>Wir werden Ihre personenbezogenen Daten so lange aufbewahren, wie es f\u00fcr die Erf\u00fcllung der in dieser Datenschutzrichtlinie genannten Zwecke erforderlich ist, es sei denn, eine l\u00e4ngere Aufbewahrungsfrist ist gesetzlich vorgeschrieben oder zul\u00e4ssig.<\/p>\n<p>9. Ihre Rechte<br>Nach der DSGVO haben Sie die folgenden Rechte:<\/p>\n<p>a. Recht auf Zugang: Sie haben das Recht, Zugang zu Ihren personenbezogenen Daten zu verlangen und Informationen \u00fcber deren Verarbeitung zu erhalten.<\/p>\n<p>b. Recht auf Berichtigung: Sie k\u00f6nnen die Berichtigung von unrichtigen oder unvollst\u00e4ndigen personenbezogenen Daten verlangen.<\/p>\n<p>c. Recht auf L\u00f6schung: Vorbehaltlich bestimmter Ausnahmen k\u00f6nnen Sie die L\u00f6schung Ihrer personenbezogenen Daten verlangen.<\/p>\n<p>d. Recht auf Einschr\u00e4nkung: Sie k\u00f6nnen unter bestimmten Umst\u00e4nden die Einschr\u00e4nkung der Verarbeitung Ihrer personenbezogenen Daten verlangen.<\/p>\n<p>e. Recht auf Daten\u00fcbertragbarkeit: Sie haben das Recht, eine Kopie Ihrer personenbezogenen Daten in einem strukturierten, allgemein gebr\u00e4uchlichen und maschinenlesbaren Format zu erhalten.<\/p>\n<p>f. Recht auf Widerspruch: Sie k\u00f6nnen der Verarbeitung Ihrer personenbezogenen Daten auf der Grundlage berechtigter Interessen oder zu Zwecken des Direktmarketings widersprechen.<\/p>\n<p>10. \u00c4nderungen an dieser Datenschutzrichtlinie<br>Wir behalten uns das Recht vor, diese Datenschutzrichtlinie von Zeit zu Zeit zu aktualisieren. Etwaige \u00c4nderungen werden auf unserer Website ver\u00f6ffentlicht, und die \u00fcberarbeitete Richtlinie tritt ab dem am Anfang des Dokuments angegebenen Datum in Kraft.<\/p>\n<p>11. Kontakt<br>Wenn Sie Fragen, Bedenken oder W\u00fcnsche in Bezug auf diese Datenschutzrichtlinie oder die Verarbeitung Ihrer personenbezogenen Daten haben, wenden Sie sich bitte an uns:<\/p>\n<p>nets360<br>repr\u00e4sentiert durch<br>norsk nordic O\u00dc<br>Sepapaja 6<br>Tallinn 15551, Estland<br>webadmin@nets360.eu<\/p>\n<p>Bitte gew\u00e4hren Sie uns eine angemessene Frist f\u00fcr die Beantwortung Ihrer Anfragen.<\/p>\t\t\t\t\t\t\t\t<\/div>\n\t\t\t\t<\/div>\n\t\t\t\t\t<\/div>\n\t\t\t\t<\/div>\n\t\t\t\t<\/div>\n\t\t","protected":false},"excerpt":{"rendered":"<p>nets360 GDPR-Richtlinie . Datum des Inkrafttretens: 15.07.2023 Einf\u00fchrung Bei nets360 sind wir verpflichtet, die Privatsph\u00e4re und die pers\u00f6nlichen Daten unserer Nutzer zu sch\u00fctzen. In dieser Datenschutzrichtlinie wird dargelegt, wie wir Ihre personenbezogenen Daten in \u00dcbereinstimmung mit der Allgemeinen Datenschutzverordnung (GDPR) und anderen geltenden Datenschutzgesetzen erfassen, verwenden, offenlegen und sch\u00fctzen. 1. Datenverantwortlichernets360, registriert in Estland, agiert [&hellip;]<\/p>\n","protected":false},"author":1,"featured_media":0,"parent":0,"menu_order":0,"comment_status":"closed","ping_status":"open","template":"","meta":{"_acf_changed":false,"inline_featured_image":false,"footnotes":""},"class_list":["post-3077","page","type-page","status-publish","hentry"],"acf":[],"_links":{"self":[{"href":"https:\/\/nets360.eu\/de\/wp-json\/wp\/v2\/pages\/3077","targetHints":{"allow":["GET"]}}],"collection":[{"href":"https:\/\/nets360.eu\/de\/wp-json\/wp\/v2\/pages"}],"about":[{"href":"https:\/\/nets360.eu\/de\/wp-json\/wp\/v2\/types\/page"}],"author":[{"embeddable":true,"href":"https:\/\/nets360.eu\/de\/wp-json\/wp\/v2\/users\/1"}],"replies":[{"embeddable":true,"href":"https:\/\/nets360.eu\/de\/wp-json\/wp\/v2\/comments?post=3077"}],"version-history":[{"count":10,"href":"https:\/\/nets360.eu\/de\/wp-json\/wp\/v2\/pages\/3077\/revisions"}],"predecessor-version":[{"id":4804,"href":"https:\/\/nets360.eu\/de\/wp-json\/wp\/v2\/pages\/3077\/revisions\/4804"}],"wp:attachment":[{"href":"https:\/\/nets360.eu\/de\/wp-json\/wp\/v2\/media?parent=3077"}],"curies":[{"name":"wp","href":"https:\/\/api.w.org\/{rel}","templated":true}]}}