{"id":6626,"date":"2024-04-05T15:22:51","date_gmt":"2024-04-05T15:22:51","guid":{"rendered":"https:\/\/nets360.eu\/carrier-und-provider-management\/"},"modified":"2024-11-04T08:29:42","modified_gmt":"2024-11-04T08:29:42","slug":"carrier-und-provider-management","status":"publish","type":"page","link":"https:\/\/nets360.eu\/de\/carrier-und-provider-management\/","title":{"rendered":"Carrier und Provider Management"},"content":{"rendered":"\t\t<div data-elementor-type=\"wp-page\" data-elementor-id=\"6626\" class=\"elementor elementor-6626 elementor-6450\" data-elementor-post-type=\"page\">\n\t\t\t\t<div class=\"elementor-element elementor-element-5443ba6 e-flex e-con-boxed e-con e-parent\" data-id=\"5443ba6\" data-element_type=\"container\" data-settings=\"{&quot;background_background&quot;:&quot;gradient&quot;}\">\n\t\t\t\t\t<div class=\"e-con-inner\">\n\t\t<div class=\"elementor-element elementor-element-5fc7769 e-flex e-con-boxed e-con e-child\" data-id=\"5fc7769\" data-element_type=\"container\">\n\t\t\t\t\t<div class=\"e-con-inner\">\n\t\t<div class=\"elementor-element elementor-element-774e743 e-flex e-con-boxed e-con e-child\" data-id=\"774e743\" data-element_type=\"container\">\n\t\t\t\t\t<div class=\"e-con-inner\">\n\t\t\t\t<div class=\"elementor-element elementor-element-6486a88 elementor-widget elementor-widget-text-editor\" data-id=\"6486a88\" data-element_type=\"widget\" data-widget_type=\"text-editor.default\">\n\t\t\t\t<div class=\"elementor-widget-container\">\n\t\t\t\t\t\t\t\t\t<p>nets360 Carrier und Provider Management<\/p>\n\t\t\t\t\t\t\t\t<\/div>\n\t\t\t\t<\/div>\n\t\t\t\t<div class=\"elementor-element elementor-element-52638f4 elementor-widget elementor-widget-heading\" data-id=\"52638f4\" data-element_type=\"widget\" data-widget_type=\"heading.default\">\n\t\t\t\t<div class=\"elementor-widget-container\">\n\t\t\t\t\t<h1 class=\"elementor-heading-title elementor-size-default\">Ein Kontakt f\u00fcr alle Verbindungen<\/h1>\t\t\t\t<\/div>\n\t\t\t\t<\/div>\n\t\t\t\t<div class=\"elementor-element elementor-element-52bc3ac elementor-widget elementor-widget-text-editor\" data-id=\"52bc3ac\" data-element_type=\"widget\" data-widget_type=\"text-editor.default\">\n\t\t\t\t<div class=\"elementor-widget-container\">\n\t\t\t\t\t\t\t\t\t<p>Unser Beratungsservice f\u00fcr Providermanagement unterst\u00fctzt Ihr Unternehmen aktiv bei der Identifizierung der am besten geeigneten Anbieter und der auf Ihre Bed\u00fcrfnisse zugeschnittenen Tarifstrukturen. Dieser Dienst umfasst alle Aspekte, einschlie\u00dflich Telefon- und Internetverbindungen sowie Mobilkommunikation. Dar\u00fcber hinaus bieten wir in Kombination mit unseren SD-WAN-L\u00f6sungen die M\u00f6glichkeit, bestehende, oft teure MPLS-Verbindungen durch eine stabile und effiziente SD-WAN-L\u00f6sung zu ersetzen.<\/p>\n\t\t\t\t\t\t\t\t<\/div>\n\t\t\t\t<\/div>\n\t\t\t\t\t<\/div>\n\t\t\t\t<\/div>\n\t\t<div class=\"elementor-element elementor-element-6a7c7ab e-con-full e-flex e-con e-child\" data-id=\"6a7c7ab\" data-element_type=\"container\">\n\t\t\t\t<div class=\"elementor-element elementor-element-97ca0f2 animated-fast elementor-widget elementor-widget-image\" data-id=\"97ca0f2\" data-element_type=\"widget\" data-settings=\"{&quot;_animation&quot;:&quot;none&quot;,&quot;_animation_delay&quot;:200}\" data-widget_type=\"image.default\">\n\t\t\t\t<div class=\"elementor-widget-container\">\n\t\t\t\t\t\t\t\t\t\t\t\t\t\t\t<img fetchpriority=\"high\" decoding=\"async\" width=\"300\" height=\"275\" src=\"https:\/\/nets360.eu\/wp-content\/uploads\/2023\/12\/hardware-icon.svg\" class=\"attachment-medium size-medium wp-image-2276\" alt=\"\" \/>\t\t\t\t\t\t\t\t\t\t\t\t\t\t\t<\/div>\n\t\t\t\t<\/div>\n\t\t\t\t<\/div>\n\t\t\t\t\t<\/div>\n\t\t\t\t<\/div>\n\t\t\t\t\t<\/div>\n\t\t\t\t<\/div>\n\t\t<div class=\"elementor-element elementor-element-cac9247 e-flex e-con-boxed e-con e-parent\" data-id=\"cac9247\" data-element_type=\"container\">\n\t\t\t\t\t<div class=\"e-con-inner\">\n\t\t<div class=\"elementor-element elementor-element-cd34e81 e-con-full e-flex e-con e-child\" data-id=\"cd34e81\" data-element_type=\"container\">\n\t\t\t\t<div class=\"elementor-element elementor-element-a7b45f4 elementor-widget elementor-widget-heading\" data-id=\"a7b45f4\" data-element_type=\"widget\" data-widget_type=\"heading.default\">\n\t\t\t\t<div class=\"elementor-widget-container\">\n\t\t\t\t\t<h2 class=\"elementor-heading-title elementor-size-default\">Vorteil der internationalen Ausrichtung<\/h2>\t\t\t\t<\/div>\n\t\t\t\t<\/div>\n\t\t\t\t<\/div>\n\t\t<div class=\"elementor-element elementor-element-707aea3 e-con-full e-flex e-con e-child\" data-id=\"707aea3\" data-element_type=\"container\">\n\t\t\t\t<div class=\"elementor-element elementor-element-81aa58a elementor-widget elementor-widget-text-editor\" data-id=\"81aa58a\" data-element_type=\"widget\" data-widget_type=\"text-editor.default\">\n\t\t\t\t<div class=\"elementor-widget-container\">\n\t\t\t\t\t\t\t\t\t<p>Als ein Unternehmen, das Dienstleistungen f\u00fcr nationale und internationale KMU erbringt, bieten wir die M\u00f6glichkeit, internationale Vertr\u00e4ge zu entwerfen und die Zusammenarbeit mit Anbietern in mehreren L\u00e4ndern zu koordinieren. Mit nets360 haben Sie einen Ansprechpartner f\u00fcr alle L\u00e4nder in Europa.<\/p>\n\t\t\t\t\t\t\t\t<\/div>\n\t\t\t\t<\/div>\n\t\t\t\t<\/div>\n\t\t\t\t\t<\/div>\n\t\t\t\t<\/div>\n\t\t<div class=\"elementor-element elementor-element-6b8fe77 e-flex e-con-boxed e-con e-parent\" data-id=\"6b8fe77\" data-element_type=\"container\">\n\t\t\t\t\t<div class=\"e-con-inner\">\n\t\t\t\t<div class=\"elementor-element elementor-element-e9d81ba elementor-widget-divider--view-line elementor-widget elementor-widget-divider\" data-id=\"e9d81ba\" data-element_type=\"widget\" data-widget_type=\"divider.default\">\n\t\t\t\t<div class=\"elementor-widget-container\">\n\t\t\t\t\t\t\t<div class=\"elementor-divider\">\n\t\t\t<span class=\"elementor-divider-separator\">\n\t\t\t\t\t\t<\/span>\n\t\t<\/div>\n\t\t\t\t\t\t<\/div>\n\t\t\t\t<\/div>\n\t\t\t\t\t<\/div>\n\t\t\t\t<\/div>\n\t\t<div class=\"elementor-element elementor-element-9af11d7 e-flex e-con-boxed e-con e-parent\" data-id=\"9af11d7\" data-element_type=\"container\">\n\t\t\t\t\t<div class=\"e-con-inner\">\n\t\t<div class=\"elementor-element elementor-element-d16ad85 e-con-full e-flex e-con e-child\" data-id=\"d16ad85\" data-element_type=\"container\">\n\t\t\t\t<div class=\"elementor-element elementor-element-e1e8495 elementor-widget elementor-widget-heading\" data-id=\"e1e8495\" data-element_type=\"widget\" data-widget_type=\"heading.default\">\n\t\t\t\t<div class=\"elementor-widget-container\">\n\t\t\t\t\t<h2 class=\"elementor-heading-title elementor-size-default\">MPLS vs. SD-WAN Verbindung<\/h2>\t\t\t\t<\/div>\n\t\t\t\t<\/div>\n\t\t\t\t<\/div>\n\t\t<div class=\"elementor-element elementor-element-f8c42d9 e-con-full e-flex e-con e-child\" data-id=\"f8c42d9\" data-element_type=\"container\">\n\t\t\t\t<div class=\"elementor-element elementor-element-c97e3ba elementor-widget elementor-widget-text-editor\" data-id=\"c97e3ba\" data-element_type=\"widget\" data-widget_type=\"text-editor.default\">\n\t\t\t\t<div class=\"elementor-widget-container\">\n\t\t\t\t\t\t\t\t\t<p>In der Vergangenheit haben sich viele Unternehmen f\u00fcr die Standortkonnektivit\u00e4t auf MPLS verlassen. Diese Technologie war einst notwendig, um die bestm\u00f6gliche und sichere Verbindung zwischen Unternehmensstandorten zu gew\u00e4hrleisten. SD-WAN gewinnt jedoch zunehmend an Bedeutung. SD-WAN ist eine softwaredefinierte Verbindung, die \u00fcber geeignete Router hergestellt wird. Zu seinen Vorteilen geh\u00f6rt die Offenheit gegen\u00fcber verschiedenen Anbietern, so dass Kunden an verschiedenen Standorten aus mehreren Anbietern w\u00e4hlen k\u00f6nnen. Au\u00dferdem bietet SD-WAN eine hohe Redundanz durch die Kombination mehrerer Anbieter und Verbindungen wie Glasfaser, DSL und Mobilfunk.<\/p>\n\t\t\t\t\t\t\t\t<\/div>\n\t\t\t\t<\/div>\n\t\t\t\t<\/div>\n\t\t\t\t\t<\/div>\n\t\t\t\t<\/div>\n\t\t<div class=\"elementor-element elementor-element-9860098 e-flex e-con-boxed e-con e-parent\" data-id=\"9860098\" data-element_type=\"container\">\n\t\t\t\t\t<div class=\"e-con-inner\">\n\t\t\t\t<div class=\"elementor-element elementor-element-1518f47 elementor-widget-divider--view-line elementor-widget elementor-widget-divider\" data-id=\"1518f47\" data-element_type=\"widget\" data-widget_type=\"divider.default\">\n\t\t\t\t<div class=\"elementor-widget-container\">\n\t\t\t\t\t\t\t<div class=\"elementor-divider\">\n\t\t\t<span class=\"elementor-divider-separator\">\n\t\t\t\t\t\t<\/span>\n\t\t<\/div>\n\t\t\t\t\t\t<\/div>\n\t\t\t\t<\/div>\n\t\t\t\t\t<\/div>\n\t\t\t\t<\/div>\n\t\t<div class=\"elementor-element elementor-element-849157a e-flex e-con-boxed e-con e-parent\" data-id=\"849157a\" data-element_type=\"container\">\n\t\t\t\t\t<div class=\"e-con-inner\">\n\t\t<div class=\"elementor-element elementor-element-00cbce3 e-con-full e-flex e-con e-child\" data-id=\"00cbce3\" data-element_type=\"container\">\n\t\t\t\t<div class=\"elementor-element elementor-element-cec01e9 elementor-widget elementor-widget-heading\" data-id=\"cec01e9\" data-element_type=\"widget\" data-widget_type=\"heading.default\">\n\t\t\t\t<div class=\"elementor-widget-container\">\n\t\t\t\t\t<h2 class=\"elementor-heading-title elementor-size-default\">Vertrags- und Kostenmanagement<\/h2>\t\t\t\t<\/div>\n\t\t\t\t<\/div>\n\t\t\t\t<\/div>\n\t\t<div class=\"elementor-element elementor-element-568b093 e-con-full e-flex e-con e-child\" data-id=\"568b093\" data-element_type=\"container\">\n\t\t\t\t<div class=\"elementor-element elementor-element-821e243 elementor-widget elementor-widget-text-editor\" data-id=\"821e243\" data-element_type=\"widget\" data-widget_type=\"text-editor.default\">\n\t\t\t\t<div class=\"elementor-widget-container\">\n\t\t\t\t\t\t\t\t\t<p>Unser Service umfasst auch das Vertrags- und Kostenmanagement. Dazu geh\u00f6ren die Erstellung und \u00dcberwachung von Rechnungen, die Aufteilung nach verschiedenen internen und externen Kundenanforderungen sowie die regelm\u00e4\u00dfige \u00dcberpr\u00fcfung. Verkehrs- und Volumenmanagement geh\u00f6ren ebenso zu unserem Angebot wie die fr\u00fchzeitige Erkennung von Problemen und Engp\u00e4ssen bei Telefonie und Internetbandbreite. Bei komplexen Vertr\u00e4gen und Verhandlungen arbeiten wir mit international renommierten Anwaltskanzleien zusammen.<\/p>\n\t\t\t\t\t\t\t\t<\/div>\n\t\t\t\t<\/div>\n\t\t\t\t<\/div>\n\t\t\t\t\t<\/div>\n\t\t\t\t<\/div>\n\t\t<div class=\"elementor-element elementor-element-909fa51 e-flex e-con-boxed e-con e-parent\" data-id=\"909fa51\" data-element_type=\"container\" data-settings=\"{&quot;background_background&quot;:&quot;gradient&quot;}\">\n\t\t\t\t\t<div class=\"e-con-inner\">\n\t\t<div class=\"elementor-element elementor-element-52b8636 e-con-full e-flex e-con e-child\" data-id=\"52b8636\" data-element_type=\"container\">\n\t\t\t\t<div class=\"elementor-element elementor-element-2fdbabd elementor-widget elementor-widget-image\" data-id=\"2fdbabd\" data-element_type=\"widget\" data-settings=\"{&quot;_animation&quot;:&quot;none&quot;}\" data-widget_type=\"image.default\">\n\t\t\t\t<div class=\"elementor-widget-container\">\n\t\t\t\t\t\t\t\t\t\t\t\t\t\t\t<img decoding=\"async\" width=\"2560\" height=\"916\" src=\"https:\/\/nets360.eu\/wp-content\/uploads\/2023\/12\/AdobeStock_240045949-min-scaled-1.webp\" class=\"attachment-full size-full wp-image-2296\" alt=\"\" \/>\t\t\t\t\t\t\t\t\t\t\t\t\t\t\t<\/div>\n\t\t\t\t<\/div>\n\t\t\t\t<\/div>\n\t\t<div class=\"elementor-element elementor-element-4e21806 e-con-full e-flex e-con e-child\" data-id=\"4e21806\" data-element_type=\"container\">\n\t\t<div class=\"elementor-element elementor-element-46223e2 animated-fast e-flex e-con-boxed e-con e-child\" data-id=\"46223e2\" data-element_type=\"container\" data-settings=\"{&quot;animation&quot;:&quot;none&quot;}\">\n\t\t\t\t\t<div class=\"e-con-inner\">\n\t\t\t\t<div class=\"elementor-element elementor-element-d642856 elementor-widget elementor-widget-heading\" data-id=\"d642856\" data-element_type=\"widget\" data-widget_type=\"heading.default\">\n\t\t\t\t<div class=\"elementor-widget-container\">\n\t\t\t\t\t<h2 class=\"elementor-heading-title elementor-size-default\">Starten Sie mit nets360<\/h2>\t\t\t\t<\/div>\n\t\t\t\t<\/div>\n\t\t\t\t<div class=\"elementor-element elementor-element-dfaf728 elementor-widget elementor-widget-text-editor\" data-id=\"dfaf728\" data-element_type=\"widget\" data-widget_type=\"text-editor.default\">\n\t\t\t\t<div class=\"elementor-widget-container\">\n\t\t\t\t\t\t\t\t\t<p>Wir liefern in ganz Europa und sprechen mehrere Sprachen.<br \/>Lassen Sie uns \u00fcber Ihre L\u00f6sung sprechen.<\/p>\n\t\t\t\t\t\t\t\t<\/div>\n\t\t\t\t<\/div>\n\t\t\t\t<div class=\"elementor-element elementor-element-51e1f0b elementor-widget elementor-widget-button\" data-id=\"51e1f0b\" data-element_type=\"widget\" data-widget_type=\"button.default\">\n\t\t\t\t<div class=\"elementor-widget-container\">\n\t\t\t\t\t\t\t\t\t<div class=\"elementor-button-wrapper\">\n\t\t\t\t\t<a class=\"elementor-button elementor-button-link elementor-size-sm\" href=\"https:\/\/nets360.eu\/de\/kontakt\/\">\n\t\t\t\t\t\t<span class=\"elementor-button-content-wrapper\">\n\t\t\t\t\t\t\t\t\t<span class=\"elementor-button-text\">Vertrieb kontaktieren<\/span>\n\t\t\t\t\t<\/span>\n\t\t\t\t\t<\/a>\n\t\t\t\t<\/div>\n\t\t\t\t\t\t\t\t<\/div>\n\t\t\t\t<\/div>\n\t\t\t\t\t<\/div>\n\t\t\t\t<\/div>\n\t\t\t\t<\/div>\n\t\t\t\t\t<\/div>\n\t\t\t\t<\/div>\n\t\t\t\t<\/div>\n\t\t","protected":false},"excerpt":{"rendered":"<p>nets360 Carrier und Provider Management Ein Kontakt f\u00fcr alle Verbindungen Unser Beratungsservice f\u00fcr Providermanagement unterst\u00fctzt Ihr Unternehmen aktiv bei der Identifizierung der am besten geeigneten Anbieter und der auf Ihre Bed\u00fcrfnisse zugeschnittenen Tarifstrukturen. Dieser Dienst umfasst alle Aspekte, einschlie\u00dflich Telefon- und Internetverbindungen sowie Mobilkommunikation. Dar\u00fcber hinaus bieten wir in Kombination mit unseren SD-WAN-L\u00f6sungen die M\u00f6glichkeit, [&hellip;]<\/p>\n","protected":false},"author":1,"featured_media":0,"parent":0,"menu_order":0,"comment_status":"closed","ping_status":"closed","template":"","meta":{"_acf_changed":false,"inline_featured_image":false,"footnotes":""},"class_list":["post-6626","page","type-page","status-publish","hentry"],"acf":[],"_links":{"self":[{"href":"https:\/\/nets360.eu\/de\/wp-json\/wp\/v2\/pages\/6626","targetHints":{"allow":["GET"]}}],"collection":[{"href":"https:\/\/nets360.eu\/de\/wp-json\/wp\/v2\/pages"}],"about":[{"href":"https:\/\/nets360.eu\/de\/wp-json\/wp\/v2\/types\/page"}],"author":[{"embeddable":true,"href":"https:\/\/nets360.eu\/de\/wp-json\/wp\/v2\/users\/1"}],"replies":[{"embeddable":true,"href":"https:\/\/nets360.eu\/de\/wp-json\/wp\/v2\/comments?post=6626"}],"version-history":[{"count":12,"href":"https:\/\/nets360.eu\/de\/wp-json\/wp\/v2\/pages\/6626\/revisions"}],"predecessor-version":[{"id":11892,"href":"https:\/\/nets360.eu\/de\/wp-json\/wp\/v2\/pages\/6626\/revisions\/11892"}],"wp:attachment":[{"href":"https:\/\/nets360.eu\/de\/wp-json\/wp\/v2\/media?parent=6626"}],"curies":[{"name":"wp","href":"https:\/\/api.w.org\/{rel}","templated":true}]}}