{"id":8484,"date":"2024-05-05T22:35:06","date_gmt":"2024-05-05T22:35:06","guid":{"rendered":"https:\/\/nets360.eu\/partner\/"},"modified":"2024-10-16T06:56:36","modified_gmt":"2024-10-16T06:56:36","slug":"partner","status":"publish","type":"page","link":"https:\/\/nets360.eu\/de\/partner\/","title":{"rendered":"Partner"},"content":{"rendered":"\t\t<div data-elementor-type=\"wp-page\" data-elementor-id=\"8484\" class=\"elementor elementor-8484 elementor-8407\" data-elementor-post-type=\"page\">\n\t\t\t\t<div class=\"elementor-element elementor-element-af06b46 e-flex e-con-boxed e-con e-parent\" data-id=\"af06b46\" data-element_type=\"container\" data-settings=\"{&quot;background_background&quot;:&quot;classic&quot;}\">\n\t\t\t\t\t<div class=\"e-con-inner\">\n\t\t<div class=\"elementor-element elementor-element-5a97069 e-flex e-con-boxed e-con e-child\" data-id=\"5a97069\" data-element_type=\"container\">\n\t\t\t\t\t<div class=\"e-con-inner\">\n\t\t<div class=\"elementor-element elementor-element-4559816 e-flex e-con-boxed e-con e-child\" data-id=\"4559816\" data-element_type=\"container\">\n\t\t\t\t\t<div class=\"e-con-inner\">\n\t\t\t\t\t<\/div>\n\t\t\t\t<\/div>\n\t\t\t\t\t<\/div>\n\t\t\t\t<\/div>\n\t\t\t\t\t<\/div>\n\t\t\t\t<\/div>\n\t\t<div class=\"elementor-element elementor-element-06ba22e e-flex e-con-boxed e-con e-parent\" data-id=\"06ba22e\" data-element_type=\"container\">\n\t\t\t\t\t<div class=\"e-con-inner\">\n\t\t\t\t<div class=\"elementor-element elementor-element-205765d elementor-widget elementor-widget-heading\" data-id=\"205765d\" data-element_type=\"widget\" data-widget_type=\"heading.default\">\n\t\t\t\t<div class=\"elementor-widget-container\">\n\t\t\t\t\t<h2 class=\"elementor-heading-title elementor-size-default\">Gesch\u00e4ftspartner nets360: Verbinden. Zusammenarbeit. Erfolg.<\/h2>\t\t\t\t<\/div>\n\t\t\t\t<\/div>\n\t\t\t\t<div class=\"elementor-element elementor-element-ff467a4 elementor-widget elementor-widget-heading\" data-id=\"ff467a4\" data-element_type=\"widget\" data-widget_type=\"heading.default\">\n\t\t\t\t<div class=\"elementor-widget-container\">\n\t\t\t\t\t<h2 class=\"elementor-heading-title elementor-size-default\">Partnermodelle bei nets360<\/h2>\t\t\t\t<\/div>\n\t\t\t\t<\/div>\n\t\t\t\t<div class=\"elementor-element elementor-element-b729ce3 elementor-widget elementor-widget-text-editor\" data-id=\"b729ce3\" data-element_type=\"widget\" data-widget_type=\"text-editor.default\">\n\t\t\t\t<div class=\"elementor-widget-container\">\n\t\t\t\t\t\t\t\t\t<p>Ob als IoT-Spezialist, IT-Dienstleister, Reseller, Systemhaus, Systemintegrator, Service Provider oder Carrier mit eigener Netzwerkinfrastruktur: Als nets360-Partner profitieren sowohl Sie als auch Ihre Kunden von den Vorteilen der Zusammenarbeit mit nets360.<\/p>\n\t\t\t\t\t\t\t\t<\/div>\n\t\t\t\t<\/div>\n\t\t\t\t\t<\/div>\n\t\t\t\t<\/div>\n\t\t<div class=\"elementor-element elementor-element-4b6e556 e-flex e-con-boxed e-con e-parent\" data-id=\"4b6e556\" data-element_type=\"container\">\n\t\t\t\t\t<div class=\"e-con-inner\">\n\t\t\t\t<div class=\"elementor-element elementor-element-1d163c2 elementor-widget-divider--view-line elementor-widget elementor-widget-divider\" data-id=\"1d163c2\" data-element_type=\"widget\" data-widget_type=\"divider.default\">\n\t\t\t\t<div class=\"elementor-widget-container\">\n\t\t\t\t\t\t\t<div class=\"elementor-divider\">\n\t\t\t<span class=\"elementor-divider-separator\">\n\t\t\t\t\t\t<\/span>\n\t\t<\/div>\n\t\t\t\t\t\t<\/div>\n\t\t\t\t<\/div>\n\t\t\t\t\t<\/div>\n\t\t\t\t<\/div>\n\t\t<div class=\"elementor-element elementor-element-b9e4151 e-flex e-con-boxed e-con e-parent\" data-id=\"b9e4151\" data-element_type=\"container\">\n\t\t\t\t\t<div class=\"e-con-inner\">\n\t\t<div class=\"elementor-element elementor-element-60cf0d7 e-con-full e-flex e-con e-child\" data-id=\"60cf0d7\" data-element_type=\"container\">\n\t\t\t\t<div class=\"elementor-element elementor-element-72fd115 elementor-widget elementor-widget-heading\" data-id=\"72fd115\" data-element_type=\"widget\" data-widget_type=\"heading.default\">\n\t\t\t\t<div class=\"elementor-widget-container\">\n\t\t\t\t\t<h2 class=\"elementor-heading-title elementor-size-default\">Wiederverk\u00e4ufer Partner<\/h2>\t\t\t\t<\/div>\n\t\t\t\t<\/div>\n\t\t\t\t<\/div>\n\t\t<div class=\"elementor-element elementor-element-9179310 e-con-full e-flex e-con e-child\" data-id=\"9179310\" data-element_type=\"container\">\n\t\t\t\t<div class=\"elementor-element elementor-element-0cdbdbd elementor-widget elementor-widget-text-editor\" data-id=\"0cdbdbd\" data-element_type=\"widget\" data-widget_type=\"text-editor.default\">\n\t\t\t\t<div class=\"elementor-widget-container\">\n\t\t\t\t\t\t\t\t\t<p>Stellen Sie uns Ihre Infrastruktur zur Verf\u00fcgung, damit wir gemeinsam erfolgreiche Managed Service-L\u00f6sungen entwickeln k\u00f6nnen.<\/p>\n\t\t\t\t\t\t\t\t<\/div>\n\t\t\t\t<\/div>\n\t\t\t\t<div class=\"elementor-element elementor-element-2514b1e elementor-widget elementor-widget-button\" data-id=\"2514b1e\" data-element_type=\"widget\" data-widget_type=\"button.default\">\n\t\t\t\t<div class=\"elementor-widget-container\">\n\t\t\t\t\t\t\t\t\t<div class=\"elementor-button-wrapper\">\n\t\t\t\t\t<a class=\"elementor-button elementor-button-link elementor-size-sm\" href=\"https:\/\/nets360.eu\/de\/vertriebspartner-iot-und-sd-wan\/\">\n\t\t\t\t\t\t<span class=\"elementor-button-content-wrapper\">\n\t\t\t\t\t\t\t\t\t<span class=\"elementor-button-text\">Mehr lesen<\/span>\n\t\t\t\t\t<\/span>\n\t\t\t\t\t<\/a>\n\t\t\t\t<\/div>\n\t\t\t\t\t\t\t\t<\/div>\n\t\t\t\t<\/div>\n\t\t\t\t<\/div>\n\t\t\t\t\t<\/div>\n\t\t\t\t<\/div>\n\t\t<div class=\"elementor-element elementor-element-d5954ae e-flex e-con-boxed e-con e-parent\" data-id=\"d5954ae\" data-element_type=\"container\">\n\t\t\t\t\t<div class=\"e-con-inner\">\n\t\t\t\t<div class=\"elementor-element elementor-element-611f1e5 elementor-widget-divider--view-line elementor-widget elementor-widget-divider\" data-id=\"611f1e5\" data-element_type=\"widget\" data-widget_type=\"divider.default\">\n\t\t\t\t<div class=\"elementor-widget-container\">\n\t\t\t\t\t\t\t<div class=\"elementor-divider\">\n\t\t\t<span class=\"elementor-divider-separator\">\n\t\t\t\t\t\t<\/span>\n\t\t<\/div>\n\t\t\t\t\t\t<\/div>\n\t\t\t\t<\/div>\n\t\t\t\t\t<\/div>\n\t\t\t\t<\/div>\n\t\t<div class=\"elementor-element elementor-element-00a3448 e-flex e-con-boxed e-con e-parent\" data-id=\"00a3448\" data-element_type=\"container\">\n\t\t\t\t\t<div class=\"e-con-inner\">\n\t\t<div class=\"elementor-element elementor-element-be6309e e-con-full e-flex e-con e-child\" data-id=\"be6309e\" data-element_type=\"container\">\n\t\t\t\t<div class=\"elementor-element elementor-element-66772db elementor-widget elementor-widget-heading\" data-id=\"66772db\" data-element_type=\"widget\" data-widget_type=\"heading.default\">\n\t\t\t\t<div class=\"elementor-widget-container\">\n\t\t\t\t\t<h2 class=\"elementor-heading-title elementor-size-default\">Netzwerk-Partner<\/h2>\t\t\t\t<\/div>\n\t\t\t\t<\/div>\n\t\t\t\t<\/div>\n\t\t<div class=\"elementor-element elementor-element-4c501b2 e-con-full e-flex e-con e-child\" data-id=\"4c501b2\" data-element_type=\"container\">\n\t\t\t\t<div class=\"elementor-element elementor-element-07e9aa5 elementor-widget elementor-widget-text-editor\" data-id=\"07e9aa5\" data-element_type=\"widget\" data-widget_type=\"text-editor.default\">\n\t\t\t\t<div class=\"elementor-widget-container\">\n\t\t\t\t\t\t\t\t\t<p>Dezentralisiert. Grenzenlos. Offen f\u00fcr alle. Das Internet hat die Zukunft f\u00fcr fast jedes Unternehmen auf dem Planeten neu geschrieben. Doch mit der zunehmenden Digitalisierung wird immer deutlicher, dass die transformativen St\u00e4rken des \u00f6ffentlichen Internets auch seine Schw\u00e4chen sind. L\u00e4hmende Latenzzeiten, Komplexit\u00e4t und Sicherheitsprobleme sind nur die Spitze des Eisbergs f\u00fcr Unternehmen, die sich bei ihrer Netzwerkinfrastruktur auf das Internet verlassen. Das Internet hat die Welt zusammengebracht, aber es wurde nicht f\u00fcr die Konnektivit\u00e4t konzipiert, die Ihr Unternehmen heute ben\u00f6tigt. Einfach ausgedr\u00fcckt: Sie k\u00f6nnen sich bei der Bereitstellung gesch\u00e4ftskritischer Daten und Anwendungen nicht mehr darauf verlassen.       <\/p>\n\t\t\t\t\t\t\t\t<\/div>\n\t\t\t\t<\/div>\n\t\t\t\t<div class=\"elementor-element elementor-element-19386bd elementor-widget elementor-widget-button\" data-id=\"19386bd\" data-element_type=\"widget\" data-widget_type=\"button.default\">\n\t\t\t\t<div class=\"elementor-widget-container\">\n\t\t\t\t\t\t\t\t\t<div class=\"elementor-button-wrapper\">\n\t\t\t\t\t<a class=\"elementor-button elementor-button-link elementor-size-sm\" href=\"https:\/\/nets360.eu\/de\/geschaeftspartner-isp-nsp\/\">\n\t\t\t\t\t\t<span class=\"elementor-button-content-wrapper\">\n\t\t\t\t\t\t\t\t\t<span class=\"elementor-button-text\">Mehr lesen<\/span>\n\t\t\t\t\t<\/span>\n\t\t\t\t\t<\/a>\n\t\t\t\t<\/div>\n\t\t\t\t\t\t\t\t<\/div>\n\t\t\t\t<\/div>\n\t\t\t\t<\/div>\n\t\t\t\t\t<\/div>\n\t\t\t\t<\/div>\n\t\t<div class=\"elementor-element elementor-element-fbf6271 e-flex e-con-boxed e-con e-parent\" data-id=\"fbf6271\" data-element_type=\"container\">\n\t\t\t\t\t<div class=\"e-con-inner\">\n\t\t\t\t<div class=\"elementor-element elementor-element-4b61994 elementor-widget-divider--view-line elementor-widget elementor-widget-divider\" data-id=\"4b61994\" data-element_type=\"widget\" data-widget_type=\"divider.default\">\n\t\t\t\t<div class=\"elementor-widget-container\">\n\t\t\t\t\t\t\t<div class=\"elementor-divider\">\n\t\t\t<span class=\"elementor-divider-separator\">\n\t\t\t\t\t\t<\/span>\n\t\t<\/div>\n\t\t\t\t\t\t<\/div>\n\t\t\t\t<\/div>\n\t\t\t\t\t<\/div>\n\t\t\t\t<\/div>\n\t\t<div class=\"elementor-element elementor-element-d68b63f e-flex e-con-boxed e-con e-parent\" data-id=\"d68b63f\" data-element_type=\"container\">\n\t\t\t\t\t<div class=\"e-con-inner\">\n\t\t<div class=\"elementor-element elementor-element-c9c2ea6 e-con-full e-flex e-con e-child\" data-id=\"c9c2ea6\" data-element_type=\"container\">\n\t\t\t\t<div class=\"elementor-element elementor-element-bb1fb14 elementor-widget elementor-widget-heading\" data-id=\"bb1fb14\" data-element_type=\"widget\" data-widget_type=\"heading.default\">\n\t\t\t\t<div class=\"elementor-widget-container\">\n\t\t\t\t\t<h2 class=\"elementor-heading-title elementor-size-default\">Plattform Partner<\/h2>\t\t\t\t<\/div>\n\t\t\t\t<\/div>\n\t\t\t\t<\/div>\n\t\t<div class=\"elementor-element elementor-element-28f85cb e-con-full e-flex e-con e-child\" data-id=\"28f85cb\" data-element_type=\"container\">\n\t\t\t\t<div class=\"elementor-element elementor-element-35cde74 elementor-widget elementor-widget-text-editor\" data-id=\"35cde74\" data-element_type=\"widget\" data-widget_type=\"text-editor.default\">\n\t\t\t\t<div class=\"elementor-widget-container\">\n\t\t\t\t\t\t\t\t\t<p>.<\/p>\n\t\t\t\t\t\t\t\t<\/div>\n\t\t\t\t<\/div>\n\t\t\t\t<div class=\"elementor-element elementor-element-e3d61b9 elementor-widget elementor-widget-button\" data-id=\"e3d61b9\" data-element_type=\"widget\" data-widget_type=\"button.default\">\n\t\t\t\t<div class=\"elementor-widget-container\">\n\t\t\t\t\t\t\t\t\t<div class=\"elementor-button-wrapper\">\n\t\t\t\t\t<a class=\"elementor-button elementor-button-link elementor-size-sm\" href=\"https:\/\/nets360.eu\/de\/business-platform-partner\/\">\n\t\t\t\t\t\t<span class=\"elementor-button-content-wrapper\">\n\t\t\t\t\t\t\t\t\t<span class=\"elementor-button-text\">Mehr lesen<\/span>\n\t\t\t\t\t<\/span>\n\t\t\t\t\t<\/a>\n\t\t\t\t<\/div>\n\t\t\t\t\t\t\t\t<\/div>\n\t\t\t\t<\/div>\n\t\t\t\t<\/div>\n\t\t\t\t\t<\/div>\n\t\t\t\t<\/div>\n\t\t\t\t<\/div>\n\t\t","protected":false},"excerpt":{"rendered":"<p>Gesch\u00e4ftspartner nets360: Verbinden. Zusammenarbeit. Erfolg. Partnermodelle bei nets360 Ob als IoT-Spezialist, IT-Dienstleister, Reseller, Systemhaus, Systemintegrator, Service Provider oder Carrier mit eigener Netzwerkinfrastruktur: Als nets360-Partner profitieren sowohl Sie als auch Ihre Kunden von den Vorteilen der Zusammenarbeit mit nets360. Wiederverk\u00e4ufer Partner Stellen Sie uns Ihre Infrastruktur zur Verf\u00fcgung, damit wir gemeinsam erfolgreiche Managed Service-L\u00f6sungen entwickeln k\u00f6nnen. [&hellip;]<\/p>\n","protected":false},"author":1,"featured_media":0,"parent":0,"menu_order":0,"comment_status":"closed","ping_status":"closed","template":"","meta":{"_acf_changed":false,"inline_featured_image":false,"footnotes":""},"class_list":["post-8484","page","type-page","status-publish","hentry"],"acf":[],"_links":{"self":[{"href":"https:\/\/nets360.eu\/de\/wp-json\/wp\/v2\/pages\/8484","targetHints":{"allow":["GET"]}}],"collection":[{"href":"https:\/\/nets360.eu\/de\/wp-json\/wp\/v2\/pages"}],"about":[{"href":"https:\/\/nets360.eu\/de\/wp-json\/wp\/v2\/types\/page"}],"author":[{"embeddable":true,"href":"https:\/\/nets360.eu\/de\/wp-json\/wp\/v2\/users\/1"}],"replies":[{"embeddable":true,"href":"https:\/\/nets360.eu\/de\/wp-json\/wp\/v2\/comments?post=8484"}],"version-history":[{"count":12,"href":"https:\/\/nets360.eu\/de\/wp-json\/wp\/v2\/pages\/8484\/revisions"}],"predecessor-version":[{"id":11379,"href":"https:\/\/nets360.eu\/de\/wp-json\/wp\/v2\/pages\/8484\/revisions\/11379"}],"wp:attachment":[{"href":"https:\/\/nets360.eu\/de\/wp-json\/wp\/v2\/media?parent=8484"}],"curies":[{"name":"wp","href":"https:\/\/api.w.org\/{rel}","templated":true}]}}