{"id":5391,"date":"2024-01-01T17:09:57","date_gmt":"2024-01-01T17:09:57","guid":{"rendered":"https:\/\/nets360.eu\/politica-de-cookies\/"},"modified":"2024-10-24T19:43:38","modified_gmt":"2024-10-24T19:43:38","slug":"politica-de-cookies","status":"publish","type":"page","link":"https:\/\/nets360.eu\/es\/politica-de-cookies\/","title":{"rendered":"Pol\u00edtica de cookies"},"content":{"rendered":"\t\t<div data-elementor-type=\"wp-page\" data-elementor-id=\"5391\" class=\"elementor elementor-5391 elementor-1233\" data-elementor-post-type=\"page\">\n\t\t\t\t<div class=\"elementor-element elementor-element-09771a0 e-flex e-con-boxed e-con e-parent\" data-id=\"09771a0\" data-element_type=\"container\" data-settings=\"{&quot;background_background&quot;:&quot;gradient&quot;}\">\n\t\t\t\t\t<div class=\"e-con-inner\">\n\t\t<div class=\"elementor-element elementor-element-baa6622 e-flex e-con-boxed e-con e-child\" data-id=\"baa6622\" data-element_type=\"container\">\n\t\t\t\t\t<div class=\"e-con-inner\">\n\t\t<div class=\"elementor-element elementor-element-33f4430 e-flex e-con-boxed e-con e-child\" data-id=\"33f4430\" data-element_type=\"container\">\n\t\t\t\t\t<div class=\"e-con-inner\">\n\t\t\t\t<div class=\"elementor-element elementor-element-65c5dfd elementor-widget elementor-widget-text-editor\" data-id=\"65c5dfd\" data-element_type=\"widget\" data-widget_type=\"text-editor.default\">\n\t\t\t\t<div class=\"elementor-widget-container\">\n\t\t\t\t\t\t\t\t\t<p>nets360<\/p>\n\t\t\t\t\t\t\t\t<\/div>\n\t\t\t\t<\/div>\n\t\t\t\t<div class=\"elementor-element elementor-element-02c1a2a elementor-widget elementor-widget-heading\" data-id=\"02c1a2a\" data-element_type=\"widget\" data-widget_type=\"heading.default\">\n\t\t\t\t<div class=\"elementor-widget-container\">\n\t\t\t\t\t<h1 class=\"elementor-heading-title elementor-size-default\">Pol\u00edtica de cookies<\/h1>\t\t\t\t<\/div>\n\t\t\t\t<\/div>\n\t\t\t\t\t<\/div>\n\t\t\t\t<\/div>\n\t\t\t\t\t<\/div>\n\t\t\t\t<\/div>\n\t\t\t\t\t<\/div>\n\t\t\t\t<\/div>\n\t\t<div class=\"elementor-element elementor-element-162eb73a e-flex e-con-boxed e-con e-parent\" data-id=\"162eb73a\" data-element_type=\"container\">\n\t\t\t\t\t<div class=\"e-con-inner\">\n\t\t\t\t<div class=\"elementor-element elementor-element-1abccec elementor-widget elementor-widget-heading\" data-id=\"1abccec\" data-element_type=\"widget\" data-widget_type=\"heading.default\">\n\t\t\t\t<div class=\"elementor-widget-container\">\n\t\t\t\t\t<h2 class=\"elementor-heading-title elementor-size-default\">.<\/h2>\t\t\t\t<\/div>\n\t\t\t\t<\/div>\n\t\t\t\t<div class=\"elementor-element elementor-element-c0eb209 elementor-widget elementor-widget-text-editor\" data-id=\"c0eb209\" data-element_type=\"widget\" data-widget_type=\"text-editor.default\">\n\t\t\t\t<div class=\"elementor-widget-container\">\n\t\t\t\t\t\t\t\t\t<p>\u00daltima actualizaci\u00f3n: 15.07.2023<\/p>\n<p>Esta Pol\u00edtica de Cookies explica c\u00f3mo nets360 (\u00abnosotros\u00bb, \u00abnos\u00bb o \u00abnuestro\u00bb) utiliza las cookies y tecnolog\u00edas de seguimiento similares en nuestro sitio web. Lea atentamente esta pol\u00edtica para comprender c\u00f3mo recopilamos, utilizamos y divulgamos su informaci\u00f3n a trav\u00e9s de las cookies. Al utilizar nuestro sitio web, usted acepta el uso de cookies tal como se describe en esta pol\u00edtica.<\/p>\n<p>\u00bfQu\u00e9 son las cookies?<br \/>Las cookies son peque\u00f1os archivos de texto que se colocan en su dispositivo (ordenador, tableta o dispositivo m\u00f3vil) cuando visita un sitio web. Se utilizan ampliamente para hacer que los sitios web funcionen de forma m\u00e1s eficiente, as\u00ed como para proporcionar informaci\u00f3n a los propietarios de los sitios web.<\/p>\n<p>C\u00f3mo utilizamos las cookies<br \/>Utilizamos cookies para mejorar tu experiencia de navegaci\u00f3n, mejorar la funcionalidad de nuestro sitio web, analizar el tr\u00e1fico del sitio web y personalizar el contenido. Las cookies que utilizamos pueden clasificarse de la siguiente manera:<\/p>\n<p>1. 1. Cookies esenciales: Estas cookies son necesarias para que el sitio web funcione correctamente y no pueden desactivarse en nuestros sistemas. Normalmente se establecen en respuesta a acciones realizadas por usted, como configurar sus preferencias de privacidad, iniciar sesi\u00f3n o rellenar formularios.<\/p>\n<p>2. Cookies anal\u00edticas: Estas cookies nos permiten recopilar informaci\u00f3n sobre c\u00f3mo los visitantes utilizan nuestro sitio web, como el n\u00famero de visitantes, las p\u00e1ginas visitadas y las fuentes de tr\u00e1fico. Utilizamos esta informaci\u00f3n para analizar y mejorar el rendimiento y la funcionalidad de nuestro sitio web.<\/p>\n<p>3. Cookies funcionales: Estas cookies permiten que el sitio web ofrezca una mayor funcionalidad y personalizaci\u00f3n. Podemos establecerlas nosotros o terceros proveedores cuyos servicios hayamos a\u00f1adido a nuestras p\u00e1ginas. Estas cookies nos permiten recordar sus preferencias y personalizar su experiencia en nuestro sitio web.<\/p>\n<p>4. Cookies publicitarias: Estas cookies se utilizan para ofrecer anuncios m\u00e1s relevantes para usted y sus intereses. Tambi\u00e9n se utilizan para limitar el n\u00famero de veces que se ve un anuncio y medir la eficacia de las campa\u00f1as publicitarias. Estas cookies pueden ser colocadas por nosotros o por redes publicitarias de terceros con nuestro permiso.<\/p>\n<p>Consentimiento de cookies<br \/>Cuando visites nuestro sitio web por primera vez, mostraremos un banner de cookies solicitando tu consentimiento para utilizar cookies. Al continuar navegando por nuestro sitio web despu\u00e9s de ver el banner, usted acepta nuestro uso de cookies tal como se describe en esta pol\u00edtica.<\/p>\n<p>Puede gestionar sus preferencias de cookies en cualquier momento cambiando la configuraci\u00f3n de su navegador. La mayor\u00eda de los navegadores permiten bloquear o eliminar las cookies de determinados sitios web o de todos los que visite. No obstante, tenga en cuenta que bloquear o eliminar las cookies puede afectar a la funcionalidad de nuestro sitio web y a su capacidad para acceder a determinadas funciones.<\/p>\n<p>Cookies de terceros<br \/>Podemos permitir que proveedores de servicios de terceros coloquen cookies en nuestro sitio web para ayudarnos a analizar el tr\u00e1fico del sitio web, personalizar el contenido y ofrecer publicidad. Estas cookies de terceros est\u00e1n sujetas a las respectivas pol\u00edticas de privacidad de los proveedores y no est\u00e1n cubiertas por esta Pol\u00edtica de Cookies.<\/p>\n<p>Actualmente utilizamos las siguientes cookies de terceros en nuestro sitio web:<\/p>\n<p>&#8211;  [List third-party cookies and their purposes]<\/p>\n<p>Actualizaciones de esta Pol\u00edtica de Cookies<br \/>Podemos actualizar esta Pol\u00edtica de Cookies de vez en cuando para reflejar cambios en nuestras pr\u00e1cticas o por otras razones operativas, legales o reglamentarias. La versi\u00f3n actualizada se indicar\u00e1 mediante una fecha de \u00ab\u00daltima actualizaci\u00f3n\u00bb al principio de esta pol\u00edtica. Le recomendamos que consulte esta p\u00e1gina peri\u00f3dicamente para comprobar si hay alguna actualizaci\u00f3n.<\/p>\n<p>Ponte en contacto con nosotros<br \/>Si tienes alguna pregunta o duda sobre nuestro uso de las cookies, ponte en contacto con nosotros en.<\/p>\n<p>nets360 O\u00dc, Hobujaama 4, Tallin 10151, Estonia<\/p>\n<p>webadmin@nets360.eu<\/p>\n<p>Al utilizar nuestro sitio web, usted reconoce que ha le\u00eddo y entendido esta Pol\u00edtica de Cookies y acepta la recopilaci\u00f3n, uso y divulgaci\u00f3n de su informaci\u00f3n tal y como se describe en la misma.<\/p>\n\t\t\t\t\t\t\t\t<\/div>\n\t\t\t\t<\/div>\n\t\t\t\t\t<\/div>\n\t\t\t\t<\/div>\n\t\t\t\t<\/div>\n\t\t","protected":false},"excerpt":{"rendered":"<p>nets360 Pol\u00edtica de cookies . \u00daltima actualizaci\u00f3n: 15.07.2023 Esta Pol\u00edtica de Cookies explica c\u00f3mo nets360 (\u00abnosotros\u00bb, \u00abnos\u00bb o \u00abnuestro\u00bb) utiliza las cookies y tecnolog\u00edas de seguimiento similares en nuestro sitio web. Lea atentamente esta pol\u00edtica para comprender c\u00f3mo recopilamos, utilizamos y divulgamos su informaci\u00f3n a trav\u00e9s de las cookies. Al utilizar nuestro sitio web, usted [&hellip;]<\/p>\n","protected":false},"author":1,"featured_media":0,"parent":0,"menu_order":0,"comment_status":"closed","ping_status":"closed","template":"","meta":{"_acf_changed":false,"inline_featured_image":false,"footnotes":""},"class_list":["post-5391","page","type-page","status-publish","hentry"],"acf":[],"_links":{"self":[{"href":"https:\/\/nets360.eu\/es\/wp-json\/wp\/v2\/pages\/5391","targetHints":{"allow":["GET"]}}],"collection":[{"href":"https:\/\/nets360.eu\/es\/wp-json\/wp\/v2\/pages"}],"about":[{"href":"https:\/\/nets360.eu\/es\/wp-json\/wp\/v2\/types\/page"}],"author":[{"embeddable":true,"href":"https:\/\/nets360.eu\/es\/wp-json\/wp\/v2\/users\/1"}],"replies":[{"embeddable":true,"href":"https:\/\/nets360.eu\/es\/wp-json\/wp\/v2\/comments?post=5391"}],"version-history":[{"count":4,"href":"https:\/\/nets360.eu\/es\/wp-json\/wp\/v2\/pages\/5391\/revisions"}],"predecessor-version":[{"id":11455,"href":"https:\/\/nets360.eu\/es\/wp-json\/wp\/v2\/pages\/5391\/revisions\/11455"}],"wp:attachment":[{"href":"https:\/\/nets360.eu\/es\/wp-json\/wp\/v2\/media?parent=5391"}],"curies":[{"name":"wp","href":"https:\/\/api.w.org\/{rel}","templated":true}]}}