{"id":6630,"date":"2024-04-05T15:22:51","date_gmt":"2024-04-05T15:22:51","guid":{"rendered":"https:\/\/nets360.eu\/gestion-de-transportistas-y-proveedores\/"},"modified":"2024-10-24T19:42:07","modified_gmt":"2024-10-24T19:42:07","slug":"gestion-de-transportistas-y-proveedores","status":"publish","type":"page","link":"https:\/\/nets360.eu\/es\/gestion-de-transportistas-y-proveedores\/","title":{"rendered":"Gesti\u00f3n de transportistas y proveedores"},"content":{"rendered":"\t\t<div data-elementor-type=\"wp-page\" data-elementor-id=\"6630\" class=\"elementor elementor-6630 elementor-6450\" data-elementor-post-type=\"page\">\n\t\t\t\t<div class=\"elementor-element elementor-element-5443ba6 e-flex e-con-boxed e-con e-parent\" data-id=\"5443ba6\" data-element_type=\"container\" data-settings=\"{&quot;background_background&quot;:&quot;gradient&quot;}\">\n\t\t\t\t\t<div class=\"e-con-inner\">\n\t\t<div class=\"elementor-element elementor-element-5fc7769 e-flex e-con-boxed e-con e-child\" data-id=\"5fc7769\" data-element_type=\"container\">\n\t\t\t\t\t<div class=\"e-con-inner\">\n\t\t<div class=\"elementor-element elementor-element-774e743 e-flex e-con-boxed e-con e-child\" data-id=\"774e743\" data-element_type=\"container\">\n\t\t\t\t\t<div class=\"e-con-inner\">\n\t\t\t\t<div class=\"elementor-element elementor-element-6486a88 elementor-widget elementor-widget-text-editor\" data-id=\"6486a88\" data-element_type=\"widget\" data-widget_type=\"text-editor.default\">\n\t\t\t\t<div class=\"elementor-widget-container\">\n\t\t\t\t\t\t\t\t\t<p>nets360 Gesti\u00f3n de operadores y proveedores<\/p>\n\t\t\t\t\t\t\t\t<\/div>\n\t\t\t\t<\/div>\n\t\t\t\t<div class=\"elementor-element elementor-element-52638f4 elementor-widget elementor-widget-heading\" data-id=\"52638f4\" data-element_type=\"widget\" data-widget_type=\"heading.default\">\n\t\t\t\t<div class=\"elementor-widget-container\">\n\t\t\t\t\t<h1 class=\"elementor-heading-title elementor-size-default\">Un contacto para todas las conexiones<\/h1>\t\t\t\t<\/div>\n\t\t\t\t<\/div>\n\t\t\t\t<div class=\"elementor-element elementor-element-52bc3ac elementor-widget elementor-widget-text-editor\" data-id=\"52bc3ac\" data-element_type=\"widget\" data-widget_type=\"text-editor.default\">\n\t\t\t\t<div class=\"elementor-widget-container\">\n\t\t\t\t\t\t\t\t\t<p>Nuestro servicio de consultor\u00eda para la gesti\u00f3n de proveedores ayuda activamente a su empresa a identificar los proveedores m\u00e1s adecuados y las estructuras tarifarias adaptadas a sus necesidades. Este servicio cubre todos los aspectos, incluidas las conexiones de telefon\u00eda e Internet, as\u00ed como las comunicaciones m\u00f3viles. Adem\u00e1s, ofrecemos la opci\u00f3n de sustituir las conexiones MPLS existentes, a menudo costosas, por una soluci\u00f3n SD-WAN estable y eficiente, en combinaci\u00f3n con nuestras soluciones SD-WAN.<\/p>\n\t\t\t\t\t\t\t\t<\/div>\n\t\t\t\t<\/div>\n\t\t\t\t\t<\/div>\n\t\t\t\t<\/div>\n\t\t<div class=\"elementor-element elementor-element-6a7c7ab e-con-full e-flex e-con e-child\" data-id=\"6a7c7ab\" data-element_type=\"container\">\n\t\t\t\t<div class=\"elementor-element elementor-element-97ca0f2 animated-fast elementor-widget elementor-widget-image\" data-id=\"97ca0f2\" data-element_type=\"widget\" data-settings=\"{&quot;_animation&quot;:&quot;none&quot;,&quot;_animation_delay&quot;:200}\" data-widget_type=\"image.default\">\n\t\t\t\t<div class=\"elementor-widget-container\">\n\t\t\t\t\t\t\t\t\t\t\t\t\t\t\t<img fetchpriority=\"high\" decoding=\"async\" width=\"300\" height=\"275\" src=\"https:\/\/nets360.eu\/wp-content\/uploads\/2023\/12\/hardware-icon.svg\" class=\"attachment-medium size-medium wp-image-496\" alt=\"\" \/>\t\t\t\t\t\t\t\t\t\t\t\t\t\t\t<\/div>\n\t\t\t\t<\/div>\n\t\t\t\t<\/div>\n\t\t\t\t\t<\/div>\n\t\t\t\t<\/div>\n\t\t\t\t\t<\/div>\n\t\t\t\t<\/div>\n\t\t<div class=\"elementor-element elementor-element-cac9247 e-flex e-con-boxed e-con e-parent\" data-id=\"cac9247\" data-element_type=\"container\">\n\t\t\t\t\t<div class=\"e-con-inner\">\n\t\t<div class=\"elementor-element elementor-element-cd34e81 e-con-full e-flex e-con e-child\" data-id=\"cd34e81\" data-element_type=\"container\">\n\t\t\t\t<div class=\"elementor-element elementor-element-a7b45f4 elementor-widget elementor-widget-heading\" data-id=\"a7b45f4\" data-element_type=\"widget\" data-widget_type=\"heading.default\">\n\t\t\t\t<div class=\"elementor-widget-container\">\n\t\t\t\t\t<h2 class=\"elementor-heading-title elementor-size-default\">Ventajas de la orientaci\u00f3n internacional<\/h2>\t\t\t\t<\/div>\n\t\t\t\t<\/div>\n\t\t\t\t<\/div>\n\t\t<div class=\"elementor-element elementor-element-707aea3 e-con-full e-flex e-con e-child\" data-id=\"707aea3\" data-element_type=\"container\">\n\t\t\t\t<div class=\"elementor-element elementor-element-81aa58a elementor-widget elementor-widget-text-editor\" data-id=\"81aa58a\" data-element_type=\"widget\" data-widget_type=\"text-editor.default\">\n\t\t\t\t<div class=\"elementor-widget-container\">\n\t\t\t\t\t\t\t\t\t<p>Como empresa que presta servicios tanto a PYME nacionales como internacionales, ofrecemos la posibilidad de redactar contratos internacionales y coordinar la colaboraci\u00f3n con proveedores de m\u00faltiples pa\u00edses. Con nets360, tendr\u00e1 un \u00fanico contacto para todos los pa\u00edses de Europa.<\/p>\n\t\t\t\t\t\t\t\t<\/div>\n\t\t\t\t<\/div>\n\t\t\t\t<\/div>\n\t\t\t\t\t<\/div>\n\t\t\t\t<\/div>\n\t\t<div class=\"elementor-element elementor-element-6b8fe77 e-flex e-con-boxed e-con e-parent\" data-id=\"6b8fe77\" data-element_type=\"container\">\n\t\t\t\t\t<div class=\"e-con-inner\">\n\t\t\t\t<div class=\"elementor-element elementor-element-e9d81ba elementor-widget-divider--view-line elementor-widget elementor-widget-divider\" data-id=\"e9d81ba\" data-element_type=\"widget\" data-widget_type=\"divider.default\">\n\t\t\t\t<div class=\"elementor-widget-container\">\n\t\t\t\t\t\t\t<div class=\"elementor-divider\">\n\t\t\t<span class=\"elementor-divider-separator\">\n\t\t\t\t\t\t<\/span>\n\t\t<\/div>\n\t\t\t\t\t\t<\/div>\n\t\t\t\t<\/div>\n\t\t\t\t\t<\/div>\n\t\t\t\t<\/div>\n\t\t<div class=\"elementor-element elementor-element-9af11d7 e-flex e-con-boxed e-con e-parent\" data-id=\"9af11d7\" data-element_type=\"container\">\n\t\t\t\t\t<div class=\"e-con-inner\">\n\t\t<div class=\"elementor-element elementor-element-d16ad85 e-con-full e-flex e-con e-child\" data-id=\"d16ad85\" data-element_type=\"container\">\n\t\t\t\t<div class=\"elementor-element elementor-element-e1e8495 elementor-widget elementor-widget-heading\" data-id=\"e1e8495\" data-element_type=\"widget\" data-widget_type=\"heading.default\">\n\t\t\t\t<div class=\"elementor-widget-container\">\n\t\t\t\t\t<h2 class=\"elementor-heading-title elementor-size-default\">Conexi\u00f3n MPLS frente a SD-WAN<\/h2>\t\t\t\t<\/div>\n\t\t\t\t<\/div>\n\t\t\t\t<\/div>\n\t\t<div class=\"elementor-element elementor-element-f8c42d9 e-con-full e-flex e-con e-child\" data-id=\"f8c42d9\" data-element_type=\"container\">\n\t\t\t\t<div class=\"elementor-element elementor-element-c97e3ba elementor-widget elementor-widget-text-editor\" data-id=\"c97e3ba\" data-element_type=\"widget\" data-widget_type=\"text-editor.default\">\n\t\t\t\t<div class=\"elementor-widget-container\">\n\t\t\t\t\t\t\t\t\t<p>Hist\u00f3ricamente, muchas empresas han confiado en MPLS para la conectividad de sus emplazamientos. En su d\u00eda, esta tecnolog\u00eda fue necesaria para garantizar la mejor conexi\u00f3n posible y segura entre las sedes de las empresas. Sin embargo, SD-WAN se est\u00e1 imponiendo cada vez m\u00e1s. SD-WAN representa una conexi\u00f3n definida por software realizada a trav\u00e9s de routers adecuados. Entre sus ventajas est\u00e1 el estar abierto a varios proveedores, lo que permite a los clientes de distintos lugares elegir entre varios proveedores. Adem\u00e1s, SD-WAN ofrece una alta redundancia al combinar m\u00faltiples proveedores y conexiones como fibra \u00f3ptica, DSL y comunicaciones m\u00f3viles.<\/p>\n\t\t\t\t\t\t\t\t<\/div>\n\t\t\t\t<\/div>\n\t\t\t\t<\/div>\n\t\t\t\t\t<\/div>\n\t\t\t\t<\/div>\n\t\t<div class=\"elementor-element elementor-element-9860098 e-flex e-con-boxed e-con e-parent\" data-id=\"9860098\" data-element_type=\"container\">\n\t\t\t\t\t<div class=\"e-con-inner\">\n\t\t\t\t<div class=\"elementor-element elementor-element-1518f47 elementor-widget-divider--view-line elementor-widget elementor-widget-divider\" data-id=\"1518f47\" data-element_type=\"widget\" data-widget_type=\"divider.default\">\n\t\t\t\t<div class=\"elementor-widget-container\">\n\t\t\t\t\t\t\t<div class=\"elementor-divider\">\n\t\t\t<span class=\"elementor-divider-separator\">\n\t\t\t\t\t\t<\/span>\n\t\t<\/div>\n\t\t\t\t\t\t<\/div>\n\t\t\t\t<\/div>\n\t\t\t\t\t<\/div>\n\t\t\t\t<\/div>\n\t\t<div class=\"elementor-element elementor-element-849157a e-flex e-con-boxed e-con e-parent\" data-id=\"849157a\" data-element_type=\"container\">\n\t\t\t\t\t<div class=\"e-con-inner\">\n\t\t<div class=\"elementor-element elementor-element-00cbce3 e-con-full e-flex e-con e-child\" data-id=\"00cbce3\" data-element_type=\"container\">\n\t\t\t\t<div class=\"elementor-element elementor-element-cec01e9 elementor-widget elementor-widget-heading\" data-id=\"cec01e9\" data-element_type=\"widget\" data-widget_type=\"heading.default\">\n\t\t\t\t<div class=\"elementor-widget-container\">\n\t\t\t\t\t<h2 class=\"elementor-heading-title elementor-size-default\">Gesti\u00f3n de contratos y costes<\/h2>\t\t\t\t<\/div>\n\t\t\t\t<\/div>\n\t\t\t\t<\/div>\n\t\t<div class=\"elementor-element elementor-element-568b093 e-con-full e-flex e-con e-child\" data-id=\"568b093\" data-element_type=\"container\">\n\t\t\t\t<div class=\"elementor-element elementor-element-821e243 elementor-widget elementor-widget-text-editor\" data-id=\"821e243\" data-element_type=\"widget\" data-widget_type=\"text-editor.default\">\n\t\t\t\t<div class=\"elementor-widget-container\">\n\t\t\t\t\t\t\t\t\t<p>Nuestro servicio tambi\u00e9n abarca la gesti\u00f3n de contratos y costes. Esto incluye la creaci\u00f3n y supervisi\u00f3n de facturas, prorrateos seg\u00fan diversos requisitos de clientes internos y externos, as\u00ed como revisiones peri\u00f3dicas. La gesti\u00f3n del tr\u00e1fico y el volumen tambi\u00e9n forman parte de nuestra oferta, as\u00ed como la detecci\u00f3n temprana de problemas y cuellos de botella en la telefon\u00eda y el ancho de banda de Internet. Para contratos y negociaciones complejos, colaboramos con bufetes de abogados de renombre internacional.<\/p>\n\t\t\t\t\t\t\t\t<\/div>\n\t\t\t\t<\/div>\n\t\t\t\t<\/div>\n\t\t\t\t\t<\/div>\n\t\t\t\t<\/div>\n\t\t<div class=\"elementor-element elementor-element-909fa51 e-flex e-con-boxed e-con e-parent\" data-id=\"909fa51\" data-element_type=\"container\" data-settings=\"{&quot;background_background&quot;:&quot;gradient&quot;}\">\n\t\t\t\t\t<div class=\"e-con-inner\">\n\t\t<div class=\"elementor-element elementor-element-52b8636 e-con-full e-flex e-con e-child\" data-id=\"52b8636\" data-element_type=\"container\">\n\t\t\t\t<div class=\"elementor-element elementor-element-2fdbabd elementor-widget elementor-widget-image\" data-id=\"2fdbabd\" data-element_type=\"widget\" data-settings=\"{&quot;_animation&quot;:&quot;none&quot;}\" data-widget_type=\"image.default\">\n\t\t\t\t<div class=\"elementor-widget-container\">\n\t\t\t\t\t\t\t\t\t\t\t\t\t\t\t<img decoding=\"async\" width=\"1920\" height=\"687\" src=\"https:\/\/nets360.eu\/wp-content\/uploads\/2023\/12\/AdobeStock_240045949-min-scaled-1.webp\" class=\"attachment-full size-full wp-image-4943\" alt=\"\" srcset=\"https:\/\/nets360.eu\/wp-content\/uploads\/2023\/12\/AdobeStock_240045949-min-scaled-1.webp 1920w, https:\/\/nets360.eu\/wp-content\/uploads\/2023\/12\/AdobeStock_240045949-min-scaled-1-300x107.webp 300w, https:\/\/nets360.eu\/wp-content\/uploads\/2023\/12\/AdobeStock_240045949-min-scaled-1-1024x366.webp 1024w, https:\/\/nets360.eu\/wp-content\/uploads\/2023\/12\/AdobeStock_240045949-min-scaled-1-768x275.webp 768w, https:\/\/nets360.eu\/wp-content\/uploads\/2023\/12\/AdobeStock_240045949-min-scaled-1-1536x550.webp 1536w\" sizes=\"(max-width: 1920px) 100vw, 1920px\" \/>\t\t\t\t\t\t\t\t\t\t\t\t\t\t\t<\/div>\n\t\t\t\t<\/div>\n\t\t\t\t<\/div>\n\t\t<div class=\"elementor-element elementor-element-4e21806 e-con-full e-flex e-con e-child\" data-id=\"4e21806\" data-element_type=\"container\">\n\t\t<div class=\"elementor-element elementor-element-46223e2 animated-fast e-flex e-con-boxed e-con e-child\" data-id=\"46223e2\" data-element_type=\"container\" data-settings=\"{&quot;animation&quot;:&quot;none&quot;}\">\n\t\t\t\t\t<div class=\"e-con-inner\">\n\t\t\t\t<div class=\"elementor-element elementor-element-d642856 elementor-widget elementor-widget-heading\" data-id=\"d642856\" data-element_type=\"widget\" data-widget_type=\"heading.default\">\n\t\t\t\t<div class=\"elementor-widget-container\">\n\t\t\t\t\t<h2 class=\"elementor-heading-title elementor-size-default\">Empiece a utilizar nets360<\/h2>\t\t\t\t<\/div>\n\t\t\t\t<\/div>\n\t\t\t\t<div class=\"elementor-element elementor-element-dfaf728 elementor-widget elementor-widget-text-editor\" data-id=\"dfaf728\" data-element_type=\"widget\" data-widget_type=\"text-editor.default\">\n\t\t\t\t<div class=\"elementor-widget-container\">\n\t\t\t\t\t\t\t\t\t<p>Hacemos entregas en toda Europa y hablamos varios idiomas.<br \/>Hablemos de tu soluci\u00f3n.<\/p>\n\t\t\t\t\t\t\t\t<\/div>\n\t\t\t\t<\/div>\n\t\t\t\t<div class=\"elementor-element elementor-element-51e1f0b elementor-widget elementor-widget-button\" data-id=\"51e1f0b\" data-element_type=\"widget\" data-widget_type=\"button.default\">\n\t\t\t\t<div class=\"elementor-widget-container\">\n\t\t\t\t\t\t\t\t\t<div class=\"elementor-button-wrapper\">\n\t\t\t\t\t<a class=\"elementor-button elementor-button-link elementor-size-sm\" href=\"https:\/\/nets360.eu\/es\/pongase-en-contacto-con-nosotros\/\">\n\t\t\t\t\t\t<span class=\"elementor-button-content-wrapper\">\n\t\t\t\t\t\t\t\t\t<span class=\"elementor-button-text\">Contacto de ventas<\/span>\n\t\t\t\t\t<\/span>\n\t\t\t\t\t<\/a>\n\t\t\t\t<\/div>\n\t\t\t\t\t\t\t\t<\/div>\n\t\t\t\t<\/div>\n\t\t\t\t\t<\/div>\n\t\t\t\t<\/div>\n\t\t\t\t<\/div>\n\t\t\t\t\t<\/div>\n\t\t\t\t<\/div>\n\t\t\t\t<\/div>\n\t\t","protected":false},"excerpt":{"rendered":"<p>nets360 Gesti\u00f3n de operadores y proveedores Un contacto para todas las conexiones Nuestro servicio de consultor\u00eda para la gesti\u00f3n de proveedores ayuda activamente a su empresa a identificar los proveedores m\u00e1s adecuados y las estructuras tarifarias adaptadas a sus necesidades. Este servicio cubre todos los aspectos, incluidas las conexiones de telefon\u00eda e Internet, as\u00ed como [&hellip;]<\/p>\n","protected":false},"author":1,"featured_media":0,"parent":0,"menu_order":0,"comment_status":"closed","ping_status":"closed","template":"","meta":{"_acf_changed":false,"inline_featured_image":false,"footnotes":""},"class_list":["post-6630","page","type-page","status-publish","hentry"],"acf":[],"_links":{"self":[{"href":"https:\/\/nets360.eu\/es\/wp-json\/wp\/v2\/pages\/6630","targetHints":{"allow":["GET"]}}],"collection":[{"href":"https:\/\/nets360.eu\/es\/wp-json\/wp\/v2\/pages"}],"about":[{"href":"https:\/\/nets360.eu\/es\/wp-json\/wp\/v2\/types\/page"}],"author":[{"embeddable":true,"href":"https:\/\/nets360.eu\/es\/wp-json\/wp\/v2\/users\/1"}],"replies":[{"embeddable":true,"href":"https:\/\/nets360.eu\/es\/wp-json\/wp\/v2\/comments?post=6630"}],"version-history":[{"count":8,"href":"https:\/\/nets360.eu\/es\/wp-json\/wp\/v2\/pages\/6630\/revisions"}],"predecessor-version":[{"id":11451,"href":"https:\/\/nets360.eu\/es\/wp-json\/wp\/v2\/pages\/6630\/revisions\/11451"}],"wp:attachment":[{"href":"https:\/\/nets360.eu\/es\/wp-json\/wp\/v2\/media?parent=6630"}],"curies":[{"name":"wp","href":"https:\/\/api.w.org\/{rel}","templated":true}]}}