{"id":8492,"date":"2024-05-05T22:35:06","date_gmt":"2024-05-05T22:35:06","guid":{"rendered":"https:\/\/nets360.eu\/socio\/"},"modified":"2024-11-25T20:46:50","modified_gmt":"2024-11-25T20:46:50","slug":"socio","status":"publish","type":"page","link":"https:\/\/nets360.eu\/es\/socio\/","title":{"rendered":"Programa de socios"},"content":{"rendered":"\t\t<div data-elementor-type=\"wp-page\" data-elementor-id=\"8492\" class=\"elementor elementor-8492 elementor-8407\" data-elementor-post-type=\"page\">\n\t\t\t\t<div class=\"elementor-element elementor-element-af06b46 e-flex e-con-boxed e-con e-parent\" data-id=\"af06b46\" data-element_type=\"container\" data-settings=\"{&quot;background_background&quot;:&quot;classic&quot;}\">\n\t\t\t\t\t<div class=\"e-con-inner\">\n\t\t<div class=\"elementor-element elementor-element-5a97069 e-flex e-con-boxed e-con e-child\" data-id=\"5a97069\" data-element_type=\"container\">\n\t\t\t\t\t<div class=\"e-con-inner\">\n\t\t<div class=\"elementor-element elementor-element-4559816 e-flex e-con-boxed e-con e-child\" data-id=\"4559816\" data-element_type=\"container\">\n\t\t\t\t\t<div class=\"e-con-inner\">\n\t\t\t\t\t<\/div>\n\t\t\t\t<\/div>\n\t\t\t\t\t<\/div>\n\t\t\t\t<\/div>\n\t\t\t\t\t<\/div>\n\t\t\t\t<\/div>\n\t\t<div class=\"elementor-element elementor-element-06ba22e e-flex e-con-boxed e-con e-parent\" data-id=\"06ba22e\" data-element_type=\"container\">\n\t\t\t\t\t<div class=\"e-con-inner\">\n\t\t\t\t<div class=\"elementor-element elementor-element-205765d elementor-widget elementor-widget-heading\" data-id=\"205765d\" data-element_type=\"widget\" data-widget_type=\"heading.default\">\n\t\t\t\t<div class=\"elementor-widget-container\">\n\t\t\t\t\t<h2 class=\"elementor-heading-title elementor-size-default\">Business Partner nets360: Connect. Collaborate. Succeed  <\/h2>\t\t\t\t<\/div>\n\t\t\t\t<\/div>\n\t\t\t\t<div class=\"elementor-element elementor-element-ff467a4 elementor-widget elementor-widget-heading\" data-id=\"ff467a4\" data-element_type=\"widget\" data-widget_type=\"heading.default\">\n\t\t\t\t<div class=\"elementor-widget-container\">\n\t\t\t\t\t<h2 class=\"elementor-heading-title elementor-size-default\">Modelos de asociaci\u00f3n en nets360<\/h2>\t\t\t\t<\/div>\n\t\t\t\t<\/div>\n\t\t\t\t<div class=\"elementor-element elementor-element-b729ce3 elementor-widget elementor-widget-text-editor\" data-id=\"b729ce3\" data-element_type=\"widget\" data-widget_type=\"text-editor.default\">\n\t\t\t\t<div class=\"elementor-widget-container\">\n\t\t\t\t\t\t\t\t\t<p>Ya sea como especialista en IoT, proveedor de servicios TI, revendedor, empresa de sistemas, integrador de sistemas, proveedor de servicios o transportista con su propia infraestructura de red: Como socio de nets360, tanto t\u00fa como tus clientes os beneficiar\u00e9is de las ventajas de trabajar con nets360.<\/p>\n\t\t\t\t\t\t\t\t<\/div>\n\t\t\t\t<\/div>\n\t\t\t\t\t<\/div>\n\t\t\t\t<\/div>\n\t\t<div class=\"elementor-element elementor-element-4b6e556 e-flex e-con-boxed e-con e-parent\" data-id=\"4b6e556\" data-element_type=\"container\">\n\t\t\t\t\t<div class=\"e-con-inner\">\n\t\t\t\t<div class=\"elementor-element elementor-element-1d163c2 elementor-widget-divider--view-line elementor-widget elementor-widget-divider\" data-id=\"1d163c2\" data-element_type=\"widget\" data-widget_type=\"divider.default\">\n\t\t\t\t<div class=\"elementor-widget-container\">\n\t\t\t\t\t\t\t<div class=\"elementor-divider\">\n\t\t\t<span class=\"elementor-divider-separator\">\n\t\t\t\t\t\t<\/span>\n\t\t<\/div>\n\t\t\t\t\t\t<\/div>\n\t\t\t\t<\/div>\n\t\t\t\t\t<\/div>\n\t\t\t\t<\/div>\n\t\t<div class=\"elementor-element elementor-element-b9e4151 e-flex e-con-boxed e-con e-parent\" data-id=\"b9e4151\" data-element_type=\"container\">\n\t\t\t\t\t<div class=\"e-con-inner\">\n\t\t<div class=\"elementor-element elementor-element-60cf0d7 e-con-full e-flex e-con e-child\" data-id=\"60cf0d7\" data-element_type=\"container\">\n\t\t\t\t<div class=\"elementor-element elementor-element-72fd115 elementor-widget elementor-widget-heading\" data-id=\"72fd115\" data-element_type=\"widget\" data-widget_type=\"heading.default\">\n\t\t\t\t<div class=\"elementor-widget-container\">\n\t\t\t\t\t<h2 class=\"elementor-heading-title elementor-size-default\">Socio distribuidor<\/h2>\t\t\t\t<\/div>\n\t\t\t\t<\/div>\n\t\t\t\t<\/div>\n\t\t<div class=\"elementor-element elementor-element-9179310 e-con-full e-flex e-con e-child\" data-id=\"9179310\" data-element_type=\"container\">\n\t\t\t\t<div class=\"elementor-element elementor-element-0cdbdbd elementor-widget elementor-widget-text-editor\" data-id=\"0cdbdbd\" data-element_type=\"widget\" data-widget_type=\"text-editor.default\">\n\t\t\t\t<div class=\"elementor-widget-container\">\n\t\t\t\t\t\t\t\t\t<p>Ofr\u00e9cenos tu infraestructura para que podamos desarrollar juntos soluciones de servicios gestionados exitosas y colaborativas.<\/p>\n\t\t\t\t\t\t\t\t<\/div>\n\t\t\t\t<\/div>\n\t\t\t\t<div class=\"elementor-element elementor-element-2514b1e elementor-widget elementor-widget-button\" data-id=\"2514b1e\" data-element_type=\"widget\" data-widget_type=\"button.default\">\n\t\t\t\t<div class=\"elementor-widget-container\">\n\t\t\t\t\t\t\t\t\t<div class=\"elementor-button-wrapper\">\n\t\t\t\t\t<a class=\"elementor-button elementor-button-link elementor-size-sm\" href=\"https:\/\/nets360.eu\/es\/distribuidor-de-socios-comerciales\/\">\n\t\t\t\t\t\t<span class=\"elementor-button-content-wrapper\">\n\t\t\t\t\t\t\t\t\t<span class=\"elementor-button-text\">Seguir leyendo<\/span>\n\t\t\t\t\t<\/span>\n\t\t\t\t\t<\/a>\n\t\t\t\t<\/div>\n\t\t\t\t\t\t\t\t<\/div>\n\t\t\t\t<\/div>\n\t\t\t\t<\/div>\n\t\t\t\t\t<\/div>\n\t\t\t\t<\/div>\n\t\t<div class=\"elementor-element elementor-element-d5954ae e-flex e-con-boxed e-con e-parent\" data-id=\"d5954ae\" data-element_type=\"container\">\n\t\t\t\t\t<div class=\"e-con-inner\">\n\t\t\t\t<div class=\"elementor-element elementor-element-611f1e5 elementor-widget-divider--view-line elementor-widget elementor-widget-divider\" data-id=\"611f1e5\" data-element_type=\"widget\" data-widget_type=\"divider.default\">\n\t\t\t\t<div class=\"elementor-widget-container\">\n\t\t\t\t\t\t\t<div class=\"elementor-divider\">\n\t\t\t<span class=\"elementor-divider-separator\">\n\t\t\t\t\t\t<\/span>\n\t\t<\/div>\n\t\t\t\t\t\t<\/div>\n\t\t\t\t<\/div>\n\t\t\t\t\t<\/div>\n\t\t\t\t<\/div>\n\t\t<div class=\"elementor-element elementor-element-00a3448 e-flex e-con-boxed e-con e-parent\" data-id=\"00a3448\" data-element_type=\"container\">\n\t\t\t\t\t<div class=\"e-con-inner\">\n\t\t<div class=\"elementor-element elementor-element-be6309e e-con-full e-flex e-con e-child\" data-id=\"be6309e\" data-element_type=\"container\">\n\t\t\t\t<div class=\"elementor-element elementor-element-66772db elementor-widget elementor-widget-heading\" data-id=\"66772db\" data-element_type=\"widget\" data-widget_type=\"heading.default\">\n\t\t\t\t<div class=\"elementor-widget-container\">\n\t\t\t\t\t<h2 class=\"elementor-heading-title elementor-size-default\">Socio de red<\/h2>\t\t\t\t<\/div>\n\t\t\t\t<\/div>\n\t\t\t\t<\/div>\n\t\t<div class=\"elementor-element elementor-element-4c501b2 e-con-full e-flex e-con e-child\" data-id=\"4c501b2\" data-element_type=\"container\">\n\t\t\t\t<div class=\"elementor-element elementor-element-07e9aa5 elementor-widget elementor-widget-text-editor\" data-id=\"07e9aa5\" data-element_type=\"widget\" data-widget_type=\"text-editor.default\">\n\t\t\t\t<div class=\"elementor-widget-container\">\n\t\t\t\t\t\t\t\t\t<p>Descentralizada. Sin l\u00edmites. Abierto a todos. Internet ha reescrito el futuro de casi todas las empresas del planeta. Pero a medida que se acelera la digitalizaci\u00f3n, cada vez est\u00e1 m\u00e1s claro que las fortalezas transformadoras de la Internet p\u00fablica son tambi\u00e9n sus debilidades. La latencia paralizante, la complejidad y los problemas de seguridad son s\u00f3lo la punta del iceberg para las empresas que dependen de ella para su infraestructura de red. Internet ha unido al mundo, pero no se dise\u00f1\u00f3 para soportar la conectividad que tu empresa necesita hoy en d\u00eda. En pocas palabras, ya no puedes depender de ella para suministrar datos y aplicaciones cr\u00edticos para el negocio.       <\/p>\n\t\t\t\t\t\t\t\t<\/div>\n\t\t\t\t<\/div>\n\t\t\t\t<div class=\"elementor-element elementor-element-19386bd elementor-widget elementor-widget-button\" data-id=\"19386bd\" data-element_type=\"widget\" data-widget_type=\"button.default\">\n\t\t\t\t<div class=\"elementor-widget-container\">\n\t\t\t\t\t\t\t\t\t<div class=\"elementor-button-wrapper\">\n\t\t\t\t\t<a class=\"elementor-button elementor-button-link elementor-size-sm\" href=\"https:\/\/nets360.eu\/es\/socio-comercial-isp-nsp\/\">\n\t\t\t\t\t\t<span class=\"elementor-button-content-wrapper\">\n\t\t\t\t\t\t\t\t\t<span class=\"elementor-button-text\">Seguir leyendo<\/span>\n\t\t\t\t\t<\/span>\n\t\t\t\t\t<\/a>\n\t\t\t\t<\/div>\n\t\t\t\t\t\t\t\t<\/div>\n\t\t\t\t<\/div>\n\t\t\t\t<\/div>\n\t\t\t\t\t<\/div>\n\t\t\t\t<\/div>\n\t\t<div class=\"elementor-element elementor-element-fbf6271 e-flex e-con-boxed e-con e-parent\" data-id=\"fbf6271\" data-element_type=\"container\">\n\t\t\t\t\t<div class=\"e-con-inner\">\n\t\t\t\t<div class=\"elementor-element elementor-element-4b61994 elementor-widget-divider--view-line elementor-widget elementor-widget-divider\" data-id=\"4b61994\" data-element_type=\"widget\" data-widget_type=\"divider.default\">\n\t\t\t\t<div class=\"elementor-widget-container\">\n\t\t\t\t\t\t\t<div class=\"elementor-divider\">\n\t\t\t<span class=\"elementor-divider-separator\">\n\t\t\t\t\t\t<\/span>\n\t\t<\/div>\n\t\t\t\t\t\t<\/div>\n\t\t\t\t<\/div>\n\t\t\t\t\t<\/div>\n\t\t\t\t<\/div>\n\t\t<div class=\"elementor-element elementor-element-d68b63f e-flex e-con-boxed e-con e-parent\" data-id=\"d68b63f\" data-element_type=\"container\">\n\t\t\t\t\t<div class=\"e-con-inner\">\n\t\t<div class=\"elementor-element elementor-element-c9c2ea6 e-con-full e-flex e-con e-child\" data-id=\"c9c2ea6\" data-element_type=\"container\">\n\t\t\t\t<div class=\"elementor-element elementor-element-bb1fb14 elementor-widget elementor-widget-heading\" data-id=\"bb1fb14\" data-element_type=\"widget\" data-widget_type=\"heading.default\">\n\t\t\t\t<div class=\"elementor-widget-container\">\n\t\t\t\t\t<h2 class=\"elementor-heading-title elementor-size-default\">Socio de la plataforma<\/h2>\t\t\t\t<\/div>\n\t\t\t\t<\/div>\n\t\t\t\t<\/div>\n\t\t<div class=\"elementor-element elementor-element-28f85cb e-con-full e-flex e-con e-child\" data-id=\"28f85cb\" data-element_type=\"container\">\n\t\t\t\t<div class=\"elementor-element elementor-element-35cde74 elementor-widget elementor-widget-text-editor\" data-id=\"35cde74\" data-element_type=\"widget\" data-widget_type=\"text-editor.default\">\n\t\t\t\t<div class=\"elementor-widget-container\">\n\t\t\t\t\t\t\t\t\t<p>.<\/p>\n\t\t\t\t\t\t\t\t<\/div>\n\t\t\t\t<\/div>\n\t\t\t\t<div class=\"elementor-element elementor-element-e3d61b9 elementor-widget elementor-widget-button\" data-id=\"e3d61b9\" data-element_type=\"widget\" data-widget_type=\"button.default\">\n\t\t\t\t<div class=\"elementor-widget-container\">\n\t\t\t\t\t\t\t\t\t<div class=\"elementor-button-wrapper\">\n\t\t\t\t\t<a class=\"elementor-button elementor-button-link elementor-size-sm\" href=\"https:\/\/nets360.eu\/es\/socio-de-la-plataforma-empresarial\/\">\n\t\t\t\t\t\t<span class=\"elementor-button-content-wrapper\">\n\t\t\t\t\t\t\t\t\t<span class=\"elementor-button-text\">Seguir leyendo<\/span>\n\t\t\t\t\t<\/span>\n\t\t\t\t\t<\/a>\n\t\t\t\t<\/div>\n\t\t\t\t\t\t\t\t<\/div>\n\t\t\t\t<\/div>\n\t\t\t\t<\/div>\n\t\t\t\t\t<\/div>\n\t\t\t\t<\/div>\n\t\t\t\t<\/div>\n\t\t","protected":false},"excerpt":{"rendered":"<p>Business Partner nets360: Connect. Collaborate. Succeed Modelos de asociaci\u00f3n en nets360 Ya sea como especialista en IoT, proveedor de servicios TI, revendedor, empresa de sistemas, integrador de sistemas, proveedor de servicios o transportista con su propia infraestructura de red: Como socio de nets360, tanto t\u00fa como tus clientes os beneficiar\u00e9is de las ventajas de trabajar [&hellip;]<\/p>\n","protected":false},"author":1,"featured_media":0,"parent":0,"menu_order":0,"comment_status":"closed","ping_status":"closed","template":"","meta":{"_acf_changed":false,"inline_featured_image":false,"footnotes":""},"class_list":["post-8492","page","type-page","status-publish","hentry"],"acf":[],"_links":{"self":[{"href":"https:\/\/nets360.eu\/es\/wp-json\/wp\/v2\/pages\/8492","targetHints":{"allow":["GET"]}}],"collection":[{"href":"https:\/\/nets360.eu\/es\/wp-json\/wp\/v2\/pages"}],"about":[{"href":"https:\/\/nets360.eu\/es\/wp-json\/wp\/v2\/types\/page"}],"author":[{"embeddable":true,"href":"https:\/\/nets360.eu\/es\/wp-json\/wp\/v2\/users\/1"}],"replies":[{"embeddable":true,"href":"https:\/\/nets360.eu\/es\/wp-json\/wp\/v2\/comments?post=8492"}],"version-history":[{"count":14,"href":"https:\/\/nets360.eu\/es\/wp-json\/wp\/v2\/pages\/8492\/revisions"}],"predecessor-version":[{"id":12023,"href":"https:\/\/nets360.eu\/es\/wp-json\/wp\/v2\/pages\/8492\/revisions\/12023"}],"wp:attachment":[{"href":"https:\/\/nets360.eu\/es\/wp-json\/wp\/v2\/media?parent=8492"}],"curies":[{"name":"wp","href":"https:\/\/api.w.org\/{rel}","templated":true}]}}