{"id":15272,"date":"2024-01-04T13:13:02","date_gmt":"2024-01-04T13:13:02","guid":{"rendered":"https:\/\/nets360.eu\/oikeudellinen-tiedonanto\/"},"modified":"2025-08-14T08:47:39","modified_gmt":"2025-08-14T08:47:39","slug":"oikeudellinen-tiedonanto","status":"publish","type":"page","link":"https:\/\/nets360.eu\/fi\/oikeudellinen-tiedonanto\/","title":{"rendered":"Oikeudellinen tiedonanto"},"content":{"rendered":"\t\t<div data-elementor-type=\"wp-page\" data-elementor-id=\"15272\" class=\"elementor elementor-15272 elementor-1372\" data-elementor-post-type=\"page\">\n\t\t\t\t<div class=\"elementor-element elementor-element-5443ba6 e-flex e-con-boxed e-con e-parent\" data-id=\"5443ba6\" data-element_type=\"container\" data-settings=\"{&quot;background_background&quot;:&quot;gradient&quot;}\">\n\t\t\t\t\t<div class=\"e-con-inner\">\n\t\t<div class=\"elementor-element elementor-element-5fc7769 e-flex e-con-boxed e-con e-child\" data-id=\"5fc7769\" data-element_type=\"container\">\n\t\t\t\t\t<div class=\"e-con-inner\">\n\t\t<div class=\"elementor-element elementor-element-774e743 e-flex e-con-boxed e-con e-child\" data-id=\"774e743\" data-element_type=\"container\">\n\t\t\t\t\t<div class=\"e-con-inner\">\n\t\t\t\t<div class=\"elementor-element elementor-element-6486a88 elementor-widget elementor-widget-text-editor\" data-id=\"6486a88\" data-element_type=\"widget\" data-widget_type=\"text-editor.default\">\n\t\t\t\t<div class=\"elementor-widget-container\">\n\t\t\t\t\t\t\t\t\t<p>nets360<\/p>\t\t\t\t\t\t\t\t<\/div>\n\t\t\t\t<\/div>\n\t\t\t\t<div class=\"elementor-element elementor-element-52638f4 elementor-widget elementor-widget-heading\" data-id=\"52638f4\" data-element_type=\"widget\" data-widget_type=\"heading.default\">\n\t\t\t\t<div class=\"elementor-widget-container\">\n\t\t\t\t\t<h1 class=\"elementor-heading-title elementor-size-default\">Oikeudellinen tiedonanto<\/h1>\t\t\t\t<\/div>\n\t\t\t\t<\/div>\n\t\t\t\t\t<\/div>\n\t\t\t\t<\/div>\n\t\t\t\t\t<\/div>\n\t\t\t\t<\/div>\n\t\t\t\t\t<\/div>\n\t\t\t\t<\/div>\n\t\t<div class=\"elementor-element elementor-element-09076b3 e-flex e-con-boxed e-con e-parent\" data-id=\"09076b3\" data-element_type=\"container\">\n\t\t\t\t\t<div class=\"e-con-inner\">\n\t\t\t\t<div class=\"elementor-element elementor-element-68ea3ca elementor-widget elementor-widget-heading\" data-id=\"68ea3ca\" data-element_type=\"widget\" data-widget_type=\"heading.default\">\n\t\t\t\t<div class=\"elementor-widget-container\">\n\t\t\t\t\t<h2 class=\"elementor-heading-title elementor-size-default\">Oikeudellinen huomautus\n\n<\/h2>\t\t\t\t<\/div>\n\t\t\t\t<\/div>\n\t\t\t\t<div class=\"elementor-element elementor-element-6538102 elementor-widget elementor-widget-text-editor\" data-id=\"6538102\" data-element_type=\"widget\" data-widget_type=\"text-editor.default\">\n\t\t\t\t<div class=\"elementor-widget-container\">\n\t\t\t\t\t\t\t\t\t<p><strong>P\u00e4\u00e4maja<\/strong><\/p><p>nets360 O\u00dc<\/p><p>Hobujaama 4<br>Tallinn 10151<br>Viro<\/p><p>Kaupparekisterinumero: 16895772<br>ALV-tunnus: EE102744798  <\/p><p>Puhelin: +<br>S\u00e4hk\u00f6posti: frontdesk@nets360.eu.<\/p><p>Edustaja: Bernhard Teufel (toimitusjohtaja)<\/p><p>Sis\u00e4ll\u00f6st\u00e4 vastaava: Jaakko M\u00e4kinen<\/p><p><strong>nets360 tarjoaa palvelujaan kaikkialla Euroopassa. L\u00f6yd\u00e4t toimistomme ja tiimimme omassa maassasi <a href=\"https:\/\/nets360.eu\/fi\/ota-yhteytta\/\">yhteystiedot-osiosta<\/a>. <\/strong><\/p>\t\t\t\t\t\t\t\t<\/div>\n\t\t\t\t<\/div>\n\t\t\t\t\t<\/div>\n\t\t\t\t<\/div>\n\t\t<div class=\"elementor-element elementor-element-115aa2f e-flex e-con-boxed e-con e-parent\" data-id=\"115aa2f\" data-element_type=\"container\">\n\t\t\t\t\t<div class=\"e-con-inner\">\n\t\t\t\t<div class=\"elementor-element elementor-element-7cdea4c elementor-widget elementor-widget-heading\" data-id=\"7cdea4c\" data-element_type=\"widget\" data-widget_type=\"heading.default\">\n\t\t\t\t<div class=\"elementor-widget-container\">\n\t\t\t\t\t<h2 class=\"elementor-heading-title elementor-size-default\">Vastuuvapauslauseke\n<\/h2>\t\t\t\t<\/div>\n\t\t\t\t<\/div>\n\t\t\t\t<div class=\"elementor-element elementor-element-38b1dee elementor-widget elementor-widget-text-editor\" data-id=\"38b1dee\" data-element_type=\"widget\" data-widget_type=\"text-editor.default\">\n\t\t\t\t<div class=\"elementor-widget-container\">\n\t\t\t\t\t\t\t\t\t<p>nets360 tarjoaa palveluja yksinomaan yritysasiakkaille, viranomaisille ja kansalaisj\u00e4rjest\u00f6ille Euroopan talousalueella. Emme tarjoa palveluja yksityishenkil\u00f6ille tai kuluttajille (B2C). <\/p><p><b>Asetuksen (EY) N:o 659\/1999 3 artiklan mukainen ilmoitus. 14 Para. 1 ODR-asetuksen mukaisesti:   <\/b><br>Euroopan komissio tarjoaa verkkov\u00e4litteist\u00e4 riidanratkaisua varten foorumin, johon p\u00e4\u00e4set t\u00e4st\u00e4 osoitteesta: https:\/\/ec.europa.eu\/consumers\/odr\/ <br>Emme kuitenkaan ole velvollisia emmek\u00e4 halukkaita osallistumaan riidanratkaisumenettelyyn kuluttajasovittelulautakunnassa, koska emme tarjoa palveluja kuluttajille.<\/p><p><strong>Ensisijainen kieli Vastuuvapauslauseke<\/strong><br>T\u00e4m\u00e4n verkkosivuston sis\u00e4lt\u00f6 ja tiedot ovat p\u00e4\u00e4asiassa englanniksi. K\u00e4\u00e4nn\u00f6kset muille kielille voivat olla viiv\u00e4styneit\u00e4 tai ne eiv\u00e4t ole ajan tasalla. Jos tietty sis\u00e4lt\u00f6 on saatavilla vain muulla kuin englanninkielell\u00e4, sit\u00e4 pidet\u00e4\u00e4n arvovaltaisena.  <\/p><p><strong>Kolmannen osapuolen sis\u00e4ll\u00f6n<\/strong> <b>vastuuvapauslauseke<\/b><br>nets360 ei ole vastuussa kolmansien osapuolten, kuten kumppanien ja j\u00e4lleenmyyjien, julkaisemista tai levitt\u00e4mist\u00e4 tiedoista.<\/p>\t\t\t\t\t\t\t\t<\/div>\n\t\t\t\t<\/div>\n\t\t\t\t\t<\/div>\n\t\t\t\t<\/div>\n\t\t<div class=\"elementor-element elementor-element-76e7bc2 e-flex e-con-boxed e-con e-parent\" data-id=\"76e7bc2\" data-element_type=\"container\">\n\t\t\t\t\t<div class=\"e-con-inner\">\n\t\t\t\t<div class=\"elementor-element elementor-element-0b0a32a elementor-widget elementor-widget-heading\" data-id=\"0b0a32a\" data-element_type=\"widget\" data-widget_type=\"heading.default\">\n\t\t\t\t<div class=\"elementor-widget-container\">\n\t\t\t\t\t<h2 class=\"elementor-heading-title elementor-size-default\">nets360<\/h2>\t\t\t\t<\/div>\n\t\t\t\t<\/div>\n\t\t\t\t<div class=\"elementor-element elementor-element-5289185 elementor-widget elementor-widget-text-editor\" data-id=\"5289185\" data-element_type=\"widget\" data-widget_type=\"text-editor.default\">\n\t\t\t\t<div class=\"elementor-widget-container\">\n\t\t\t\t\t\t\t\t\t<p><strong>nets360 Group \/ Tuotemerkki<br><\/strong>nets360 Group viittaa eurooppalaiseen organisaatioon tai yhteen tai useampaan j\u00e4senyritykseen. nets360 koostuu erillisist\u00e4, itsen\u00e4isist\u00e4 yrityksist\u00e4. Riippumattomien yritysten nets360-verkoston j\u00e4senyritykset ovat sidoksissa nets360 Groupiin. Yhdell\u00e4k\u00e4\u00e4n j\u00e4senyrityksell\u00e4 ei ole valtuuksia velvoittaa tai sitoa nets360 Groupia tai mit\u00e4\u00e4n muuta j\u00e4senyrityst\u00e4 kolmansiin osapuoliin n\u00e4hden, eik\u00e4 nets360 Groupilla ole valtuuksia velvoittaa tai sitoa mit\u00e4\u00e4n j\u00e4senyrityst\u00e4.   <\/p><p>nets360-br\u00e4ndi on Tallinnassa sijaitsevan norsk nordic O\u00dc:n omaisuutta. Mill\u00e4\u00e4n nets360-br\u00e4ndiin liittyv\u00e4ll\u00e4 yrityksell\u00e4 ei ole valtuuksia tehd\u00e4 sopimuksia tai ottaa vastuita br\u00e4ndin puolesta. <\/p>\t\t\t\t\t\t\t\t<\/div>\n\t\t\t\t<\/div>\n\t\t\t\t\t<\/div>\n\t\t\t\t<\/div>\n\t\t<div class=\"elementor-element elementor-element-85bfe1b e-flex e-con-boxed e-con e-parent\" data-id=\"85bfe1b\" data-element_type=\"container\">\n\t\t\t\t\t<div class=\"e-con-inner\">\n\t\t\t\t<div class=\"elementor-element elementor-element-d3b6afb elementor-widget elementor-widget-heading\" data-id=\"d3b6afb\" data-element_type=\"widget\" data-widget_type=\"heading.default\">\n\t\t\t\t<div class=\"elementor-widget-container\">\n\t\t\t\t\t<h2 class=\"elementor-heading-title elementor-size-default\">Toimivaltaa ja oikeushenkil\u00f6it\u00e4 koskeva oikeudellinen huomautus\n<\/h2>\t\t\t\t<\/div>\n\t\t\t\t<\/div>\n\t\t\t\t<div class=\"elementor-element elementor-element-a268d5e elementor-widget elementor-widget-text-editor\" data-id=\"a268d5e\" data-element_type=\"widget\" data-widget_type=\"text-editor.default\">\n\t\t\t\t<div class=\"elementor-widget-container\">\n\t\t\t\t\t\t\t\t\t<p>Riippuen maasta, jossa palveluitamme tarjotaan, nets360 voi toimia tyt\u00e4ryhti\u00f6iden tai oikeudellisesti erillisten yksik\u00f6iden kautta paikallisen lains\u00e4\u00e4d\u00e4nn\u00f6n mukaisesti.<\/p><p>Virossa sijaitseva nets360 O\u00dc toimii keskeisen\u00e4 oikeudellisena ja operatiivisena yksikk\u00f6n\u00e4, mutta tietyt palvelut tai sopimussuhteet voidaan hoitaa paikallisesti maakohtaisten sivuliikkeiden tai kumppaniyksik\u00f6iden kautta, jotka ovat osa laajempaa nets360-ekosysteemi\u00e4.<\/p><p>Kaikki n\u00e4m\u00e4 yksik\u00f6t toimivat samojen laatu-, vaatimustenmukaisuus- ja palvelustandardien mukaisesti kuin nets360 O\u00dc.<\/p>\t\t\t\t\t\t\t\t<\/div>\n\t\t\t\t<\/div>\n\t\t\t\t\t<\/div>\n\t\t\t\t<\/div>\n\t\t<div class=\"elementor-element elementor-element-863ea44 e-flex e-con-boxed e-con e-parent\" data-id=\"863ea44\" data-element_type=\"container\">\n\t\t\t\t\t<div class=\"e-con-inner\">\n\t\t\t\t<div class=\"elementor-element elementor-element-0bb53a4 elementor-widget elementor-widget-heading\" data-id=\"0bb53a4\" data-element_type=\"widget\" data-widget_type=\"heading.default\">\n\t\t\t\t<div class=\"elementor-widget-container\">\n\t\t\t\t\t<h2 class=\"elementor-heading-title elementor-size-default\">Rikkomuksista ilmoittaminen<\/h2>\t\t\t\t<\/div>\n\t\t\t\t<\/div>\n\t\t\t\t<div class=\"elementor-element elementor-element-3e9964e elementor-widget__width-initial animated-fast elementor-widget elementor-widget-toggle\" data-id=\"3e9964e\" data-element_type=\"widget\" data-settings=\"{&quot;_animation&quot;:&quot;none&quot;}\" data-widget_type=\"toggle.default\">\n\t\t\t\t<div class=\"elementor-widget-container\">\n\t\t\t\t\t\t\t<div class=\"elementor-toggle\">\n\t\t\t\t\t\t\t<div class=\"elementor-toggle-item\">\n\t\t\t\t\t<div id=\"elementor-tab-title-6561\" class=\"elementor-tab-title\" data-tab=\"1\" role=\"button\" aria-controls=\"elementor-tab-content-6561\" aria-expanded=\"false\">\n\t\t\t\t\t\t\t\t\t\t\t\t<span class=\"elementor-toggle-icon elementor-toggle-icon-right\" aria-hidden=\"true\">\n\t\t\t\t\t\t\t\t\t\t\t\t\t\t\t<span class=\"elementor-toggle-icon-closed\"><svg class=\"e-font-icon-svg e-fas-plus\" viewBox=\"0 0 448 512\" xmlns=\"http:\/\/www.w3.org\/2000\/svg\"><path d=\"M416 208H272V64c0-17.67-14.33-32-32-32h-32c-17.67 0-32 14.33-32 32v144H32c-17.67 0-32 14.33-32 32v32c0 17.67 14.33 32 32 32h144v144c0 17.67 14.33 32 32 32h32c17.67 0 32-14.33 32-32V304h144c17.67 0 32-14.33 32-32v-32c0-17.67-14.33-32-32-32z\"><\/path><\/svg><\/span>\n\t\t\t\t\t\t\t\t<span class=\"elementor-toggle-icon-opened\"><svg class=\"elementor-toggle-icon-opened e-font-icon-svg e-fas-minus\" viewBox=\"0 0 448 512\" xmlns=\"http:\/\/www.w3.org\/2000\/svg\"><path d=\"M416 208H32c-17.67 0-32 14.33-32 32v32c0 17.67 14.33 32 32 32h384c17.67 0 32-14.33 32-32v-32c0-17.67-14.33-32-32-32z\"><\/path><\/svg><\/span>\n\t\t\t\t\t\t\t\t\t\t\t\t\t<\/span>\n\t\t\t\t\t\t\t\t\t\t\t\t<a class=\"elementor-toggle-title\" tabindex=\"0\">Henkil\u00f6tietojen tietoturvaloukkauksesta ilmoittaminen<\/a>\n\t\t\t\t\t<\/div>\n\n\t\t\t\t\t<div id=\"elementor-tab-content-6561\" class=\"elementor-tab-content elementor-clearfix\" data-tab=\"1\" role=\"region\" aria-labelledby=\"elementor-tab-title-6561\"><p>Jos uskot, ett\u00e4 nets360 tai nets360: n ty\u00f6ntekij\u00e4 on vaarantanut sinun tai jonkun muun henkil\u00f6tietojen luottamuksellisuuden, saatavuuden tai eheyden, l\u00e4het\u00e4 siit\u00e4 s\u00e4hk\u00f6postia osoitteeseen <a href=\"mailto:privacy@nets360.eu\">privacy@nets360.eu<\/a>.<\/p>\n<\/div>\n\t\t\t\t<\/div>\n\t\t\t\t\t\t\t<div class=\"elementor-toggle-item\">\n\t\t\t\t\t<div id=\"elementor-tab-title-6562\" class=\"elementor-tab-title\" data-tab=\"2\" role=\"button\" aria-controls=\"elementor-tab-content-6562\" aria-expanded=\"false\">\n\t\t\t\t\t\t\t\t\t\t\t\t<span class=\"elementor-toggle-icon elementor-toggle-icon-right\" aria-hidden=\"true\">\n\t\t\t\t\t\t\t\t\t\t\t\t\t\t\t<span class=\"elementor-toggle-icon-closed\"><svg class=\"e-font-icon-svg e-fas-plus\" viewBox=\"0 0 448 512\" xmlns=\"http:\/\/www.w3.org\/2000\/svg\"><path d=\"M416 208H272V64c0-17.67-14.33-32-32-32h-32c-17.67 0-32 14.33-32 32v144H32c-17.67 0-32 14.33-32 32v32c0 17.67 14.33 32 32 32h144v144c0 17.67 14.33 32 32 32h32c17.67 0 32-14.33 32-32V304h144c17.67 0 32-14.33 32-32v-32c0-17.67-14.33-32-32-32z\"><\/path><\/svg><\/span>\n\t\t\t\t\t\t\t\t<span class=\"elementor-toggle-icon-opened\"><svg class=\"elementor-toggle-icon-opened e-font-icon-svg e-fas-minus\" viewBox=\"0 0 448 512\" xmlns=\"http:\/\/www.w3.org\/2000\/svg\"><path d=\"M416 208H32c-17.67 0-32 14.33-32 32v32c0 17.67 14.33 32 32 32h384c17.67 0 32-14.33 32-32v-32c0-17.67-14.33-32-32-32z\"><\/path><\/svg><\/span>\n\t\t\t\t\t\t\t\t\t\t\t\t\t<\/span>\n\t\t\t\t\t\t\t\t\t\t\t\t<a class=\"elementor-toggle-title\" tabindex=\"0\">Tietotekniikka- ja turvallisuuskysymysten raportointi<\/a>\n\t\t\t\t\t<\/div>\n\n\t\t\t\t\t<div id=\"elementor-tab-content-6562\" class=\"elementor-tab-content elementor-clearfix\" data-tab=\"2\" role=\"region\" aria-labelledby=\"elementor-tab-title-6562\"><p>Jos sinulle on l\u00e4hetetty roskapostia tai phishing-viestej\u00e4 nets360-verkosta, tietokoneisiisi on hy\u00f6k\u00e4tty tai olet saanut huijauspuheluita, l\u00e4het\u00e4 s\u00e4hk\u00f6postia osoitteeseen <a href=\"mailto:abuse@nets360.eu\">abuse@nets360.eu<\/a>.<\/p><\/p>\n<\/div>\n\t\t\t\t<\/div>\n\t\t\t\t\t\t\t<div class=\"elementor-toggle-item\">\n\t\t\t\t\t<div id=\"elementor-tab-title-6563\" class=\"elementor-tab-title\" data-tab=\"3\" role=\"button\" aria-controls=\"elementor-tab-content-6563\" aria-expanded=\"false\">\n\t\t\t\t\t\t\t\t\t\t\t\t<span class=\"elementor-toggle-icon elementor-toggle-icon-right\" aria-hidden=\"true\">\n\t\t\t\t\t\t\t\t\t\t\t\t\t\t\t<span class=\"elementor-toggle-icon-closed\"><svg class=\"e-font-icon-svg e-fas-plus\" viewBox=\"0 0 448 512\" xmlns=\"http:\/\/www.w3.org\/2000\/svg\"><path d=\"M416 208H272V64c0-17.67-14.33-32-32-32h-32c-17.67 0-32 14.33-32 32v144H32c-17.67 0-32 14.33-32 32v32c0 17.67 14.33 32 32 32h144v144c0 17.67 14.33 32 32 32h32c17.67 0 32-14.33 32-32V304h144c17.67 0 32-14.33 32-32v-32c0-17.67-14.33-32-32-32z\"><\/path><\/svg><\/span>\n\t\t\t\t\t\t\t\t<span class=\"elementor-toggle-icon-opened\"><svg class=\"elementor-toggle-icon-opened e-font-icon-svg e-fas-minus\" viewBox=\"0 0 448 512\" xmlns=\"http:\/\/www.w3.org\/2000\/svg\"><path d=\"M416 208H32c-17.67 0-32 14.33-32 32v32c0 17.67 14.33 32 32 32h384c17.67 0 32-14.33 32-32v-32c0-17.67-14.33-32-32-32z\"><\/path><\/svg><\/span>\n\t\t\t\t\t\t\t\t\t\t\t\t\t<\/span>\n\t\t\t\t\t\t\t\t\t\t\t\t<a class=\"elementor-toggle-title\" tabindex=\"0\">Laittomasta sis\u00e4ll\u00f6st\u00e4 ilmoittaminen<\/a>\n\t\t\t\t\t<\/div>\n\n\t\t\t\t\t<div id=\"elementor-tab-content-6563\" class=\"elementor-tab-content elementor-clearfix\" data-tab=\"3\" role=\"region\" aria-labelledby=\"elementor-tab-title-6563\"><p>Jos huomaat laitonta sis\u00e4lt\u00f6\u00e4 verkkosivustoilla, jotka k\u00e4ytt\u00e4v\u00e4t nets360: n web hosting- tai pilvipalveluja, kuten vihan ja v\u00e4kivallan lietsomista, tavaramerkkilain rikkomista, terroristista materiaalia jne., Ilmoita siit\u00e4 s\u00e4hk\u00f6postitse.  <a href=\"mailto:illegal@nets360.eu\">illegal@nets360.eu<\/a><\/p><\/p>\n<\/div>\n\t\t\t\t<\/div>\n\t\t\t\t\t\t\t\t<\/div>\n\t\t\t\t\t\t<\/div>\n\t\t\t\t<\/div>\n\t\t\t\t\t<\/div>\n\t\t\t\t<\/div>\n\t\t\t\t<\/div>\n\t\t","protected":false},"excerpt":{"rendered":"<p>nets360 Oikeudellinen tiedonanto Oikeudellinen huomautus P\u00e4\u00e4maja nets360 O\u00dc Hobujaama 4Tallinn 10151Viro Kaupparekisterinumero: 16895772ALV-tunnus: EE102744798 Puhelin: +S\u00e4hk\u00f6posti: frontdesk@nets360.eu. Edustaja: Bernhard Teufel (toimitusjohtaja) Sis\u00e4ll\u00f6st\u00e4 vastaava: Jaakko M\u00e4kinen nets360 tarjoaa palvelujaan kaikkialla Euroopassa. L\u00f6yd\u00e4t toimistomme ja tiimimme omassa maassasi yhteystiedot-osiosta. Vastuuvapauslauseke nets360 tarjoaa palveluja yksinomaan yritysasiakkaille, viranomaisille ja kansalaisj\u00e4rjest\u00f6ille Euroopan talousalueella. Emme tarjoa palveluja yksityishenkil\u00f6ille tai kuluttajille (B2C). [&hellip;]<\/p>\n","protected":false},"author":1,"featured_media":0,"parent":0,"menu_order":0,"comment_status":"closed","ping_status":"closed","template":"","meta":{"_acf_changed":false,"inline_featured_image":false,"footnotes":""},"class_list":["post-15272","page","type-page","status-publish","hentry"],"acf":[],"_links":{"self":[{"href":"https:\/\/nets360.eu\/fi\/wp-json\/wp\/v2\/pages\/15272","targetHints":{"allow":["GET"]}}],"collection":[{"href":"https:\/\/nets360.eu\/fi\/wp-json\/wp\/v2\/pages"}],"about":[{"href":"https:\/\/nets360.eu\/fi\/wp-json\/wp\/v2\/types\/page"}],"author":[{"embeddable":true,"href":"https:\/\/nets360.eu\/fi\/wp-json\/wp\/v2\/users\/1"}],"replies":[{"embeddable":true,"href":"https:\/\/nets360.eu\/fi\/wp-json\/wp\/v2\/comments?post=15272"}],"version-history":[{"count":1,"href":"https:\/\/nets360.eu\/fi\/wp-json\/wp\/v2\/pages\/15272\/revisions"}],"predecessor-version":[{"id":15274,"href":"https:\/\/nets360.eu\/fi\/wp-json\/wp\/v2\/pages\/15272\/revisions\/15274"}],"wp:attachment":[{"href":"https:\/\/nets360.eu\/fi\/wp-json\/wp\/v2\/media?parent=15272"}],"curies":[{"name":"wp","href":"https:\/\/api.w.org\/{rel}","templated":true}]}}