{"id":11872,"date":"2024-04-27T08:27:55","date_gmt":"2024-04-27T08:27:55","guid":{"rendered":"https:\/\/nets360.eu\/sim-iot-standard\/"},"modified":"2024-11-04T07:03:06","modified_gmt":"2024-11-04T07:03:06","slug":"sim-iot-standard","status":"publish","type":"page","link":"https:\/\/nets360.eu\/fr\/sim-iot-standard\/","title":{"rendered":"SIM IoT standard"},"content":{"rendered":"\t\t<div data-elementor-type=\"wp-page\" data-elementor-id=\"11872\" class=\"elementor elementor-11872 elementor-8205\" data-elementor-post-type=\"page\">\n\t\t\t\t<div class=\"elementor-element elementor-element-5443ba6 e-flex e-con-boxed e-con e-parent\" data-id=\"5443ba6\" data-element_type=\"container\" data-settings=\"{&quot;background_background&quot;:&quot;gradient&quot;}\">\n\t\t\t\t\t<div class=\"e-con-inner\">\n\t\t<div class=\"elementor-element elementor-element-5fc7769 e-flex e-con-boxed e-con e-child\" data-id=\"5fc7769\" data-element_type=\"container\">\n\t\t\t\t\t<div class=\"e-con-inner\">\n\t\t<div class=\"elementor-element elementor-element-774e743 e-flex e-con-boxed e-con e-child\" data-id=\"774e743\" data-element_type=\"container\">\n\t\t\t\t\t<div class=\"e-con-inner\">\n\t\t\t\t<div class=\"elementor-element elementor-element-6486a88 elementor-widget elementor-widget-text-editor\" data-id=\"6486a88\" data-element_type=\"widget\" data-widget_type=\"text-editor.default\">\n\t\t\t\t<div class=\"elementor-widget-container\">\n\t\t\t\t\t\t\t\t\t<p>nets360 Standard IoT M2M SIM<\/p>\n\t\t\t\t\t\t\t\t<\/div>\n\t\t\t\t<\/div>\n\t\t\t\t<div class=\"elementor-element elementor-element-52638f4 elementor-widget elementor-widget-heading\" data-id=\"52638f4\" data-element_type=\"widget\" data-widget_type=\"heading.default\">\n\t\t\t\t<div class=\"elementor-widget-container\">\n\t\t\t\t\t<h1 class=\"elementor-heading-title elementor-size-default\">La carte SIM M2M IoT standard<\/h1>\t\t\t\t<\/div>\n\t\t\t\t<\/div>\n\t\t\t\t<div class=\"elementor-element elementor-element-52bc3ac elementor-widget elementor-widget-text-editor\" data-id=\"52bc3ac\" data-element_type=\"widget\" data-widget_type=\"text-editor.default\">\n\t\t\t\t<div class=\"elementor-widget-container\">\n\t\t\t\t\t\t\t\t\t<p>Lib\u00e9rez le potentiel de vos projets IoT avec la carte SIM IoT standard nets360. Con\u00e7ue pour une connectivit\u00e9 transparente, notre carte SIM offre une transmission de donn\u00e9es fiable et \u00e0 haut d\u00e9bit sur plusieurs r\u00e9seaux <\/p>\n\t\t\t\t\t\t\t\t<\/div>\n\t\t\t\t<\/div>\n\t\t\t\t\t<\/div>\n\t\t\t\t<\/div>\n\t\t\t\t\t<\/div>\n\t\t\t\t<\/div>\n\t\t<div class=\"elementor-element elementor-element-98599f0 e-con-full e-flex e-con e-child\" data-id=\"98599f0\" data-element_type=\"container\">\n\t\t\t\t<div class=\"elementor-element elementor-element-fb17bc1 animated-fast elementor-widget elementor-widget-image\" data-id=\"fb17bc1\" data-element_type=\"widget\" data-settings=\"{&quot;_animation&quot;:&quot;none&quot;,&quot;_animation_delay&quot;:200}\" data-widget_type=\"image.default\">\n\t\t\t\t<div class=\"elementor-widget-container\">\n\t\t\t\t\t\t\t\t\t\t\t\t\t\t\t<img decoding=\"async\" src=\"https:\/\/nets360.eu\/wp-content\/uploads\/elementor\/thumbs\/Standard_IoT_SIM-qvbmstjips6h90rsv95d0f66xrl4oaxmp4ee5ue4fw.png\" title=\"Standard_IoT_SIM\" alt=\"Standard_IoT_SIM\" loading=\"lazy\" \/>\t\t\t\t\t\t\t\t\t\t\t\t\t\t\t<\/div>\n\t\t\t\t<\/div>\n\t\t\t\t<\/div>\n\t\t\t\t\t<\/div>\n\t\t\t\t<\/div>\n\t\t<div class=\"elementor-element elementor-element-b74f7ed e-flex e-con-boxed e-con e-parent\" data-id=\"b74f7ed\" data-element_type=\"container\">\n\t\t\t\t\t<div class=\"e-con-inner\">\n\t\t<div class=\"elementor-element elementor-element-6b6f569 e-con-full animated-fast e-flex e-con e-child\" data-id=\"6b6f569\" data-element_type=\"container\" data-settings=\"{&quot;animation&quot;:&quot;none&quot;}\">\n\t\t\t\t<div class=\"elementor-element elementor-element-5bcc251 elementor-widget elementor-widget-heading\" data-id=\"5bcc251\" data-element_type=\"widget\" data-widget_type=\"heading.default\">\n\t\t\t\t<div class=\"elementor-widget-container\">\n\t\t\t\t\t<h2 class=\"elementor-heading-title elementor-size-default\">SIM IoT standard<\/h2>\t\t\t\t<\/div>\n\t\t\t\t<\/div>\n\t\t\t\t<div class=\"elementor-element elementor-element-eda382a elementor-widget elementor-widget-text-editor\" data-id=\"eda382a\" data-element_type=\"widget\" data-widget_type=\"text-editor.default\">\n\t\t\t\t<div class=\"elementor-widget-container\">\n\t\t\t\t\t\t\t\t\t<p>La carte SIM IoT standard nets360 offre une solution fiable et polyvalente pour vos projets IoT. Con\u00e7ue pour une connectivit\u00e9 transparente, notre carte SIM permet une transmission de donn\u00e9es stable et rapide sur plus de 600 r\u00e9seaux mobiles dans le monde. En Europe, nous couvrons 47 pays avec plus de 80 r\u00e9seaux mobiles, ce qui garantit que vos appareils restent connect\u00e9s \u00e0 tout moment et en tout lieu.  <\/p>\n<p>Notre carte SIM IoT est flexible et \u00e9volutive, ce qui lui permet de s&rsquo;adapter aux exigences croissantes de vos projets, qu&rsquo;il s&rsquo;agisse de petites applications ou d&rsquo;\u00e9cosyst\u00e8mes IoT \u00e9tendus.<\/p>\n<p>Le portail de gestion convivial de nets360 permet de g\u00e9rer facilement et efficacement vos cartes SIM. Avec les options tarifaires \u00ab\u00a0pay-as-you-go\u00a0\u00bb et \u00ab\u00a0data pool + SIM\u00a0\u00bb, nous offrons des mod\u00e8les de prix flexibles adapt\u00e9s aux besoins sp\u00e9cifiques de votre entreprise. <\/p>\n<p>La carte SIM IoT standard nets360 est le choix id\u00e9al pour connecter les appareils intelligents, le suivi des actifs, les capteurs et de nombreuses autres applications IoT. Faites confiance \u00e0 nets360 et b\u00e9n\u00e9ficiez d&rsquo;une solution \u00e9prouv\u00e9e qui soutient vos projets de mani\u00e8re fiable et efficace. <\/p>\n\t\t\t\t\t\t\t\t<\/div>\n\t\t\t\t<\/div>\n\t\t\t\t<\/div>\n\t\t<div class=\"elementor-element elementor-element-b87ab2c e-con-full e-flex e-con e-child\" data-id=\"b87ab2c\" data-element_type=\"container\">\n\t\t\t\t<div class=\"elementor-element elementor-element-304ccd9 animated-fast elementor-widget elementor-widget-image\" data-id=\"304ccd9\" data-element_type=\"widget\" data-settings=\"{&quot;_animation&quot;:&quot;none&quot;,&quot;_animation_delay&quot;:200}\" data-widget_type=\"image.default\">\n\t\t\t\t<div class=\"elementor-widget-container\">\n\t\t\t\t\t\t\t\t\t\t\t\t\t\t\t<img fetchpriority=\"high\" decoding=\"async\" width=\"300\" height=\"197\" src=\"https:\/\/nets360.eu\/wp-content\/uploads\/2024\/10\/Standard_IoT_SIM-300x197.png\" class=\"attachment-medium size-medium wp-image-10760\" alt=\"\" srcset=\"https:\/\/nets360.eu\/wp-content\/uploads\/2024\/10\/Standard_IoT_SIM-300x197.png 300w, https:\/\/nets360.eu\/wp-content\/uploads\/2024\/10\/Standard_IoT_SIM-768x503.png 768w, https:\/\/nets360.eu\/wp-content\/uploads\/2024\/10\/Standard_IoT_SIM.png 1024w\" sizes=\"(max-width: 300px) 100vw, 300px\" \/>\t\t\t\t\t\t\t\t\t\t\t\t\t\t\t<\/div>\n\t\t\t\t<\/div>\n\t\t\t\t<\/div>\n\t\t\t\t\t<\/div>\n\t\t\t\t<\/div>\n\t\t<div class=\"elementor-element elementor-element-c833f67 e-flex e-con-boxed e-con e-parent\" data-id=\"c833f67\" data-element_type=\"container\" data-settings=\"{&quot;background_background&quot;:&quot;gradient&quot;,&quot;shape_divider_top&quot;:&quot;curve&quot;,&quot;shape_divider_bottom&quot;:&quot;curve&quot;}\">\n\t\t\t\t\t<div class=\"e-con-inner\">\n\t\t\t\t<div class=\"elementor-shape elementor-shape-top\" aria-hidden=\"true\" data-negative=\"false\">\n\t\t\t<svg xmlns=\"http:\/\/www.w3.org\/2000\/svg\" viewBox=\"0 0 1000 100\" preserveAspectRatio=\"none\">\n    <path class=\"elementor-shape-fill\" d=\"M1000,4.3V0H0v4.3C0.9,23.1,126.7,99.2,500,100S1000,22.7,1000,4.3z\"\/>\n<\/svg>\t\t<\/div>\n\t\t\t\t<div class=\"elementor-shape elementor-shape-bottom\" aria-hidden=\"true\" data-negative=\"false\">\n\t\t\t<svg xmlns=\"http:\/\/www.w3.org\/2000\/svg\" viewBox=\"0 0 1000 100\" preserveAspectRatio=\"none\">\n    <path class=\"elementor-shape-fill\" d=\"M1000,4.3V0H0v4.3C0.9,23.1,126.7,99.2,500,100S1000,22.7,1000,4.3z\"\/>\n<\/svg>\t\t<\/div>\n\t\t<div class=\"elementor-element elementor-element-c696cfc e-con-full e-flex e-con e-child\" data-id=\"c696cfc\" data-element_type=\"container\" data-settings=\"{&quot;background_background&quot;:&quot;classic&quot;}\">\n\t\t\t\t<div class=\"elementor-element elementor-element-2a12d3e elementor-widget elementor-widget-heading\" data-id=\"2a12d3e\" data-element_type=\"widget\" data-widget_type=\"heading.default\">\n\t\t\t\t<div class=\"elementor-widget-container\">\n\t\t\t\t\t<h2 class=\"elementor-heading-title elementor-size-default\">Les avantages comprennent  <\/h2>\t\t\t\t<\/div>\n\t\t\t\t<\/div>\n\t\t\t\t<div class=\"elementor-element elementor-element-833bb4a elementor-position-left elementor-vertical-align-top elementor-widget elementor-widget-image-box\" data-id=\"833bb4a\" data-element_type=\"widget\" data-widget_type=\"image-box.default\">\n\t\t\t\t<div class=\"elementor-widget-container\">\n\t\t\t\t\t<div class=\"elementor-image-box-wrapper\"><figure class=\"elementor-image-box-img\"><img decoding=\"async\" width=\"20\" height=\"20\" src=\"https:\/\/nets360.eu\/wp-content\/uploads\/2023\/12\/check-square-icon.svg\" class=\"attachment-full size-full wp-image-581\" alt=\"\" \/><\/figure><div class=\"elementor-image-box-content\"><h2 class=\"elementor-image-box-title\">Tous les r\u00e9seaux en Europe<\/h2><p class=\"elementor-image-box-description\">Plus de 80 r\u00e9seaux dans plus de 47 pays meilleure couverture r\u00e9seau, y compris les r\u00e9seaux mobiles des pays voisins lorsque vous \u00eates pr\u00e8s de la fronti\u00e8re<\/p><\/div><\/div>\t\t\t\t<\/div>\n\t\t\t\t<\/div>\n\t\t\t\t<div class=\"elementor-element elementor-element-aa93cd0 elementor-position-left elementor-vertical-align-top elementor-widget elementor-widget-image-box\" data-id=\"aa93cd0\" data-element_type=\"widget\" data-widget_type=\"image-box.default\">\n\t\t\t\t<div class=\"elementor-widget-container\">\n\t\t\t\t\t<div class=\"elementor-image-box-wrapper\"><figure class=\"elementor-image-box-img\"><img decoding=\"async\" width=\"20\" height=\"20\" src=\"https:\/\/nets360.eu\/wp-content\/uploads\/2023\/12\/check-square-icon.svg\" class=\"attachment-full size-full wp-image-581\" alt=\"\" \/><\/figure><div class=\"elementor-image-box-content\"><h2 class=\"elementor-image-box-title\">+600 r\u00e9seaux dans le monde<\/h2><p class=\"elementor-image-box-description\">Nous couvrons plus de 600 r\u00e9seaux mobiles dans le monde entier.<\/p><\/div><\/div>\t\t\t\t<\/div>\n\t\t\t\t<\/div>\n\t\t\t\t<div class=\"elementor-element elementor-element-ab26f53 elementor-position-left elementor-vertical-align-top elementor-widget elementor-widget-image-box\" data-id=\"ab26f53\" data-element_type=\"widget\" data-widget_type=\"image-box.default\">\n\t\t\t\t<div class=\"elementor-widget-container\">\n\t\t\t\t\t<div class=\"elementor-image-box-wrapper\"><figure class=\"elementor-image-box-img\"><img decoding=\"async\" width=\"20\" height=\"20\" src=\"https:\/\/nets360.eu\/wp-content\/uploads\/2023\/12\/check-square-icon.svg\" class=\"attachment-full size-full wp-image-581\" alt=\"\" \/><\/figure><div class=\"elementor-image-box-content\"><h2 class=\"elementor-image-box-title\">Volume de donn\u00e9es<\/h2><p class=\"elementor-image-box-description\">Option 1 : Volume de donn\u00e9es par carte SIM (pay-as-you-go) <br>Option 2 : Volume de donn\u00e9es par carte SIM<\/p><\/div><\/div>\t\t\t\t<\/div>\n\t\t\t\t<\/div>\n\t\t\t\t<div class=\"elementor-element elementor-element-58cceb2 elementor-position-left elementor-vertical-align-top elementor-widget elementor-widget-image-box\" data-id=\"58cceb2\" data-element_type=\"widget\" data-widget_type=\"image-box.default\">\n\t\t\t\t<div class=\"elementor-widget-container\">\n\t\t\t\t\t<div class=\"elementor-image-box-wrapper\"><figure class=\"elementor-image-box-img\"><img decoding=\"async\" width=\"20\" height=\"20\" src=\"https:\/\/nets360.eu\/wp-content\/uploads\/2023\/12\/check-square-icon.svg\" class=\"attachment-full size-full wp-image-581\" alt=\"\" \/><\/figure><div class=\"elementor-image-box-content\"><h2 class=\"elementor-image-box-title\">Technologies prises en charge<\/h2><p class=\"elementor-image-box-description\">Technologies 2G (GSM\/GPRS\/EDGE), 3G (UMTS\/HSDPA\/HSPA+), 4G (LTE\/LTE Advanced), LTE-M, NB-IoT et 5G en fonction du pays et de la r\u00e9gion.<\/p><\/div><\/div>\t\t\t\t<\/div>\n\t\t\t\t<\/div>\n\t\t\t\t<div class=\"elementor-element elementor-element-6cc2862 elementor-position-left elementor-vertical-align-top elementor-widget elementor-widget-image-box\" data-id=\"6cc2862\" data-element_type=\"widget\" data-widget_type=\"image-box.default\">\n\t\t\t\t<div class=\"elementor-widget-container\">\n\t\t\t\t\t<div class=\"elementor-image-box-wrapper\"><figure class=\"elementor-image-box-img\"><img decoding=\"async\" width=\"20\" height=\"20\" src=\"https:\/\/nets360.eu\/wp-content\/uploads\/2023\/12\/check-square-icon.svg\" class=\"attachment-full size-full wp-image-581\" alt=\"\" \/><\/figure><div class=\"elementor-image-box-content\"><h2 class=\"elementor-image-box-title\">NB-IoT et LTE-M (LTE Cat M1)<\/h2><p class=\"elementor-image-box-description\">NB-IoT et LTE-M sont particuli\u00e8rement adapt\u00e9s aux dispositifs IoT \u00e9conomes en \u00e9nergie ou \u00e0 faible consommation. De nombreux op\u00e9rateurs de r\u00e9seaux en Europe prennent d\u00e9j\u00e0 en charge cette technologie<\/p><\/div><\/div>\t\t\t\t<\/div>\n\t\t\t\t<\/div>\n\t\t\t\t<div class=\"elementor-element elementor-element-317c8b9 elementor-position-left elementor-vertical-align-top elementor-widget elementor-widget-image-box\" data-id=\"317c8b9\" data-element_type=\"widget\" data-widget_type=\"image-box.default\">\n\t\t\t\t<div class=\"elementor-widget-container\">\n\t\t\t\t\t<div class=\"elementor-image-box-wrapper\"><figure class=\"elementor-image-box-img\"><img decoding=\"async\" width=\"20\" height=\"20\" src=\"https:\/\/nets360.eu\/wp-content\/uploads\/2023\/12\/check-square-icon.svg\" class=\"attachment-full size-full wp-image-581\" alt=\"\" \/><\/figure><div class=\"elementor-image-box-content\"><h2 class=\"elementor-image-box-title\">Protection contre le vol<\/h2><p class=\"elementor-image-box-description\">Sur la base de l'IMEI (num\u00e9ro d'identification unique d'un appareil mobile), l'utilisation d'une carte SIM est limit\u00e9e \u00e0 un appareil sp\u00e9cifique (verrouillage IMEI).<\/p><\/div><\/div>\t\t\t\t<\/div>\n\t\t\t\t<\/div>\n\t\t\t\t<div class=\"elementor-element elementor-element-192e44e elementor-position-left elementor-vertical-align-top elementor-widget elementor-widget-image-box\" data-id=\"192e44e\" data-element_type=\"widget\" data-widget_type=\"image-box.default\">\n\t\t\t\t<div class=\"elementor-widget-container\">\n\t\t\t\t\t<div class=\"elementor-image-box-wrapper\"><figure class=\"elementor-image-box-img\"><img decoding=\"async\" width=\"20\" height=\"20\" src=\"https:\/\/nets360.eu\/wp-content\/uploads\/2023\/12\/check-square-icon.svg\" class=\"attachment-full size-full wp-image-581\" alt=\"\" \/><\/figure><div class=\"elementor-image-box-content\"><h2 class=\"elementor-image-box-title\">Un contrat, une personne de contact<\/h2><p class=\"elementor-image-box-description\">Un seul contrat, un seul point de contact dans toute l'Europe<\/p><\/div><\/div>\t\t\t\t<\/div>\n\t\t\t\t<\/div>\n\t\t\t\t<\/div>\n\t\t<div class=\"elementor-element elementor-element-d2c155b e-con-full e-flex e-con e-child\" data-id=\"d2c155b\" data-element_type=\"container\" data-settings=\"{&quot;background_background&quot;:&quot;classic&quot;}\">\n\t\t\t\t<div class=\"elementor-element elementor-element-ff13854 elementor-widget elementor-widget-heading\" data-id=\"ff13854\" data-element_type=\"widget\" data-widget_type=\"heading.default\">\n\t\t\t\t<div class=\"elementor-widget-container\">\n\t\t\t\t\t<h2 class=\"elementor-heading-title elementor-size-default\">Caract\u00e9ristiques optionnelles<\/h2>\t\t\t\t<\/div>\n\t\t\t\t<\/div>\n\t\t\t\t<div class=\"elementor-element elementor-element-c7682bf elementor-position-left elementor-vertical-align-top elementor-widget elementor-widget-image-box\" data-id=\"c7682bf\" data-element_type=\"widget\" data-widget_type=\"image-box.default\">\n\t\t\t\t<div class=\"elementor-widget-container\">\n\t\t\t\t\t<div class=\"elementor-image-box-wrapper\"><figure class=\"elementor-image-box-img\"><img decoding=\"async\" width=\"20\" height=\"20\" src=\"https:\/\/nets360.eu\/wp-content\/uploads\/2023\/12\/check-square-icon.svg\" class=\"attachment-full size-full wp-image-581\" alt=\"\" \/><\/figure><div class=\"elementor-image-box-content\"><h2 class=\"elementor-image-box-title\">VPN<\/h2><p class=\"elementor-image-box-description\">Connexion VPN via IPsec<\/p><\/div><\/div>\t\t\t\t<\/div>\n\t\t\t\t<\/div>\n\t\t\t\t<div class=\"elementor-element elementor-element-6233dfb elementor-position-left elementor-vertical-align-top elementor-widget elementor-widget-image-box\" data-id=\"6233dfb\" data-element_type=\"widget\" data-widget_type=\"image-box.default\">\n\t\t\t\t<div class=\"elementor-widget-container\">\n\t\t\t\t\t<div class=\"elementor-image-box-wrapper\"><figure class=\"elementor-image-box-img\"><img decoding=\"async\" width=\"20\" height=\"20\" src=\"https:\/\/nets360.eu\/wp-content\/uploads\/2023\/12\/check-square-icon.svg\" class=\"attachment-full size-full wp-image-581\" alt=\"\" \/><\/figure><div class=\"elementor-image-box-content\"><h2 class=\"elementor-image-box-title\">Direct to Cloud<\/h2><p class=\"elementor-image-box-description\">Transfert de donn\u00e9es direct et priv\u00e9 via nets360 APN vers plus de 50 fournisseurs de cloud en Europe, disponible \u00e0 partir de Q3.2024<\/p><\/div><\/div>\t\t\t\t<\/div>\n\t\t\t\t<\/div>\n\t\t\t\t<\/div>\n\t\t\t\t\t<\/div>\n\t\t\t\t<\/div>\n\t\t<div class=\"elementor-element elementor-element-8424109 e-flex e-con-boxed e-con e-parent\" data-id=\"8424109\" data-element_type=\"container\" data-settings=\"{&quot;background_background&quot;:&quot;classic&quot;}\">\n\t\t\t\t\t<div class=\"e-con-inner\">\n\t\t\t\t<div class=\"elementor-element elementor-element-355c8a2 elementor-widget elementor-widget-image\" data-id=\"355c8a2\" data-element_type=\"widget\" data-widget_type=\"image.default\">\n\t\t\t\t<div class=\"elementor-widget-container\">\n\t\t\t\t\t\t\t\t\t\t\t\t\t\t\t<img decoding=\"async\" src=\"https:\/\/nets360.eu\/wp-content\/uploads\/elementor\/thumbs\/Extended-Secure-IoT-SIM-qvbmvrra627voyhin127c6da2b1lu3narq49e40muk.png\" title=\"Extended Secure IoT SIM\" alt=\"Extended Secure IoT SIM\" loading=\"lazy\" \/>\t\t\t\t\t\t\t\t\t\t\t\t\t\t\t<\/div>\n\t\t\t\t<\/div>\n\t\t\t\t<div class=\"elementor-element elementor-element-2dc924e elementor-widget elementor-widget-heading\" data-id=\"2dc924e\" data-element_type=\"widget\" data-widget_type=\"heading.default\">\n\t\t\t\t<div class=\"elementor-widget-container\">\n\t\t\t\t\t<h2 class=\"elementor-heading-title elementor-size-default\">SIM M2M IoT s\u00e9curis\u00e9e \u00e9tendue<\/h2>\t\t\t\t<\/div>\n\t\t\t\t<\/div>\n\t\t\t\t<div class=\"elementor-element elementor-element-8b5005e elementor-widget elementor-widget-text-editor\" data-id=\"8b5005e\" data-element_type=\"widget\" data-widget_type=\"text-editor.default\">\n\t\t\t\t<div class=\"elementor-widget-container\">\n\t\t\t\t\t\t\t\t\t<p>D\u00e9couvrez notre SIM IoT\/OT avec s\u00e9curit\u00e9 cloud int\u00e9gr\u00e9e.<\/p>\n\t\t\t\t\t\t\t\t<\/div>\n\t\t\t\t<\/div>\n\t\t\t\t<div class=\"elementor-element elementor-element-6a9401f elementor-align-center elementor-widget elementor-widget-button\" data-id=\"6a9401f\" data-element_type=\"widget\" data-widget_type=\"button.default\">\n\t\t\t\t<div class=\"elementor-widget-container\">\n\t\t\t\t\t\t\t\t\t<div class=\"elementor-button-wrapper\">\n\t\t\t\t\t<a class=\"elementor-button elementor-button-link elementor-size-sm\" href=\"https:\/\/nets360.eu\/fr\/extended-secure-iot-sim\/\">\n\t\t\t\t\t\t<span class=\"elementor-button-content-wrapper\">\n\t\t\t\t\t\t\t\t\t<span class=\"elementor-button-text\">En savoir plus<\/span>\n\t\t\t\t\t<\/span>\n\t\t\t\t\t<\/a>\n\t\t\t\t<\/div>\n\t\t\t\t\t\t\t\t<\/div>\n\t\t\t\t<\/div>\n\t\t\t\t\t<\/div>\n\t\t\t\t<\/div>\n\t\t<div class=\"elementor-element elementor-element-909fa51 e-flex e-con-boxed e-con e-parent\" data-id=\"909fa51\" data-element_type=\"container\" data-settings=\"{&quot;background_background&quot;:&quot;gradient&quot;}\">\n\t\t\t\t\t<div class=\"e-con-inner\">\n\t\t<div class=\"elementor-element elementor-element-52b8636 e-con-full e-flex e-con e-child\" data-id=\"52b8636\" data-element_type=\"container\">\n\t\t\t\t<div class=\"elementor-element elementor-element-2fdbabd elementor-widget elementor-widget-image\" data-id=\"2fdbabd\" data-element_type=\"widget\" data-widget_type=\"image.default\">\n\t\t\t\t<div class=\"elementor-widget-container\">\n\t\t\t\t\t\t\t\t\t\t\t\t\t\t\t<img decoding=\"async\" width=\"1920\" height=\"687\" src=\"https:\/\/nets360.eu\/wp-content\/uploads\/2023\/12\/AdobeStock_240045949-min-scaled-1.webp\" class=\"attachment-full size-full wp-image-4962\" alt=\"\" srcset=\"https:\/\/nets360.eu\/wp-content\/uploads\/2023\/12\/AdobeStock_240045949-min-scaled-1.webp 1920w, https:\/\/nets360.eu\/wp-content\/uploads\/2023\/12\/AdobeStock_240045949-min-scaled-1-300x107.webp 300w, https:\/\/nets360.eu\/wp-content\/uploads\/2023\/12\/AdobeStock_240045949-min-scaled-1-1024x366.webp 1024w, https:\/\/nets360.eu\/wp-content\/uploads\/2023\/12\/AdobeStock_240045949-min-scaled-1-768x275.webp 768w, https:\/\/nets360.eu\/wp-content\/uploads\/2023\/12\/AdobeStock_240045949-min-scaled-1-1536x550.webp 1536w\" sizes=\"(max-width: 1920px) 100vw, 1920px\" \/>\t\t\t\t\t\t\t\t\t\t\t\t\t\t\t<\/div>\n\t\t\t\t<\/div>\n\t\t\t\t<\/div>\n\t\t<div class=\"elementor-element elementor-element-4e21806 e-con-full e-flex e-con e-child\" data-id=\"4e21806\" data-element_type=\"container\">\n\t\t<div class=\"elementor-element elementor-element-46223e2 animated-fast e-flex e-con-boxed e-con e-child\" data-id=\"46223e2\" data-element_type=\"container\" data-settings=\"{&quot;animation&quot;:&quot;none&quot;}\">\n\t\t\t\t\t<div class=\"e-con-inner\">\n\t\t\t\t<div class=\"elementor-element elementor-element-d642856 elementor-widget elementor-widget-heading\" data-id=\"d642856\" data-element_type=\"widget\" data-widget_type=\"heading.default\">\n\t\t\t\t<div class=\"elementor-widget-container\">\n\t\t\t\t\t<h2 class=\"elementor-heading-title elementor-size-default\">D\u00e9marrer avec nets360<\/h2>\t\t\t\t<\/div>\n\t\t\t\t<\/div>\n\t\t\t\t<div class=\"elementor-element elementor-element-dfaf728 elementor-widget elementor-widget-text-editor\" data-id=\"dfaf728\" data-element_type=\"widget\" data-widget_type=\"text-editor.default\">\n\t\t\t\t<div class=\"elementor-widget-container\">\n\t\t\t\t\t\t\t\t\t<p>Nous livrons dans toute l&rsquo;Europe et parlons plusieurs langues.<br \/>Parlons de votre solution.<\/p>\n\t\t\t\t\t\t\t\t<\/div>\n\t\t\t\t<\/div>\n\t\t\t\t<div class=\"elementor-element elementor-element-51e1f0b elementor-widget elementor-widget-button\" data-id=\"51e1f0b\" data-element_type=\"widget\" data-widget_type=\"button.default\">\n\t\t\t\t<div class=\"elementor-widget-container\">\n\t\t\t\t\t\t\t\t\t<div class=\"elementor-button-wrapper\">\n\t\t\t\t\t<a class=\"elementor-button elementor-button-link elementor-size-sm\" href=\"https:\/\/nets360.eu\/fr\/nous-contacter\/\">\n\t\t\t\t\t\t<span class=\"elementor-button-content-wrapper\">\n\t\t\t\t\t\t\t\t\t<span class=\"elementor-button-text\">Contacter les ventes<\/span>\n\t\t\t\t\t<\/span>\n\t\t\t\t\t<\/a>\n\t\t\t\t<\/div>\n\t\t\t\t\t\t\t\t<\/div>\n\t\t\t\t<\/div>\n\t\t\t\t\t<\/div>\n\t\t\t\t<\/div>\n\t\t\t\t<\/div>\n\t\t\t\t\t<\/div>\n\t\t\t\t<\/div>\n\t\t\t\t<\/div>\n\t\t","protected":false},"excerpt":{"rendered":"<p>nets360 Standard IoT M2M SIM La carte SIM M2M IoT standard Lib\u00e9rez le potentiel de vos projets IoT avec la carte SIM IoT standard nets360. Con\u00e7ue pour une connectivit\u00e9 transparente, notre carte SIM offre une transmission de donn\u00e9es fiable et \u00e0 haut d\u00e9bit sur plusieurs r\u00e9seaux SIM IoT standard La carte SIM IoT standard nets360 [&hellip;]<\/p>\n","protected":false},"author":1,"featured_media":0,"parent":0,"menu_order":0,"comment_status":"closed","ping_status":"closed","template":"","meta":{"_acf_changed":false,"inline_featured_image":false,"footnotes":""},"class_list":["post-11872","page","type-page","status-publish","hentry"],"acf":[],"_links":{"self":[{"href":"https:\/\/nets360.eu\/fr\/wp-json\/wp\/v2\/pages\/11872","targetHints":{"allow":["GET"]}}],"collection":[{"href":"https:\/\/nets360.eu\/fr\/wp-json\/wp\/v2\/pages"}],"about":[{"href":"https:\/\/nets360.eu\/fr\/wp-json\/wp\/v2\/types\/page"}],"author":[{"embeddable":true,"href":"https:\/\/nets360.eu\/fr\/wp-json\/wp\/v2\/users\/1"}],"replies":[{"embeddable":true,"href":"https:\/\/nets360.eu\/fr\/wp-json\/wp\/v2\/comments?post=11872"}],"version-history":[{"count":1,"href":"https:\/\/nets360.eu\/fr\/wp-json\/wp\/v2\/pages\/11872\/revisions"}],"predecessor-version":[{"id":11873,"href":"https:\/\/nets360.eu\/fr\/wp-json\/wp\/v2\/pages\/11872\/revisions\/11873"}],"wp:attachment":[{"href":"https:\/\/nets360.eu\/fr\/wp-json\/wp\/v2\/media?parent=11872"}],"curies":[{"name":"wp","href":"https:\/\/api.w.org\/{rel}","templated":true}]}}