{"id":6104,"date":"2024-01-01T17:09:57","date_gmt":"2024-01-01T17:09:57","guid":{"rendered":"https:\/\/nets360.eu\/politique-de-cookies\/"},"modified":"2024-03-21T12:28:07","modified_gmt":"2024-03-21T12:28:07","slug":"politique-de-cookies","status":"publish","type":"page","link":"https:\/\/nets360.eu\/fr\/politique-de-cookies\/","title":{"rendered":"Politique de cookies"},"content":{"rendered":"\t\t<div data-elementor-type=\"wp-page\" data-elementor-id=\"6104\" class=\"elementor elementor-6104 elementor-1233\" data-elementor-post-type=\"page\">\n\t\t\t\t<div class=\"elementor-element elementor-element-09771a0 e-flex e-con-boxed e-con e-parent\" data-id=\"09771a0\" data-element_type=\"container\">\n\t\t\t\t\t<div class=\"e-con-inner\">\n\t\t<div class=\"elementor-element elementor-element-baa6622 e-flex e-con-boxed e-con e-child\" data-id=\"baa6622\" data-element_type=\"container\" data-settings=\"{&quot;background_background&quot;:&quot;classic&quot;}\">\n\t\t\t\t\t<div class=\"e-con-inner\">\n\t\t<div class=\"elementor-element elementor-element-33f4430 e-flex e-con-boxed e-con e-child\" data-id=\"33f4430\" data-element_type=\"container\">\n\t\t\t\t\t<div class=\"e-con-inner\">\n\t\t\t\t<div class=\"elementor-element elementor-element-65c5dfd elementor-widget elementor-widget-text-editor\" data-id=\"65c5dfd\" data-element_type=\"widget\" data-widget_type=\"text-editor.default\">\n\t\t\t\t<div class=\"elementor-widget-container\">\n\t\t\t\t\t\t\t\t\t<p>nets360<\/p>\n\t\t\t\t\t\t\t\t<\/div>\n\t\t\t\t<\/div>\n\t\t\t\t<div class=\"elementor-element elementor-element-02c1a2a elementor-widget elementor-widget-heading\" data-id=\"02c1a2a\" data-element_type=\"widget\" data-widget_type=\"heading.default\">\n\t\t\t\t<div class=\"elementor-widget-container\">\n\t\t\t\t\t<h1 class=\"elementor-heading-title elementor-size-default\">Politique de cookies<\/h1>\t\t\t\t<\/div>\n\t\t\t\t<\/div>\n\t\t\t\t\t<\/div>\n\t\t\t\t<\/div>\n\t\t\t\t\t<\/div>\n\t\t\t\t<\/div>\n\t\t\t\t\t<\/div>\n\t\t\t\t<\/div>\n\t\t<div class=\"elementor-element elementor-element-e6e45c9 e-flex e-con-boxed e-con e-parent\" data-id=\"e6e45c9\" data-element_type=\"container\">\n\t\t\t\t\t<div class=\"e-con-inner\">\n\t\t<div class=\"elementor-element elementor-element-997cd63 elementor-hidden-desktop elementor-hidden-tablet elementor-hidden-mobile e-flex e-con-boxed e-con e-child\" data-id=\"997cd63\" data-element_type=\"container\" data-settings=\"{&quot;background_background&quot;:&quot;classic&quot;}\">\n\t\t\t\t\t<div class=\"e-con-inner\">\n\t\t\t\t<div class=\"elementor-element elementor-element-cabd516 elementor-nav-menu--dropdown-mobile elementor-nav-menu__text-align-aside elementor-widget elementor-widget-nav-menu\" data-id=\"cabd516\" data-element_type=\"widget\" data-settings=\"{&quot;layout&quot;:&quot;horizontal&quot;,&quot;submenu_icon&quot;:{&quot;value&quot;:&quot;&lt;svg aria-hidden=\\&quot;true\\&quot; class=\\&quot;e-font-icon-svg e-fas-caret-down\\&quot; viewBox=\\&quot;0 0 320 512\\&quot; xmlns=\\&quot;http:\\\/\\\/www.w3.org\\\/2000\\\/svg\\&quot;&gt;&lt;path d=\\&quot;M31.3 192h257.3c17.8 0 26.7 21.5 14.1 34.1L174.1 354.8c-7.8 7.8-20.5 7.8-28.3 0L17.2 226.1C4.6 213.5 13.5 192 31.3 192z\\&quot;&gt;&lt;\\\/path&gt;&lt;\\\/svg&gt;&quot;,&quot;library&quot;:&quot;fa-solid&quot;}}\" data-widget_type=\"nav-menu.default\">\n\t\t\t\t<div class=\"elementor-widget-container\">\n\t\t\t\t\t\t\t\t<nav aria-label=\"Menu\" class=\"elementor-nav-menu--main elementor-nav-menu__container elementor-nav-menu--layout-horizontal e--pointer-underline e--animation-fade\">\n\t\t\t\t<ul id=\"menu-1-cabd516\" class=\"elementor-nav-menu\"><li class=\"menu-item menu-item-type-post_type menu-item-object-page menu-item-1991\"><a href=\"https:\/\/nets360.eu\/extended-secure-iot-gateway\/\" class=\"elementor-item\">Extended Secure IoT Gateway<\/a><\/li>\n<\/ul>\t\t\t<\/nav>\n\t\t\t\t\t\t<nav class=\"elementor-nav-menu--dropdown elementor-nav-menu__container\" aria-hidden=\"true\">\n\t\t\t\t<ul id=\"menu-2-cabd516\" class=\"elementor-nav-menu\"><li class=\"menu-item menu-item-type-post_type menu-item-object-page menu-item-1991\"><a href=\"https:\/\/nets360.eu\/extended-secure-iot-gateway\/\" class=\"elementor-item\" tabindex=\"-1\">Extended Secure IoT Gateway<\/a><\/li>\n<\/ul>\t\t\t<\/nav>\n\t\t\t\t\t\t<\/div>\n\t\t\t\t<\/div>\n\t\t\t\t\t<\/div>\n\t\t\t\t<\/div>\n\t\t<div class=\"elementor-element elementor-element-8996cfb e-flex e-con-boxed e-con e-child\" data-id=\"8996cfb\" data-element_type=\"container\">\n\t\t\t\t\t<div class=\"e-con-inner\">\n\t\t<div class=\"elementor-element elementor-element-ace239d e-flex e-con-boxed e-con e-child\" data-id=\"ace239d\" data-element_type=\"container\" data-settings=\"{&quot;background_background&quot;:&quot;classic&quot;}\">\n\t\t\t\t\t<div class=\"e-con-inner\">\n\t\t<div class=\"elementor-element elementor-element-4ac8fad e-flex e-con-boxed e-con e-child\" data-id=\"4ac8fad\" data-element_type=\"container\">\n\t\t\t\t\t<div class=\"e-con-inner\">\n\t\t\t\t\t<\/div>\n\t\t\t\t<\/div>\n\t\t\t\t\t<\/div>\n\t\t\t\t<\/div>\n\t\t\t\t\t<\/div>\n\t\t\t\t<\/div>\n\t\t\t\t\t<\/div>\n\t\t\t\t<\/div>\n\t\t<div class=\"elementor-element elementor-element-162eb73a e-flex e-con-boxed e-con e-parent\" data-id=\"162eb73a\" data-element_type=\"container\">\n\t\t\t\t\t<div class=\"e-con-inner\">\n\t\t\t\t<div class=\"elementor-element elementor-element-1abccec elementor-widget elementor-widget-heading\" data-id=\"1abccec\" data-element_type=\"widget\" data-widget_type=\"heading.default\">\n\t\t\t\t<div class=\"elementor-widget-container\">\n\t\t\t\t\t<h2 class=\"elementor-heading-title elementor-size-default\">.<\/h2>\t\t\t\t<\/div>\n\t\t\t\t<\/div>\n\t\t\t\t<div class=\"elementor-element elementor-element-c0eb209 elementor-widget elementor-widget-text-editor\" data-id=\"c0eb209\" data-element_type=\"widget\" data-widget_type=\"text-editor.default\">\n\t\t\t\t<div class=\"elementor-widget-container\">\n\t\t\t\t\t\t\t\t\t<p>Derni\u00e8re mise \u00e0 jour : 15.07.2023<\/p>\n<p>Cette politique en mati\u00e8re de cookies explique comment nets360 (\u00ab\u00a0nous\u00a0\u00bb, \u00ab\u00a0notre\u00a0\u00bb ou \u00ab\u00a0nos\u00a0\u00bb) utilise des cookies et des technologies de suivi similaires sur notre site Web. Veuillez lire attentivement cette politique pour comprendre comment nous collectons, utilisons et divulguons vos informations par le biais des cookies. En utilisant notre site web, vous consentez \u00e0 l&rsquo;utilisation de cookies telle que d\u00e9crite dans cette politique.<\/p>\n<p>Qu&rsquo;est-ce qu&rsquo;un biscuit ?<br \/>Les cookies sont de petits fichiers texte qui sont plac\u00e9s sur votre appareil (ordinateur, tablette ou appareil mobile) lorsque vous visitez un site web. Ils sont largement utilis\u00e9s pour rendre les sites web plus efficaces et pour fournir des informations \u00e0 leurs propri\u00e9taires.<\/p>\n<p>Comment nous utilisons les cookies<br \/>Nous utilisons des cookies pour am\u00e9liorer votre exp\u00e9rience de navigation, am\u00e9liorer la fonctionnalit\u00e9 de notre site web, analyser le trafic du site web et personnaliser le contenu. Les cookies que nous utilisons peuvent \u00eatre class\u00e9s comme suit :<\/p>\n<p>1. Cookies essentiels : Ces cookies sont n\u00e9cessaires au bon fonctionnement du site web et ne peuvent \u00eatre d\u00e9sactiv\u00e9s dans nos syst\u00e8mes. Ils sont g\u00e9n\u00e9ralement d\u00e9finis en r\u00e9ponse \u00e0 des actions que vous effectuez, telles que le r\u00e9glage de vos pr\u00e9f\u00e9rences en mati\u00e8re de protection de la vie priv\u00e9e, la connexion ou le remplissage de formulaires.<\/p>\n<p>2. Cookies analytiques : Ces cookies nous permettent de collecter des informations sur la mani\u00e8re dont les visiteurs utilisent notre site web, telles que le nombre de visiteurs, les pages visit\u00e9es et les sources de trafic. Nous utilisons ces informations pour analyser et am\u00e9liorer les performances et les fonctionnalit\u00e9s de notre site web.<\/p>\n<p>3. Cookies fonctionnels : Ces cookies permettent au site web d&rsquo;offrir une fonctionnalit\u00e9 et une personnalisation accrues. Ils peuvent \u00eatre d\u00e9finis par nous-m\u00eames ou par des fournisseurs tiers dont nous avons ajout\u00e9 les services \u00e0 nos pages. Ces cookies nous permettent de m\u00e9moriser vos pr\u00e9f\u00e9rences et de personnaliser votre exp\u00e9rience sur notre site web.<\/p>\n<p>4. Cookies publicitaires : Ces cookies sont utilis\u00e9s pour diffuser des publicit\u00e9s plus pertinentes pour vous et vos centres d&rsquo;int\u00e9r\u00eat. Ils sont \u00e9galement utilis\u00e9s pour limiter le nombre de fois que vous voyez une publicit\u00e9 et mesurer l&rsquo;efficacit\u00e9 des campagnes publicitaires. Ces cookies peuvent \u00eatre plac\u00e9s par nous ou par des r\u00e9seaux publicitaires tiers avec notre autorisation.<\/p>\n<p>Consentement \u00e0 l&rsquo;utilisation de cookies<br \/>Lorsque vous visitez notre site web pour la premi\u00e8re fois, nous affichons une banni\u00e8re demandant votre consentement \u00e0 l&rsquo;utilisation de cookies. En continuant \u00e0 naviguer sur notre site web apr\u00e8s avoir vu la banni\u00e8re, vous consentez \u00e0 ce que nous utilisions des cookies comme d\u00e9crit dans cette politique.<\/p>\n<p>Vous pouvez g\u00e9rer vos pr\u00e9f\u00e9rences en mati\u00e8re de cookies \u00e0 tout moment en modifiant les param\u00e8tres de votre navigateur. La plupart des navigateurs vous permettent de bloquer ou de supprimer les cookies de certains sites web ou de tous les sites web que vous visitez. Toutefois, veuillez noter que le blocage ou la suppression des cookies peut affecter la fonctionnalit\u00e9 de notre site web et votre capacit\u00e9 \u00e0 acc\u00e9der \u00e0 certaines fonctions.<\/p>\n<p>Cookies de tiers<br \/>Nous pouvons autoriser des prestataires de services tiers \u00e0 placer des cookies sur notre site web pour nous aider \u00e0 analyser le trafic du site, \u00e0 personnaliser le contenu et \u00e0 diffuser des publicit\u00e9s. Ces cookies de tiers sont soumis aux politiques de confidentialit\u00e9 respectives des fournisseurs et ne sont pas couverts par la pr\u00e9sente politique en mati\u00e8re de cookies.<\/p>\n<p>Nous utilisons actuellement les cookies de tiers suivants sur notre site web :<\/p>\n<p>&#8211;  [List third-party cookies and their purposes]<\/p>\n<p>Mises \u00e0 jour de la pr\u00e9sente politique en mati\u00e8re de cookies<br \/>Nous pouvons mettre \u00e0 jour la pr\u00e9sente politique en mati\u00e8re de cookies de temps \u00e0 autre pour refl\u00e9ter des changements dans nos pratiques ou pour d&rsquo;autres raisons op\u00e9rationnelles, juridiques ou r\u00e9glementaires. La version mise \u00e0 jour sera indiqu\u00e9e par une date de \u00ab\u00a0derni\u00e8re mise \u00e0 jour\u00a0\u00bb au d\u00e9but de la pr\u00e9sente politique. Nous vous recommandons de consulter r\u00e9guli\u00e8rement cette page pour prendre connaissance des \u00e9ventuelles mises \u00e0 jour.<\/p>\n<p>Contactez nous<br \/>Si vous avez des questions ou des pr\u00e9occupations concernant notre utilisation des cookies, veuillez nous contacter \u00e0 l&rsquo;adresse suivante.<\/p>\n<p>nets360<br \/>repr\u00e9sent\u00e9 par<br \/>norsk nordic O\u00dc<br \/>Sepapaja 6<br \/>Tallinn 15551, Estonie<br \/>webadmin@nets360.eu<\/p>\n<p>En utilisant notre site web, vous reconnaissez avoir lu et compris la pr\u00e9sente politique en mati\u00e8re de cookies et vous acceptez la collecte, l&rsquo;utilisation et la divulgation de vos informations comme d\u00e9crit ici.<\/p>\n\t\t\t\t\t\t\t\t<\/div>\n\t\t\t\t<\/div>\n\t\t\t\t\t<\/div>\n\t\t\t\t<\/div>\n\t\t\t\t<\/div>\n\t\t","protected":false},"excerpt":{"rendered":"<p>nets360 Politique de cookies . Derni\u00e8re mise \u00e0 jour : 15.07.2023 Cette politique en mati\u00e8re de cookies explique comment nets360 (\u00ab\u00a0nous\u00a0\u00bb, \u00ab\u00a0notre\u00a0\u00bb ou \u00ab\u00a0nos\u00a0\u00bb) utilise des cookies et des technologies de suivi similaires sur notre site Web. Veuillez lire attentivement cette politique pour comprendre comment nous collectons, utilisons et divulguons vos informations par le biais [&hellip;]<\/p>\n","protected":false},"author":1,"featured_media":0,"parent":0,"menu_order":0,"comment_status":"closed","ping_status":"closed","template":"","meta":{"_acf_changed":false,"inline_featured_image":false,"footnotes":""},"class_list":["post-6104","page","type-page","status-publish","hentry"],"acf":[],"_links":{"self":[{"href":"https:\/\/nets360.eu\/fr\/wp-json\/wp\/v2\/pages\/6104","targetHints":{"allow":["GET"]}}],"collection":[{"href":"https:\/\/nets360.eu\/fr\/wp-json\/wp\/v2\/pages"}],"about":[{"href":"https:\/\/nets360.eu\/fr\/wp-json\/wp\/v2\/types\/page"}],"author":[{"embeddable":true,"href":"https:\/\/nets360.eu\/fr\/wp-json\/wp\/v2\/users\/1"}],"replies":[{"embeddable":true,"href":"https:\/\/nets360.eu\/fr\/wp-json\/wp\/v2\/comments?post=6104"}],"version-history":[{"count":3,"href":"https:\/\/nets360.eu\/fr\/wp-json\/wp\/v2\/pages\/6104\/revisions"}],"predecessor-version":[{"id":6107,"href":"https:\/\/nets360.eu\/fr\/wp-json\/wp\/v2\/pages\/6104\/revisions\/6107"}],"wp:attachment":[{"href":"https:\/\/nets360.eu\/fr\/wp-json\/wp\/v2\/media?parent=6104"}],"curies":[{"name":"wp","href":"https:\/\/api.w.org\/{rel}","templated":true}]}}