{"id":6131,"date":"2024-01-04T13:13:02","date_gmt":"2024-01-04T13:13:02","guid":{"rendered":"https:\/\/nets360.eu\/information-juridique\/"},"modified":"2025-08-14T08:47:39","modified_gmt":"2025-08-14T08:47:39","slug":"information-juridique","status":"publish","type":"page","link":"https:\/\/nets360.eu\/fr\/information-juridique\/","title":{"rendered":"Information juridique"},"content":{"rendered":"\t\t<div data-elementor-type=\"wp-page\" data-elementor-id=\"6131\" class=\"elementor elementor-6131 elementor-1372\" data-elementor-post-type=\"page\">\n\t\t\t\t<div class=\"elementor-element elementor-element-5443ba6 e-flex e-con-boxed e-con e-parent\" data-id=\"5443ba6\" data-element_type=\"container\" data-settings=\"{&quot;background_background&quot;:&quot;gradient&quot;}\">\n\t\t\t\t\t<div class=\"e-con-inner\">\n\t\t<div class=\"elementor-element elementor-element-5fc7769 e-flex e-con-boxed e-con e-child\" data-id=\"5fc7769\" data-element_type=\"container\">\n\t\t\t\t\t<div class=\"e-con-inner\">\n\t\t<div class=\"elementor-element elementor-element-774e743 e-flex e-con-boxed e-con e-child\" data-id=\"774e743\" data-element_type=\"container\">\n\t\t\t\t\t<div class=\"e-con-inner\">\n\t\t\t\t<div class=\"elementor-element elementor-element-6486a88 elementor-widget elementor-widget-text-editor\" data-id=\"6486a88\" data-element_type=\"widget\" data-widget_type=\"text-editor.default\">\n\t\t\t\t<div class=\"elementor-widget-container\">\n\t\t\t\t\t\t\t\t\t<p>nets360<\/p>\t\t\t\t\t\t\t\t<\/div>\n\t\t\t\t<\/div>\n\t\t\t\t<div class=\"elementor-element elementor-element-52638f4 elementor-widget elementor-widget-heading\" data-id=\"52638f4\" data-element_type=\"widget\" data-widget_type=\"heading.default\">\n\t\t\t\t<div class=\"elementor-widget-container\">\n\t\t\t\t\t<h1 class=\"elementor-heading-title elementor-size-default\">Information juridique<\/h1>\t\t\t\t<\/div>\n\t\t\t\t<\/div>\n\t\t\t\t\t<\/div>\n\t\t\t\t<\/div>\n\t\t\t\t\t<\/div>\n\t\t\t\t<\/div>\n\t\t\t\t\t<\/div>\n\t\t\t\t<\/div>\n\t\t<div class=\"elementor-element elementor-element-09076b3 e-flex e-con-boxed e-con e-parent\" data-id=\"09076b3\" data-element_type=\"container\">\n\t\t\t\t\t<div class=\"e-con-inner\">\n\t\t\t\t<div class=\"elementor-element elementor-element-68ea3ca elementor-widget elementor-widget-heading\" data-id=\"68ea3ca\" data-element_type=\"widget\" data-widget_type=\"heading.default\">\n\t\t\t\t<div class=\"elementor-widget-container\">\n\t\t\t\t\t<h2 class=\"elementor-heading-title elementor-size-default\">Avis juridique\n\n<\/h2>\t\t\t\t<\/div>\n\t\t\t\t<\/div>\n\t\t\t\t<div class=\"elementor-element elementor-element-6538102 elementor-widget elementor-widget-text-editor\" data-id=\"6538102\" data-element_type=\"widget\" data-widget_type=\"text-editor.default\">\n\t\t\t\t<div class=\"elementor-widget-container\">\n\t\t\t\t\t\t\t\t\t<p><strong>Si\u00e8ge social<\/strong><\/p><p>nets360 O\u00dc<\/p><p>Hobujaama 4<br>Tallinn 10151<br>Estonie<\/p><p>Num\u00e9ro du registre du commerce : 16895772<br>Num\u00e9ro de TVA : EE102744798  <\/p><p>T\u00e9l\u00e9phone : +372 6063940 +372 6063940<br>Courriel : frontdesk@nets360.eu<\/p><p>Repr\u00e9sent\u00e9 par : Bernhard Teufel (PDG)<\/p><p>Responsable du contenu : Jaakko M\u00e4kinen<\/p><p><strong>nets360 offre ses services dans toute l&rsquo;Europe. Vous pouvez trouver nos bureaux et nos \u00e9quipes dans votre pays dans la section <a href=\"https:\/\/nets360.eu\/fr\/nous-contacter\/\">contact.<\/a>  <\/strong><\/p>\t\t\t\t\t\t\t\t<\/div>\n\t\t\t\t<\/div>\n\t\t\t\t\t<\/div>\n\t\t\t\t<\/div>\n\t\t<div class=\"elementor-element elementor-element-115aa2f e-flex e-con-boxed e-con e-parent\" data-id=\"115aa2f\" data-element_type=\"container\">\n\t\t\t\t\t<div class=\"e-con-inner\">\n\t\t\t\t<div class=\"elementor-element elementor-element-7cdea4c elementor-widget elementor-widget-heading\" data-id=\"7cdea4c\" data-element_type=\"widget\" data-widget_type=\"heading.default\">\n\t\t\t\t<div class=\"elementor-widget-container\">\n\t\t\t\t\t<h2 class=\"elementor-heading-title elementor-size-default\">Clause de non-responsabilit\u00e9\n<\/h2>\t\t\t\t<\/div>\n\t\t\t\t<\/div>\n\t\t\t\t<div class=\"elementor-element elementor-element-38b1dee elementor-widget elementor-widget-text-editor\" data-id=\"38b1dee\" data-element_type=\"widget\" data-widget_type=\"text-editor.default\">\n\t\t\t\t<div class=\"elementor-widget-container\">\n\t\t\t\t\t\t\t\t\t<p>nets360 fournit des services exclusivement aux clients professionnels, aux autorit\u00e9s publiques et aux organisations non gouvernementales (ONG) au sein de l&rsquo;Espace \u00e9conomique europ\u00e9en. Nous n&rsquo;offrons pas de services aux particuliers ou aux consommateurs (B2C). <\/p><p><b>Avis conform\u00e9ment \u00e0 l&rsquo;art. 14 Para. 1 du r\u00e8glement ODR :   <\/b><br>La Commission europ\u00e9enne met \u00e0 votre disposition une plateforme de r\u00e9solution des litiges en ligne (ODR), \u00e0 laquelle vous pouvez acc\u00e9der \u00e0 l&rsquo;adresse suivante : https:\/\/ec.europa.eu\/consumers\/odr\/ <br>Toutefois, nous ne sommes ni oblig\u00e9s ni d\u00e9sireux de participer \u00e0 une proc\u00e9dure de r\u00e9solution des litiges devant une commission d&rsquo;arbitrage des consommateurs, car nous n&rsquo;offrons pas de services aux consommateurs.<\/p><p><strong>Langue principale Clause de non-responsabilit\u00e9<\/strong><br>Le contenu et les informations fournis sur ce site web sont principalement en anglais. Les traductions dans d&rsquo;autres langues peuvent \u00eatre retard\u00e9es ou ne pas \u00eatre \u00e0 jour. Si un contenu particulier n&rsquo;est disponible que dans une langue autre que l&rsquo;anglais, ce contenu est consid\u00e9r\u00e9 comme faisant autorit\u00e9.<\/p><p><b>Avis de non-responsabilit\u00e9 concernant<\/b><strong>le contenu de tiers<\/strong><br>nets360 n&rsquo;est pas responsable des informations publi\u00e9es ou diffus\u00e9es par des tiers, tels que des partenaires et des revendeurs.<\/p>\t\t\t\t\t\t\t\t<\/div>\n\t\t\t\t<\/div>\n\t\t\t\t\t<\/div>\n\t\t\t\t<\/div>\n\t\t<div class=\"elementor-element elementor-element-76e7bc2 e-flex e-con-boxed e-con e-parent\" data-id=\"76e7bc2\" data-element_type=\"container\">\n\t\t\t\t\t<div class=\"e-con-inner\">\n\t\t\t\t<div class=\"elementor-element elementor-element-0b0a32a elementor-widget elementor-widget-heading\" data-id=\"0b0a32a\" data-element_type=\"widget\" data-widget_type=\"heading.default\">\n\t\t\t\t<div class=\"elementor-widget-container\">\n\t\t\t\t\t<h2 class=\"elementor-heading-title elementor-size-default\">nets360<\/h2>\t\t\t\t<\/div>\n\t\t\t\t<\/div>\n\t\t\t\t<div class=\"elementor-element elementor-element-5289185 elementor-widget elementor-widget-text-editor\" data-id=\"5289185\" data-element_type=\"widget\" data-widget_type=\"text-editor.default\">\n\t\t\t\t<div class=\"elementor-widget-container\">\n\t\t\t\t\t\t\t\t\t<p>nets360 <strong>Group \/ Brand Name<br><\/strong>nets360 Group fait r\u00e9f\u00e9rence \u00e0 l&rsquo;organisation europ\u00e9enne ou \u00e0 une ou plusieurs des entreprises membres. nets360 est compos\u00e9 de soci\u00e9t\u00e9s distinctes et ind\u00e9pendantes. Les entreprises membres du r\u00e9seau d&rsquo;entreprises ind\u00e9pendantes nets360 sont affili\u00e9es au groupe nets360. Aucune soci\u00e9t\u00e9 membre n&rsquo;a le pouvoir d&rsquo;obliger ou de lier le Groupe nets360 ou toute autre soci\u00e9t\u00e9 membre vis-\u00e0-vis de tiers, et le Groupe nets360 n&rsquo;a pas non plus le pouvoir d&rsquo;obliger ou de lier toute soci\u00e9t\u00e9 membre.<\/p><p>La marque nets360 est la propri\u00e9t\u00e9 de norsk nordic O\u00dc \u00e0 Tallinn. Aucune soci\u00e9t\u00e9 affili\u00e9e \u00e0 la marque nets360 n&rsquo;est autoris\u00e9e \u00e0 conclure des contrats ou \u00e0 engager sa responsabilit\u00e9 pour la marque elle-m\u00eame.<\/p>\t\t\t\t\t\t\t\t<\/div>\n\t\t\t\t<\/div>\n\t\t\t\t\t<\/div>\n\t\t\t\t<\/div>\n\t\t<div class=\"elementor-element elementor-element-85bfe1b e-flex e-con-boxed e-con e-parent\" data-id=\"85bfe1b\" data-element_type=\"container\">\n\t\t\t\t\t<div class=\"e-con-inner\">\n\t\t\t\t<div class=\"elementor-element elementor-element-d3b6afb elementor-widget elementor-widget-heading\" data-id=\"d3b6afb\" data-element_type=\"widget\" data-widget_type=\"heading.default\">\n\t\t\t\t<div class=\"elementor-widget-container\">\n\t\t\t\t\t<h2 class=\"elementor-heading-title elementor-size-default\">Note juridique concernant la juridiction et les entit\u00e9s juridiques\n<\/h2>\t\t\t\t<\/div>\n\t\t\t\t<\/div>\n\t\t\t\t<div class=\"elementor-element elementor-element-a268d5e elementor-widget elementor-widget-text-editor\" data-id=\"a268d5e\" data-element_type=\"widget\" data-widget_type=\"text-editor.default\">\n\t\t\t\t<div class=\"elementor-widget-container\">\n\t\t\t\t\t\t\t\t\t<p>Selon le pays dans lequel nos services sont fournis, nets360 peut op\u00e9rer par l&rsquo;interm\u00e9diaire de soci\u00e9t\u00e9s affili\u00e9es ou d&rsquo;entit\u00e9s juridiquement distinctes en vertu de la l\u00e9gislation locale.<\/p><p>Alors que nets360 O\u00dc, bas\u00e9 en Estonie, sert d&rsquo;entit\u00e9 juridique et op\u00e9rationnelle centrale, certains services ou relations contractuelles peuvent \u00eatre g\u00e9r\u00e9s localement par des succursales sp\u00e9cifiques au pays ou des entit\u00e9s partenaires qui font partie de l&rsquo;\u00e9cosyst\u00e8me plus large de nets360.<\/p><p>Toutes ces entit\u00e9s fonctionnent selon les m\u00eames normes de qualit\u00e9, de conformit\u00e9 et de service que nets360 O\u00dc.<\/p>\t\t\t\t\t\t\t\t<\/div>\n\t\t\t\t<\/div>\n\t\t\t\t\t<\/div>\n\t\t\t\t<\/div>\n\t\t<div class=\"elementor-element elementor-element-863ea44 e-flex e-con-boxed e-con e-parent\" data-id=\"863ea44\" data-element_type=\"container\">\n\t\t\t\t\t<div class=\"e-con-inner\">\n\t\t\t\t<div class=\"elementor-element elementor-element-0bb53a4 elementor-widget elementor-widget-heading\" data-id=\"0bb53a4\" data-element_type=\"widget\" data-widget_type=\"heading.default\">\n\t\t\t\t<div class=\"elementor-widget-container\">\n\t\t\t\t\t<h2 class=\"elementor-heading-title elementor-size-default\">Signalement des infractions<\/h2>\t\t\t\t<\/div>\n\t\t\t\t<\/div>\n\t\t\t\t<div class=\"elementor-element elementor-element-3e9964e elementor-widget__width-initial animated-fast elementor-widget elementor-widget-toggle\" data-id=\"3e9964e\" data-element_type=\"widget\" data-settings=\"{&quot;_animation&quot;:&quot;none&quot;}\" data-widget_type=\"toggle.default\">\n\t\t\t\t<div class=\"elementor-widget-container\">\n\t\t\t\t\t\t\t<div class=\"elementor-toggle\">\n\t\t\t\t\t\t\t<div class=\"elementor-toggle-item\">\n\t\t\t\t\t<div id=\"elementor-tab-title-6561\" class=\"elementor-tab-title\" data-tab=\"1\" role=\"button\" aria-controls=\"elementor-tab-content-6561\" aria-expanded=\"false\">\n\t\t\t\t\t\t\t\t\t\t\t\t<span class=\"elementor-toggle-icon elementor-toggle-icon-right\" aria-hidden=\"true\">\n\t\t\t\t\t\t\t\t\t\t\t\t\t\t\t<span class=\"elementor-toggle-icon-closed\"><svg class=\"e-font-icon-svg e-fas-plus\" viewBox=\"0 0 448 512\" xmlns=\"http:\/\/www.w3.org\/2000\/svg\"><path d=\"M416 208H272V64c0-17.67-14.33-32-32-32h-32c-17.67 0-32 14.33-32 32v144H32c-17.67 0-32 14.33-32 32v32c0 17.67 14.33 32 32 32h144v144c0 17.67 14.33 32 32 32h32c17.67 0 32-14.33 32-32V304h144c17.67 0 32-14.33 32-32v-32c0-17.67-14.33-32-32-32z\"><\/path><\/svg><\/span>\n\t\t\t\t\t\t\t\t<span class=\"elementor-toggle-icon-opened\"><svg class=\"elementor-toggle-icon-opened e-font-icon-svg e-fas-minus\" viewBox=\"0 0 448 512\" xmlns=\"http:\/\/www.w3.org\/2000\/svg\"><path d=\"M416 208H32c-17.67 0-32 14.33-32 32v32c0 17.67 14.33 32 32 32h384c17.67 0 32-14.33 32-32v-32c0-17.67-14.33-32-32-32z\"><\/path><\/svg><\/span>\n\t\t\t\t\t\t\t\t\t\t\t\t\t<\/span>\n\t\t\t\t\t\t\t\t\t\t\t\t<a class=\"elementor-toggle-title\" tabindex=\"0\">Signalement d'une violation de donn\u00e9es \u00e0 caract\u00e8re personnel<\/a>\n\t\t\t\t\t<\/div>\n\n\t\t\t\t\t<div id=\"elementor-tab-content-6561\" class=\"elementor-tab-content elementor-clearfix\" data-tab=\"1\" role=\"region\" aria-labelledby=\"elementor-tab-title-6561\"><p>Si vous pensez que la confidentialit\u00e9, la disponibilit\u00e9 ou l&rsquo;int\u00e9grit\u00e9 de vos donn\u00e9es personnelles ou de celles de quelqu&rsquo;un d&rsquo;autre ont \u00e9t\u00e9 compromises par nets360 ou un employ\u00e9 de nets360, envoyez un e-mail \u00e0 ce sujet \u00e0 <a href=\"mailto:privacy@nets360.eu\">privacy@nets360.eu<\/a>.<\/p>\n<\/div>\n\t\t\t\t<\/div>\n\t\t\t\t\t\t\t<div class=\"elementor-toggle-item\">\n\t\t\t\t\t<div id=\"elementor-tab-title-6562\" class=\"elementor-tab-title\" data-tab=\"2\" role=\"button\" aria-controls=\"elementor-tab-content-6562\" aria-expanded=\"false\">\n\t\t\t\t\t\t\t\t\t\t\t\t<span class=\"elementor-toggle-icon elementor-toggle-icon-right\" aria-hidden=\"true\">\n\t\t\t\t\t\t\t\t\t\t\t\t\t\t\t<span class=\"elementor-toggle-icon-closed\"><svg class=\"e-font-icon-svg e-fas-plus\" viewBox=\"0 0 448 512\" xmlns=\"http:\/\/www.w3.org\/2000\/svg\"><path d=\"M416 208H272V64c0-17.67-14.33-32-32-32h-32c-17.67 0-32 14.33-32 32v144H32c-17.67 0-32 14.33-32 32v32c0 17.67 14.33 32 32 32h144v144c0 17.67 14.33 32 32 32h32c17.67 0 32-14.33 32-32V304h144c17.67 0 32-14.33 32-32v-32c0-17.67-14.33-32-32-32z\"><\/path><\/svg><\/span>\n\t\t\t\t\t\t\t\t<span class=\"elementor-toggle-icon-opened\"><svg class=\"elementor-toggle-icon-opened e-font-icon-svg e-fas-minus\" viewBox=\"0 0 448 512\" xmlns=\"http:\/\/www.w3.org\/2000\/svg\"><path d=\"M416 208H32c-17.67 0-32 14.33-32 32v32c0 17.67 14.33 32 32 32h384c17.67 0 32-14.33 32-32v-32c0-17.67-14.33-32-32-32z\"><\/path><\/svg><\/span>\n\t\t\t\t\t\t\t\t\t\t\t\t\t<\/span>\n\t\t\t\t\t\t\t\t\t\t\t\t<a class=\"elementor-toggle-title\" tabindex=\"0\">Signalement des probl\u00e8mes informatiques et de s\u00e9curit\u00e9<\/a>\n\t\t\t\t\t<\/div>\n\n\t\t\t\t\t<div id=\"elementor-tab-content-6562\" class=\"elementor-tab-content elementor-clearfix\" data-tab=\"2\" role=\"region\" aria-labelledby=\"elementor-tab-title-6562\"><p>Si vous avez re\u00e7u des messages de spam ou d&rsquo;hame\u00e7onnage du r\u00e9seau nets360, si vos ordinateurs ont \u00e9t\u00e9 attaqu\u00e9s ou si vous avez re\u00e7u des appels frauduleux, veuillez envoyer un e-mail \u00e0 <a href=\"mailto:abuse@nets360.eu\">abuse@nets360.eu<\/a>.<\/p><\/p>\n<\/div>\n\t\t\t\t<\/div>\n\t\t\t\t\t\t\t<div class=\"elementor-toggle-item\">\n\t\t\t\t\t<div id=\"elementor-tab-title-6563\" class=\"elementor-tab-title\" data-tab=\"3\" role=\"button\" aria-controls=\"elementor-tab-content-6563\" aria-expanded=\"false\">\n\t\t\t\t\t\t\t\t\t\t\t\t<span class=\"elementor-toggle-icon elementor-toggle-icon-right\" aria-hidden=\"true\">\n\t\t\t\t\t\t\t\t\t\t\t\t\t\t\t<span class=\"elementor-toggle-icon-closed\"><svg class=\"e-font-icon-svg e-fas-plus\" viewBox=\"0 0 448 512\" xmlns=\"http:\/\/www.w3.org\/2000\/svg\"><path d=\"M416 208H272V64c0-17.67-14.33-32-32-32h-32c-17.67 0-32 14.33-32 32v144H32c-17.67 0-32 14.33-32 32v32c0 17.67 14.33 32 32 32h144v144c0 17.67 14.33 32 32 32h32c17.67 0 32-14.33 32-32V304h144c17.67 0 32-14.33 32-32v-32c0-17.67-14.33-32-32-32z\"><\/path><\/svg><\/span>\n\t\t\t\t\t\t\t\t<span class=\"elementor-toggle-icon-opened\"><svg class=\"elementor-toggle-icon-opened e-font-icon-svg e-fas-minus\" viewBox=\"0 0 448 512\" xmlns=\"http:\/\/www.w3.org\/2000\/svg\"><path d=\"M416 208H32c-17.67 0-32 14.33-32 32v32c0 17.67 14.33 32 32 32h384c17.67 0 32-14.33 32-32v-32c0-17.67-14.33-32-32-32z\"><\/path><\/svg><\/span>\n\t\t\t\t\t\t\t\t\t\t\t\t\t<\/span>\n\t\t\t\t\t\t\t\t\t\t\t\t<a class=\"elementor-toggle-title\" tabindex=\"0\">Signalement de contenus illicites<\/a>\n\t\t\t\t\t<\/div>\n\n\t\t\t\t\t<div id=\"elementor-tab-content-6563\" class=\"elementor-tab-content elementor-clearfix\" data-tab=\"3\" role=\"region\" aria-labelledby=\"elementor-tab-title-6563\"><p>Si vous remarquez un contenu ill\u00e9gal sur des sites Web utilisant l&rsquo;h\u00e9bergement Web ou les services cloud de nets360, tels que l&rsquo;incitation \u00e0 la haine et \u00e0 la violence, la violation de la loi sur les marques commerciales, les documents terroristes, etc.  <a href=\"mailto:illegal@nets360.eu\">illegal@nets360.eu<\/a><\/p><\/p>\n<\/div>\n\t\t\t\t<\/div>\n\t\t\t\t\t\t\t\t<\/div>\n\t\t\t\t\t\t<\/div>\n\t\t\t\t<\/div>\n\t\t\t\t\t<\/div>\n\t\t\t\t<\/div>\n\t\t\t\t<\/div>\n\t\t","protected":false},"excerpt":{"rendered":"<p>nets360 Information juridique Avis juridique Si\u00e8ge social nets360 O\u00dc Hobujaama 4Tallinn 10151Estonie Num\u00e9ro du registre du commerce : 16895772Num\u00e9ro de TVA : EE102744798 T\u00e9l\u00e9phone : +372 6063940 +372 6063940Courriel : frontdesk@nets360.eu Repr\u00e9sent\u00e9 par : Bernhard Teufel (PDG) Responsable du contenu : Jaakko M\u00e4kinen nets360 offre ses services dans toute l&rsquo;Europe. Vous pouvez trouver nos bureaux [&hellip;]<\/p>\n","protected":false},"author":1,"featured_media":0,"parent":0,"menu_order":0,"comment_status":"closed","ping_status":"closed","template":"","meta":{"_acf_changed":false,"inline_featured_image":false,"footnotes":""},"class_list":["post-6131","page","type-page","status-publish","hentry"],"acf":[],"_links":{"self":[{"href":"https:\/\/nets360.eu\/fr\/wp-json\/wp\/v2\/pages\/6131","targetHints":{"allow":["GET"]}}],"collection":[{"href":"https:\/\/nets360.eu\/fr\/wp-json\/wp\/v2\/pages"}],"about":[{"href":"https:\/\/nets360.eu\/fr\/wp-json\/wp\/v2\/types\/page"}],"author":[{"embeddable":true,"href":"https:\/\/nets360.eu\/fr\/wp-json\/wp\/v2\/users\/1"}],"replies":[{"embeddable":true,"href":"https:\/\/nets360.eu\/fr\/wp-json\/wp\/v2\/comments?post=6131"}],"version-history":[{"count":11,"href":"https:\/\/nets360.eu\/fr\/wp-json\/wp\/v2\/pages\/6131\/revisions"}],"predecessor-version":[{"id":15270,"href":"https:\/\/nets360.eu\/fr\/wp-json\/wp\/v2\/pages\/6131\/revisions\/15270"}],"wp:attachment":[{"href":"https:\/\/nets360.eu\/fr\/wp-json\/wp\/v2\/media?parent=6131"}],"curies":[{"name":"wp","href":"https:\/\/api.w.org\/{rel}","templated":true}]}}