{"id":6639,"date":"2024-04-05T15:22:51","date_gmt":"2024-04-05T15:22:51","guid":{"rendered":"https:\/\/nets360.eu\/gestion-des-transporteurs-et-des-fournisseurs\/"},"modified":"2024-11-04T08:30:01","modified_gmt":"2024-11-04T08:30:01","slug":"gestion-des-transporteurs-et-des-fournisseurs","status":"publish","type":"page","link":"https:\/\/nets360.eu\/fr\/gestion-des-transporteurs-et-des-fournisseurs\/","title":{"rendered":"Gestion des transporteurs et des fournisseurs"},"content":{"rendered":"\t\t<div data-elementor-type=\"wp-page\" data-elementor-id=\"6639\" class=\"elementor elementor-6639 elementor-6450\" data-elementor-post-type=\"page\">\n\t\t\t\t<div class=\"elementor-element elementor-element-5443ba6 e-flex e-con-boxed e-con e-parent\" data-id=\"5443ba6\" data-element_type=\"container\" data-settings=\"{&quot;background_background&quot;:&quot;gradient&quot;}\">\n\t\t\t\t\t<div class=\"e-con-inner\">\n\t\t<div class=\"elementor-element elementor-element-5fc7769 e-flex e-con-boxed e-con e-child\" data-id=\"5fc7769\" data-element_type=\"container\">\n\t\t\t\t\t<div class=\"e-con-inner\">\n\t\t<div class=\"elementor-element elementor-element-774e743 e-flex e-con-boxed e-con e-child\" data-id=\"774e743\" data-element_type=\"container\">\n\t\t\t\t\t<div class=\"e-con-inner\">\n\t\t\t\t<div class=\"elementor-element elementor-element-6486a88 elementor-widget elementor-widget-text-editor\" data-id=\"6486a88\" data-element_type=\"widget\" data-widget_type=\"text-editor.default\">\n\t\t\t\t<div class=\"elementor-widget-container\">\n\t\t\t\t\t\t\t\t\t<p>nets360 Carrier and Provider Management (Gestion des op\u00e9rateurs et des fournisseurs)<\/p>\n\t\t\t\t\t\t\t\t<\/div>\n\t\t\t\t<\/div>\n\t\t\t\t<div class=\"elementor-element elementor-element-52638f4 elementor-widget elementor-widget-heading\" data-id=\"52638f4\" data-element_type=\"widget\" data-widget_type=\"heading.default\">\n\t\t\t\t<div class=\"elementor-widget-container\">\n\t\t\t\t\t<h1 class=\"elementor-heading-title elementor-size-default\">Un seul contact pour toutes les connexions<\/h1>\t\t\t\t<\/div>\n\t\t\t\t<\/div>\n\t\t\t\t<div class=\"elementor-element elementor-element-52bc3ac elementor-widget elementor-widget-text-editor\" data-id=\"52bc3ac\" data-element_type=\"widget\" data-widget_type=\"text-editor.default\">\n\t\t\t\t<div class=\"elementor-widget-container\">\n\t\t\t\t\t\t\t\t\t<p>Notre service de conseil pour la gestion des fournisseurs aide activement votre entreprise \u00e0 identifier les fournisseurs les plus appropri\u00e9s et les structures tarifaires adapt\u00e9es \u00e0 vos besoins. Ce service couvre tous les aspects, y compris la t\u00e9l\u00e9phonie et les connexions internet, ainsi que les communications mobiles. En outre, nous offrons la possibilit\u00e9 de remplacer les connexions MPLS existantes, souvent co\u00fbteuses, par une solution SD-WAN stable et efficace, en combinaison avec nos solutions SD-WAN.<\/p>\n\t\t\t\t\t\t\t\t<\/div>\n\t\t\t\t<\/div>\n\t\t\t\t\t<\/div>\n\t\t\t\t<\/div>\n\t\t<div class=\"elementor-element elementor-element-6a7c7ab e-con-full e-flex e-con e-child\" data-id=\"6a7c7ab\" data-element_type=\"container\">\n\t\t\t\t<div class=\"elementor-element elementor-element-97ca0f2 animated-fast elementor-widget elementor-widget-image\" data-id=\"97ca0f2\" data-element_type=\"widget\" data-settings=\"{&quot;_animation&quot;:&quot;none&quot;,&quot;_animation_delay&quot;:200}\" data-widget_type=\"image.default\">\n\t\t\t\t<div class=\"elementor-widget-container\">\n\t\t\t\t\t\t\t\t\t\t\t\t\t\t\t<img fetchpriority=\"high\" decoding=\"async\" width=\"300\" height=\"275\" src=\"https:\/\/nets360.eu\/wp-content\/uploads\/2023\/12\/hardware-icon.svg\" class=\"attachment-medium size-medium wp-image-496\" alt=\"\" \/>\t\t\t\t\t\t\t\t\t\t\t\t\t\t\t<\/div>\n\t\t\t\t<\/div>\n\t\t\t\t<\/div>\n\t\t\t\t\t<\/div>\n\t\t\t\t<\/div>\n\t\t\t\t\t<\/div>\n\t\t\t\t<\/div>\n\t\t<div class=\"elementor-element elementor-element-cac9247 e-flex e-con-boxed e-con e-parent\" data-id=\"cac9247\" data-element_type=\"container\">\n\t\t\t\t\t<div class=\"e-con-inner\">\n\t\t<div class=\"elementor-element elementor-element-cd34e81 e-con-full e-flex e-con e-child\" data-id=\"cd34e81\" data-element_type=\"container\">\n\t\t\t\t<div class=\"elementor-element elementor-element-a7b45f4 elementor-widget elementor-widget-heading\" data-id=\"a7b45f4\" data-element_type=\"widget\" data-widget_type=\"heading.default\">\n\t\t\t\t<div class=\"elementor-widget-container\">\n\t\t\t\t\t<h2 class=\"elementor-heading-title elementor-size-default\">Avantages de l'orientation internationale<\/h2>\t\t\t\t<\/div>\n\t\t\t\t<\/div>\n\t\t\t\t<\/div>\n\t\t<div class=\"elementor-element elementor-element-707aea3 e-con-full e-flex e-con e-child\" data-id=\"707aea3\" data-element_type=\"container\">\n\t\t\t\t<div class=\"elementor-element elementor-element-81aa58a elementor-widget elementor-widget-text-editor\" data-id=\"81aa58a\" data-element_type=\"widget\" data-widget_type=\"text-editor.default\">\n\t\t\t\t<div class=\"elementor-widget-container\">\n\t\t\t\t\t\t\t\t\t<p>En tant qu&rsquo;entreprise fournissant des services aux PME nationales et internationales, nous offrons la possibilit\u00e9 de r\u00e9diger des contrats internationaux et de coordonner la collaboration avec des fournisseurs dans plusieurs pays. Avec nets360, vous disposez d&rsquo;un interlocuteur unique pour tous les pays d&rsquo;Europe.<\/p>\n\t\t\t\t\t\t\t\t<\/div>\n\t\t\t\t<\/div>\n\t\t\t\t<\/div>\n\t\t\t\t\t<\/div>\n\t\t\t\t<\/div>\n\t\t<div class=\"elementor-element elementor-element-6b8fe77 e-flex e-con-boxed e-con e-parent\" data-id=\"6b8fe77\" data-element_type=\"container\">\n\t\t\t\t\t<div class=\"e-con-inner\">\n\t\t\t\t<div class=\"elementor-element elementor-element-e9d81ba elementor-widget-divider--view-line elementor-widget elementor-widget-divider\" data-id=\"e9d81ba\" data-element_type=\"widget\" data-widget_type=\"divider.default\">\n\t\t\t\t<div class=\"elementor-widget-container\">\n\t\t\t\t\t\t\t<div class=\"elementor-divider\">\n\t\t\t<span class=\"elementor-divider-separator\">\n\t\t\t\t\t\t<\/span>\n\t\t<\/div>\n\t\t\t\t\t\t<\/div>\n\t\t\t\t<\/div>\n\t\t\t\t\t<\/div>\n\t\t\t\t<\/div>\n\t\t<div class=\"elementor-element elementor-element-9af11d7 e-flex e-con-boxed e-con e-parent\" data-id=\"9af11d7\" data-element_type=\"container\">\n\t\t\t\t\t<div class=\"e-con-inner\">\n\t\t<div class=\"elementor-element elementor-element-d16ad85 e-con-full e-flex e-con e-child\" data-id=\"d16ad85\" data-element_type=\"container\">\n\t\t\t\t<div class=\"elementor-element elementor-element-e1e8495 elementor-widget elementor-widget-heading\" data-id=\"e1e8495\" data-element_type=\"widget\" data-widget_type=\"heading.default\">\n\t\t\t\t<div class=\"elementor-widget-container\">\n\t\t\t\t\t<h2 class=\"elementor-heading-title elementor-size-default\">Connexion MPLS vs. SD-WAN<\/h2>\t\t\t\t<\/div>\n\t\t\t\t<\/div>\n\t\t\t\t<\/div>\n\t\t<div class=\"elementor-element elementor-element-f8c42d9 e-con-full e-flex e-con e-child\" data-id=\"f8c42d9\" data-element_type=\"container\">\n\t\t\t\t<div class=\"elementor-element elementor-element-c97e3ba elementor-widget elementor-widget-text-editor\" data-id=\"c97e3ba\" data-element_type=\"widget\" data-widget_type=\"text-editor.default\">\n\t\t\t\t<div class=\"elementor-widget-container\">\n\t\t\t\t\t\t\t\t\t<p>Historiquement, de nombreuses entreprises se sont appuy\u00e9es sur MPLS pour la connectivit\u00e9 de leurs sites. Cette technologie \u00e9tait autrefois n\u00e9cessaire pour assurer la meilleure connexion possible et s\u00e9curis\u00e9e entre les sites d&rsquo;une entreprise. Cependant, le SD-WAN est de plus en plus r\u00e9pandu. Le SD-WAN repr\u00e9sente une connexion d\u00e9finie par logiciel, r\u00e9alis\u00e9e par le biais de routeurs appropri\u00e9s. Il pr\u00e9sente l&rsquo;avantage d&rsquo;\u00eatre ouvert \u00e0 diff\u00e9rents fournisseurs, ce qui permet aux clients situ\u00e9s dans des lieux diff\u00e9rents de choisir parmi plusieurs fournisseurs. En outre, le SD-WAN offre une redondance \u00e9lev\u00e9e en combinant plusieurs fournisseurs et connexions tels que la fibre optique, le DSL et les communications mobiles.<\/p>\n\t\t\t\t\t\t\t\t<\/div>\n\t\t\t\t<\/div>\n\t\t\t\t<\/div>\n\t\t\t\t\t<\/div>\n\t\t\t\t<\/div>\n\t\t<div class=\"elementor-element elementor-element-9860098 e-flex e-con-boxed e-con e-parent\" data-id=\"9860098\" data-element_type=\"container\">\n\t\t\t\t\t<div class=\"e-con-inner\">\n\t\t\t\t<div class=\"elementor-element elementor-element-1518f47 elementor-widget-divider--view-line elementor-widget elementor-widget-divider\" data-id=\"1518f47\" data-element_type=\"widget\" data-widget_type=\"divider.default\">\n\t\t\t\t<div class=\"elementor-widget-container\">\n\t\t\t\t\t\t\t<div class=\"elementor-divider\">\n\t\t\t<span class=\"elementor-divider-separator\">\n\t\t\t\t\t\t<\/span>\n\t\t<\/div>\n\t\t\t\t\t\t<\/div>\n\t\t\t\t<\/div>\n\t\t\t\t\t<\/div>\n\t\t\t\t<\/div>\n\t\t<div class=\"elementor-element elementor-element-849157a e-flex e-con-boxed e-con e-parent\" data-id=\"849157a\" data-element_type=\"container\">\n\t\t\t\t\t<div class=\"e-con-inner\">\n\t\t<div class=\"elementor-element elementor-element-00cbce3 e-con-full e-flex e-con e-child\" data-id=\"00cbce3\" data-element_type=\"container\">\n\t\t\t\t<div class=\"elementor-element elementor-element-cec01e9 elementor-widget elementor-widget-heading\" data-id=\"cec01e9\" data-element_type=\"widget\" data-widget_type=\"heading.default\">\n\t\t\t\t<div class=\"elementor-widget-container\">\n\t\t\t\t\t<h2 class=\"elementor-heading-title elementor-size-default\">Gestion des contrats et des co\u00fbts<\/h2>\t\t\t\t<\/div>\n\t\t\t\t<\/div>\n\t\t\t\t<\/div>\n\t\t<div class=\"elementor-element elementor-element-568b093 e-con-full e-flex e-con e-child\" data-id=\"568b093\" data-element_type=\"container\">\n\t\t\t\t<div class=\"elementor-element elementor-element-821e243 elementor-widget elementor-widget-text-editor\" data-id=\"821e243\" data-element_type=\"widget\" data-widget_type=\"text-editor.default\">\n\t\t\t\t<div class=\"elementor-widget-container\">\n\t\t\t\t\t\t\t\t\t<p>Notre service comprend \u00e9galement la gestion des contrats et des co\u00fbts. Cela comprend la cr\u00e9ation et le suivi des factures, les r\u00e9partitions en fonction des diverses exigences des clients internes et externes, ainsi que les r\u00e9visions r\u00e9guli\u00e8res. La gestion du trafic et du volume fait \u00e9galement partie de notre offre, tout comme la d\u00e9tection pr\u00e9coce des probl\u00e8mes et des goulets d&rsquo;\u00e9tranglement dans la t\u00e9l\u00e9phonie et la bande passante Internet. Pour les contrats et les n\u00e9gociations complexes, nous collaborons avec des cabinets d&rsquo;avocats de renomm\u00e9e internationale.<\/p>\n\t\t\t\t\t\t\t\t<\/div>\n\t\t\t\t<\/div>\n\t\t\t\t<\/div>\n\t\t\t\t\t<\/div>\n\t\t\t\t<\/div>\n\t\t<div class=\"elementor-element elementor-element-909fa51 e-flex e-con-boxed e-con e-parent\" data-id=\"909fa51\" data-element_type=\"container\" data-settings=\"{&quot;background_background&quot;:&quot;gradient&quot;}\">\n\t\t\t\t\t<div class=\"e-con-inner\">\n\t\t<div class=\"elementor-element elementor-element-52b8636 e-con-full e-flex e-con e-child\" data-id=\"52b8636\" data-element_type=\"container\">\n\t\t\t\t<div class=\"elementor-element elementor-element-2fdbabd elementor-widget elementor-widget-image\" data-id=\"2fdbabd\" data-element_type=\"widget\" data-settings=\"{&quot;_animation&quot;:&quot;none&quot;}\" data-widget_type=\"image.default\">\n\t\t\t\t<div class=\"elementor-widget-container\">\n\t\t\t\t\t\t\t\t\t\t\t\t\t\t\t<img decoding=\"async\" width=\"1920\" height=\"687\" src=\"https:\/\/nets360.eu\/wp-content\/uploads\/2023\/12\/AdobeStock_240045949-min-scaled-1.webp\" class=\"attachment-full size-full wp-image-4962\" alt=\"\" srcset=\"https:\/\/nets360.eu\/wp-content\/uploads\/2023\/12\/AdobeStock_240045949-min-scaled-1.webp 1920w, https:\/\/nets360.eu\/wp-content\/uploads\/2023\/12\/AdobeStock_240045949-min-scaled-1-300x107.webp 300w, https:\/\/nets360.eu\/wp-content\/uploads\/2023\/12\/AdobeStock_240045949-min-scaled-1-1024x366.webp 1024w, https:\/\/nets360.eu\/wp-content\/uploads\/2023\/12\/AdobeStock_240045949-min-scaled-1-768x275.webp 768w, https:\/\/nets360.eu\/wp-content\/uploads\/2023\/12\/AdobeStock_240045949-min-scaled-1-1536x550.webp 1536w\" sizes=\"(max-width: 1920px) 100vw, 1920px\" \/>\t\t\t\t\t\t\t\t\t\t\t\t\t\t\t<\/div>\n\t\t\t\t<\/div>\n\t\t\t\t<\/div>\n\t\t<div class=\"elementor-element elementor-element-4e21806 e-con-full e-flex e-con e-child\" data-id=\"4e21806\" data-element_type=\"container\">\n\t\t<div class=\"elementor-element elementor-element-46223e2 animated-fast e-flex e-con-boxed e-con e-child\" data-id=\"46223e2\" data-element_type=\"container\" data-settings=\"{&quot;animation&quot;:&quot;none&quot;}\">\n\t\t\t\t\t<div class=\"e-con-inner\">\n\t\t\t\t<div class=\"elementor-element elementor-element-d642856 elementor-widget elementor-widget-heading\" data-id=\"d642856\" data-element_type=\"widget\" data-widget_type=\"heading.default\">\n\t\t\t\t<div class=\"elementor-widget-container\">\n\t\t\t\t\t<h2 class=\"elementor-heading-title elementor-size-default\">D\u00e9marrer avec nets360<\/h2>\t\t\t\t<\/div>\n\t\t\t\t<\/div>\n\t\t\t\t<div class=\"elementor-element elementor-element-dfaf728 elementor-widget elementor-widget-text-editor\" data-id=\"dfaf728\" data-element_type=\"widget\" data-widget_type=\"text-editor.default\">\n\t\t\t\t<div class=\"elementor-widget-container\">\n\t\t\t\t\t\t\t\t\t<p>Nous livrons dans toute l&rsquo;Europe et parlons plusieurs langues.<br \/>Parlons de votre solution.<\/p>\n\t\t\t\t\t\t\t\t<\/div>\n\t\t\t\t<\/div>\n\t\t\t\t<div class=\"elementor-element elementor-element-51e1f0b elementor-widget elementor-widget-button\" data-id=\"51e1f0b\" data-element_type=\"widget\" data-widget_type=\"button.default\">\n\t\t\t\t<div class=\"elementor-widget-container\">\n\t\t\t\t\t\t\t\t\t<div class=\"elementor-button-wrapper\">\n\t\t\t\t\t<a class=\"elementor-button elementor-button-link elementor-size-sm\" href=\"https:\/\/nets360.eu\/fr\/nous-contacter\/\">\n\t\t\t\t\t\t<span class=\"elementor-button-content-wrapper\">\n\t\t\t\t\t\t\t\t\t<span class=\"elementor-button-text\">Contacter les ventes<\/span>\n\t\t\t\t\t<\/span>\n\t\t\t\t\t<\/a>\n\t\t\t\t<\/div>\n\t\t\t\t\t\t\t\t<\/div>\n\t\t\t\t<\/div>\n\t\t\t\t\t<\/div>\n\t\t\t\t<\/div>\n\t\t\t\t<\/div>\n\t\t\t\t\t<\/div>\n\t\t\t\t<\/div>\n\t\t\t\t<\/div>\n\t\t","protected":false},"excerpt":{"rendered":"<p>nets360 Carrier and Provider Management (Gestion des op\u00e9rateurs et des fournisseurs) Un seul contact pour toutes les connexions Notre service de conseil pour la gestion des fournisseurs aide activement votre entreprise \u00e0 identifier les fournisseurs les plus appropri\u00e9s et les structures tarifaires adapt\u00e9es \u00e0 vos besoins. Ce service couvre tous les aspects, y compris la [&hellip;]<\/p>\n","protected":false},"author":1,"featured_media":0,"parent":0,"menu_order":0,"comment_status":"closed","ping_status":"closed","template":"","meta":{"_acf_changed":false,"inline_featured_image":false,"footnotes":""},"class_list":["post-6639","page","type-page","status-publish","hentry"],"acf":[],"_links":{"self":[{"href":"https:\/\/nets360.eu\/fr\/wp-json\/wp\/v2\/pages\/6639","targetHints":{"allow":["GET"]}}],"collection":[{"href":"https:\/\/nets360.eu\/fr\/wp-json\/wp\/v2\/pages"}],"about":[{"href":"https:\/\/nets360.eu\/fr\/wp-json\/wp\/v2\/types\/page"}],"author":[{"embeddable":true,"href":"https:\/\/nets360.eu\/fr\/wp-json\/wp\/v2\/users\/1"}],"replies":[{"embeddable":true,"href":"https:\/\/nets360.eu\/fr\/wp-json\/wp\/v2\/comments?post=6639"}],"version-history":[{"count":6,"href":"https:\/\/nets360.eu\/fr\/wp-json\/wp\/v2\/pages\/6639\/revisions"}],"predecessor-version":[{"id":11895,"href":"https:\/\/nets360.eu\/fr\/wp-json\/wp\/v2\/pages\/6639\/revisions\/11895"}],"wp:attachment":[{"href":"https:\/\/nets360.eu\/fr\/wp-json\/wp\/v2\/media?parent=6639"}],"curies":[{"name":"wp","href":"https:\/\/api.w.org\/{rel}","templated":true}]}}