{"id":8480,"date":"2024-05-05T22:35:06","date_gmt":"2024-05-05T22:35:06","guid":{"rendered":"https:\/\/nets360.eu\/partenaire\/"},"modified":"2024-11-04T09:11:28","modified_gmt":"2024-11-04T09:11:28","slug":"partenaire","status":"publish","type":"page","link":"https:\/\/nets360.eu\/fr\/partenaire\/","title":{"rendered":"Partenaire"},"content":{"rendered":"\t\t<div data-elementor-type=\"wp-page\" data-elementor-id=\"8480\" class=\"elementor elementor-8480 elementor-8407\" data-elementor-post-type=\"page\">\n\t\t\t\t<div class=\"elementor-element elementor-element-af06b46 e-flex e-con-boxed e-con e-parent\" data-id=\"af06b46\" data-element_type=\"container\" data-settings=\"{&quot;background_background&quot;:&quot;classic&quot;}\">\n\t\t\t\t\t<div class=\"e-con-inner\">\n\t\t<div class=\"elementor-element elementor-element-5a97069 e-flex e-con-boxed e-con e-child\" data-id=\"5a97069\" data-element_type=\"container\">\n\t\t\t\t\t<div class=\"e-con-inner\">\n\t\t<div class=\"elementor-element elementor-element-4559816 e-flex e-con-boxed e-con e-child\" data-id=\"4559816\" data-element_type=\"container\">\n\t\t\t\t\t<div class=\"e-con-inner\">\n\t\t\t\t\t<\/div>\n\t\t\t\t<\/div>\n\t\t\t\t\t<\/div>\n\t\t\t\t<\/div>\n\t\t\t\t\t<\/div>\n\t\t\t\t<\/div>\n\t\t<div class=\"elementor-element elementor-element-06ba22e e-flex e-con-boxed e-con e-parent\" data-id=\"06ba22e\" data-element_type=\"container\">\n\t\t\t\t\t<div class=\"e-con-inner\">\n\t\t\t\t<div class=\"elementor-element elementor-element-205765d elementor-widget elementor-widget-heading\" data-id=\"205765d\" data-element_type=\"widget\" data-widget_type=\"heading.default\">\n\t\t\t\t<div class=\"elementor-widget-container\">\n\t\t\t\t\t<h2 class=\"elementor-heading-title elementor-size-default\">Partenaire commercial nets360 : Connectez-vous. Collaborez. R\u00e9ussir<\/h2>\t\t\t\t<\/div>\n\t\t\t\t<\/div>\n\t\t\t\t<div class=\"elementor-element elementor-element-ff467a4 elementor-widget elementor-widget-heading\" data-id=\"ff467a4\" data-element_type=\"widget\" data-widget_type=\"heading.default\">\n\t\t\t\t<div class=\"elementor-widget-container\">\n\t\t\t\t\t<h2 class=\"elementor-heading-title elementor-size-default\">Mod\u00e8les de partenaires chez nets360<\/h2>\t\t\t\t<\/div>\n\t\t\t\t<\/div>\n\t\t\t\t<div class=\"elementor-element elementor-element-b729ce3 elementor-widget elementor-widget-text-editor\" data-id=\"b729ce3\" data-element_type=\"widget\" data-widget_type=\"text-editor.default\">\n\t\t\t\t<div class=\"elementor-widget-container\">\n\t\t\t\t\t\t\t\t\t<p>Que ce soit en tant que sp\u00e9cialiste IoT, fournisseur de services informatiques, revendeur, maison de syst\u00e8me, int\u00e9grateur de syst\u00e8me, fournisseur de services ou transporteur avec sa propre infrastructure de r\u00e9seau : En tant que partenaire nets360, vous et vos clients profitez des avantages de la collaboration avec nets360.<\/p>\n\t\t\t\t\t\t\t\t<\/div>\n\t\t\t\t<\/div>\n\t\t\t\t\t<\/div>\n\t\t\t\t<\/div>\n\t\t<div class=\"elementor-element elementor-element-4b6e556 e-flex e-con-boxed e-con e-parent\" data-id=\"4b6e556\" data-element_type=\"container\">\n\t\t\t\t\t<div class=\"e-con-inner\">\n\t\t\t\t<div class=\"elementor-element elementor-element-1d163c2 elementor-widget-divider--view-line elementor-widget elementor-widget-divider\" data-id=\"1d163c2\" data-element_type=\"widget\" data-widget_type=\"divider.default\">\n\t\t\t\t<div class=\"elementor-widget-container\">\n\t\t\t\t\t\t\t<div class=\"elementor-divider\">\n\t\t\t<span class=\"elementor-divider-separator\">\n\t\t\t\t\t\t<\/span>\n\t\t<\/div>\n\t\t\t\t\t\t<\/div>\n\t\t\t\t<\/div>\n\t\t\t\t\t<\/div>\n\t\t\t\t<\/div>\n\t\t<div class=\"elementor-element elementor-element-b9e4151 e-flex e-con-boxed e-con e-parent\" data-id=\"b9e4151\" data-element_type=\"container\">\n\t\t\t\t\t<div class=\"e-con-inner\">\n\t\t<div class=\"elementor-element elementor-element-60cf0d7 e-con-full e-flex e-con e-child\" data-id=\"60cf0d7\" data-element_type=\"container\">\n\t\t\t\t<div class=\"elementor-element elementor-element-72fd115 elementor-widget elementor-widget-heading\" data-id=\"72fd115\" data-element_type=\"widget\" data-widget_type=\"heading.default\">\n\t\t\t\t<div class=\"elementor-widget-container\">\n\t\t\t\t\t<h2 class=\"elementor-heading-title elementor-size-default\">Partenaire revendeur<\/h2>\t\t\t\t<\/div>\n\t\t\t\t<\/div>\n\t\t\t\t<\/div>\n\t\t<div class=\"elementor-element elementor-element-9179310 e-con-full e-flex e-con e-child\" data-id=\"9179310\" data-element_type=\"container\">\n\t\t\t\t<div class=\"elementor-element elementor-element-0cdbdbd elementor-widget elementor-widget-text-editor\" data-id=\"0cdbdbd\" data-element_type=\"widget\" data-widget_type=\"text-editor.default\">\n\t\t\t\t<div class=\"elementor-widget-container\">\n\t\t\t\t\t\t\t\t\t<p>Proposez-nous votre infrastructure afin que nous puissions d\u00e9velopper ensemble des solutions de services g\u00e9r\u00e9s fructueuses et collaboratives.<\/p>\n\t\t\t\t\t\t\t\t<\/div>\n\t\t\t\t<\/div>\n\t\t\t\t<div class=\"elementor-element elementor-element-2514b1e elementor-widget elementor-widget-button\" data-id=\"2514b1e\" data-element_type=\"widget\" data-widget_type=\"button.default\">\n\t\t\t\t<div class=\"elementor-widget-container\">\n\t\t\t\t\t\t\t\t\t<div class=\"elementor-button-wrapper\">\n\t\t\t\t\t<a class=\"elementor-button elementor-button-link elementor-size-sm\" href=\"https:\/\/nets360.eu\/fr\/partenaire-commercial-revendeur\/\">\n\t\t\t\t\t\t<span class=\"elementor-button-content-wrapper\">\n\t\t\t\t\t\t\t\t\t<span class=\"elementor-button-text\">En savoir plus<\/span>\n\t\t\t\t\t<\/span>\n\t\t\t\t\t<\/a>\n\t\t\t\t<\/div>\n\t\t\t\t\t\t\t\t<\/div>\n\t\t\t\t<\/div>\n\t\t\t\t<\/div>\n\t\t\t\t\t<\/div>\n\t\t\t\t<\/div>\n\t\t<div class=\"elementor-element elementor-element-d5954ae e-flex e-con-boxed e-con e-parent\" data-id=\"d5954ae\" data-element_type=\"container\">\n\t\t\t\t\t<div class=\"e-con-inner\">\n\t\t\t\t<div class=\"elementor-element elementor-element-611f1e5 elementor-widget-divider--view-line elementor-widget elementor-widget-divider\" data-id=\"611f1e5\" data-element_type=\"widget\" data-widget_type=\"divider.default\">\n\t\t\t\t<div class=\"elementor-widget-container\">\n\t\t\t\t\t\t\t<div class=\"elementor-divider\">\n\t\t\t<span class=\"elementor-divider-separator\">\n\t\t\t\t\t\t<\/span>\n\t\t<\/div>\n\t\t\t\t\t\t<\/div>\n\t\t\t\t<\/div>\n\t\t\t\t\t<\/div>\n\t\t\t\t<\/div>\n\t\t<div class=\"elementor-element elementor-element-00a3448 e-flex e-con-boxed e-con e-parent\" data-id=\"00a3448\" data-element_type=\"container\">\n\t\t\t\t\t<div class=\"e-con-inner\">\n\t\t<div class=\"elementor-element elementor-element-be6309e e-con-full e-flex e-con e-child\" data-id=\"be6309e\" data-element_type=\"container\">\n\t\t\t\t<div class=\"elementor-element elementor-element-66772db elementor-widget elementor-widget-heading\" data-id=\"66772db\" data-element_type=\"widget\" data-widget_type=\"heading.default\">\n\t\t\t\t<div class=\"elementor-widget-container\">\n\t\t\t\t\t<h2 class=\"elementor-heading-title elementor-size-default\">Partenaire du r\u00e9seau<\/h2>\t\t\t\t<\/div>\n\t\t\t\t<\/div>\n\t\t\t\t<\/div>\n\t\t<div class=\"elementor-element elementor-element-4c501b2 e-con-full e-flex e-con e-child\" data-id=\"4c501b2\" data-element_type=\"container\">\n\t\t\t\t<div class=\"elementor-element elementor-element-07e9aa5 elementor-widget elementor-widget-text-editor\" data-id=\"07e9aa5\" data-element_type=\"widget\" data-widget_type=\"text-editor.default\">\n\t\t\t\t<div class=\"elementor-widget-container\">\n\t\t\t\t\t\t\t\t\t<p>D\u00e9centralis\u00e9. Sans limite. Ouvert \u00e0 tous. L&rsquo;internet a r\u00e9\u00e9crit l&rsquo;avenir de presque toutes les entreprises de la plan\u00e8te. Mais \u00e0 mesure que la num\u00e9risation s&rsquo;acc\u00e9l\u00e8re, il devient de plus en plus \u00e9vident que les forces transformatrices de l&rsquo;internet public sont aussi ses faiblesses. La latence paralysante, la complexit\u00e9 et les probl\u00e8mes de s\u00e9curit\u00e9 ne sont que la partie \u00e9merg\u00e9e de l&rsquo;iceberg pour les entreprises qui d\u00e9pendent de l&rsquo;infrastructure de r\u00e9seau. L&rsquo;internet a rapproch\u00e9 le monde, mais il n&rsquo;a pas \u00e9t\u00e9 con\u00e7u pour prendre en charge la connectivit\u00e9 dont votre entreprise a besoin aujourd&rsquo;hui. En d&rsquo;autres termes, vous ne pouvez plus compter sur lui pour fournir des donn\u00e9es et des applications essentielles \u00e0 votre activit\u00e9.       <\/p>\n\t\t\t\t\t\t\t\t<\/div>\n\t\t\t\t<\/div>\n\t\t\t\t<div class=\"elementor-element elementor-element-19386bd elementor-widget elementor-widget-button\" data-id=\"19386bd\" data-element_type=\"widget\" data-widget_type=\"button.default\">\n\t\t\t\t<div class=\"elementor-widget-container\">\n\t\t\t\t\t\t\t\t\t<div class=\"elementor-button-wrapper\">\n\t\t\t\t\t<a class=\"elementor-button elementor-button-link elementor-size-sm\" href=\"https:\/\/nets360.eu\/fr\/partenaire-commercial-isp-nsp\/\">\n\t\t\t\t\t\t<span class=\"elementor-button-content-wrapper\">\n\t\t\t\t\t\t\t\t\t<span class=\"elementor-button-text\">En savoir plus<\/span>\n\t\t\t\t\t<\/span>\n\t\t\t\t\t<\/a>\n\t\t\t\t<\/div>\n\t\t\t\t\t\t\t\t<\/div>\n\t\t\t\t<\/div>\n\t\t\t\t<\/div>\n\t\t\t\t\t<\/div>\n\t\t\t\t<\/div>\n\t\t<div class=\"elementor-element elementor-element-fbf6271 e-flex e-con-boxed e-con e-parent\" data-id=\"fbf6271\" data-element_type=\"container\">\n\t\t\t\t\t<div class=\"e-con-inner\">\n\t\t\t\t<div class=\"elementor-element elementor-element-4b61994 elementor-widget-divider--view-line elementor-widget elementor-widget-divider\" data-id=\"4b61994\" data-element_type=\"widget\" data-widget_type=\"divider.default\">\n\t\t\t\t<div class=\"elementor-widget-container\">\n\t\t\t\t\t\t\t<div class=\"elementor-divider\">\n\t\t\t<span class=\"elementor-divider-separator\">\n\t\t\t\t\t\t<\/span>\n\t\t<\/div>\n\t\t\t\t\t\t<\/div>\n\t\t\t\t<\/div>\n\t\t\t\t\t<\/div>\n\t\t\t\t<\/div>\n\t\t<div class=\"elementor-element elementor-element-d68b63f e-flex e-con-boxed e-con e-parent\" data-id=\"d68b63f\" data-element_type=\"container\">\n\t\t\t\t\t<div class=\"e-con-inner\">\n\t\t<div class=\"elementor-element elementor-element-c9c2ea6 e-con-full e-flex e-con e-child\" data-id=\"c9c2ea6\" data-element_type=\"container\">\n\t\t\t\t<div class=\"elementor-element elementor-element-bb1fb14 elementor-widget elementor-widget-heading\" data-id=\"bb1fb14\" data-element_type=\"widget\" data-widget_type=\"heading.default\">\n\t\t\t\t<div class=\"elementor-widget-container\">\n\t\t\t\t\t<h2 class=\"elementor-heading-title elementor-size-default\">Partenaire de la plate-forme<\/h2>\t\t\t\t<\/div>\n\t\t\t\t<\/div>\n\t\t\t\t<\/div>\n\t\t<div class=\"elementor-element elementor-element-28f85cb e-con-full e-flex e-con e-child\" data-id=\"28f85cb\" data-element_type=\"container\">\n\t\t\t\t<div class=\"elementor-element elementor-element-35cde74 elementor-widget elementor-widget-text-editor\" data-id=\"35cde74\" data-element_type=\"widget\" data-widget_type=\"text-editor.default\">\n\t\t\t\t<div class=\"elementor-widget-container\">\n\t\t\t\t\t\t\t\t\t<p>.<\/p>\n\t\t\t\t\t\t\t\t<\/div>\n\t\t\t\t<\/div>\n\t\t\t\t<div class=\"elementor-element elementor-element-e3d61b9 elementor-widget elementor-widget-button\" data-id=\"e3d61b9\" data-element_type=\"widget\" data-widget_type=\"button.default\">\n\t\t\t\t<div class=\"elementor-widget-container\">\n\t\t\t\t\t\t\t\t\t<div class=\"elementor-button-wrapper\">\n\t\t\t\t\t<a class=\"elementor-button elementor-button-link elementor-size-sm\" href=\"https:\/\/nets360.eu\/business-plattform-partner\/\">\n\t\t\t\t\t\t<span class=\"elementor-button-content-wrapper\">\n\t\t\t\t\t\t\t\t\t<span class=\"elementor-button-text\">En savoir plus<\/span>\n\t\t\t\t\t<\/span>\n\t\t\t\t\t<\/a>\n\t\t\t\t<\/div>\n\t\t\t\t\t\t\t\t<\/div>\n\t\t\t\t<\/div>\n\t\t\t\t<\/div>\n\t\t\t\t\t<\/div>\n\t\t\t\t<\/div>\n\t\t\t\t<\/div>\n\t\t","protected":false},"excerpt":{"rendered":"<p>Partenaire commercial nets360 : Connectez-vous. Collaborez. R\u00e9ussir Mod\u00e8les de partenaires chez nets360 Que ce soit en tant que sp\u00e9cialiste IoT, fournisseur de services informatiques, revendeur, maison de syst\u00e8me, int\u00e9grateur de syst\u00e8me, fournisseur de services ou transporteur avec sa propre infrastructure de r\u00e9seau : En tant que partenaire nets360, vous et vos clients profitez des avantages [&hellip;]<\/p>\n","protected":false},"author":1,"featured_media":0,"parent":0,"menu_order":0,"comment_status":"closed","ping_status":"closed","template":"","meta":{"_acf_changed":false,"inline_featured_image":false,"footnotes":""},"class_list":["post-8480","page","type-page","status-publish","hentry"],"acf":[],"_links":{"self":[{"href":"https:\/\/nets360.eu\/fr\/wp-json\/wp\/v2\/pages\/8480","targetHints":{"allow":["GET"]}}],"collection":[{"href":"https:\/\/nets360.eu\/fr\/wp-json\/wp\/v2\/pages"}],"about":[{"href":"https:\/\/nets360.eu\/fr\/wp-json\/wp\/v2\/types\/page"}],"author":[{"embeddable":true,"href":"https:\/\/nets360.eu\/fr\/wp-json\/wp\/v2\/users\/1"}],"replies":[{"embeddable":true,"href":"https:\/\/nets360.eu\/fr\/wp-json\/wp\/v2\/comments?post=8480"}],"version-history":[{"count":8,"href":"https:\/\/nets360.eu\/fr\/wp-json\/wp\/v2\/pages\/8480\/revisions"}],"predecessor-version":[{"id":11917,"href":"https:\/\/nets360.eu\/fr\/wp-json\/wp\/v2\/pages\/8480\/revisions\/11917"}],"wp:attachment":[{"href":"https:\/\/nets360.eu\/fr\/wp-json\/wp\/v2\/media?parent=8480"}],"curies":[{"name":"wp","href":"https:\/\/api.w.org\/{rel}","templated":true}]}}