{"id":12006,"date":"2024-04-27T08:27:55","date_gmt":"2024-04-27T08:27:55","guid":{"rendered":"https:\/\/nets360.eu\/sim-iot-standard\/"},"modified":"2024-11-06T20:13:01","modified_gmt":"2024-11-06T20:13:01","slug":"sim-iot-standard","status":"publish","type":"page","link":"https:\/\/nets360.eu\/it\/sim-iot-standard\/","title":{"rendered":"SIM IoT standard"},"content":{"rendered":"\t\t<div data-elementor-type=\"wp-page\" data-elementor-id=\"12006\" class=\"elementor elementor-12006 elementor-8205\" data-elementor-post-type=\"page\">\n\t\t\t\t<div class=\"elementor-element elementor-element-5443ba6 e-flex e-con-boxed e-con e-parent\" data-id=\"5443ba6\" data-element_type=\"container\" data-settings=\"{&quot;background_background&quot;:&quot;gradient&quot;}\">\n\t\t\t\t\t<div class=\"e-con-inner\">\n\t\t<div class=\"elementor-element elementor-element-5fc7769 e-flex e-con-boxed e-con e-child\" data-id=\"5fc7769\" data-element_type=\"container\">\n\t\t\t\t\t<div class=\"e-con-inner\">\n\t\t<div class=\"elementor-element elementor-element-774e743 e-flex e-con-boxed e-con e-child\" data-id=\"774e743\" data-element_type=\"container\">\n\t\t\t\t\t<div class=\"e-con-inner\">\n\t\t\t\t<div class=\"elementor-element elementor-element-6486a88 elementor-widget elementor-widget-text-editor\" data-id=\"6486a88\" data-element_type=\"widget\" data-widget_type=\"text-editor.default\">\n\t\t\t\t<div class=\"elementor-widget-container\">\n\t\t\t\t\t\t\t\t\t<p>SIM M2M IoT standard nets360<\/p>\n\t\t\t\t\t\t\t\t<\/div>\n\t\t\t\t<\/div>\n\t\t\t\t<div class=\"elementor-element elementor-element-52638f4 elementor-widget elementor-widget-heading\" data-id=\"52638f4\" data-element_type=\"widget\" data-widget_type=\"heading.default\">\n\t\t\t\t<div class=\"elementor-widget-container\">\n\t\t\t\t\t<h1 class=\"elementor-heading-title elementor-size-default\">La scheda SIM IoT M2M standard<\/h1>\t\t\t\t<\/div>\n\t\t\t\t<\/div>\n\t\t\t\t<div class=\"elementor-element elementor-element-52bc3ac elementor-widget elementor-widget-text-editor\" data-id=\"52bc3ac\" data-element_type=\"widget\" data-widget_type=\"text-editor.default\">\n\t\t\t\t<div class=\"elementor-widget-container\">\n\t\t\t\t\t\t\t\t\t<p>Libera il potenziale dei tuoi progetti IoT con la scheda SIM IoT standard di nets360. Progettata per una connettivit\u00e0 senza interruzioni, la nostra scheda SIM offre una trasmissione dati affidabile e ad alta velocit\u00e0 su pi\u00f9 reti. <\/p>\n\t\t\t\t\t\t\t\t<\/div>\n\t\t\t\t<\/div>\n\t\t\t\t\t<\/div>\n\t\t\t\t<\/div>\n\t\t\t\t\t<\/div>\n\t\t\t\t<\/div>\n\t\t<div class=\"elementor-element elementor-element-98599f0 e-con-full e-flex e-con e-child\" data-id=\"98599f0\" data-element_type=\"container\">\n\t\t\t\t<div class=\"elementor-element elementor-element-fb17bc1 animated-fast elementor-widget elementor-widget-image\" data-id=\"fb17bc1\" data-element_type=\"widget\" data-settings=\"{&quot;_animation&quot;:&quot;none&quot;,&quot;_animation_delay&quot;:200}\" data-widget_type=\"image.default\">\n\t\t\t\t<div class=\"elementor-widget-container\">\n\t\t\t\t\t\t\t\t\t\t\t\t\t\t\t<img decoding=\"async\" src=\"https:\/\/nets360.eu\/wp-content\/uploads\/elementor\/thumbs\/Standard_IoT_SIM-qvbmstjips6h90rsv95d0f66xrl4oaxmp4ee5ue4fw.png\" title=\"Standard_IoT_SIM\" alt=\"Standard_IoT_SIM\" loading=\"lazy\" \/>\t\t\t\t\t\t\t\t\t\t\t\t\t\t\t<\/div>\n\t\t\t\t<\/div>\n\t\t\t\t<\/div>\n\t\t\t\t\t<\/div>\n\t\t\t\t<\/div>\n\t\t<div class=\"elementor-element elementor-element-b74f7ed e-flex e-con-boxed e-con e-parent\" data-id=\"b74f7ed\" data-element_type=\"container\">\n\t\t\t\t\t<div class=\"e-con-inner\">\n\t\t<div class=\"elementor-element elementor-element-6b6f569 e-con-full animated-fast e-flex e-con e-child\" data-id=\"6b6f569\" data-element_type=\"container\" data-settings=\"{&quot;animation&quot;:&quot;none&quot;}\">\n\t\t\t\t<div class=\"elementor-element elementor-element-5bcc251 elementor-widget elementor-widget-heading\" data-id=\"5bcc251\" data-element_type=\"widget\" data-widget_type=\"heading.default\">\n\t\t\t\t<div class=\"elementor-widget-container\">\n\t\t\t\t\t<h2 class=\"elementor-heading-title elementor-size-default\">SIM IoT standard<\/h2>\t\t\t\t<\/div>\n\t\t\t\t<\/div>\n\t\t\t\t<div class=\"elementor-element elementor-element-eda382a elementor-widget elementor-widget-text-editor\" data-id=\"eda382a\" data-element_type=\"widget\" data-widget_type=\"text-editor.default\">\n\t\t\t\t<div class=\"elementor-widget-container\">\n\t\t\t\t\t\t\t\t\t<p>La scheda SIM IoT standard di nets360 offre una soluzione affidabile e versatile per i tuoi progetti IoT. Progettata per una connettivit\u00e0 senza interruzioni, la nostra scheda SIM consente una trasmissione dati stabile e veloce su oltre 600 reti mobili in tutto il mondo. In Europa, copriamo 47 paesi con oltre 80 reti mobili, garantendo la connessione dei tuoi dispositivi sempre e ovunque.  <\/p>\n<p>La nostra SIM card IoT \u00e8 flessibile e scalabile, in modo da adattarsi alle crescenti esigenze dei tuoi progetti, sia che si tratti di piccole applicazioni che di ampi ecosistemi IoT.<\/p>\n<p>Il portale di gestione user-friendly di nets360 rende facile ed efficiente la gestione delle tue schede SIM. Con le opzioni tariffarie pay-as-you-go e data pool + SIM, offriamo modelli di prezzo flessibili e adatti alle esigenze specifiche della tua azienda. <\/p>\n<p>La scheda SIM IoT standard di nets360 \u00e8 la scelta ideale per collegare dispositivi intelligenti, tracciamento degli asset, sensori e molte altre applicazioni IoT. Affidati a nets360 e approfitta di una soluzione comprovata che supporta i tuoi progetti in modo affidabile ed efficiente. <\/p>\n\t\t\t\t\t\t\t\t<\/div>\n\t\t\t\t<\/div>\n\t\t\t\t<\/div>\n\t\t<div class=\"elementor-element elementor-element-b87ab2c e-con-full e-flex e-con e-child\" data-id=\"b87ab2c\" data-element_type=\"container\">\n\t\t\t\t<div class=\"elementor-element elementor-element-304ccd9 animated-fast elementor-widget elementor-widget-image\" data-id=\"304ccd9\" data-element_type=\"widget\" data-settings=\"{&quot;_animation&quot;:&quot;none&quot;,&quot;_animation_delay&quot;:200}\" data-widget_type=\"image.default\">\n\t\t\t\t<div class=\"elementor-widget-container\">\n\t\t\t\t\t\t\t\t\t\t\t\t\t\t\t<img fetchpriority=\"high\" decoding=\"async\" width=\"300\" height=\"197\" src=\"https:\/\/nets360.eu\/wp-content\/uploads\/2024\/10\/Standard_IoT_SIM-300x197.png\" class=\"attachment-medium size-medium wp-image-10762\" alt=\"\" srcset=\"https:\/\/nets360.eu\/wp-content\/uploads\/2024\/10\/Standard_IoT_SIM-300x197.png 300w, https:\/\/nets360.eu\/wp-content\/uploads\/2024\/10\/Standard_IoT_SIM-768x503.png 768w, https:\/\/nets360.eu\/wp-content\/uploads\/2024\/10\/Standard_IoT_SIM.png 1024w\" sizes=\"(max-width: 300px) 100vw, 300px\" \/>\t\t\t\t\t\t\t\t\t\t\t\t\t\t\t<\/div>\n\t\t\t\t<\/div>\n\t\t\t\t<\/div>\n\t\t\t\t\t<\/div>\n\t\t\t\t<\/div>\n\t\t<div class=\"elementor-element elementor-element-c833f67 e-flex e-con-boxed e-con e-parent\" data-id=\"c833f67\" data-element_type=\"container\" data-settings=\"{&quot;background_background&quot;:&quot;gradient&quot;,&quot;shape_divider_top&quot;:&quot;curve&quot;,&quot;shape_divider_bottom&quot;:&quot;curve&quot;}\">\n\t\t\t\t\t<div class=\"e-con-inner\">\n\t\t\t\t<div class=\"elementor-shape elementor-shape-top\" aria-hidden=\"true\" data-negative=\"false\">\n\t\t\t<svg xmlns=\"http:\/\/www.w3.org\/2000\/svg\" viewBox=\"0 0 1000 100\" preserveAspectRatio=\"none\">\n    <path class=\"elementor-shape-fill\" d=\"M1000,4.3V0H0v4.3C0.9,23.1,126.7,99.2,500,100S1000,22.7,1000,4.3z\"\/>\n<\/svg>\t\t<\/div>\n\t\t\t\t<div class=\"elementor-shape elementor-shape-bottom\" aria-hidden=\"true\" data-negative=\"false\">\n\t\t\t<svg xmlns=\"http:\/\/www.w3.org\/2000\/svg\" viewBox=\"0 0 1000 100\" preserveAspectRatio=\"none\">\n    <path class=\"elementor-shape-fill\" d=\"M1000,4.3V0H0v4.3C0.9,23.1,126.7,99.2,500,100S1000,22.7,1000,4.3z\"\/>\n<\/svg>\t\t<\/div>\n\t\t<div class=\"elementor-element elementor-element-c696cfc e-con-full e-flex e-con e-child\" data-id=\"c696cfc\" data-element_type=\"container\" data-settings=\"{&quot;background_background&quot;:&quot;classic&quot;}\">\n\t\t\t\t<div class=\"elementor-element elementor-element-2a12d3e elementor-widget elementor-widget-heading\" data-id=\"2a12d3e\" data-element_type=\"widget\" data-widget_type=\"heading.default\">\n\t\t\t\t<div class=\"elementor-widget-container\">\n\t\t\t\t\t<h2 class=\"elementor-heading-title elementor-size-default\">Benefici inclusi  <\/h2>\t\t\t\t<\/div>\n\t\t\t\t<\/div>\n\t\t\t\t<div class=\"elementor-element elementor-element-833bb4a elementor-position-left elementor-vertical-align-top elementor-widget elementor-widget-image-box\" data-id=\"833bb4a\" data-element_type=\"widget\" data-widget_type=\"image-box.default\">\n\t\t\t\t<div class=\"elementor-widget-container\">\n\t\t\t\t\t<div class=\"elementor-image-box-wrapper\"><figure class=\"elementor-image-box-img\"><img decoding=\"async\" width=\"20\" height=\"20\" src=\"https:\/\/nets360.eu\/wp-content\/uploads\/2023\/12\/check-square-icon.svg\" class=\"attachment-full size-full wp-image-581\" alt=\"\" \/><\/figure><div class=\"elementor-image-box-content\"><h2 class=\"elementor-image-box-title\">Tutte le reti in Europa<\/h2><p class=\"elementor-image-box-description\">Oltre 80 reti in pi\u00f9 di 47 paesi con la migliore copertura di rete, comprese le reti mobili dei paesi limitrofi quando si \u00e8 in prossimit\u00e0 del confine<\/p><\/div><\/div>\t\t\t\t<\/div>\n\t\t\t\t<\/div>\n\t\t\t\t<div class=\"elementor-element elementor-element-aa93cd0 elementor-position-left elementor-vertical-align-top elementor-widget elementor-widget-image-box\" data-id=\"aa93cd0\" data-element_type=\"widget\" data-widget_type=\"image-box.default\">\n\t\t\t\t<div class=\"elementor-widget-container\">\n\t\t\t\t\t<div class=\"elementor-image-box-wrapper\"><figure class=\"elementor-image-box-img\"><img decoding=\"async\" width=\"20\" height=\"20\" src=\"https:\/\/nets360.eu\/wp-content\/uploads\/2023\/12\/check-square-icon.svg\" class=\"attachment-full size-full wp-image-581\" alt=\"\" \/><\/figure><div class=\"elementor-image-box-content\"><h2 class=\"elementor-image-box-title\">+600 reti in tutto il mondo<\/h2><p class=\"elementor-image-box-description\">Copriamo oltre 600 reti mobili in tutto il mondo.<\/p><\/div><\/div>\t\t\t\t<\/div>\n\t\t\t\t<\/div>\n\t\t\t\t<div class=\"elementor-element elementor-element-ab26f53 elementor-position-left elementor-vertical-align-top elementor-widget elementor-widget-image-box\" data-id=\"ab26f53\" data-element_type=\"widget\" data-widget_type=\"image-box.default\">\n\t\t\t\t<div class=\"elementor-widget-container\">\n\t\t\t\t\t<div class=\"elementor-image-box-wrapper\"><figure class=\"elementor-image-box-img\"><img decoding=\"async\" width=\"20\" height=\"20\" src=\"https:\/\/nets360.eu\/wp-content\/uploads\/2023\/12\/check-square-icon.svg\" class=\"attachment-full size-full wp-image-581\" alt=\"\" \/><\/figure><div class=\"elementor-image-box-content\"><h2 class=\"elementor-image-box-title\">Volume dei dati<\/h2><p class=\"elementor-image-box-description\">Opzione 1: Volume dati per scheda SIM (pay-as-you-go) <br> Opzione 2: Volume in pool con schede SIM<\/p><\/div><\/div>\t\t\t\t<\/div>\n\t\t\t\t<\/div>\n\t\t\t\t<div class=\"elementor-element elementor-element-58cceb2 elementor-position-left elementor-vertical-align-top elementor-widget elementor-widget-image-box\" data-id=\"58cceb2\" data-element_type=\"widget\" data-widget_type=\"image-box.default\">\n\t\t\t\t<div class=\"elementor-widget-container\">\n\t\t\t\t\t<div class=\"elementor-image-box-wrapper\"><figure class=\"elementor-image-box-img\"><img decoding=\"async\" width=\"20\" height=\"20\" src=\"https:\/\/nets360.eu\/wp-content\/uploads\/2023\/12\/check-square-icon.svg\" class=\"attachment-full size-full wp-image-581\" alt=\"\" \/><\/figure><div class=\"elementor-image-box-content\"><h2 class=\"elementor-image-box-title\">Tecnologie supportate<\/h2><p class=\"elementor-image-box-description\">2G (GSM\/GPRS\/EDGE), 3G (UMTS\/HSDPA\/HSPA+), 4G (LTE\/LTE Advanced), LTE-M, NB-IoT e tecnologie 5G a seconda del paese e della regione.<\/p><\/div><\/div>\t\t\t\t<\/div>\n\t\t\t\t<\/div>\n\t\t\t\t<div class=\"elementor-element elementor-element-6cc2862 elementor-position-left elementor-vertical-align-top elementor-widget elementor-widget-image-box\" data-id=\"6cc2862\" data-element_type=\"widget\" data-widget_type=\"image-box.default\">\n\t\t\t\t<div class=\"elementor-widget-container\">\n\t\t\t\t\t<div class=\"elementor-image-box-wrapper\"><figure class=\"elementor-image-box-img\"><img decoding=\"async\" width=\"20\" height=\"20\" src=\"https:\/\/nets360.eu\/wp-content\/uploads\/2023\/12\/check-square-icon.svg\" class=\"attachment-full size-full wp-image-581\" alt=\"\" \/><\/figure><div class=\"elementor-image-box-content\"><h2 class=\"elementor-image-box-title\">NB-IoT e LTE-M (LTE Cat M1)<\/h2><p class=\"elementor-image-box-description\">NB-IoT e LTE-M sono particolarmente adatti per i dispositivi IoT a basso consumo energetico. Molti operatori di rete in Europa supportano gi\u00e0 questa tecnologia <\/p><\/div><\/div>\t\t\t\t<\/div>\n\t\t\t\t<\/div>\n\t\t\t\t<div class=\"elementor-element elementor-element-317c8b9 elementor-position-left elementor-vertical-align-top elementor-widget elementor-widget-image-box\" data-id=\"317c8b9\" data-element_type=\"widget\" data-widget_type=\"image-box.default\">\n\t\t\t\t<div class=\"elementor-widget-container\">\n\t\t\t\t\t<div class=\"elementor-image-box-wrapper\"><figure class=\"elementor-image-box-img\"><img decoding=\"async\" width=\"20\" height=\"20\" src=\"https:\/\/nets360.eu\/wp-content\/uploads\/2023\/12\/check-square-icon.svg\" class=\"attachment-full size-full wp-image-581\" alt=\"\" \/><\/figure><div class=\"elementor-image-box-content\"><h2 class=\"elementor-image-box-title\">Protezione contro i furti<\/h2><p class=\"elementor-image-box-description\">In base all'IMEI (numero di identificazione univoco di un dispositivo mobile), l'uso di una scheda SIM \u00e8 limitato a un dispositivo specifico (blocco IMEI).<\/p><\/div><\/div>\t\t\t\t<\/div>\n\t\t\t\t<\/div>\n\t\t\t\t<div class=\"elementor-element elementor-element-192e44e elementor-position-left elementor-vertical-align-top elementor-widget elementor-widget-image-box\" data-id=\"192e44e\" data-element_type=\"widget\" data-widget_type=\"image-box.default\">\n\t\t\t\t<div class=\"elementor-widget-container\">\n\t\t\t\t\t<div class=\"elementor-image-box-wrapper\"><figure class=\"elementor-image-box-img\"><img decoding=\"async\" width=\"20\" height=\"20\" src=\"https:\/\/nets360.eu\/wp-content\/uploads\/2023\/12\/check-square-icon.svg\" class=\"attachment-full size-full wp-image-581\" alt=\"\" \/><\/figure><div class=\"elementor-image-box-content\"><h2 class=\"elementor-image-box-title\">Un contratto, una persona di riferimento<\/h2><p class=\"elementor-image-box-description\">Un unico contratto, un unico punto di contatto in tutta Europa<\/p><\/div><\/div>\t\t\t\t<\/div>\n\t\t\t\t<\/div>\n\t\t\t\t<\/div>\n\t\t<div class=\"elementor-element elementor-element-d2c155b e-con-full e-flex e-con e-child\" data-id=\"d2c155b\" data-element_type=\"container\" data-settings=\"{&quot;background_background&quot;:&quot;classic&quot;}\">\n\t\t\t\t<div class=\"elementor-element elementor-element-ff13854 elementor-widget elementor-widget-heading\" data-id=\"ff13854\" data-element_type=\"widget\" data-widget_type=\"heading.default\">\n\t\t\t\t<div class=\"elementor-widget-container\">\n\t\t\t\t\t<h2 class=\"elementor-heading-title elementor-size-default\">Caratteristiche opzionali<\/h2>\t\t\t\t<\/div>\n\t\t\t\t<\/div>\n\t\t\t\t<div class=\"elementor-element elementor-element-c7682bf elementor-position-left elementor-vertical-align-top elementor-widget elementor-widget-image-box\" data-id=\"c7682bf\" data-element_type=\"widget\" data-widget_type=\"image-box.default\">\n\t\t\t\t<div class=\"elementor-widget-container\">\n\t\t\t\t\t<div class=\"elementor-image-box-wrapper\"><figure class=\"elementor-image-box-img\"><img decoding=\"async\" width=\"20\" height=\"20\" src=\"https:\/\/nets360.eu\/wp-content\/uploads\/2023\/12\/check-square-icon.svg\" class=\"attachment-full size-full wp-image-581\" alt=\"\" \/><\/figure><div class=\"elementor-image-box-content\"><h2 class=\"elementor-image-box-title\">VPN<\/h2><p class=\"elementor-image-box-description\">Connessione VPN tramite IPsec<\/p><\/div><\/div>\t\t\t\t<\/div>\n\t\t\t\t<\/div>\n\t\t\t\t<div class=\"elementor-element elementor-element-6233dfb elementor-position-left elementor-vertical-align-top elementor-widget elementor-widget-image-box\" data-id=\"6233dfb\" data-element_type=\"widget\" data-widget_type=\"image-box.default\">\n\t\t\t\t<div class=\"elementor-widget-container\">\n\t\t\t\t\t<div class=\"elementor-image-box-wrapper\"><figure class=\"elementor-image-box-img\"><img decoding=\"async\" width=\"20\" height=\"20\" src=\"https:\/\/nets360.eu\/wp-content\/uploads\/2023\/12\/check-square-icon.svg\" class=\"attachment-full size-full wp-image-581\" alt=\"\" \/><\/figure><div class=\"elementor-image-box-content\"><h2 class=\"elementor-image-box-title\">Direttamente al cloud<\/h2><p class=\"elementor-image-box-description\">Trasferimento diretto di dati via APN nets360 a oltre 50 provider cloud in Europa, disponibile dal terzo trimestre del 2024.<\/p><\/div><\/div>\t\t\t\t<\/div>\n\t\t\t\t<\/div>\n\t\t\t\t<\/div>\n\t\t\t\t\t<\/div>\n\t\t\t\t<\/div>\n\t\t<div class=\"elementor-element elementor-element-8424109 e-flex e-con-boxed e-con e-parent\" data-id=\"8424109\" data-element_type=\"container\" data-settings=\"{&quot;background_background&quot;:&quot;classic&quot;}\">\n\t\t\t\t\t<div class=\"e-con-inner\">\n\t\t\t\t<div class=\"elementor-element elementor-element-355c8a2 elementor-widget elementor-widget-image\" data-id=\"355c8a2\" data-element_type=\"widget\" data-widget_type=\"image.default\">\n\t\t\t\t<div class=\"elementor-widget-container\">\n\t\t\t\t\t\t\t\t\t\t\t\t\t\t\t<img decoding=\"async\" src=\"https:\/\/nets360.eu\/wp-content\/uploads\/elementor\/thumbs\/Extended-Secure-IoT-SIM-qvbmvrra627voyhin127c6da2b1lu3narq49e40muk.png\" title=\"Extended Secure IoT SIM\" alt=\"Extended Secure IoT SIM\" loading=\"lazy\" \/>\t\t\t\t\t\t\t\t\t\t\t\t\t\t\t<\/div>\n\t\t\t\t<\/div>\n\t\t\t\t<div class=\"elementor-element elementor-element-2dc924e elementor-widget elementor-widget-heading\" data-id=\"2dc924e\" data-element_type=\"widget\" data-widget_type=\"heading.default\">\n\t\t\t\t<div class=\"elementor-widget-container\">\n\t\t\t\t\t<h2 class=\"elementor-heading-title elementor-size-default\">SIM M2M IoT sicura estesa<\/h2>\t\t\t\t<\/div>\n\t\t\t\t<\/div>\n\t\t\t\t<div class=\"elementor-element elementor-element-8b5005e elementor-widget elementor-widget-text-editor\" data-id=\"8b5005e\" data-element_type=\"widget\" data-widget_type=\"text-editor.default\">\n\t\t\t\t<div class=\"elementor-widget-container\">\n\t\t\t\t\t\t\t\t\t<p>Scopri la nostra SIM IoT\/OT con sicurezza cloud integrata.<\/p>\n\t\t\t\t\t\t\t\t<\/div>\n\t\t\t\t<\/div>\n\t\t\t\t<div class=\"elementor-element elementor-element-6a9401f elementor-align-center elementor-widget elementor-widget-button\" data-id=\"6a9401f\" data-element_type=\"widget\" data-widget_type=\"button.default\">\n\t\t\t\t<div class=\"elementor-widget-container\">\n\t\t\t\t\t\t\t\t\t<div class=\"elementor-button-wrapper\">\n\t\t\t\t\t<a class=\"elementor-button elementor-button-link elementor-size-sm\" href=\"https:\/\/nets360.eu\/it\/extended-secure-iot-sim\/\">\n\t\t\t\t\t\t<span class=\"elementor-button-content-wrapper\">\n\t\t\t\t\t\t\t\t\t<span class=\"elementor-button-text\">Per saperne di pi\u00f9<\/span>\n\t\t\t\t\t<\/span>\n\t\t\t\t\t<\/a>\n\t\t\t\t<\/div>\n\t\t\t\t\t\t\t\t<\/div>\n\t\t\t\t<\/div>\n\t\t\t\t\t<\/div>\n\t\t\t\t<\/div>\n\t\t<div class=\"elementor-element elementor-element-909fa51 e-flex e-con-boxed e-con e-parent\" data-id=\"909fa51\" data-element_type=\"container\" data-settings=\"{&quot;background_background&quot;:&quot;gradient&quot;}\">\n\t\t\t\t\t<div class=\"e-con-inner\">\n\t\t<div class=\"elementor-element elementor-element-52b8636 e-con-full e-flex e-con e-child\" data-id=\"52b8636\" data-element_type=\"container\">\n\t\t\t\t<div class=\"elementor-element elementor-element-2fdbabd elementor-widget elementor-widget-image\" data-id=\"2fdbabd\" data-element_type=\"widget\" data-widget_type=\"image.default\">\n\t\t\t\t<div class=\"elementor-widget-container\">\n\t\t\t\t\t\t\t\t\t\t\t\t\t\t\t<img decoding=\"async\" width=\"1920\" height=\"687\" src=\"https:\/\/nets360.eu\/wp-content\/uploads\/2023\/12\/AdobeStock_240045949-min-scaled-1.webp\" class=\"attachment-full size-full wp-image-4980\" alt=\"\" srcset=\"https:\/\/nets360.eu\/wp-content\/uploads\/2023\/12\/AdobeStock_240045949-min-scaled-1.webp 1920w, https:\/\/nets360.eu\/wp-content\/uploads\/2023\/12\/AdobeStock_240045949-min-scaled-1-300x107.webp 300w, https:\/\/nets360.eu\/wp-content\/uploads\/2023\/12\/AdobeStock_240045949-min-scaled-1-1024x366.webp 1024w, https:\/\/nets360.eu\/wp-content\/uploads\/2023\/12\/AdobeStock_240045949-min-scaled-1-768x275.webp 768w, https:\/\/nets360.eu\/wp-content\/uploads\/2023\/12\/AdobeStock_240045949-min-scaled-1-1536x550.webp 1536w\" sizes=\"(max-width: 1920px) 100vw, 1920px\" \/>\t\t\t\t\t\t\t\t\t\t\t\t\t\t\t<\/div>\n\t\t\t\t<\/div>\n\t\t\t\t<\/div>\n\t\t<div class=\"elementor-element elementor-element-4e21806 e-con-full e-flex e-con e-child\" data-id=\"4e21806\" data-element_type=\"container\">\n\t\t<div class=\"elementor-element elementor-element-46223e2 animated-fast e-flex e-con-boxed e-con e-child\" data-id=\"46223e2\" data-element_type=\"container\" data-settings=\"{&quot;animation&quot;:&quot;none&quot;}\">\n\t\t\t\t\t<div class=\"e-con-inner\">\n\t\t\t\t<div class=\"elementor-element elementor-element-d642856 elementor-widget elementor-widget-heading\" data-id=\"d642856\" data-element_type=\"widget\" data-widget_type=\"heading.default\">\n\t\t\t\t<div class=\"elementor-widget-container\">\n\t\t\t\t\t<h2 class=\"elementor-heading-title elementor-size-default\">Iniziare con nets360<\/h2>\t\t\t\t<\/div>\n\t\t\t\t<\/div>\n\t\t\t\t<div class=\"elementor-element elementor-element-dfaf728 elementor-widget elementor-widget-text-editor\" data-id=\"dfaf728\" data-element_type=\"widget\" data-widget_type=\"text-editor.default\">\n\t\t\t\t<div class=\"elementor-widget-container\">\n\t\t\t\t\t\t\t\t\t<p>Consegniamo in tutta Europa e parliamo diverse lingue.<br \/>Parliamo della tua soluzione.<\/p>\n\t\t\t\t\t\t\t\t<\/div>\n\t\t\t\t<\/div>\n\t\t\t\t<div class=\"elementor-element elementor-element-51e1f0b elementor-widget elementor-widget-button\" data-id=\"51e1f0b\" data-element_type=\"widget\" data-widget_type=\"button.default\">\n\t\t\t\t<div class=\"elementor-widget-container\">\n\t\t\t\t\t\t\t\t\t<div class=\"elementor-button-wrapper\">\n\t\t\t\t\t<a class=\"elementor-button elementor-button-link elementor-size-sm\" href=\"https:\/\/nets360.eu\/it\/contatto\/\">\n\t\t\t\t\t\t<span class=\"elementor-button-content-wrapper\">\n\t\t\t\t\t\t\t\t\t<span class=\"elementor-button-text\">Contatto vendite<\/span>\n\t\t\t\t\t<\/span>\n\t\t\t\t\t<\/a>\n\t\t\t\t<\/div>\n\t\t\t\t\t\t\t\t<\/div>\n\t\t\t\t<\/div>\n\t\t\t\t\t<\/div>\n\t\t\t\t<\/div>\n\t\t\t\t<\/div>\n\t\t\t\t\t<\/div>\n\t\t\t\t<\/div>\n\t\t\t\t<\/div>\n\t\t","protected":false},"excerpt":{"rendered":"<p>SIM M2M IoT standard nets360 La scheda SIM IoT M2M standard Libera il potenziale dei tuoi progetti IoT con la scheda SIM IoT standard di nets360. Progettata per una connettivit\u00e0 senza interruzioni, la nostra scheda SIM offre una trasmissione dati affidabile e ad alta velocit\u00e0 su pi\u00f9 reti. SIM IoT standard La scheda SIM IoT [&hellip;]<\/p>\n","protected":false},"author":1,"featured_media":0,"parent":0,"menu_order":0,"comment_status":"closed","ping_status":"closed","template":"","meta":{"_acf_changed":false,"inline_featured_image":false,"footnotes":""},"class_list":["post-12006","page","type-page","status-publish","hentry"],"acf":[],"_links":{"self":[{"href":"https:\/\/nets360.eu\/it\/wp-json\/wp\/v2\/pages\/12006","targetHints":{"allow":["GET"]}}],"collection":[{"href":"https:\/\/nets360.eu\/it\/wp-json\/wp\/v2\/pages"}],"about":[{"href":"https:\/\/nets360.eu\/it\/wp-json\/wp\/v2\/types\/page"}],"author":[{"embeddable":true,"href":"https:\/\/nets360.eu\/it\/wp-json\/wp\/v2\/users\/1"}],"replies":[{"embeddable":true,"href":"https:\/\/nets360.eu\/it\/wp-json\/wp\/v2\/comments?post=12006"}],"version-history":[{"count":1,"href":"https:\/\/nets360.eu\/it\/wp-json\/wp\/v2\/pages\/12006\/revisions"}],"predecessor-version":[{"id":12007,"href":"https:\/\/nets360.eu\/it\/wp-json\/wp\/v2\/pages\/12006\/revisions\/12007"}],"wp:attachment":[{"href":"https:\/\/nets360.eu\/it\/wp-json\/wp\/v2\/media?parent=12006"}],"curies":[{"name":"wp","href":"https:\/\/api.w.org\/{rel}","templated":true}]}}