{"id":5830,"date":"2024-01-01T17:09:57","date_gmt":"2024-01-01T17:09:57","guid":{"rendered":"https:\/\/nets360.eu\/informativa-sui-cookie-2\/"},"modified":"2024-03-21T08:34:39","modified_gmt":"2024-03-21T08:34:39","slug":"informativa-sui-cookie-2","status":"publish","type":"page","link":"https:\/\/nets360.eu\/it\/informativa-sui-cookie-2\/","title":{"rendered":"Informativa sui cookie"},"content":{"rendered":"\t\t<div data-elementor-type=\"wp-page\" data-elementor-id=\"5830\" class=\"elementor elementor-5830 elementor-1233\" data-elementor-post-type=\"page\">\n\t\t\t\t<div class=\"elementor-element elementor-element-09771a0 e-flex e-con-boxed e-con e-parent\" data-id=\"09771a0\" data-element_type=\"container\">\n\t\t\t\t\t<div class=\"e-con-inner\">\n\t\t<div class=\"elementor-element elementor-element-baa6622 e-flex e-con-boxed e-con e-child\" data-id=\"baa6622\" data-element_type=\"container\" data-settings=\"{&quot;background_background&quot;:&quot;classic&quot;}\">\n\t\t\t\t\t<div class=\"e-con-inner\">\n\t\t<div class=\"elementor-element elementor-element-33f4430 e-flex e-con-boxed e-con e-child\" data-id=\"33f4430\" data-element_type=\"container\">\n\t\t\t\t\t<div class=\"e-con-inner\">\n\t\t\t\t<div class=\"elementor-element elementor-element-65c5dfd elementor-widget elementor-widget-text-editor\" data-id=\"65c5dfd\" data-element_type=\"widget\" data-widget_type=\"text-editor.default\">\n\t\t\t\t<div class=\"elementor-widget-container\">\n\t\t\t\t\t\t\t\t\t<p>nets360<\/p>\n\t\t\t\t\t\t\t\t<\/div>\n\t\t\t\t<\/div>\n\t\t\t\t<div class=\"elementor-element elementor-element-02c1a2a elementor-widget elementor-widget-heading\" data-id=\"02c1a2a\" data-element_type=\"widget\" data-widget_type=\"heading.default\">\n\t\t\t\t<div class=\"elementor-widget-container\">\n\t\t\t\t\t<h1 class=\"elementor-heading-title elementor-size-default\">Informativa sui cookie<\/h1>\t\t\t\t<\/div>\n\t\t\t\t<\/div>\n\t\t\t\t\t<\/div>\n\t\t\t\t<\/div>\n\t\t\t\t\t<\/div>\n\t\t\t\t<\/div>\n\t\t\t\t\t<\/div>\n\t\t\t\t<\/div>\n\t\t<div class=\"elementor-element elementor-element-e6e45c9 e-flex e-con-boxed e-con e-parent\" data-id=\"e6e45c9\" data-element_type=\"container\">\n\t\t\t\t\t<div class=\"e-con-inner\">\n\t\t<div class=\"elementor-element elementor-element-997cd63 elementor-hidden-desktop elementor-hidden-tablet elementor-hidden-mobile e-flex e-con-boxed e-con e-child\" data-id=\"997cd63\" data-element_type=\"container\" data-settings=\"{&quot;background_background&quot;:&quot;classic&quot;}\">\n\t\t\t\t\t<div class=\"e-con-inner\">\n\t\t\t\t<div class=\"elementor-element elementor-element-cabd516 elementor-nav-menu--dropdown-mobile elementor-nav-menu__text-align-aside elementor-widget elementor-widget-nav-menu\" data-id=\"cabd516\" data-element_type=\"widget\" data-settings=\"{&quot;layout&quot;:&quot;horizontal&quot;,&quot;submenu_icon&quot;:{&quot;value&quot;:&quot;&lt;svg aria-hidden=\\&quot;true\\&quot; class=\\&quot;e-font-icon-svg e-fas-caret-down\\&quot; viewBox=\\&quot;0 0 320 512\\&quot; xmlns=\\&quot;http:\\\/\\\/www.w3.org\\\/2000\\\/svg\\&quot;&gt;&lt;path d=\\&quot;M31.3 192h257.3c17.8 0 26.7 21.5 14.1 34.1L174.1 354.8c-7.8 7.8-20.5 7.8-28.3 0L17.2 226.1C4.6 213.5 13.5 192 31.3 192z\\&quot;&gt;&lt;\\\/path&gt;&lt;\\\/svg&gt;&quot;,&quot;library&quot;:&quot;fa-solid&quot;}}\" data-widget_type=\"nav-menu.default\">\n\t\t\t\t<div class=\"elementor-widget-container\">\n\t\t\t\t\t\t\t\t<nav aria-label=\"Menu\" class=\"elementor-nav-menu--main elementor-nav-menu__container elementor-nav-menu--layout-horizontal e--pointer-underline e--animation-fade\">\n\t\t\t\t<ul id=\"menu-1-cabd516\" class=\"elementor-nav-menu\"><li class=\"menu-item menu-item-type-post_type menu-item-object-page menu-item-1991\"><a href=\"https:\/\/nets360.eu\/extended-secure-iot-gateway\/\" class=\"elementor-item\">Extended Secure IoT Gateway<\/a><\/li>\n<\/ul>\t\t\t<\/nav>\n\t\t\t\t\t\t<nav class=\"elementor-nav-menu--dropdown elementor-nav-menu__container\" aria-hidden=\"true\">\n\t\t\t\t<ul id=\"menu-2-cabd516\" class=\"elementor-nav-menu\"><li class=\"menu-item menu-item-type-post_type menu-item-object-page menu-item-1991\"><a href=\"https:\/\/nets360.eu\/extended-secure-iot-gateway\/\" class=\"elementor-item\" tabindex=\"-1\">Extended Secure IoT Gateway<\/a><\/li>\n<\/ul>\t\t\t<\/nav>\n\t\t\t\t\t\t<\/div>\n\t\t\t\t<\/div>\n\t\t\t\t\t<\/div>\n\t\t\t\t<\/div>\n\t\t<div class=\"elementor-element elementor-element-8996cfb e-flex e-con-boxed e-con e-child\" data-id=\"8996cfb\" data-element_type=\"container\">\n\t\t\t\t\t<div class=\"e-con-inner\">\n\t\t<div class=\"elementor-element elementor-element-ace239d e-flex e-con-boxed e-con e-child\" data-id=\"ace239d\" data-element_type=\"container\" data-settings=\"{&quot;background_background&quot;:&quot;classic&quot;}\">\n\t\t\t\t\t<div class=\"e-con-inner\">\n\t\t<div class=\"elementor-element elementor-element-4ac8fad e-flex e-con-boxed e-con e-child\" data-id=\"4ac8fad\" data-element_type=\"container\">\n\t\t\t\t\t<div class=\"e-con-inner\">\n\t\t\t\t\t<\/div>\n\t\t\t\t<\/div>\n\t\t\t\t\t<\/div>\n\t\t\t\t<\/div>\n\t\t\t\t\t<\/div>\n\t\t\t\t<\/div>\n\t\t\t\t\t<\/div>\n\t\t\t\t<\/div>\n\t\t<div class=\"elementor-element elementor-element-162eb73a e-flex e-con-boxed e-con e-parent\" data-id=\"162eb73a\" data-element_type=\"container\">\n\t\t\t\t\t<div class=\"e-con-inner\">\n\t\t\t\t<div class=\"elementor-element elementor-element-1abccec elementor-widget elementor-widget-heading\" data-id=\"1abccec\" data-element_type=\"widget\" data-widget_type=\"heading.default\">\n\t\t\t\t<div class=\"elementor-widget-container\">\n\t\t\t\t\t<h2 class=\"elementor-heading-title elementor-size-default\">.<\/h2>\t\t\t\t<\/div>\n\t\t\t\t<\/div>\n\t\t\t\t<div class=\"elementor-element elementor-element-c0eb209 elementor-widget elementor-widget-text-editor\" data-id=\"c0eb209\" data-element_type=\"widget\" data-widget_type=\"text-editor.default\">\n\t\t\t\t<div class=\"elementor-widget-container\">\n\t\t\t\t\t\t\t\t\t<p>Ultimo aggiornamento: 15.07.2023<\/p>\n<p>La presente Informativa sui cookie spiega come nets360 (&#8220;noi&#8221;, &#8220;ci&#8221; o &#8220;nostro&#8221;) utilizza i cookie e tecnologie di tracciamento simili sul nostro sito web. Vi invitiamo a leggere attentamente questa informativa per capire come raccogliamo, utilizziamo e divulghiamo le vostre informazioni attraverso i cookie. Utilizzando il nostro sito web, l&#8217;utente acconsente all&#8217;uso dei cookie come descritto nella presente informativa.<\/p>\n<p>Cosa sono i biscotti?<br \/>I cookie sono piccoli file di testo che vengono inseriti nel dispositivo dell&#8217;utente (computer, tablet o dispositivo mobile) quando visita un sito web. Sono ampiamente utilizzati per far funzionare i siti web in modo pi\u00f9 efficiente e per fornire informazioni ai proprietari del sito.<\/p>\n<p>Come utilizziamo i cookie<br \/>Utilizziamo i cookie per migliorare la vostra esperienza di navigazione, per migliorare la funzionalit\u00e0 del nostro sito web, per analizzare il traffico del sito e per personalizzare i contenuti. I cookie che utilizziamo possono essere classificati come segue:<\/p>\n<p>1. Cookie essenziali: Questi cookie sono necessari per il corretto funzionamento del sito web e non possono essere disabilitati nei nostri sistemi. In genere vengono impostati in risposta ad azioni compiute dall&#8217;utente, come l&#8217;impostazione delle preferenze sulla privacy, il login o la compilazione di moduli.<\/p>\n<p>2. Cookie analitici: Questi cookie ci permettono di raccogliere informazioni su come i visitatori utilizzano il nostro sito web, come il numero di visitatori, le pagine visitate e le fonti di traffico. Utilizziamo queste informazioni per analizzare e migliorare le prestazioni e la funzionalit\u00e0 del nostro sito web.<\/p>\n<p>3. Cookie funzionali: Questi cookie consentono al sito web di fornire una maggiore funzionalit\u00e0 e personalizzazione. Possono essere impostati da noi o da fornitori terzi i cui servizi sono stati aggiunti alle nostre pagine. Questi cookie ci permettono di ricordare le vostre preferenze e di personalizzare la vostra esperienza sul nostro sito web.<\/p>\n<p>4. Cookie pubblicitari: Questi cookie vengono utilizzati per fornire pubblicit\u00e0 pi\u00f9 pertinenti all&#8217;utente e ai suoi interessi. Vengono inoltre utilizzati per limitare il numero di volte in cui si vede una pubblicit\u00e0 e per misurare l&#8217;efficacia delle campagne pubblicitarie. Questi cookie possono essere inseriti da noi o da reti pubblicitarie di terzi con il nostro permesso.<\/p>\n<p>Consenso ai cookie<br \/>Quando visitate il nostro sito web per la prima volta, visualizzeremo un banner sui cookie che vi chieder\u00e0 il consenso all&#8217;uso dei cookie. Continuando a navigare sul nostro sito web dopo aver visto il banner, l&#8217;utente acconsente all&#8217;utilizzo dei cookie da parte nostra come descritto nella presente informativa.<\/p>\n<p>\u00c8 possibile gestire le preferenze relative ai cookie in qualsiasi momento modificando le impostazioni del browser. La maggior parte dei browser consente di bloccare o eliminare i cookie da siti web specifici o da tutti i siti web visitati. Tuttavia, si noti che il blocco o l&#8217;eliminazione dei cookie pu\u00f2 influire sulla funzionalit\u00e0 del nostro sito web e sulla possibilit\u00e0 di accedere a determinate funzioni.<\/p>\n<p>Cookie di terze parti<br \/>Possiamo consentire a fornitori di servizi terzi di inserire cookie nel nostro sito web per aiutarci ad analizzare il traffico del sito, personalizzare i contenuti e fornire pubblicit\u00e0. Questi cookie di terze parti sono soggetti alle rispettive politiche sulla privacy dei fornitori e non sono coperti dalla presente Politica sui cookie.<\/p>\n<p>Attualmente sul nostro sito web utilizziamo i seguenti cookie di terze parti:<\/p>\n<p>&#8211;  [List third-party cookies and their purposes]<\/p>\n<p>Aggiornamenti alla presente Informativa sui cookie<br \/>Possiamo aggiornare periodicamente la presente Politica sui cookie per riflettere le modifiche alle nostre pratiche o per altri motivi operativi, legali o normativi. La versione aggiornata sar\u00e0 indicata da una data &#8220;Ultimo aggiornamento&#8221; all&#8217;inizio della presente informativa. Si consiglia di controllare periodicamente questa pagina per eventuali aggiornamenti.<\/p>\n<p>Contattateci<br \/>In caso di domande o dubbi sull&#8217;utilizzo dei cookie da parte nostra, si prega di contattarci all&#8217;indirizzo.<\/p>\n<p>nets360<br \/>rappresentato da<br \/>norsk nordic O\u00dc<br \/>Sepapaja 6<br \/>Tallinn 15551, Estonia<br \/>webadmin@nets360.eu<\/p>\n<p>Utilizzando il nostro sito web, l&#8217;utente dichiara di aver letto e compreso la presente Informativa sui cookie e di accettare la raccolta, l&#8217;utilizzo e la divulgazione dei propri dati come descritto nel presente documento.<\/p>\n\t\t\t\t\t\t\t\t<\/div>\n\t\t\t\t<\/div>\n\t\t\t\t\t<\/div>\n\t\t\t\t<\/div>\n\t\t\t\t<\/div>\n\t\t","protected":false},"excerpt":{"rendered":"<p>nets360 Informativa sui cookie . Ultimo aggiornamento: 15.07.2023 La presente Informativa sui cookie spiega come nets360 (&#8220;noi&#8221;, &#8220;ci&#8221; o &#8220;nostro&#8221;) utilizza i cookie e tecnologie di tracciamento simili sul nostro sito web. Vi invitiamo a leggere attentamente questa informativa per capire come raccogliamo, utilizziamo e divulghiamo le vostre informazioni attraverso i cookie. Utilizzando il nostro [&hellip;]<\/p>\n","protected":false},"author":1,"featured_media":0,"parent":0,"menu_order":0,"comment_status":"closed","ping_status":"closed","template":"","meta":{"_acf_changed":false,"inline_featured_image":false,"footnotes":""},"class_list":["post-5830","page","type-page","status-publish","hentry"],"acf":[],"_links":{"self":[{"href":"https:\/\/nets360.eu\/it\/wp-json\/wp\/v2\/pages\/5830","targetHints":{"allow":["GET"]}}],"collection":[{"href":"https:\/\/nets360.eu\/it\/wp-json\/wp\/v2\/pages"}],"about":[{"href":"https:\/\/nets360.eu\/it\/wp-json\/wp\/v2\/types\/page"}],"author":[{"embeddable":true,"href":"https:\/\/nets360.eu\/it\/wp-json\/wp\/v2\/users\/1"}],"replies":[{"embeddable":true,"href":"https:\/\/nets360.eu\/it\/wp-json\/wp\/v2\/comments?post=5830"}],"version-history":[{"count":1,"href":"https:\/\/nets360.eu\/it\/wp-json\/wp\/v2\/pages\/5830\/revisions"}],"predecessor-version":[{"id":5832,"href":"https:\/\/nets360.eu\/it\/wp-json\/wp\/v2\/pages\/5830\/revisions\/5832"}],"wp:attachment":[{"href":"https:\/\/nets360.eu\/it\/wp-json\/wp\/v2\/media?parent=5830"}],"curies":[{"name":"wp","href":"https:\/\/api.w.org\/{rel}","templated":true}]}}