{"id":5863,"date":"2024-01-04T13:13:02","date_gmt":"2024-01-04T13:13:02","guid":{"rendered":"https:\/\/nets360.eu\/divulgazione-legale\/"},"modified":"2025-08-14T08:48:06","modified_gmt":"2025-08-14T08:48:06","slug":"divulgazione-legale","status":"publish","type":"page","link":"https:\/\/nets360.eu\/it\/divulgazione-legale\/","title":{"rendered":"Divulgazione legale"},"content":{"rendered":"\t\t<div data-elementor-type=\"wp-page\" data-elementor-id=\"5863\" class=\"elementor elementor-5863 elementor-1372\" data-elementor-post-type=\"page\">\n\t\t\t\t<div class=\"elementor-element elementor-element-5443ba6 e-flex e-con-boxed e-con e-parent\" data-id=\"5443ba6\" data-element_type=\"container\" data-settings=\"{&quot;background_background&quot;:&quot;gradient&quot;}\">\n\t\t\t\t\t<div class=\"e-con-inner\">\n\t\t<div class=\"elementor-element elementor-element-5fc7769 e-flex e-con-boxed e-con e-child\" data-id=\"5fc7769\" data-element_type=\"container\">\n\t\t\t\t\t<div class=\"e-con-inner\">\n\t\t<div class=\"elementor-element elementor-element-774e743 e-flex e-con-boxed e-con e-child\" data-id=\"774e743\" data-element_type=\"container\">\n\t\t\t\t\t<div class=\"e-con-inner\">\n\t\t\t\t<div class=\"elementor-element elementor-element-6486a88 elementor-widget elementor-widget-text-editor\" data-id=\"6486a88\" data-element_type=\"widget\" data-widget_type=\"text-editor.default\">\n\t\t\t\t<div class=\"elementor-widget-container\">\n\t\t\t\t\t\t\t\t\t<p>nets360<\/p>\t\t\t\t\t\t\t\t<\/div>\n\t\t\t\t<\/div>\n\t\t\t\t<div class=\"elementor-element elementor-element-52638f4 elementor-widget elementor-widget-heading\" data-id=\"52638f4\" data-element_type=\"widget\" data-widget_type=\"heading.default\">\n\t\t\t\t<div class=\"elementor-widget-container\">\n\t\t\t\t\t<h1 class=\"elementor-heading-title elementor-size-default\">Divulgazione legale<\/h1>\t\t\t\t<\/div>\n\t\t\t\t<\/div>\n\t\t\t\t\t<\/div>\n\t\t\t\t<\/div>\n\t\t\t\t\t<\/div>\n\t\t\t\t<\/div>\n\t\t\t\t\t<\/div>\n\t\t\t\t<\/div>\n\t\t<div class=\"elementor-element elementor-element-09076b3 e-flex e-con-boxed e-con e-parent\" data-id=\"09076b3\" data-element_type=\"container\">\n\t\t\t\t\t<div class=\"e-con-inner\">\n\t\t\t\t<div class=\"elementor-element elementor-element-68ea3ca elementor-widget elementor-widget-heading\" data-id=\"68ea3ca\" data-element_type=\"widget\" data-widget_type=\"heading.default\">\n\t\t\t\t<div class=\"elementor-widget-container\">\n\t\t\t\t\t<h2 class=\"elementor-heading-title elementor-size-default\">Avviso legale\n\n<\/h2>\t\t\t\t<\/div>\n\t\t\t\t<\/div>\n\t\t\t\t<div class=\"elementor-element elementor-element-6538102 elementor-widget elementor-widget-text-editor\" data-id=\"6538102\" data-element_type=\"widget\" data-widget_type=\"text-editor.default\">\n\t\t\t\t<div class=\"elementor-widget-container\">\n\t\t\t\t\t\t\t\t\t<p><strong>Sede centrale<\/strong><\/p><p>nets360 O\u00dc<\/p><p>Hobujaama 4<br>Tallinn 10151<br>Estonia<\/p><p>Numero di registro commerciale: 16895772<br>Partita IVA: EE102744798  <\/p><p>Telefono: +372 6063940<br>Email: frontdesk@nets360.eu<\/p><p>Rappresentato da: Bernhard Teufel (CEO)<\/p><p>Responsabile dei contenuti: Jaakko M\u00e4kinen<\/p><p><strong>nets360 offre i suoi servizi in tutta Europa. Puoi trovare i nostri uffici e team nel tuo paese nella sezione <a href=\"https:\/\/nets360.eu\/it\/contatto\/\">contatti<\/a>. <\/strong><\/p>\t\t\t\t\t\t\t\t<\/div>\n\t\t\t\t<\/div>\n\t\t\t\t\t<\/div>\n\t\t\t\t<\/div>\n\t\t<div class=\"elementor-element elementor-element-115aa2f e-flex e-con-boxed e-con e-parent\" data-id=\"115aa2f\" data-element_type=\"container\">\n\t\t\t\t\t<div class=\"e-con-inner\">\n\t\t\t\t<div class=\"elementor-element elementor-element-7cdea4c elementor-widget elementor-widget-heading\" data-id=\"7cdea4c\" data-element_type=\"widget\" data-widget_type=\"heading.default\">\n\t\t\t\t<div class=\"elementor-widget-container\">\n\t\t\t\t\t<h2 class=\"elementor-heading-title elementor-size-default\">Esclusione di responsabilit\u00e0\n<\/h2>\t\t\t\t<\/div>\n\t\t\t\t<\/div>\n\t\t\t\t<div class=\"elementor-element elementor-element-38b1dee elementor-widget elementor-widget-text-editor\" data-id=\"38b1dee\" data-element_type=\"widget\" data-widget_type=\"text-editor.default\">\n\t\t\t\t<div class=\"elementor-widget-container\">\n\t\t\t\t\t\t\t\t\t<p>nets360 fornisce servizi esclusivamente a clienti commerciali, autorit\u00e0 pubbliche e organizzazioni non governative (ONG) all&#8217;interno dello Spazio Economico Europeo. Non offriamo servizi a privati o consumatori (B2C). <\/p><p><b>Avviso ai sensi dell&#8217;Art. 14 Para. 1 del Regolamento ODR:   <\/b><br>La Commissione Europea mette a disposizione una piattaforma per la risoluzione delle controversie online (ODR), a cui puoi accedere qui: https:\/\/ec.europa.eu\/consumers\/odr\/ <br>Tuttavia, non siamo obbligati n\u00e9 disposti a partecipare a procedure di risoluzione delle controversie davanti a un collegio arbitrale dei consumatori, poich\u00e9 non offriamo servizi ai consumatori.<\/p><p><strong>Disclaimer sulla lingua primaria<\/strong><br>Il contenuto e le informazioni fornite in questo sito web sono principalmente in lingua inglese. Le traduzioni in altre lingue potrebbero essere in ritardo o non aggiornate. Nel caso in cui un determinato contenuto sia disponibile solo in una lingua non inglese, tale contenuto \u00e8 considerato autorevole.  <\/p><p><b>Disclaimer<\/b><strong>sui contenuti di terze parti<\/strong><br>nets360 non \u00e8 responsabile delle informazioni pubblicate o diffuse da terze parti, quali partner e rivenditori.<\/p>\t\t\t\t\t\t\t\t<\/div>\n\t\t\t\t<\/div>\n\t\t\t\t\t<\/div>\n\t\t\t\t<\/div>\n\t\t<div class=\"elementor-element elementor-element-76e7bc2 e-flex e-con-boxed e-con e-parent\" data-id=\"76e7bc2\" data-element_type=\"container\">\n\t\t\t\t\t<div class=\"e-con-inner\">\n\t\t\t\t<div class=\"elementor-element elementor-element-0b0a32a elementor-widget elementor-widget-heading\" data-id=\"0b0a32a\" data-element_type=\"widget\" data-widget_type=\"heading.default\">\n\t\t\t\t<div class=\"elementor-widget-container\">\n\t\t\t\t\t<h2 class=\"elementor-heading-title elementor-size-default\">nets360<\/h2>\t\t\t\t<\/div>\n\t\t\t\t<\/div>\n\t\t\t\t<div class=\"elementor-element elementor-element-5289185 elementor-widget elementor-widget-text-editor\" data-id=\"5289185\" data-element_type=\"widget\" data-widget_type=\"text-editor.default\">\n\t\t\t\t<div class=\"elementor-widget-container\">\n\t\t\t\t\t\t\t\t\t<p><strong>Gruppo nets360 \/ Nome del marchio<br><\/strong>Il Gruppo nets360 si riferisce all&#8217;organizzazione europea o a una o pi\u00f9 delle aziende che ne fanno parte. nets360 \u00e8 composto da aziende separate e indipendenti. Le aziende membri del network di aziende indipendenti nets360 sono affiliate al Gruppo nets360. Nessuna societ\u00e0 membro ha l&#8217;autorit\u00e0 di obbligare o vincolare il Gruppo nets360 o qualsiasi altra societ\u00e0 membro nei confronti di terzi, n\u00e9 il Gruppo nets360 ha tale autorit\u00e0 di obbligare o vincolare qualsiasi societ\u00e0 membro.   <\/p><p>Il marchio nets360 \u00e8 di propriet\u00e0 di norsk nordic O\u00dc di Tallinn. Nessuna societ\u00e0 affiliata al marchio nets360 \u00e8 autorizzata a stipulare contratti o ad assumere responsabilit\u00e0 per il marchio stesso. <\/p>\t\t\t\t\t\t\t\t<\/div>\n\t\t\t\t<\/div>\n\t\t\t\t\t<\/div>\n\t\t\t\t<\/div>\n\t\t<div class=\"elementor-element elementor-element-85bfe1b e-flex e-con-boxed e-con e-parent\" data-id=\"85bfe1b\" data-element_type=\"container\">\n\t\t\t\t\t<div class=\"e-con-inner\">\n\t\t\t\t<div class=\"elementor-element elementor-element-d3b6afb elementor-widget elementor-widget-heading\" data-id=\"d3b6afb\" data-element_type=\"widget\" data-widget_type=\"heading.default\">\n\t\t\t\t<div class=\"elementor-widget-container\">\n\t\t\t\t\t<h2 class=\"elementor-heading-title elementor-size-default\">Nota legale relativa alla giurisdizione e alle persone giuridiche\n<\/h2>\t\t\t\t<\/div>\n\t\t\t\t<\/div>\n\t\t\t\t<div class=\"elementor-element elementor-element-a268d5e elementor-widget elementor-widget-text-editor\" data-id=\"a268d5e\" data-element_type=\"widget\" data-widget_type=\"text-editor.default\">\n\t\t\t\t<div class=\"elementor-widget-container\">\n\t\t\t\t\t\t\t\t\t<p>A seconda del paese in cui vengono forniti i nostri servizi, nets360 pu\u00f2 operare attraverso societ\u00e0 affiliate o entit\u00e0 giuridicamente distinte ai sensi della legge locale.<\/p><p>Mentre nets360 O\u00dc, con sede in Estonia, funge da entit\u00e0 legale e operativa centrale, alcuni servizi o rapporti contrattuali possono essere gestiti a livello locale attraverso filiali o entit\u00e0 partner specifiche per ogni paese che fanno parte del pi\u00f9 ampio ecosistema nets360.<\/p><p>Tutte queste entit\u00e0 operano secondo gli stessi standard di qualit\u00e0, conformit\u00e0 e servizio di nets360 O\u00dc.<\/p>\t\t\t\t\t\t\t\t<\/div>\n\t\t\t\t<\/div>\n\t\t\t\t\t<\/div>\n\t\t\t\t<\/div>\n\t\t<div class=\"elementor-element elementor-element-863ea44 e-flex e-con-boxed e-con e-parent\" data-id=\"863ea44\" data-element_type=\"container\">\n\t\t\t\t\t<div class=\"e-con-inner\">\n\t\t\t\t<div class=\"elementor-element elementor-element-0bb53a4 elementor-widget elementor-widget-heading\" data-id=\"0bb53a4\" data-element_type=\"widget\" data-widget_type=\"heading.default\">\n\t\t\t\t<div class=\"elementor-widget-container\">\n\t\t\t\t\t<h2 class=\"elementor-heading-title elementor-size-default\">Segnalazione delle violazioni<\/h2>\t\t\t\t<\/div>\n\t\t\t\t<\/div>\n\t\t\t\t<div class=\"elementor-element elementor-element-3e9964e elementor-widget__width-initial animated-fast elementor-widget elementor-widget-toggle\" data-id=\"3e9964e\" data-element_type=\"widget\" data-settings=\"{&quot;_animation&quot;:&quot;none&quot;}\" data-widget_type=\"toggle.default\">\n\t\t\t\t<div class=\"elementor-widget-container\">\n\t\t\t\t\t\t\t<div class=\"elementor-toggle\">\n\t\t\t\t\t\t\t<div class=\"elementor-toggle-item\">\n\t\t\t\t\t<div id=\"elementor-tab-title-6561\" class=\"elementor-tab-title\" data-tab=\"1\" role=\"button\" aria-controls=\"elementor-tab-content-6561\" aria-expanded=\"false\">\n\t\t\t\t\t\t\t\t\t\t\t\t<span class=\"elementor-toggle-icon elementor-toggle-icon-right\" aria-hidden=\"true\">\n\t\t\t\t\t\t\t\t\t\t\t\t\t\t\t<span class=\"elementor-toggle-icon-closed\"><svg class=\"e-font-icon-svg e-fas-plus\" viewBox=\"0 0 448 512\" xmlns=\"http:\/\/www.w3.org\/2000\/svg\"><path d=\"M416 208H272V64c0-17.67-14.33-32-32-32h-32c-17.67 0-32 14.33-32 32v144H32c-17.67 0-32 14.33-32 32v32c0 17.67 14.33 32 32 32h144v144c0 17.67 14.33 32 32 32h32c17.67 0 32-14.33 32-32V304h144c17.67 0 32-14.33 32-32v-32c0-17.67-14.33-32-32-32z\"><\/path><\/svg><\/span>\n\t\t\t\t\t\t\t\t<span class=\"elementor-toggle-icon-opened\"><svg class=\"elementor-toggle-icon-opened e-font-icon-svg e-fas-minus\" viewBox=\"0 0 448 512\" xmlns=\"http:\/\/www.w3.org\/2000\/svg\"><path d=\"M416 208H32c-17.67 0-32 14.33-32 32v32c0 17.67 14.33 32 32 32h384c17.67 0 32-14.33 32-32v-32c0-17.67-14.33-32-32-32z\"><\/path><\/svg><\/span>\n\t\t\t\t\t\t\t\t\t\t\t\t\t<\/span>\n\t\t\t\t\t\t\t\t\t\t\t\t<a class=\"elementor-toggle-title\" tabindex=\"0\">Segnalazione di una violazione dei dati personali<\/a>\n\t\t\t\t\t<\/div>\n\n\t\t\t\t\t<div id=\"elementor-tab-content-6561\" class=\"elementor-tab-content elementor-clearfix\" data-tab=\"1\" role=\"region\" aria-labelledby=\"elementor-tab-title-6561\"><p>Se ritieni che la riservatezza, la disponibilit\u00e0 o l&#8217;integrit\u00e0 dei tuoi dati personali o di quelli di altri siano stati compromessi da nets360 o da un dipendente di nets360, invia un&#8217;e-mail a <a href=\"mailto:privacy@nets360.eu\">privacy@nets360.eu<\/a>.<\/p>\n<\/div>\n\t\t\t\t<\/div>\n\t\t\t\t\t\t\t<div class=\"elementor-toggle-item\">\n\t\t\t\t\t<div id=\"elementor-tab-title-6562\" class=\"elementor-tab-title\" data-tab=\"2\" role=\"button\" aria-controls=\"elementor-tab-content-6562\" aria-expanded=\"false\">\n\t\t\t\t\t\t\t\t\t\t\t\t<span class=\"elementor-toggle-icon elementor-toggle-icon-right\" aria-hidden=\"true\">\n\t\t\t\t\t\t\t\t\t\t\t\t\t\t\t<span class=\"elementor-toggle-icon-closed\"><svg class=\"e-font-icon-svg e-fas-plus\" viewBox=\"0 0 448 512\" xmlns=\"http:\/\/www.w3.org\/2000\/svg\"><path d=\"M416 208H272V64c0-17.67-14.33-32-32-32h-32c-17.67 0-32 14.33-32 32v144H32c-17.67 0-32 14.33-32 32v32c0 17.67 14.33 32 32 32h144v144c0 17.67 14.33 32 32 32h32c17.67 0 32-14.33 32-32V304h144c17.67 0 32-14.33 32-32v-32c0-17.67-14.33-32-32-32z\"><\/path><\/svg><\/span>\n\t\t\t\t\t\t\t\t<span class=\"elementor-toggle-icon-opened\"><svg class=\"elementor-toggle-icon-opened e-font-icon-svg e-fas-minus\" viewBox=\"0 0 448 512\" xmlns=\"http:\/\/www.w3.org\/2000\/svg\"><path d=\"M416 208H32c-17.67 0-32 14.33-32 32v32c0 17.67 14.33 32 32 32h384c17.67 0 32-14.33 32-32v-32c0-17.67-14.33-32-32-32z\"><\/path><\/svg><\/span>\n\t\t\t\t\t\t\t\t\t\t\t\t\t<\/span>\n\t\t\t\t\t\t\t\t\t\t\t\t<a class=\"elementor-toggle-title\" tabindex=\"0\">Segnalazione di problemi informatici e di sicurezza<\/a>\n\t\t\t\t\t<\/div>\n\n\t\t\t\t\t<div id=\"elementor-tab-content-6562\" class=\"elementor-tab-content elementor-clearfix\" data-tab=\"2\" role=\"region\" aria-labelledby=\"elementor-tab-title-6562\"><p>Se ti sono stati inviati messaggi di spam o di phishing dalla rete nets360, se i tuoi computer sono stati attaccati o se hai ricevuto telefonate truffaldine, invia un&#8217;e-mail a <a href=\"mailto:abuse@nets360.eu\">abuse@nets360.eu<\/a>.<\/p><\/p>\n<\/div>\n\t\t\t\t<\/div>\n\t\t\t\t\t\t\t<div class=\"elementor-toggle-item\">\n\t\t\t\t\t<div id=\"elementor-tab-title-6563\" class=\"elementor-tab-title\" data-tab=\"3\" role=\"button\" aria-controls=\"elementor-tab-content-6563\" aria-expanded=\"false\">\n\t\t\t\t\t\t\t\t\t\t\t\t<span class=\"elementor-toggle-icon elementor-toggle-icon-right\" aria-hidden=\"true\">\n\t\t\t\t\t\t\t\t\t\t\t\t\t\t\t<span class=\"elementor-toggle-icon-closed\"><svg class=\"e-font-icon-svg e-fas-plus\" viewBox=\"0 0 448 512\" xmlns=\"http:\/\/www.w3.org\/2000\/svg\"><path d=\"M416 208H272V64c0-17.67-14.33-32-32-32h-32c-17.67 0-32 14.33-32 32v144H32c-17.67 0-32 14.33-32 32v32c0 17.67 14.33 32 32 32h144v144c0 17.67 14.33 32 32 32h32c17.67 0 32-14.33 32-32V304h144c17.67 0 32-14.33 32-32v-32c0-17.67-14.33-32-32-32z\"><\/path><\/svg><\/span>\n\t\t\t\t\t\t\t\t<span class=\"elementor-toggle-icon-opened\"><svg class=\"elementor-toggle-icon-opened e-font-icon-svg e-fas-minus\" viewBox=\"0 0 448 512\" xmlns=\"http:\/\/www.w3.org\/2000\/svg\"><path d=\"M416 208H32c-17.67 0-32 14.33-32 32v32c0 17.67 14.33 32 32 32h384c17.67 0 32-14.33 32-32v-32c0-17.67-14.33-32-32-32z\"><\/path><\/svg><\/span>\n\t\t\t\t\t\t\t\t\t\t\t\t\t<\/span>\n\t\t\t\t\t\t\t\t\t\t\t\t<a class=\"elementor-toggle-title\" tabindex=\"0\">Segnalazione di contenuti illegali<\/a>\n\t\t\t\t\t<\/div>\n\n\t\t\t\t\t<div id=\"elementor-tab-content-6563\" class=\"elementor-tab-content elementor-clearfix\" data-tab=\"3\" role=\"region\" aria-labelledby=\"elementor-tab-title-6563\"><p>Se noti la presenza di contenuti illegali sui siti web che utilizzano i servizi di web hosting o cloud di nets360, come ad esempio l&#8217;incitamento all&#8217;odio e alla violenza, la violazione della legge sui marchi, il materiale terroristico, ecc.  <a href=\"mailto:illegal@nets360.eu\">illegal@nets360.eu<\/a><\/p><\/p>\n<\/div>\n\t\t\t\t<\/div>\n\t\t\t\t\t\t\t\t<\/div>\n\t\t\t\t\t\t<\/div>\n\t\t\t\t<\/div>\n\t\t\t\t\t<\/div>\n\t\t\t\t<\/div>\n\t\t\t\t<\/div>\n\t\t","protected":false},"excerpt":{"rendered":"<p>nets360 Divulgazione legale Avviso legale Sede centrale nets360 O\u00dc Hobujaama 4Tallinn 10151Estonia Numero di registro commerciale: 16895772Partita IVA: EE102744798 Telefono: +372 6063940Email: frontdesk@nets360.eu Rappresentato da: Bernhard Teufel (CEO) Responsabile dei contenuti: Jaakko M\u00e4kinen nets360 offre i suoi servizi in tutta Europa. Puoi trovare i nostri uffici e team nel tuo paese nella sezione contatti. Esclusione [&hellip;]<\/p>\n","protected":false},"author":1,"featured_media":0,"parent":0,"menu_order":0,"comment_status":"closed","ping_status":"closed","template":"","meta":{"_acf_changed":false,"inline_featured_image":false,"footnotes":""},"class_list":["post-5863","page","type-page","status-publish","hentry"],"acf":[],"_links":{"self":[{"href":"https:\/\/nets360.eu\/it\/wp-json\/wp\/v2\/pages\/5863","targetHints":{"allow":["GET"]}}],"collection":[{"href":"https:\/\/nets360.eu\/it\/wp-json\/wp\/v2\/pages"}],"about":[{"href":"https:\/\/nets360.eu\/it\/wp-json\/wp\/v2\/types\/page"}],"author":[{"embeddable":true,"href":"https:\/\/nets360.eu\/it\/wp-json\/wp\/v2\/users\/1"}],"replies":[{"embeddable":true,"href":"https:\/\/nets360.eu\/it\/wp-json\/wp\/v2\/comments?post=5863"}],"version-history":[{"count":10,"href":"https:\/\/nets360.eu\/it\/wp-json\/wp\/v2\/pages\/5863\/revisions"}],"predecessor-version":[{"id":15313,"href":"https:\/\/nets360.eu\/it\/wp-json\/wp\/v2\/pages\/5863\/revisions\/15313"}],"wp:attachment":[{"href":"https:\/\/nets360.eu\/it\/wp-json\/wp\/v2\/media?parent=5863"}],"curies":[{"name":"wp","href":"https:\/\/api.w.org\/{rel}","templated":true}]}}