{"id":6635,"date":"2024-04-05T15:22:51","date_gmt":"2024-04-05T15:22:51","guid":{"rendered":"https:\/\/nets360.eu\/gestione-dei-vettori-e-dei-fornitori\/"},"modified":"2024-05-17T19:10:13","modified_gmt":"2024-05-17T19:10:13","slug":"gestione-dei-vettori-e-dei-fornitori","status":"publish","type":"page","link":"https:\/\/nets360.eu\/it\/gestione-dei-vettori-e-dei-fornitori\/","title":{"rendered":"Gestione dei vettori e dei fornitori"},"content":{"rendered":"\t\t<div data-elementor-type=\"wp-page\" data-elementor-id=\"6635\" class=\"elementor elementor-6635 elementor-6450\" data-elementor-post-type=\"page\">\n\t\t\t\t<div class=\"elementor-element elementor-element-5443ba6 e-flex e-con-boxed e-con e-parent\" data-id=\"5443ba6\" data-element_type=\"container\">\n\t\t\t\t\t<div class=\"e-con-inner\">\n\t\t<div class=\"elementor-element elementor-element-5fc7769 e-flex e-con-boxed e-con e-child\" data-id=\"5fc7769\" data-element_type=\"container\" data-settings=\"{&quot;background_background&quot;:&quot;gradient&quot;}\">\n\t\t\t\t\t<div class=\"e-con-inner\">\n\t\t<div class=\"elementor-element elementor-element-774e743 e-flex e-con-boxed e-con e-child\" data-id=\"774e743\" data-element_type=\"container\">\n\t\t\t\t\t<div class=\"e-con-inner\">\n\t\t\t\t<div class=\"elementor-element elementor-element-6486a88 elementor-widget elementor-widget-text-editor\" data-id=\"6486a88\" data-element_type=\"widget\" data-widget_type=\"text-editor.default\">\n\t\t\t\t<div class=\"elementor-widget-container\">\n\t\t\t\t\t\t\t\t\t<p>Gestione dei vettori e dei fornitori nets360<\/p>\n\t\t\t\t\t\t\t\t<\/div>\n\t\t\t\t<\/div>\n\t\t\t\t<div class=\"elementor-element elementor-element-52638f4 elementor-widget elementor-widget-heading\" data-id=\"52638f4\" data-element_type=\"widget\" data-widget_type=\"heading.default\">\n\t\t\t\t<div class=\"elementor-widget-container\">\n\t\t\t\t\t<h1 class=\"elementor-heading-title elementor-size-default\">Un solo contatto per tutti i collegamenti<\/h1>\t\t\t\t<\/div>\n\t\t\t\t<\/div>\n\t\t\t\t<div class=\"elementor-element elementor-element-52bc3ac elementor-widget elementor-widget-text-editor\" data-id=\"52bc3ac\" data-element_type=\"widget\" data-widget_type=\"text-editor.default\">\n\t\t\t\t<div class=\"elementor-widget-container\">\n\t\t\t\t\t\t\t\t\t<p>Il nostro servizio di consulenza per la gestione dei fornitori assiste attivamente la vostra azienda nell&#8217;individuare i fornitori pi\u00f9 adatti e le strutture tariffarie pi\u00f9 adatte alle vostre esigenze. Questo servizio copre tutti gli aspetti, tra cui la telefonia e le connessioni Internet, nonch\u00e9 le comunicazioni mobili. Inoltre, offriamo la possibilit\u00e0 di sostituire le connessioni MPLS esistenti, spesso costose, con una soluzione SD-WAN stabile ed efficiente, in combinazione con le nostre soluzioni SD-WAN.<\/p>\n\t\t\t\t\t\t\t\t<\/div>\n\t\t\t\t<\/div>\n\t\t\t\t\t<\/div>\n\t\t\t\t<\/div>\n\t\t\t\t\t<\/div>\n\t\t\t\t<\/div>\n\t\t\t\t\t<\/div>\n\t\t\t\t<\/div>\n\t\t<div class=\"elementor-element elementor-element-049c85b e-flex e-con-boxed e-con e-parent\" data-id=\"049c85b\" data-element_type=\"container\">\n\t\t\t\t\t<div class=\"e-con-inner\">\n\t\t\t\t<div class=\"elementor-element elementor-element-bdb35e8 elementor-widget elementor-widget-heading\" data-id=\"bdb35e8\" data-element_type=\"widget\" data-widget_type=\"heading.default\">\n\t\t\t\t<div class=\"elementor-widget-container\">\n\t\t\t\t\t<h2 class=\"elementor-heading-title elementor-size-default\">Vantaggi dell'orientamento internazionale<\/h2>\t\t\t\t<\/div>\n\t\t\t\t<\/div>\n\t\t\t\t<div class=\"elementor-element elementor-element-a43c34d elementor-widget elementor-widget-text-editor\" data-id=\"a43c34d\" data-element_type=\"widget\" data-widget_type=\"text-editor.default\">\n\t\t\t\t<div class=\"elementor-widget-container\">\n\t\t\t\t\t\t\t\t\t<p>In qualit\u00e0 di azienda che fornisce servizi a PMI nazionali e internazionali, offriamo la possibilit\u00e0 di redigere contratti internazionali e di coordinare la collaborazione con fornitori di diversi Paesi. Con nets360, avete un unico contatto per tutti i Paesi europei.<\/p>\n\t\t\t\t\t\t\t\t<\/div>\n\t\t\t\t<\/div>\n\t\t\t\t<div class=\"elementor-element elementor-element-cbae5b2 elementor-widget elementor-widget-heading\" data-id=\"cbae5b2\" data-element_type=\"widget\" data-widget_type=\"heading.default\">\n\t\t\t\t<div class=\"elementor-widget-container\">\n\t\t\t\t\t<h2 class=\"elementor-heading-title elementor-size-default\">Connessione MPLS vs. SD-WAN<\/h2>\t\t\t\t<\/div>\n\t\t\t\t<\/div>\n\t\t\t\t<div class=\"elementor-element elementor-element-b951001 elementor-widget elementor-widget-text-editor\" data-id=\"b951001\" data-element_type=\"widget\" data-widget_type=\"text-editor.default\">\n\t\t\t\t<div class=\"elementor-widget-container\">\n\t\t\t\t\t\t\t\t\t<p>Storicamente, molte aziende si sono affidate a MPLS per la connettivit\u00e0 dei siti. Questa tecnologia era un tempo necessaria per garantire la migliore connessione possibile e sicura tra le sedi aziendali. Tuttavia, la SD-WAN sta diventando sempre pi\u00f9 diffusa. SD-WAN rappresenta una connessione software-defined realizzata attraverso router adeguati. Tra i suoi vantaggi c&#8217;\u00e8 l&#8217;apertura a diversi fornitori, che consente ai clienti di diverse sedi di scegliere tra pi\u00f9 fornitori. Inoltre, la SD-WAN offre un&#8217;elevata ridondanza grazie alla combinazione di pi\u00f9 provider e connessioni come la fibra ottica, la DSL e le comunicazioni mobili.<\/p><\/p>\n\t\t\t\t\t\t\t\t<\/div>\n\t\t\t\t<\/div>\n\t\t\t\t<div class=\"elementor-element elementor-element-a54935d elementor-widget elementor-widget-heading\" data-id=\"a54935d\" data-element_type=\"widget\" data-widget_type=\"heading.default\">\n\t\t\t\t<div class=\"elementor-widget-container\">\n\t\t\t\t\t<h2 class=\"elementor-heading-title elementor-size-default\">Gestione dei contratti e dei costi<\/h2>\t\t\t\t<\/div>\n\t\t\t\t<\/div>\n\t\t\t\t<div class=\"elementor-element elementor-element-cdcbd0f elementor-widget elementor-widget-text-editor\" data-id=\"cdcbd0f\" data-element_type=\"widget\" data-widget_type=\"text-editor.default\">\n\t\t\t\t<div class=\"elementor-widget-container\">\n\t\t\t\t\t\t\t\t\t<p>Il nostro servizio comprende anche la gestione dei contratti e dei costi. Ci\u00f2 include la creazione e il monitoraggio delle fatture, le ripartizioni in base ai vari requisiti dei clienti interni ed esterni, nonch\u00e9 le revisioni periodiche. Anche la gestione del traffico e dei volumi fa parte della nostra offerta, cos\u00ec come il rilevamento tempestivo di problemi e colli di bottiglia nella telefonia e nella larghezza di banda Internet. Per contratti e trattative complesse, collaboriamo con studi legali di fama internazionale.<\/p>\n\t\t\t\t\t\t\t\t<\/div>\n\t\t\t\t<\/div>\n\t\t\t\t\t<\/div>\n\t\t\t\t<\/div>\n\t\t<div class=\"elementor-element elementor-element-f83f5b3 e-flex e-con-boxed e-con e-parent\" data-id=\"f83f5b3\" data-element_type=\"container\">\n\t\t\t\t\t<div class=\"e-con-inner\">\n\t\t<div class=\"elementor-element elementor-element-3281db8 e-con-full e-flex e-con e-child\" data-id=\"3281db8\" data-element_type=\"container\" data-settings=\"{&quot;animation&quot;:&quot;none&quot;}\">\n\t\t\t\t<div class=\"elementor-element elementor-element-ca50980 animated-fast elementor-widget elementor-widget-image\" data-id=\"ca50980\" data-element_type=\"widget\" data-settings=\"{&quot;_animation&quot;:&quot;none&quot;}\" data-widget_type=\"image.default\">\n\t\t\t\t<div class=\"elementor-widget-container\">\n\t\t\t\t\t\t\t\t\t\t\t\t\t\t\t<img fetchpriority=\"high\" decoding=\"async\" width=\"633\" height=\"380\" src=\"https:\/\/nets360.eu\/wp-content\/uploads\/2023\/11\/network-security-in-office-4153013-3443559-1.svg\" class=\"attachment-full size-full wp-image-55\" alt=\"\" \/>\t\t\t\t\t\t\t\t\t\t\t\t\t\t\t<\/div>\n\t\t\t\t<\/div>\n\t\t\t\t<\/div>\n\t\t<div class=\"elementor-element elementor-element-4ac4736 e-con-full animated-fast e-flex e-con e-child\" data-id=\"4ac4736\" data-element_type=\"container\" data-settings=\"{&quot;animation&quot;:&quot;none&quot;}\">\n\t\t\t\t<div class=\"elementor-element elementor-element-23bb9b4 elementor-widget elementor-widget-heading\" data-id=\"23bb9b4\" data-element_type=\"widget\" data-settings=\"{&quot;_animation&quot;:&quot;none&quot;}\" data-widget_type=\"heading.default\">\n\t\t\t\t<div class=\"elementor-widget-container\">\n\t\t\t\t\t<h2 class=\"elementor-heading-title elementor-size-default\">La nostra consulenza sulla gestione dei fornitori comprende:<\/h2>\t\t\t\t<\/div>\n\t\t\t\t<\/div>\n\t\t\t\t<div class=\"elementor-element elementor-element-5990366 elementor-widget elementor-widget-text-editor\" data-id=\"5990366\" data-element_type=\"widget\" data-settings=\"{&quot;_animation&quot;:&quot;none&quot;}\" data-widget_type=\"text-editor.default\">\n\t\t\t\t<div class=\"elementor-widget-container\">\n\t\t\t\t\t\t\t\t\t<ul>\n \t<li>Internet in fibra ottica<\/li>\n \t<li>Internet via radio<\/li>\n \t<li>Internet via cellulare LTE e 5G<\/li>\n \t<li>Internet via Starlink<\/li>\n \t<li>Soluzioni IoT \/ M2M, sia a livello nazionale che internazionale<\/li>\n \t<li>Connessioni MPLS, a livello nazionale e internazionale<\/li>\n \t<li>Fornitori SIP e telefonia fissa<\/li>\n \t<li>Tariffe di telefonia mobile per telefonia e internet<\/li>\n \t<li>Contratti con fornitori internazionali<\/li>\n<\/ul><br>\nLavoriamo sempre in modo neutrale per aiutarvi a trovare la soluzione migliore.\t\t\t\t\t\t\t\t<\/div>\n\t\t\t\t<\/div>\n\t\t\t\t<\/div>\n\t\t\t\t\t<\/div>\n\t\t\t\t<\/div>\n\t\t<div class=\"elementor-element elementor-element-909fa51 e-flex e-con-boxed e-con e-parent\" data-id=\"909fa51\" data-element_type=\"container\" data-settings=\"{&quot;background_background&quot;:&quot;classic&quot;}\">\n\t\t\t\t\t<div class=\"e-con-inner\">\n\t\t<div class=\"elementor-element elementor-element-52b8636 e-con-full e-flex e-con e-child\" data-id=\"52b8636\" data-element_type=\"container\">\n\t\t\t\t<div class=\"elementor-element elementor-element-2fdbabd elementor-widget elementor-widget-image\" data-id=\"2fdbabd\" data-element_type=\"widget\" data-settings=\"{&quot;_animation&quot;:&quot;none&quot;}\" data-widget_type=\"image.default\">\n\t\t\t\t<div class=\"elementor-widget-container\">\n\t\t\t\t\t\t\t\t\t\t\t\t\t\t\t<img decoding=\"async\" width=\"1920\" height=\"687\" src=\"https:\/\/nets360.eu\/wp-content\/uploads\/2023\/12\/AdobeStock_240045949-min-scaled-1.webp\" class=\"attachment-full size-full wp-image-4980\" alt=\"\" srcset=\"https:\/\/nets360.eu\/wp-content\/uploads\/2023\/12\/AdobeStock_240045949-min-scaled-1.webp 1920w, https:\/\/nets360.eu\/wp-content\/uploads\/2023\/12\/AdobeStock_240045949-min-scaled-1-300x107.webp 300w, https:\/\/nets360.eu\/wp-content\/uploads\/2023\/12\/AdobeStock_240045949-min-scaled-1-1024x366.webp 1024w, https:\/\/nets360.eu\/wp-content\/uploads\/2023\/12\/AdobeStock_240045949-min-scaled-1-768x275.webp 768w, https:\/\/nets360.eu\/wp-content\/uploads\/2023\/12\/AdobeStock_240045949-min-scaled-1-1536x550.webp 1536w\" sizes=\"(max-width: 1920px) 100vw, 1920px\" \/>\t\t\t\t\t\t\t\t\t\t\t\t\t\t\t<\/div>\n\t\t\t\t<\/div>\n\t\t\t\t<\/div>\n\t\t<div class=\"elementor-element elementor-element-4e21806 e-con-full e-flex e-con e-child\" data-id=\"4e21806\" data-element_type=\"container\" data-settings=\"{&quot;background_background&quot;:&quot;classic&quot;}\">\n\t\t<div class=\"elementor-element elementor-element-46223e2 animated-fast e-flex e-con-boxed e-con e-child\" data-id=\"46223e2\" data-element_type=\"container\" data-settings=\"{&quot;animation&quot;:&quot;none&quot;}\">\n\t\t\t\t\t<div class=\"e-con-inner\">\n\t\t\t\t<div class=\"elementor-element elementor-element-d642856 elementor-widget elementor-widget-heading\" data-id=\"d642856\" data-element_type=\"widget\" data-widget_type=\"heading.default\">\n\t\t\t\t<div class=\"elementor-widget-container\">\n\t\t\t\t\t<h2 class=\"elementor-heading-title elementor-size-default\">Iniziare con nets360<\/h2>\t\t\t\t<\/div>\n\t\t\t\t<\/div>\n\t\t\t\t<div class=\"elementor-element elementor-element-dfaf728 elementor-widget elementor-widget-text-editor\" data-id=\"dfaf728\" data-element_type=\"widget\" data-widget_type=\"text-editor.default\">\n\t\t\t\t<div class=\"elementor-widget-container\">\n\t\t\t\t\t\t\t\t\t<p>Consegniamo in tutta Europa e parliamo diverse lingue.<br \/>Parliamo della vostra soluzione.<\/p>\n\t\t\t\t\t\t\t\t<\/div>\n\t\t\t\t<\/div>\n\t\t\t\t<div class=\"elementor-element elementor-element-51e1f0b elementor-widget elementor-widget-button\" data-id=\"51e1f0b\" data-element_type=\"widget\" data-widget_type=\"button.default\">\n\t\t\t\t<div class=\"elementor-widget-container\">\n\t\t\t\t\t\t\t\t\t<div class=\"elementor-button-wrapper\">\n\t\t\t\t\t<a class=\"elementor-button elementor-button-link elementor-size-sm\" href=\"https:\/\/nets360.eu\/it\/contatto\/\">\n\t\t\t\t\t\t<span class=\"elementor-button-content-wrapper\">\n\t\t\t\t\t\t\t\t\t<span class=\"elementor-button-text\">Contatto vendite<\/span>\n\t\t\t\t\t<\/span>\n\t\t\t\t\t<\/a>\n\t\t\t\t<\/div>\n\t\t\t\t\t\t\t\t<\/div>\n\t\t\t\t<\/div>\n\t\t\t\t\t<\/div>\n\t\t\t\t<\/div>\n\t\t\t\t<\/div>\n\t\t\t\t\t<\/div>\n\t\t\t\t<\/div>\n\t\t\t\t<\/div>\n\t\t","protected":false},"excerpt":{"rendered":"<p>Gestione dei vettori e dei fornitori nets360 Un solo contatto per tutti i collegamenti Il nostro servizio di consulenza per la gestione dei fornitori assiste attivamente la vostra azienda nell&#8217;individuare i fornitori pi\u00f9 adatti e le strutture tariffarie pi\u00f9 adatte alle vostre esigenze. Questo servizio copre tutti gli aspetti, tra cui la telefonia e le [&hellip;]<\/p>\n","protected":false},"author":1,"featured_media":0,"parent":0,"menu_order":0,"comment_status":"closed","ping_status":"closed","template":"","meta":{"_acf_changed":false,"inline_featured_image":false,"footnotes":""},"class_list":["post-6635","page","type-page","status-publish","hentry"],"acf":[],"_links":{"self":[{"href":"https:\/\/nets360.eu\/it\/wp-json\/wp\/v2\/pages\/6635","targetHints":{"allow":["GET"]}}],"collection":[{"href":"https:\/\/nets360.eu\/it\/wp-json\/wp\/v2\/pages"}],"about":[{"href":"https:\/\/nets360.eu\/it\/wp-json\/wp\/v2\/types\/page"}],"author":[{"embeddable":true,"href":"https:\/\/nets360.eu\/it\/wp-json\/wp\/v2\/users\/1"}],"replies":[{"embeddable":true,"href":"https:\/\/nets360.eu\/it\/wp-json\/wp\/v2\/comments?post=6635"}],"version-history":[{"count":3,"href":"https:\/\/nets360.eu\/it\/wp-json\/wp\/v2\/pages\/6635\/revisions"}],"predecessor-version":[{"id":9125,"href":"https:\/\/nets360.eu\/it\/wp-json\/wp\/v2\/pages\/6635\/revisions\/9125"}],"wp:attachment":[{"href":"https:\/\/nets360.eu\/it\/wp-json\/wp\/v2\/media?parent=6635"}],"curies":[{"name":"wp","href":"https:\/\/api.w.org\/{rel}","templated":true}]}}