{"id":15264,"date":"2024-01-04T13:13:02","date_gmt":"2024-01-04T13:13:02","guid":{"rendered":"https:\/\/nets360.eu\/teisinis-atskleidimas\/"},"modified":"2025-08-14T08:47:39","modified_gmt":"2025-08-14T08:47:39","slug":"teisinis-atskleidimas","status":"publish","type":"page","link":"https:\/\/nets360.eu\/lt\/teisinis-atskleidimas\/","title":{"rendered":"Teisinis atskleidimas"},"content":{"rendered":"\t\t<div data-elementor-type=\"wp-page\" data-elementor-id=\"15264\" class=\"elementor elementor-15264 elementor-1372\" data-elementor-post-type=\"page\">\n\t\t\t\t<div class=\"elementor-element elementor-element-5443ba6 e-flex e-con-boxed e-con e-parent\" data-id=\"5443ba6\" data-element_type=\"container\" data-settings=\"{&quot;background_background&quot;:&quot;gradient&quot;}\">\n\t\t\t\t\t<div class=\"e-con-inner\">\n\t\t<div class=\"elementor-element elementor-element-5fc7769 e-flex e-con-boxed e-con e-child\" data-id=\"5fc7769\" data-element_type=\"container\">\n\t\t\t\t\t<div class=\"e-con-inner\">\n\t\t<div class=\"elementor-element elementor-element-774e743 e-flex e-con-boxed e-con e-child\" data-id=\"774e743\" data-element_type=\"container\">\n\t\t\t\t\t<div class=\"e-con-inner\">\n\t\t\t\t<div class=\"elementor-element elementor-element-6486a88 elementor-widget elementor-widget-text-editor\" data-id=\"6486a88\" data-element_type=\"widget\" data-widget_type=\"text-editor.default\">\n\t\t\t\t<div class=\"elementor-widget-container\">\n\t\t\t\t\t\t\t\t\t<p>nets360<\/p>\t\t\t\t\t\t\t\t<\/div>\n\t\t\t\t<\/div>\n\t\t\t\t<div class=\"elementor-element elementor-element-52638f4 elementor-widget elementor-widget-heading\" data-id=\"52638f4\" data-element_type=\"widget\" data-widget_type=\"heading.default\">\n\t\t\t\t<div class=\"elementor-widget-container\">\n\t\t\t\t\t<h1 class=\"elementor-heading-title elementor-size-default\">Teisinis atskleidimas<\/h1>\t\t\t\t<\/div>\n\t\t\t\t<\/div>\n\t\t\t\t\t<\/div>\n\t\t\t\t<\/div>\n\t\t\t\t\t<\/div>\n\t\t\t\t<\/div>\n\t\t\t\t\t<\/div>\n\t\t\t\t<\/div>\n\t\t<div class=\"elementor-element elementor-element-09076b3 e-flex e-con-boxed e-con e-parent\" data-id=\"09076b3\" data-element_type=\"container\">\n\t\t\t\t\t<div class=\"e-con-inner\">\n\t\t\t\t<div class=\"elementor-element elementor-element-68ea3ca elementor-widget elementor-widget-heading\" data-id=\"68ea3ca\" data-element_type=\"widget\" data-widget_type=\"heading.default\">\n\t\t\t\t<div class=\"elementor-widget-container\">\n\t\t\t\t\t<h2 class=\"elementor-heading-title elementor-size-default\">Teisinis prane\u0161imas\n\n<\/h2>\t\t\t\t<\/div>\n\t\t\t\t<\/div>\n\t\t\t\t<div class=\"elementor-element elementor-element-6538102 elementor-widget elementor-widget-text-editor\" data-id=\"6538102\" data-element_type=\"widget\" data-widget_type=\"text-editor.default\">\n\t\t\t\t<div class=\"elementor-widget-container\">\n\t\t\t\t\t\t\t\t\t<p><strong>Centrin\u0117 b\u016bstin\u0117<\/strong><\/p><p>Nets360 O\u00dc<\/p><p>Hobujaama 4<br>Talinas 10151<br>Estija<\/p><p>Komercinio registro numeris: 16895772<br>PVM mok\u0117tojo kodas: EE102744798  <\/p><p>Telefonas: +372 6063940<br>El. pa\u0161tas: frontdesk@nets360.eu<\/p><p>Atstovauja: Bernhard Teufel (generalinis direktorius)<\/p><p>Atsakingas u\u017e turin\u012f: Jaakko M\u00e4kinen<\/p><p><strong>Nets360 teikia paslaugas visoje Europoje. M\u016bs\u0173 biurus ir komandas savo \u0161alyje galite rasti <a href=\"https:\/\/nets360.eu\/lt\/susisiekite-su-mumis\/\">kontakt\u0173<\/a> skiltyje. <\/strong><\/p>\t\t\t\t\t\t\t\t<\/div>\n\t\t\t\t<\/div>\n\t\t\t\t\t<\/div>\n\t\t\t\t<\/div>\n\t\t<div class=\"elementor-element elementor-element-115aa2f e-flex e-con-boxed e-con e-parent\" data-id=\"115aa2f\" data-element_type=\"container\">\n\t\t\t\t\t<div class=\"e-con-inner\">\n\t\t\t\t<div class=\"elementor-element elementor-element-7cdea4c elementor-widget elementor-widget-heading\" data-id=\"7cdea4c\" data-element_type=\"widget\" data-widget_type=\"heading.default\">\n\t\t\t\t<div class=\"elementor-widget-container\">\n\t\t\t\t\t<h2 class=\"elementor-heading-title elementor-size-default\">Atsakomyb\u0117s apribojimas\n<\/h2>\t\t\t\t<\/div>\n\t\t\t\t<\/div>\n\t\t\t\t<div class=\"elementor-element elementor-element-38b1dee elementor-widget elementor-widget-text-editor\" data-id=\"38b1dee\" data-element_type=\"widget\" data-widget_type=\"text-editor.default\">\n\t\t\t\t<div class=\"elementor-widget-container\">\n\t\t\t\t\t\t\t\t\t<p>nets360 teikia paslaugas tik verslo klientams, vald\u017eios institucijoms ir nevyriausybin\u0117ms organizacijoms (NVO) Europos ekonomin\u0117je erdv\u0117je. Mes neteikiame paslaug\u0173 privatiems asmenims ar vartotojams (B2C). <\/p><p><b>Prane\u0161imas pagal CK 6.2 straipsn\u012f. 14 dal\u012f. 1 ODR reglament\u0105:   <\/b><br>Europos Komisija teikia internetinio gin\u010d\u0173 sprendimo (EGS) platform\u0105, kuri\u0105 galite pasiekti \u010dia: https:\/\/ec.europa.eu\/consumers\/odr\/ <br>Ta\u010diau mes neprivalome ir nenorime dalyvauti gin\u010d\u0173 sprendimo proced\u016brose vartotoj\u0173 arbitra\u017ee, nes neteikiame paslaug\u0173 vartotojams.<\/p><p><strong>Pagrindin\u0117 kalba Atsakomyb\u0117s apribojimas<\/strong><br>\u0160ios svetain\u0117s turinys ir informacija daugiausia pateikiama angl\u0173 kalba. Vertimai \u012f kitas kalbas gali v\u0117luoti arba b\u016bti neaktual\u016bs. Jei tam tikras turinys pateikiamas tik ne angl\u0173 kalba, jis laikomas autoritetingu.  <\/p><p><strong>Tre\u010di\u0173j\u0173 \u0161ali\u0173 turinio<\/strong> <b>atsisakymas<\/b><br>nets360 neatsako u\u017e tre\u010di\u0173j\u0173 \u0161ali\u0173, pavyzd\u017eiui, partneri\u0173 ir perpardav\u0117j\u0173, skelbiam\u0105 ar platinam\u0105 informacij\u0105.<\/p>\t\t\t\t\t\t\t\t<\/div>\n\t\t\t\t<\/div>\n\t\t\t\t\t<\/div>\n\t\t\t\t<\/div>\n\t\t<div class=\"elementor-element elementor-element-76e7bc2 e-flex e-con-boxed e-con e-parent\" data-id=\"76e7bc2\" data-element_type=\"container\">\n\t\t\t\t\t<div class=\"e-con-inner\">\n\t\t\t\t<div class=\"elementor-element elementor-element-0b0a32a elementor-widget elementor-widget-heading\" data-id=\"0b0a32a\" data-element_type=\"widget\" data-widget_type=\"heading.default\">\n\t\t\t\t<div class=\"elementor-widget-container\">\n\t\t\t\t\t<h2 class=\"elementor-heading-title elementor-size-default\">nets360<\/h2>\t\t\t\t<\/div>\n\t\t\t\t<\/div>\n\t\t\t\t<div class=\"elementor-element elementor-element-5289185 elementor-widget elementor-widget-text-editor\" data-id=\"5289185\" data-element_type=\"widget\" data-widget_type=\"text-editor.default\">\n\t\t\t\t<div class=\"elementor-widget-container\">\n\t\t\t\t\t\t\t\t\t<p><strong>nets360 Group \/ Prek\u0117s \u017eenklas<br><\/strong>nets360 Group rei\u0161kia Europos organizacij\u0105 arba vien\u0105 ar kelias jai priklausan\u010dias \u012fmones. nets360 sudaro atskiros, nepriklausomos \u012fmon\u0117s. Nepriklausom\u0173 \u012fmoni\u0173 tinklo &#8222;nets360&#8221; \u012fmon\u0117s nar\u0117s yra susijusios su &#8222;nets360 Group&#8221;. N\u0117 viena \u012fmon\u0117 nar\u0117 neturi joki\u0173 \u012fgaliojim\u0173 \u012fpareigoti ar \u012fpareigoti &#8222;nets360 Group&#8221; ar bet kuri\u0105 kit\u0105 \u012fmon\u0119 nar\u0119 tre\u010di\u0173j\u0173 \u0161ali\u0173 at\u017evilgiu, o &#8222;nets360 Group&#8221; neturi toki\u0173 \u012fgaliojim\u0173 \u012fpareigoti ar \u012fpareigoti bet kuri\u0105 \u012fmon\u0119 nar\u0119.   <\/p><p>&#8222;nets360&#8221; prek\u0117s \u017eenklas yra &#8222;norsk nordic O\u00dc&#8221; Taline nuosavyb\u0117. N\u0117 viena su nets360 prek\u0117s \u017eenklu susijusi \u012fmon\u0117 n\u0117ra \u012fgaliota sudaryti sutartis ar prisiimti \u012fsipareigojimus u\u017e pat\u012f prek\u0117s \u017eenkl\u0105. <\/p>\t\t\t\t\t\t\t\t<\/div>\n\t\t\t\t<\/div>\n\t\t\t\t\t<\/div>\n\t\t\t\t<\/div>\n\t\t<div class=\"elementor-element elementor-element-85bfe1b e-flex e-con-boxed e-con e-parent\" data-id=\"85bfe1b\" data-element_type=\"container\">\n\t\t\t\t\t<div class=\"e-con-inner\">\n\t\t\t\t<div class=\"elementor-element elementor-element-d3b6afb elementor-widget elementor-widget-heading\" data-id=\"d3b6afb\" data-element_type=\"widget\" data-widget_type=\"heading.default\">\n\t\t\t\t<div class=\"elementor-widget-container\">\n\t\t\t\t\t<h2 class=\"elementor-heading-title elementor-size-default\">Teisin\u0117 pastaba d\u0117l jurisdikcijos ir juridini\u0173 asmen\u0173\n<\/h2>\t\t\t\t<\/div>\n\t\t\t\t<\/div>\n\t\t\t\t<div class=\"elementor-element elementor-element-a268d5e elementor-widget elementor-widget-text-editor\" data-id=\"a268d5e\" data-element_type=\"widget\" data-widget_type=\"text-editor.default\">\n\t\t\t\t<div class=\"elementor-widget-container\">\n\t\t\t\t\t\t\t\t\t<p>Priklausomai nuo \u0161alies, kurioje teikiamos m\u016bs\u0173 paslaugos, &#8222;nets360&#8221; gali veikti per susijusias \u012fmones arba teisi\u0161kai atskirus subjektus pagal vietos \u012fstatymus.<\/p><p>Estijoje \u012fsik\u016brusi &#8222;nets360 O\u00dc&#8221; yra centrinis juridinis ir veiklos subjektas, ta\u010diau tam tikros paslaugos ar sutartiniai santykiai gali b\u016bti teikiami per konkre\u010dios \u0161alies filialus ar partnerius, kurie yra platesn\u0117s &#8222;nets360&#8221; ekosistemos dalis.<\/p><p>Visi \u0161ie subjektai veikia pagal tuos pa\u010dius kokyb\u0117s, atitikties ir paslaug\u0173 standartus kaip ir &#8222;nets360 O\u00dc&#8221;.<\/p>\t\t\t\t\t\t\t\t<\/div>\n\t\t\t\t<\/div>\n\t\t\t\t\t<\/div>\n\t\t\t\t<\/div>\n\t\t<div class=\"elementor-element elementor-element-863ea44 e-flex e-con-boxed e-con e-parent\" data-id=\"863ea44\" data-element_type=\"container\">\n\t\t\t\t\t<div class=\"e-con-inner\">\n\t\t\t\t<div class=\"elementor-element elementor-element-0bb53a4 elementor-widget elementor-widget-heading\" data-id=\"0bb53a4\" data-element_type=\"widget\" data-widget_type=\"heading.default\">\n\t\t\t\t<div class=\"elementor-widget-container\">\n\t\t\t\t\t<h2 class=\"elementor-heading-title elementor-size-default\">Prane\u0161imas apie pa\u017eeidimus<\/h2>\t\t\t\t<\/div>\n\t\t\t\t<\/div>\n\t\t\t\t<div class=\"elementor-element elementor-element-3e9964e elementor-widget__width-initial animated-fast elementor-widget elementor-widget-toggle\" data-id=\"3e9964e\" data-element_type=\"widget\" data-settings=\"{&quot;_animation&quot;:&quot;none&quot;}\" data-widget_type=\"toggle.default\">\n\t\t\t\t<div class=\"elementor-widget-container\">\n\t\t\t\t\t\t\t<div class=\"elementor-toggle\">\n\t\t\t\t\t\t\t<div class=\"elementor-toggle-item\">\n\t\t\t\t\t<div id=\"elementor-tab-title-6561\" class=\"elementor-tab-title\" data-tab=\"1\" role=\"button\" aria-controls=\"elementor-tab-content-6561\" aria-expanded=\"false\">\n\t\t\t\t\t\t\t\t\t\t\t\t<span class=\"elementor-toggle-icon elementor-toggle-icon-right\" aria-hidden=\"true\">\n\t\t\t\t\t\t\t\t\t\t\t\t\t\t\t<span class=\"elementor-toggle-icon-closed\"><svg class=\"e-font-icon-svg e-fas-plus\" viewBox=\"0 0 448 512\" xmlns=\"http:\/\/www.w3.org\/2000\/svg\"><path d=\"M416 208H272V64c0-17.67-14.33-32-32-32h-32c-17.67 0-32 14.33-32 32v144H32c-17.67 0-32 14.33-32 32v32c0 17.67 14.33 32 32 32h144v144c0 17.67 14.33 32 32 32h32c17.67 0 32-14.33 32-32V304h144c17.67 0 32-14.33 32-32v-32c0-17.67-14.33-32-32-32z\"><\/path><\/svg><\/span>\n\t\t\t\t\t\t\t\t<span class=\"elementor-toggle-icon-opened\"><svg class=\"elementor-toggle-icon-opened e-font-icon-svg e-fas-minus\" viewBox=\"0 0 448 512\" xmlns=\"http:\/\/www.w3.org\/2000\/svg\"><path d=\"M416 208H32c-17.67 0-32 14.33-32 32v32c0 17.67 14.33 32 32 32h384c17.67 0 32-14.33 32-32v-32c0-17.67-14.33-32-32-32z\"><\/path><\/svg><\/span>\n\t\t\t\t\t\t\t\t\t\t\t\t\t<\/span>\n\t\t\t\t\t\t\t\t\t\t\t\t<a class=\"elementor-toggle-title\" tabindex=\"0\">Prane\u0161imas apie asmens duomen\u0173 saugumo pa\u017eeidim\u0105<\/a>\n\t\t\t\t\t<\/div>\n\n\t\t\t\t\t<div id=\"elementor-tab-content-6561\" class=\"elementor-tab-content elementor-clearfix\" data-tab=\"1\" role=\"region\" aria-labelledby=\"elementor-tab-title-6561\"><p>Jei manote, kad &#8222;nets360&#8221; ar jos darbuotojas pa\u017eeid\u0117 j\u016bs\u0173 ar kieno nors kito asmens duomen\u0173 konfidencialum\u0105, prieinamum\u0105 ar vientisum\u0105, si\u0173skite apie tai el. lai\u0161k\u0105 adresu <a href=\"mailto:privacy@nets360.eu\">privacy@nets360.eu<\/a>.<\/p>\n<\/div>\n\t\t\t\t<\/div>\n\t\t\t\t\t\t\t<div class=\"elementor-toggle-item\">\n\t\t\t\t\t<div id=\"elementor-tab-title-6562\" class=\"elementor-tab-title\" data-tab=\"2\" role=\"button\" aria-controls=\"elementor-tab-content-6562\" aria-expanded=\"false\">\n\t\t\t\t\t\t\t\t\t\t\t\t<span class=\"elementor-toggle-icon elementor-toggle-icon-right\" aria-hidden=\"true\">\n\t\t\t\t\t\t\t\t\t\t\t\t\t\t\t<span class=\"elementor-toggle-icon-closed\"><svg class=\"e-font-icon-svg e-fas-plus\" viewBox=\"0 0 448 512\" xmlns=\"http:\/\/www.w3.org\/2000\/svg\"><path d=\"M416 208H272V64c0-17.67-14.33-32-32-32h-32c-17.67 0-32 14.33-32 32v144H32c-17.67 0-32 14.33-32 32v32c0 17.67 14.33 32 32 32h144v144c0 17.67 14.33 32 32 32h32c17.67 0 32-14.33 32-32V304h144c17.67 0 32-14.33 32-32v-32c0-17.67-14.33-32-32-32z\"><\/path><\/svg><\/span>\n\t\t\t\t\t\t\t\t<span class=\"elementor-toggle-icon-opened\"><svg class=\"elementor-toggle-icon-opened e-font-icon-svg e-fas-minus\" viewBox=\"0 0 448 512\" xmlns=\"http:\/\/www.w3.org\/2000\/svg\"><path d=\"M416 208H32c-17.67 0-32 14.33-32 32v32c0 17.67 14.33 32 32 32h384c17.67 0 32-14.33 32-32v-32c0-17.67-14.33-32-32-32z\"><\/path><\/svg><\/span>\n\t\t\t\t\t\t\t\t\t\t\t\t\t<\/span>\n\t\t\t\t\t\t\t\t\t\t\t\t<a class=\"elementor-toggle-title\" tabindex=\"0\">Prane\u0161imai apie IT ir saugumo problemas<\/a>\n\t\t\t\t\t<\/div>\n\n\t\t\t\t\t<div id=\"elementor-tab-content-6562\" class=\"elementor-tab-content elementor-clearfix\" data-tab=\"2\" role=\"region\" aria-labelledby=\"elementor-tab-title-6562\"><p>Jei i\u0161 &#8222;nets360&#8221; tinklo jums buvo i\u0161si\u0173sta nepageidaujam\u0173 lai\u0161k\u0173 ar suk\u010diavimo prane\u0161im\u0173, j\u016bs\u0173 kompiuteriai buvo atakuoti arba sulauk\u0117te suk\u010di\u0173 skambu\u010di\u0173, si\u0173skite el. lai\u0161k\u0105 adresu <a href=\"mailto:abuse@nets360.eu\">abuse@nets360.eu<\/a>.<\/p><\/p>\n<\/div>\n\t\t\t\t<\/div>\n\t\t\t\t\t\t\t<div class=\"elementor-toggle-item\">\n\t\t\t\t\t<div id=\"elementor-tab-title-6563\" class=\"elementor-tab-title\" data-tab=\"3\" role=\"button\" aria-controls=\"elementor-tab-content-6563\" aria-expanded=\"false\">\n\t\t\t\t\t\t\t\t\t\t\t\t<span class=\"elementor-toggle-icon elementor-toggle-icon-right\" aria-hidden=\"true\">\n\t\t\t\t\t\t\t\t\t\t\t\t\t\t\t<span class=\"elementor-toggle-icon-closed\"><svg class=\"e-font-icon-svg e-fas-plus\" viewBox=\"0 0 448 512\" xmlns=\"http:\/\/www.w3.org\/2000\/svg\"><path d=\"M416 208H272V64c0-17.67-14.33-32-32-32h-32c-17.67 0-32 14.33-32 32v144H32c-17.67 0-32 14.33-32 32v32c0 17.67 14.33 32 32 32h144v144c0 17.67 14.33 32 32 32h32c17.67 0 32-14.33 32-32V304h144c17.67 0 32-14.33 32-32v-32c0-17.67-14.33-32-32-32z\"><\/path><\/svg><\/span>\n\t\t\t\t\t\t\t\t<span class=\"elementor-toggle-icon-opened\"><svg class=\"elementor-toggle-icon-opened e-font-icon-svg e-fas-minus\" viewBox=\"0 0 448 512\" xmlns=\"http:\/\/www.w3.org\/2000\/svg\"><path d=\"M416 208H32c-17.67 0-32 14.33-32 32v32c0 17.67 14.33 32 32 32h384c17.67 0 32-14.33 32-32v-32c0-17.67-14.33-32-32-32z\"><\/path><\/svg><\/span>\n\t\t\t\t\t\t\t\t\t\t\t\t\t<\/span>\n\t\t\t\t\t\t\t\t\t\t\t\t<a class=\"elementor-toggle-title\" tabindex=\"0\">Prane\u0161imas apie neteis\u0117t\u0105 turin\u012f<\/a>\n\t\t\t\t\t<\/div>\n\n\t\t\t\t\t<div id=\"elementor-tab-content-6563\" class=\"elementor-tab-content elementor-clearfix\" data-tab=\"3\" role=\"region\" aria-labelledby=\"elementor-tab-title-6563\"><p>Jei svetain\u0117se, kuriose naudojamos &#8222;nets360&#8221; prieglobos ar debesijos paslaugos, pasteb\u0117jote neteis\u0117t\u0105 turin\u012f, pavyzd\u017eiui, neapykantos ir smurto kurstym\u0105, Preki\u0173 \u017eenkl\u0173 \u012fstatymo pa\u017eeidimus, teroristin\u0119 med\u017eiag\u0105 ir t. t., prane\u0161kite apie tai el. pa\u0161tu.  <a href=\"mailto:illegal@nets360.eu\">illegal@nets360.eu<\/a><\/p><\/p>\n<\/div>\n\t\t\t\t<\/div>\n\t\t\t\t\t\t\t\t<\/div>\n\t\t\t\t\t\t<\/div>\n\t\t\t\t<\/div>\n\t\t\t\t\t<\/div>\n\t\t\t\t<\/div>\n\t\t\t\t<\/div>\n\t\t","protected":false},"excerpt":{"rendered":"<p>nets360 Teisinis atskleidimas Teisinis prane\u0161imas Centrin\u0117 b\u016bstin\u0117 Nets360 O\u00dc Hobujaama 4Talinas 10151Estija Komercinio registro numeris: 16895772PVM mok\u0117tojo kodas: EE102744798 Telefonas: +372 6063940El. pa\u0161tas: frontdesk@nets360.eu Atstovauja: Bernhard Teufel (generalinis direktorius) Atsakingas u\u017e turin\u012f: Jaakko M\u00e4kinen Nets360 teikia paslaugas visoje Europoje. M\u016bs\u0173 biurus ir komandas savo \u0161alyje galite rasti kontakt\u0173 skiltyje. Atsakomyb\u0117s apribojimas nets360 teikia paslaugas tik [&hellip;]<\/p>\n","protected":false},"author":1,"featured_media":0,"parent":0,"menu_order":0,"comment_status":"closed","ping_status":"closed","template":"","meta":{"_acf_changed":false,"inline_featured_image":false,"footnotes":""},"class_list":["post-15264","page","type-page","status-publish","hentry"],"acf":[],"_links":{"self":[{"href":"https:\/\/nets360.eu\/lt\/wp-json\/wp\/v2\/pages\/15264","targetHints":{"allow":["GET"]}}],"collection":[{"href":"https:\/\/nets360.eu\/lt\/wp-json\/wp\/v2\/pages"}],"about":[{"href":"https:\/\/nets360.eu\/lt\/wp-json\/wp\/v2\/types\/page"}],"author":[{"embeddable":true,"href":"https:\/\/nets360.eu\/lt\/wp-json\/wp\/v2\/users\/1"}],"replies":[{"embeddable":true,"href":"https:\/\/nets360.eu\/lt\/wp-json\/wp\/v2\/comments?post=15264"}],"version-history":[{"count":1,"href":"https:\/\/nets360.eu\/lt\/wp-json\/wp\/v2\/pages\/15264\/revisions"}],"predecessor-version":[{"id":15267,"href":"https:\/\/nets360.eu\/lt\/wp-json\/wp\/v2\/pages\/15264\/revisions\/15267"}],"wp:attachment":[{"href":"https:\/\/nets360.eu\/lt\/wp-json\/wp\/v2\/media?parent=15264"}],"curies":[{"name":"wp","href":"https:\/\/api.w.org\/{rel}","templated":true}]}}