{"id":12932,"date":"2024-04-27T08:27:55","date_gmt":"2024-04-27T08:27:55","guid":{"rendered":"https:\/\/nets360.eu\/standaard-iot-sim\/"},"modified":"2025-01-26T12:35:54","modified_gmt":"2025-01-26T12:35:54","slug":"standaard-iot-sim","status":"publish","type":"page","link":"https:\/\/nets360.eu\/nl\/standaard-iot-sim\/","title":{"rendered":"Standaard IoT SIM"},"content":{"rendered":"\t\t<div data-elementor-type=\"wp-page\" data-elementor-id=\"12932\" class=\"elementor elementor-12932 elementor-8205\" data-elementor-post-type=\"page\">\n\t\t\t\t<div class=\"elementor-element elementor-element-5443ba6 e-flex e-con-boxed e-con e-parent\" data-id=\"5443ba6\" data-element_type=\"container\" data-settings=\"{&quot;background_background&quot;:&quot;gradient&quot;}\">\n\t\t\t\t\t<div class=\"e-con-inner\">\n\t\t<div class=\"elementor-element elementor-element-5fc7769 e-flex e-con-boxed e-con e-child\" data-id=\"5fc7769\" data-element_type=\"container\">\n\t\t\t\t\t<div class=\"e-con-inner\">\n\t\t<div class=\"elementor-element elementor-element-774e743 e-flex e-con-boxed e-con e-child\" data-id=\"774e743\" data-element_type=\"container\">\n\t\t\t\t\t<div class=\"e-con-inner\">\n\t\t\t\t<div class=\"elementor-element elementor-element-6486a88 elementor-widget elementor-widget-text-editor\" data-id=\"6486a88\" data-element_type=\"widget\" data-widget_type=\"text-editor.default\">\n\t\t\t\t<div class=\"elementor-widget-container\">\n\t\t\t\t\t\t\t\t\t<p>nets360 Standaard IoT M2M SIM<\/p>\n\t\t\t\t\t\t\t\t<\/div>\n\t\t\t\t<\/div>\n\t\t\t\t<div class=\"elementor-element elementor-element-52638f4 elementor-widget elementor-widget-heading\" data-id=\"52638f4\" data-element_type=\"widget\" data-widget_type=\"heading.default\">\n\t\t\t\t<div class=\"elementor-widget-container\">\n\t\t\t\t\t<h1 class=\"elementor-heading-title elementor-size-default\">De standaard IoT M2M SIM-kaart<\/h1>\t\t\t\t<\/div>\n\t\t\t\t<\/div>\n\t\t\t\t<div class=\"elementor-element elementor-element-52bc3ac elementor-widget elementor-widget-text-editor\" data-id=\"52bc3ac\" data-element_type=\"widget\" data-widget_type=\"text-editor.default\">\n\t\t\t\t<div class=\"elementor-widget-container\">\n\t\t\t\t\t\t\t\t\t<p>Ontgrendel het potentieel van uw IoT-projecten met de nets360 Standard IoT SIM-kaart. Onze SIM-kaart is ontworpen voor naadloze connectiviteit en biedt betrouwbare, snelle datatransmissie via meerdere netwerken. <\/p>\n\t\t\t\t\t\t\t\t<\/div>\n\t\t\t\t<\/div>\n\t\t\t\t\t<\/div>\n\t\t\t\t<\/div>\n\t\t\t\t\t<\/div>\n\t\t\t\t<\/div>\n\t\t<div class=\"elementor-element elementor-element-98599f0 e-con-full e-flex e-con e-child\" data-id=\"98599f0\" data-element_type=\"container\">\n\t\t\t\t<div class=\"elementor-element elementor-element-fb17bc1 animated-fast elementor-widget elementor-widget-image\" data-id=\"fb17bc1\" data-element_type=\"widget\" data-settings=\"{&quot;_animation&quot;:&quot;none&quot;,&quot;_animation_delay&quot;:200}\" data-widget_type=\"image.default\">\n\t\t\t\t<div class=\"elementor-widget-container\">\n\t\t\t\t\t\t\t\t\t\t\t\t\t\t\t<img decoding=\"async\" src=\"https:\/\/nets360.eu\/wp-content\/uploads\/elementor\/thumbs\/Standard_IoT_SIM-qvbmstjips6h90rsv95d0f66xrl4oaxmp4ee5ue4fw.png\" title=\"Standard_IoT_SIM\" alt=\"Standard_IoT_SIM\" loading=\"lazy\" \/>\t\t\t\t\t\t\t\t\t\t\t\t\t\t\t<\/div>\n\t\t\t\t<\/div>\n\t\t\t\t<\/div>\n\t\t\t\t\t<\/div>\n\t\t\t\t<\/div>\n\t\t<div class=\"elementor-element elementor-element-b74f7ed e-flex e-con-boxed e-con e-parent\" data-id=\"b74f7ed\" data-element_type=\"container\">\n\t\t\t\t\t<div class=\"e-con-inner\">\n\t\t<div class=\"elementor-element elementor-element-6b6f569 e-con-full animated-fast e-flex e-con e-child\" data-id=\"6b6f569\" data-element_type=\"container\" data-settings=\"{&quot;animation&quot;:&quot;none&quot;}\">\n\t\t\t\t<div class=\"elementor-element elementor-element-5bcc251 elementor-widget elementor-widget-heading\" data-id=\"5bcc251\" data-element_type=\"widget\" data-widget_type=\"heading.default\">\n\t\t\t\t<div class=\"elementor-widget-container\">\n\t\t\t\t\t<h2 class=\"elementor-heading-title elementor-size-default\">Standaard IoT SIM<\/h2>\t\t\t\t<\/div>\n\t\t\t\t<\/div>\n\t\t\t\t<div class=\"elementor-element elementor-element-eda382a elementor-widget elementor-widget-text-editor\" data-id=\"eda382a\" data-element_type=\"widget\" data-widget_type=\"text-editor.default\">\n\t\t\t\t<div class=\"elementor-widget-container\">\n\t\t\t\t\t\t\t\t\t<p>De nets360 Standaard IoT SIM-kaart biedt een betrouwbare en veelzijdige oplossing voor uw IoT-projecten. Onze SIM-kaart is ontworpen voor naadloze connectiviteit en maakt stabiele en snelle datatransmissie mogelijk via meer dan 600 mobiele netwerken wereldwijd. In Europa dekken we 47 landen met meer dan 80 mobiele netwerken, zodat uw apparaten altijd en overal verbonden blijven.  <\/p>\n<p>Onze IoT SIM-kaart is flexibel en schaalbaar, waardoor deze kan worden aangepast aan de groeiende eisen van uw projecten, of het nu gaat om kleine toepassingen of uitgebreide IoT-ecosystemen.<\/p>\n<p>Met de gebruiksvriendelijke beheerportal van nets360 kunt u uw simkaarten eenvoudig en effici\u00ebnt beheren. Met pay-as-you-go en datapool + SIM-tariefopties bieden we flexibele prijsmodellen die zijn afgestemd op de specifieke behoeften van uw bedrijf. <\/p>\n<p>De nets360 Standaard IoT SIM-kaart is de ideale keuze voor het aansluiten van slimme apparaten, het volgen van bedrijfsmiddelen, sensoren en vele andere IoT-toepassingen. Vertrouw op nets360 en profiteer van een bewezen oplossing die uw projecten betrouwbaar en effici\u00ebnt ondersteunt. <\/p>\n\t\t\t\t\t\t\t\t<\/div>\n\t\t\t\t<\/div>\n\t\t\t\t<\/div>\n\t\t<div class=\"elementor-element elementor-element-b87ab2c e-con-full e-flex e-con e-child\" data-id=\"b87ab2c\" data-element_type=\"container\">\n\t\t\t\t<div class=\"elementor-element elementor-element-304ccd9 animated-fast elementor-widget elementor-widget-image\" data-id=\"304ccd9\" data-element_type=\"widget\" data-settings=\"{&quot;_animation&quot;:&quot;none&quot;,&quot;_animation_delay&quot;:200}\" data-widget_type=\"image.default\">\n\t\t\t\t<div class=\"elementor-widget-container\">\n\t\t\t\t\t\t\t\t\t\t\t\t\t\t\t<img fetchpriority=\"high\" decoding=\"async\" width=\"300\" height=\"197\" src=\"https:\/\/nets360.eu\/wp-content\/uploads\/2024\/10\/Standard_IoT_SIM-300x197.png\" class=\"attachment-medium size-medium wp-image-10756\" alt=\"\" srcset=\"https:\/\/nets360.eu\/wp-content\/uploads\/2024\/10\/Standard_IoT_SIM-300x197.png 300w, https:\/\/nets360.eu\/wp-content\/uploads\/2024\/10\/Standard_IoT_SIM-768x503.png 768w, https:\/\/nets360.eu\/wp-content\/uploads\/2024\/10\/Standard_IoT_SIM.png 1024w\" sizes=\"(max-width: 300px) 100vw, 300px\" \/>\t\t\t\t\t\t\t\t\t\t\t\t\t\t\t<\/div>\n\t\t\t\t<\/div>\n\t\t\t\t<\/div>\n\t\t\t\t\t<\/div>\n\t\t\t\t<\/div>\n\t\t<div class=\"elementor-element elementor-element-c833f67 e-flex e-con-boxed e-con e-parent\" data-id=\"c833f67\" data-element_type=\"container\" data-settings=\"{&quot;background_background&quot;:&quot;gradient&quot;,&quot;shape_divider_top&quot;:&quot;curve&quot;,&quot;shape_divider_bottom&quot;:&quot;curve&quot;}\">\n\t\t\t\t\t<div class=\"e-con-inner\">\n\t\t\t\t<div class=\"elementor-shape elementor-shape-top\" aria-hidden=\"true\" data-negative=\"false\">\n\t\t\t<svg xmlns=\"http:\/\/www.w3.org\/2000\/svg\" viewBox=\"0 0 1000 100\" preserveAspectRatio=\"none\">\n    <path class=\"elementor-shape-fill\" d=\"M1000,4.3V0H0v4.3C0.9,23.1,126.7,99.2,500,100S1000,22.7,1000,4.3z\"\/>\n<\/svg>\t\t<\/div>\n\t\t\t\t<div class=\"elementor-shape elementor-shape-bottom\" aria-hidden=\"true\" data-negative=\"false\">\n\t\t\t<svg xmlns=\"http:\/\/www.w3.org\/2000\/svg\" viewBox=\"0 0 1000 100\" preserveAspectRatio=\"none\">\n    <path class=\"elementor-shape-fill\" d=\"M1000,4.3V0H0v4.3C0.9,23.1,126.7,99.2,500,100S1000,22.7,1000,4.3z\"\/>\n<\/svg>\t\t<\/div>\n\t\t<div class=\"elementor-element elementor-element-c696cfc e-con-full e-flex e-con e-child\" data-id=\"c696cfc\" data-element_type=\"container\" data-settings=\"{&quot;background_background&quot;:&quot;classic&quot;}\">\n\t\t\t\t<div class=\"elementor-element elementor-element-2a12d3e elementor-widget elementor-widget-heading\" data-id=\"2a12d3e\" data-element_type=\"widget\" data-widget_type=\"heading.default\">\n\t\t\t\t<div class=\"elementor-widget-container\">\n\t\t\t\t\t<h2 class=\"elementor-heading-title elementor-size-default\">Voordelen  <\/h2>\t\t\t\t<\/div>\n\t\t\t\t<\/div>\n\t\t\t\t<div class=\"elementor-element elementor-element-833bb4a elementor-position-left elementor-vertical-align-top elementor-widget elementor-widget-image-box\" data-id=\"833bb4a\" data-element_type=\"widget\" data-widget_type=\"image-box.default\">\n\t\t\t\t<div class=\"elementor-widget-container\">\n\t\t\t\t\t<div class=\"elementor-image-box-wrapper\"><figure class=\"elementor-image-box-img\"><img decoding=\"async\" width=\"20\" height=\"20\" src=\"https:\/\/nets360.eu\/wp-content\/uploads\/2023\/12\/check-square-icon.svg\" class=\"attachment-full size-full wp-image-581\" alt=\"\" \/><\/figure><div class=\"elementor-image-box-content\"><h2 class=\"elementor-image-box-title\">Alle netwerken in Europa<\/h2><p class=\"elementor-image-box-description\">Meer dan 80 netwerken in 47+ landen beste netwerkdekking, inclusief mobiele netwerken van buurlanden wanneer je dicht bij de grens bent<\/p><\/div><\/div>\t\t\t\t<\/div>\n\t\t\t\t<\/div>\n\t\t\t\t<div class=\"elementor-element elementor-element-aa93cd0 elementor-position-left elementor-vertical-align-top elementor-widget elementor-widget-image-box\" data-id=\"aa93cd0\" data-element_type=\"widget\" data-widget_type=\"image-box.default\">\n\t\t\t\t<div class=\"elementor-widget-container\">\n\t\t\t\t\t<div class=\"elementor-image-box-wrapper\"><figure class=\"elementor-image-box-img\"><img decoding=\"async\" width=\"20\" height=\"20\" src=\"https:\/\/nets360.eu\/wp-content\/uploads\/2023\/12\/check-square-icon.svg\" class=\"attachment-full size-full wp-image-581\" alt=\"\" \/><\/figure><div class=\"elementor-image-box-content\"><h2 class=\"elementor-image-box-title\">+600 netwerken wereldwijd<\/h2><p class=\"elementor-image-box-description\">We dekken meer dan 600 mobiele netwerken wereldwijd.<\/p><\/div><\/div>\t\t\t\t<\/div>\n\t\t\t\t<\/div>\n\t\t\t\t<div class=\"elementor-element elementor-element-ab26f53 elementor-position-left elementor-vertical-align-top elementor-widget elementor-widget-image-box\" data-id=\"ab26f53\" data-element_type=\"widget\" data-widget_type=\"image-box.default\">\n\t\t\t\t<div class=\"elementor-widget-container\">\n\t\t\t\t\t<div class=\"elementor-image-box-wrapper\"><figure class=\"elementor-image-box-img\"><img decoding=\"async\" width=\"20\" height=\"20\" src=\"https:\/\/nets360.eu\/wp-content\/uploads\/2023\/12\/check-square-icon.svg\" class=\"attachment-full size-full wp-image-581\" alt=\"\" \/><\/figure><div class=\"elementor-image-box-content\"><h2 class=\"elementor-image-box-title\">Hoeveelheid gegevens<\/h2><p class=\"elementor-image-box-description\">Optie 1: Datavolume per SIM-kaart (pay-as-you-go) <br> Optie 2: Volume bundelen met SIM-kaarten<\/p><\/div><\/div>\t\t\t\t<\/div>\n\t\t\t\t<\/div>\n\t\t\t\t<div class=\"elementor-element elementor-element-58cceb2 elementor-position-left elementor-vertical-align-top elementor-widget elementor-widget-image-box\" data-id=\"58cceb2\" data-element_type=\"widget\" data-widget_type=\"image-box.default\">\n\t\t\t\t<div class=\"elementor-widget-container\">\n\t\t\t\t\t<div class=\"elementor-image-box-wrapper\"><figure class=\"elementor-image-box-img\"><img decoding=\"async\" width=\"20\" height=\"20\" src=\"https:\/\/nets360.eu\/wp-content\/uploads\/2023\/12\/check-square-icon.svg\" class=\"attachment-full size-full wp-image-581\" alt=\"\" \/><\/figure><div class=\"elementor-image-box-content\"><h2 class=\"elementor-image-box-title\">Ondersteunde technologie\u00ebn<\/h2><p class=\"elementor-image-box-description\">2G (GSM\/GPRS\/EDGE), 3G (UMTS\/HSDPA\/HSPA+), 4G (LTE\/LTE Advanced), LTE-M, NB-IoT en 5G-technologie\u00ebn, afhankelijk van land en regio.<\/p><\/div><\/div>\t\t\t\t<\/div>\n\t\t\t\t<\/div>\n\t\t\t\t<div class=\"elementor-element elementor-element-6cc2862 elementor-position-left elementor-vertical-align-top elementor-widget elementor-widget-image-box\" data-id=\"6cc2862\" data-element_type=\"widget\" data-widget_type=\"image-box.default\">\n\t\t\t\t<div class=\"elementor-widget-container\">\n\t\t\t\t\t<div class=\"elementor-image-box-wrapper\"><figure class=\"elementor-image-box-img\"><img decoding=\"async\" width=\"20\" height=\"20\" src=\"https:\/\/nets360.eu\/wp-content\/uploads\/2023\/12\/check-square-icon.svg\" class=\"attachment-full size-full wp-image-581\" alt=\"\" \/><\/figure><div class=\"elementor-image-box-content\"><h2 class=\"elementor-image-box-title\">NB-IoT en LTE-M (LTE Cat M1)<\/h2><p class=\"elementor-image-box-description\">NB-IoT en LTE-M zijn bijzonder geschikt voor energiezuinige of energiezuinige IoT-apparaten. Veel netwerkoperators in Europa ondersteunen deze technologie al <\/p><\/div><\/div>\t\t\t\t<\/div>\n\t\t\t\t<\/div>\n\t\t\t\t<div class=\"elementor-element elementor-element-317c8b9 elementor-position-left elementor-vertical-align-top elementor-widget elementor-widget-image-box\" data-id=\"317c8b9\" data-element_type=\"widget\" data-widget_type=\"image-box.default\">\n\t\t\t\t<div class=\"elementor-widget-container\">\n\t\t\t\t\t<div class=\"elementor-image-box-wrapper\"><figure class=\"elementor-image-box-img\"><img decoding=\"async\" width=\"20\" height=\"20\" src=\"https:\/\/nets360.eu\/wp-content\/uploads\/2023\/12\/check-square-icon.svg\" class=\"attachment-full size-full wp-image-581\" alt=\"\" \/><\/figure><div class=\"elementor-image-box-content\"><h2 class=\"elementor-image-box-title\">Bescherming tegen diefstal<\/h2><p class=\"elementor-image-box-description\">Op basis van het IMEI (uniek identificatienummer van een mobiel apparaat) wordt het gebruik van een SIM-kaart beperkt tot een specifiek apparaat (IMEI lock).<\/p><\/div><\/div>\t\t\t\t<\/div>\n\t\t\t\t<\/div>\n\t\t\t\t<div class=\"elementor-element elementor-element-192e44e elementor-position-left elementor-vertical-align-top elementor-widget elementor-widget-image-box\" data-id=\"192e44e\" data-element_type=\"widget\" data-widget_type=\"image-box.default\">\n\t\t\t\t<div class=\"elementor-widget-container\">\n\t\t\t\t\t<div class=\"elementor-image-box-wrapper\"><figure class=\"elementor-image-box-img\"><img decoding=\"async\" width=\"20\" height=\"20\" src=\"https:\/\/nets360.eu\/wp-content\/uploads\/2023\/12\/check-square-icon.svg\" class=\"attachment-full size-full wp-image-581\" alt=\"\" \/><\/figure><div class=\"elementor-image-box-content\"><h2 class=\"elementor-image-box-title\">E\u00e9n contract, \u00e9\u00e9n contactpersoon<\/h2><p class=\"elementor-image-box-description\">E\u00e9n contract, \u00e9\u00e9n aanspreekpunt in heel Europa<\/p><\/div><\/div>\t\t\t\t<\/div>\n\t\t\t\t<\/div>\n\t\t\t\t<\/div>\n\t\t<div class=\"elementor-element elementor-element-d2c155b e-con-full e-flex e-con e-child\" data-id=\"d2c155b\" data-element_type=\"container\" data-settings=\"{&quot;background_background&quot;:&quot;classic&quot;}\">\n\t\t\t\t<div class=\"elementor-element elementor-element-ff13854 elementor-widget elementor-widget-heading\" data-id=\"ff13854\" data-element_type=\"widget\" data-widget_type=\"heading.default\">\n\t\t\t\t<div class=\"elementor-widget-container\">\n\t\t\t\t\t<h2 class=\"elementor-heading-title elementor-size-default\">Optionele functies<\/h2>\t\t\t\t<\/div>\n\t\t\t\t<\/div>\n\t\t\t\t<div class=\"elementor-element elementor-element-c7682bf elementor-position-left elementor-vertical-align-top elementor-widget elementor-widget-image-box\" data-id=\"c7682bf\" data-element_type=\"widget\" data-widget_type=\"image-box.default\">\n\t\t\t\t<div class=\"elementor-widget-container\">\n\t\t\t\t\t<div class=\"elementor-image-box-wrapper\"><figure class=\"elementor-image-box-img\"><img decoding=\"async\" width=\"20\" height=\"20\" src=\"https:\/\/nets360.eu\/wp-content\/uploads\/2023\/12\/check-square-icon.svg\" class=\"attachment-full size-full wp-image-581\" alt=\"\" \/><\/figure><div class=\"elementor-image-box-content\"><h2 class=\"elementor-image-box-title\">VPN<\/h2><p class=\"elementor-image-box-description\">VPN-verbinding via IPsec<\/p><\/div><\/div>\t\t\t\t<\/div>\n\t\t\t\t<\/div>\n\t\t\t\t<div class=\"elementor-element elementor-element-6233dfb elementor-position-left elementor-vertical-align-top elementor-widget elementor-widget-image-box\" data-id=\"6233dfb\" data-element_type=\"widget\" data-widget_type=\"image-box.default\">\n\t\t\t\t<div class=\"elementor-widget-container\">\n\t\t\t\t\t<div class=\"elementor-image-box-wrapper\"><figure class=\"elementor-image-box-img\"><img decoding=\"async\" width=\"20\" height=\"20\" src=\"https:\/\/nets360.eu\/wp-content\/uploads\/2023\/12\/check-square-icon.svg\" class=\"attachment-full size-full wp-image-581\" alt=\"\" \/><\/figure><div class=\"elementor-image-box-content\"><h2 class=\"elementor-image-box-title\">Direct naar cloud<\/h2><p class=\"elementor-image-box-description\">Directe, persoonlijke gegevensoverdracht via nets360 APN naar meer dan 50 cloudproviders in Europa, beschikbaar vanaf Q2.2025<\/p><\/div><\/div>\t\t\t\t<\/div>\n\t\t\t\t<\/div>\n\t\t\t\t<\/div>\n\t\t\t\t\t<\/div>\n\t\t\t\t<\/div>\n\t\t<div class=\"elementor-element elementor-element-8424109 e-flex e-con-boxed e-con e-parent\" data-id=\"8424109\" data-element_type=\"container\" data-settings=\"{&quot;background_background&quot;:&quot;classic&quot;}\">\n\t\t\t\t\t<div class=\"e-con-inner\">\n\t\t\t\t<div class=\"elementor-element elementor-element-355c8a2 elementor-widget elementor-widget-image\" data-id=\"355c8a2\" data-element_type=\"widget\" data-widget_type=\"image.default\">\n\t\t\t\t<div class=\"elementor-widget-container\">\n\t\t\t\t\t\t\t\t\t\t\t\t\t\t\t<img decoding=\"async\" src=\"https:\/\/nets360.eu\/wp-content\/uploads\/elementor\/thumbs\/Extended-Secure-IoT-SIM-qvbmvrra627voyhin127c6da2b1lu3narq49e40muk.png\" title=\"Extended Secure IoT SIM\" alt=\"Extended Secure IoT SIM\" loading=\"lazy\" \/>\t\t\t\t\t\t\t\t\t\t\t\t\t\t\t<\/div>\n\t\t\t\t<\/div>\n\t\t\t\t<div class=\"elementor-element elementor-element-2dc924e elementor-widget elementor-widget-heading\" data-id=\"2dc924e\" data-element_type=\"widget\" data-widget_type=\"heading.default\">\n\t\t\t\t<div class=\"elementor-widget-container\">\n\t\t\t\t\t<h2 class=\"elementor-heading-title elementor-size-default\">Uitgebreide veilige IoT M2M SIM<\/h2>\t\t\t\t<\/div>\n\t\t\t\t<\/div>\n\t\t\t\t<div class=\"elementor-element elementor-element-8b5005e elementor-widget elementor-widget-text-editor\" data-id=\"8b5005e\" data-element_type=\"widget\" data-widget_type=\"text-editor.default\">\n\t\t\t\t<div class=\"elementor-widget-container\">\n\t\t\t\t\t\t\t\t\t<p>Ontdek onze IoT\/OT SIM met ge\u00efntegreerde cloudbeveiliging.<\/p>\n\t\t\t\t\t\t\t\t<\/div>\n\t\t\t\t<\/div>\n\t\t\t\t<div class=\"elementor-element elementor-element-6a9401f elementor-align-center elementor-widget elementor-widget-button\" data-id=\"6a9401f\" data-element_type=\"widget\" data-widget_type=\"button.default\">\n\t\t\t\t<div class=\"elementor-widget-container\">\n\t\t\t\t\t\t\t\t\t<div class=\"elementor-button-wrapper\">\n\t\t\t\t\t<a class=\"elementor-button elementor-button-link elementor-size-sm\" href=\"https:\/\/nets360.eu\/extended-secure-iot-sim\/\">\n\t\t\t\t\t\t<span class=\"elementor-button-content-wrapper\">\n\t\t\t\t\t\t\t\t\t<span class=\"elementor-button-text\">Meer lezen<\/span>\n\t\t\t\t\t<\/span>\n\t\t\t\t\t<\/a>\n\t\t\t\t<\/div>\n\t\t\t\t\t\t\t\t<\/div>\n\t\t\t\t<\/div>\n\t\t\t\t\t<\/div>\n\t\t\t\t<\/div>\n\t\t<div class=\"elementor-element elementor-element-909fa51 e-flex e-con-boxed e-con e-parent\" data-id=\"909fa51\" data-element_type=\"container\" data-settings=\"{&quot;background_background&quot;:&quot;gradient&quot;}\">\n\t\t\t\t\t<div class=\"e-con-inner\">\n\t\t<div class=\"elementor-element elementor-element-52b8636 e-con-full e-flex e-con e-child\" data-id=\"52b8636\" data-element_type=\"container\">\n\t\t\t\t<div class=\"elementor-element elementor-element-2fdbabd elementor-widget elementor-widget-image\" data-id=\"2fdbabd\" data-element_type=\"widget\" data-widget_type=\"image.default\">\n\t\t\t\t<div class=\"elementor-widget-container\">\n\t\t\t\t\t\t\t\t\t\t\t\t\t\t\t<img decoding=\"async\" width=\"1920\" height=\"687\" src=\"https:\/\/nets360.eu\/wp-content\/uploads\/2023\/12\/AdobeStock_240045949-min-scaled-1.webp\" class=\"attachment-full size-full wp-image-1189\" alt=\"\" srcset=\"https:\/\/nets360.eu\/wp-content\/uploads\/2023\/12\/AdobeStock_240045949-min-scaled-1.webp 1920w, https:\/\/nets360.eu\/wp-content\/uploads\/2023\/12\/AdobeStock_240045949-min-scaled-1-300x107.webp 300w, https:\/\/nets360.eu\/wp-content\/uploads\/2023\/12\/AdobeStock_240045949-min-scaled-1-1024x366.webp 1024w, https:\/\/nets360.eu\/wp-content\/uploads\/2023\/12\/AdobeStock_240045949-min-scaled-1-768x275.webp 768w, https:\/\/nets360.eu\/wp-content\/uploads\/2023\/12\/AdobeStock_240045949-min-scaled-1-1536x550.webp 1536w\" sizes=\"(max-width: 1920px) 100vw, 1920px\" \/>\t\t\t\t\t\t\t\t\t\t\t\t\t\t\t<\/div>\n\t\t\t\t<\/div>\n\t\t\t\t<\/div>\n\t\t<div class=\"elementor-element elementor-element-4e21806 e-con-full e-flex e-con e-child\" data-id=\"4e21806\" data-element_type=\"container\">\n\t\t<div class=\"elementor-element elementor-element-46223e2 animated-fast e-flex e-con-boxed e-con e-child\" data-id=\"46223e2\" data-element_type=\"container\" data-settings=\"{&quot;animation&quot;:&quot;none&quot;}\">\n\t\t\t\t\t<div class=\"e-con-inner\">\n\t\t\t\t<div class=\"elementor-element elementor-element-d642856 elementor-widget elementor-widget-heading\" data-id=\"d642856\" data-element_type=\"widget\" data-widget_type=\"heading.default\">\n\t\t\t\t<div class=\"elementor-widget-container\">\n\t\t\t\t\t<h2 class=\"elementor-heading-title elementor-size-default\">Aan de slag met nets360<\/h2>\t\t\t\t<\/div>\n\t\t\t\t<\/div>\n\t\t\t\t<div class=\"elementor-element elementor-element-dfaf728 elementor-widget elementor-widget-text-editor\" data-id=\"dfaf728\" data-element_type=\"widget\" data-widget_type=\"text-editor.default\">\n\t\t\t\t<div class=\"elementor-widget-container\">\n\t\t\t\t\t\t\t\t\t<p>We leveren in heel Europa en spreken meerdere talen.<br \/>Laten we het hebben over jouw oplossing.<\/p>\n\t\t\t\t\t\t\t\t<\/div>\n\t\t\t\t<\/div>\n\t\t\t\t<div class=\"elementor-element elementor-element-51e1f0b elementor-widget elementor-widget-button\" data-id=\"51e1f0b\" data-element_type=\"widget\" data-widget_type=\"button.default\">\n\t\t\t\t<div class=\"elementor-widget-container\">\n\t\t\t\t\t\t\t\t\t<div class=\"elementor-button-wrapper\">\n\t\t\t\t\t<a class=\"elementor-button elementor-button-link elementor-size-sm\" href=\"https:\/\/nets360.eu\/nl\/neem-contact-met-ons-op\/\">\n\t\t\t\t\t\t<span class=\"elementor-button-content-wrapper\">\n\t\t\t\t\t\t\t\t\t<span class=\"elementor-button-text\">Contact verkoop<\/span>\n\t\t\t\t\t<\/span>\n\t\t\t\t\t<\/a>\n\t\t\t\t<\/div>\n\t\t\t\t\t\t\t\t<\/div>\n\t\t\t\t<\/div>\n\t\t\t\t\t<\/div>\n\t\t\t\t<\/div>\n\t\t\t\t<\/div>\n\t\t\t\t\t<\/div>\n\t\t\t\t<\/div>\n\t\t\t\t<\/div>\n\t\t","protected":false},"excerpt":{"rendered":"<p>nets360 Standaard IoT M2M SIM De standaard IoT M2M SIM-kaart Ontgrendel het potentieel van uw IoT-projecten met de nets360 Standard IoT SIM-kaart. Onze SIM-kaart is ontworpen voor naadloze connectiviteit en biedt betrouwbare, snelle datatransmissie via meerdere netwerken. Standaard IoT SIM De nets360 Standaard IoT SIM-kaart biedt een betrouwbare en veelzijdige oplossing voor uw IoT-projecten. Onze [&hellip;]<\/p>\n","protected":false},"author":1,"featured_media":0,"parent":0,"menu_order":0,"comment_status":"closed","ping_status":"closed","template":"","meta":{"_acf_changed":false,"inline_featured_image":false,"footnotes":""},"class_list":["post-12932","page","type-page","status-publish","hentry"],"acf":[],"_links":{"self":[{"href":"https:\/\/nets360.eu\/nl\/wp-json\/wp\/v2\/pages\/12932","targetHints":{"allow":["GET"]}}],"collection":[{"href":"https:\/\/nets360.eu\/nl\/wp-json\/wp\/v2\/pages"}],"about":[{"href":"https:\/\/nets360.eu\/nl\/wp-json\/wp\/v2\/types\/page"}],"author":[{"embeddable":true,"href":"https:\/\/nets360.eu\/nl\/wp-json\/wp\/v2\/users\/1"}],"replies":[{"embeddable":true,"href":"https:\/\/nets360.eu\/nl\/wp-json\/wp\/v2\/comments?post=12932"}],"version-history":[{"count":1,"href":"https:\/\/nets360.eu\/nl\/wp-json\/wp\/v2\/pages\/12932\/revisions"}],"predecessor-version":[{"id":12933,"href":"https:\/\/nets360.eu\/nl\/wp-json\/wp\/v2\/pages\/12932\/revisions\/12933"}],"wp:attachment":[{"href":"https:\/\/nets360.eu\/nl\/wp-json\/wp\/v2\/media?parent=12932"}],"curies":[{"name":"wp","href":"https:\/\/api.w.org\/{rel}","templated":true}]}}