{"id":15279,"date":"2024-01-04T13:13:02","date_gmt":"2024-01-04T13:13:02","guid":{"rendered":"https:\/\/nets360.eu\/ujawnienie-informacji-prawnych\/"},"modified":"2025-08-14T08:47:40","modified_gmt":"2025-08-14T08:47:40","slug":"ujawnienie-informacji-prawnych","status":"publish","type":"page","link":"https:\/\/nets360.eu\/pl\/ujawnienie-informacji-prawnych\/","title":{"rendered":"Ujawnienie informacji prawnych"},"content":{"rendered":"\t\t<div data-elementor-type=\"wp-page\" data-elementor-id=\"15279\" class=\"elementor elementor-15279 elementor-1372\" data-elementor-post-type=\"page\">\n\t\t\t\t<div class=\"elementor-element elementor-element-5443ba6 e-flex e-con-boxed e-con e-parent\" data-id=\"5443ba6\" data-element_type=\"container\" data-settings=\"{&quot;background_background&quot;:&quot;gradient&quot;}\">\n\t\t\t\t\t<div class=\"e-con-inner\">\n\t\t<div class=\"elementor-element elementor-element-5fc7769 e-flex e-con-boxed e-con e-child\" data-id=\"5fc7769\" data-element_type=\"container\">\n\t\t\t\t\t<div class=\"e-con-inner\">\n\t\t<div class=\"elementor-element elementor-element-774e743 e-flex e-con-boxed e-con e-child\" data-id=\"774e743\" data-element_type=\"container\">\n\t\t\t\t\t<div class=\"e-con-inner\">\n\t\t\t\t<div class=\"elementor-element elementor-element-6486a88 elementor-widget elementor-widget-text-editor\" data-id=\"6486a88\" data-element_type=\"widget\" data-widget_type=\"text-editor.default\">\n\t\t\t\t<div class=\"elementor-widget-container\">\n\t\t\t\t\t\t\t\t\t<p>nets360<\/p>\t\t\t\t\t\t\t\t<\/div>\n\t\t\t\t<\/div>\n\t\t\t\t<div class=\"elementor-element elementor-element-52638f4 elementor-widget elementor-widget-heading\" data-id=\"52638f4\" data-element_type=\"widget\" data-widget_type=\"heading.default\">\n\t\t\t\t<div class=\"elementor-widget-container\">\n\t\t\t\t\t<h1 class=\"elementor-heading-title elementor-size-default\">Ujawnienie informacji prawnych<\/h1>\t\t\t\t<\/div>\n\t\t\t\t<\/div>\n\t\t\t\t\t<\/div>\n\t\t\t\t<\/div>\n\t\t\t\t\t<\/div>\n\t\t\t\t<\/div>\n\t\t\t\t\t<\/div>\n\t\t\t\t<\/div>\n\t\t<div class=\"elementor-element elementor-element-09076b3 e-flex e-con-boxed e-con e-parent\" data-id=\"09076b3\" data-element_type=\"container\">\n\t\t\t\t\t<div class=\"e-con-inner\">\n\t\t\t\t<div class=\"elementor-element elementor-element-68ea3ca elementor-widget elementor-widget-heading\" data-id=\"68ea3ca\" data-element_type=\"widget\" data-widget_type=\"heading.default\">\n\t\t\t\t<div class=\"elementor-widget-container\">\n\t\t\t\t\t<h2 class=\"elementor-heading-title elementor-size-default\">Nota prawna\n\n<\/h2>\t\t\t\t<\/div>\n\t\t\t\t<\/div>\n\t\t\t\t<div class=\"elementor-element elementor-element-6538102 elementor-widget elementor-widget-text-editor\" data-id=\"6538102\" data-element_type=\"widget\" data-widget_type=\"text-editor.default\">\n\t\t\t\t<div class=\"elementor-widget-container\">\n\t\t\t\t\t\t\t\t\t<p><strong>Siedziba g\u0142\u00f3wna<\/strong><\/p><p>nets360 O\u00dc<\/p><p>Hobujaama 4<br>Tallinn 10151<br>Estonia<\/p><p>Numer rejestru handlowego: 16895772<br>NIP: EE102744798  <\/p><p>Telefon: +372 6063940<br>Email: frontdesk@nets360.eu<\/p><p>Reprezentowany przez: Bernhard Teufel (CEO)<\/p><p>Odpowiedzialny za tre\u015b\u0107: Jaakko M\u00e4kinen<\/p><p><strong>nets360 oferuje swoje us\u0142ugi w ca\u0142ej Europie. Nasze biura i zespo\u0142y w danym kraju mo\u017cna znale\u017a\u0107 w sekcji <a href=\"https:\/\/nets360.eu\/pl\/kontakt\/\">kontakt<\/a>. <\/strong><\/p>\t\t\t\t\t\t\t\t<\/div>\n\t\t\t\t<\/div>\n\t\t\t\t\t<\/div>\n\t\t\t\t<\/div>\n\t\t<div class=\"elementor-element elementor-element-115aa2f e-flex e-con-boxed e-con e-parent\" data-id=\"115aa2f\" data-element_type=\"container\">\n\t\t\t\t\t<div class=\"e-con-inner\">\n\t\t\t\t<div class=\"elementor-element elementor-element-7cdea4c elementor-widget elementor-widget-heading\" data-id=\"7cdea4c\" data-element_type=\"widget\" data-widget_type=\"heading.default\">\n\t\t\t\t<div class=\"elementor-widget-container\">\n\t\t\t\t\t<h2 class=\"elementor-heading-title elementor-size-default\">Zastrze\u017cenie\n<\/h2>\t\t\t\t<\/div>\n\t\t\t\t<\/div>\n\t\t\t\t<div class=\"elementor-element elementor-element-38b1dee elementor-widget elementor-widget-text-editor\" data-id=\"38b1dee\" data-element_type=\"widget\" data-widget_type=\"text-editor.default\">\n\t\t\t\t<div class=\"elementor-widget-container\">\n\t\t\t\t\t\t\t\t\t<p>nets360 \u015bwiadczy us\u0142ugi wy\u0142\u0105cznie klientom biznesowym, organom publicznym i organizacjom pozarz\u0105dowym (NGO) na terenie Europejskiego Obszaru Gospodarczego. Nie oferujemy us\u0142ug osobom prywatnym ani konsumentom (B2C). <\/p><p><b>Zawiadomienie zgodnie z art. 14 ust. 1 Rozporz\u0105dzenia ODR:   <\/b><br>Komisja Europejska zapewnia platform\u0119 internetowego rozstrzygania spor\u00f3w (ODR), do kt\u00f3rej mo\u017cna uzyska\u0107 dost\u0119p tutaj: https:\/\/ec.europa.eu\/consumers\/odr\/ <br>Nie jeste\u015bmy jednak zobowi\u0105zani ani ch\u0119tni do udzia\u0142u w post\u0119powaniu w sprawie rozstrzygania spor\u00f3w przed komisj\u0105 arbitra\u017cow\u0105 ds. konsument\u00f3w, poniewa\u017c nie oferujemy us\u0142ug konsumentom.<\/p><p><strong>Zastrze\u017cenie dotycz\u0105ce j\u0119zyka podstawowego<\/strong><br>Tre\u015bci i informacje zawarte na tej stronie internetowej s\u0105 g\u0142\u00f3wnie w j\u0119zyku angielskim. T\u0142umaczenia na inne j\u0119zyki mog\u0105 by\u0107 op\u00f3\u017anione lub nieaktualne. W przypadku, gdy dana tre\u015b\u0107 jest dost\u0119pna wy\u0142\u0105cznie w j\u0119zyku innym ni\u017c angielski, tre\u015b\u0107 ta jest uznawana za autorytatywn\u0105.  <\/p><p><b>Zastrze\u017cenie<\/b><strong>dotycz\u0105ce tre\u015bci os\u00f3b trzecich<\/strong><br>nets360 nie ponosi odpowiedzialno\u015bci za informacje publikowane lub rozpowszechniane przez osoby trzecie, takie jak partnerzy i sprzedawcy.<\/p>\t\t\t\t\t\t\t\t<\/div>\n\t\t\t\t<\/div>\n\t\t\t\t\t<\/div>\n\t\t\t\t<\/div>\n\t\t<div class=\"elementor-element elementor-element-76e7bc2 e-flex e-con-boxed e-con e-parent\" data-id=\"76e7bc2\" data-element_type=\"container\">\n\t\t\t\t\t<div class=\"e-con-inner\">\n\t\t\t\t<div class=\"elementor-element elementor-element-0b0a32a elementor-widget elementor-widget-heading\" data-id=\"0b0a32a\" data-element_type=\"widget\" data-widget_type=\"heading.default\">\n\t\t\t\t<div class=\"elementor-widget-container\">\n\t\t\t\t\t<h2 class=\"elementor-heading-title elementor-size-default\">nets360<\/h2>\t\t\t\t<\/div>\n\t\t\t\t<\/div>\n\t\t\t\t<div class=\"elementor-element elementor-element-5289185 elementor-widget elementor-widget-text-editor\" data-id=\"5289185\" data-element_type=\"widget\" data-widget_type=\"text-editor.default\">\n\t\t\t\t<div class=\"elementor-widget-container\">\n\t\t\t\t\t\t\t\t\t<p><strong>Grupa nets360 \/ Nazwa marki<br><\/strong>Grupa nets360 odnosi si\u0119 do europejskiej organizacji lub do jednej lub wi\u0119cej firm cz\u0142onkowskich. nets360 sk\u0142ada si\u0119 z oddzielnych, niezale\u017cnych firm. Firmy cz\u0142onkowskie sieci niezale\u017cnych firm nets360 s\u0105 powi\u0105zane z Grup\u0105 nets360. \u017badna firma cz\u0142onkowska nie jest uprawniona do zobowi\u0105zywania lub wi\u0105zania Grupy nets360 lub jakiejkolwiek innej firmy cz\u0142onkowskiej wobec os\u00f3b trzecich, ani te\u017c Grupa nets360 nie jest uprawniona do zobowi\u0105zywania lub wi\u0105zania jakiejkolwiek firmy cz\u0142onkowskiej.   <\/p><p>Marka nets360 jest w\u0142asno\u015bci\u0105 norsk nordic O\u00dc z siedzib\u0105 w Tallinie. \u017badna sp\u00f3\u0142ka powi\u0105zana z mark\u0105 nets360 nie jest upowa\u017cniona do zawierania um\u00f3w ani zaci\u0105gania zobowi\u0105za\u0144 w imieniu samej marki. <\/p>\t\t\t\t\t\t\t\t<\/div>\n\t\t\t\t<\/div>\n\t\t\t\t\t<\/div>\n\t\t\t\t<\/div>\n\t\t<div class=\"elementor-element elementor-element-85bfe1b e-flex e-con-boxed e-con e-parent\" data-id=\"85bfe1b\" data-element_type=\"container\">\n\t\t\t\t\t<div class=\"e-con-inner\">\n\t\t\t\t<div class=\"elementor-element elementor-element-d3b6afb elementor-widget elementor-widget-heading\" data-id=\"d3b6afb\" data-element_type=\"widget\" data-widget_type=\"heading.default\">\n\t\t\t\t<div class=\"elementor-widget-container\">\n\t\t\t\t\t<h2 class=\"elementor-heading-title elementor-size-default\">Nota prawna dotycz\u0105ca jurysdykcji i podmiot\u00f3w prawnych\n<\/h2>\t\t\t\t<\/div>\n\t\t\t\t<\/div>\n\t\t\t\t<div class=\"elementor-element elementor-element-a268d5e elementor-widget elementor-widget-text-editor\" data-id=\"a268d5e\" data-element_type=\"widget\" data-widget_type=\"text-editor.default\">\n\t\t\t\t<div class=\"elementor-widget-container\">\n\t\t\t\t\t\t\t\t\t<p>W zale\u017cno\u015bci od kraju, w kt\u00f3rym \u015bwiadczone s\u0105 nasze us\u0142ugi, nets360 mo\u017ce dzia\u0142a\u0107 za po\u015brednictwem sp\u00f3\u0142ek stowarzyszonych lub podmiot\u00f3w prawnie odr\u0119bnych na mocy lokalnego prawa.<\/p><p>Podczas gdy nets360 O\u00dc, z siedzib\u0105 w Estonii, s\u0142u\u017cy jako centralny podmiot prawny i operacyjny, niekt\u00f3re us\u0142ugi lub relacje umowne mog\u0105 by\u0107 obs\u0142ugiwane lokalnie przez oddzia\u0142y w poszczeg\u00f3lnych krajach lub podmioty partnerskie, kt\u00f3re s\u0105 cz\u0119\u015bci\u0105 szerszego ekosystemu nets360.<\/p><p>Wszystkie te podmioty dzia\u0142aj\u0105 zgodnie z tymi samymi standardami jako\u015bci, zgodno\u015bci i us\u0142ug, co nets360 O\u00dc.<\/p>\t\t\t\t\t\t\t\t<\/div>\n\t\t\t\t<\/div>\n\t\t\t\t\t<\/div>\n\t\t\t\t<\/div>\n\t\t<div class=\"elementor-element elementor-element-863ea44 e-flex e-con-boxed e-con e-parent\" data-id=\"863ea44\" data-element_type=\"container\">\n\t\t\t\t\t<div class=\"e-con-inner\">\n\t\t\t\t<div class=\"elementor-element elementor-element-0bb53a4 elementor-widget elementor-widget-heading\" data-id=\"0bb53a4\" data-element_type=\"widget\" data-widget_type=\"heading.default\">\n\t\t\t\t<div class=\"elementor-widget-container\">\n\t\t\t\t\t<h2 class=\"elementor-heading-title elementor-size-default\">Zg\u0142aszanie narusze\u0144<\/h2>\t\t\t\t<\/div>\n\t\t\t\t<\/div>\n\t\t\t\t<div class=\"elementor-element elementor-element-3e9964e elementor-widget__width-initial animated-fast elementor-widget elementor-widget-toggle\" data-id=\"3e9964e\" data-element_type=\"widget\" data-settings=\"{&quot;_animation&quot;:&quot;none&quot;}\" data-widget_type=\"toggle.default\">\n\t\t\t\t<div class=\"elementor-widget-container\">\n\t\t\t\t\t\t\t<div class=\"elementor-toggle\">\n\t\t\t\t\t\t\t<div class=\"elementor-toggle-item\">\n\t\t\t\t\t<div id=\"elementor-tab-title-6561\" class=\"elementor-tab-title\" data-tab=\"1\" role=\"button\" aria-controls=\"elementor-tab-content-6561\" aria-expanded=\"false\">\n\t\t\t\t\t\t\t\t\t\t\t\t<span class=\"elementor-toggle-icon elementor-toggle-icon-right\" aria-hidden=\"true\">\n\t\t\t\t\t\t\t\t\t\t\t\t\t\t\t<span class=\"elementor-toggle-icon-closed\"><svg class=\"e-font-icon-svg e-fas-plus\" viewBox=\"0 0 448 512\" xmlns=\"http:\/\/www.w3.org\/2000\/svg\"><path d=\"M416 208H272V64c0-17.67-14.33-32-32-32h-32c-17.67 0-32 14.33-32 32v144H32c-17.67 0-32 14.33-32 32v32c0 17.67 14.33 32 32 32h144v144c0 17.67 14.33 32 32 32h32c17.67 0 32-14.33 32-32V304h144c17.67 0 32-14.33 32-32v-32c0-17.67-14.33-32-32-32z\"><\/path><\/svg><\/span>\n\t\t\t\t\t\t\t\t<span class=\"elementor-toggle-icon-opened\"><svg class=\"elementor-toggle-icon-opened e-font-icon-svg e-fas-minus\" viewBox=\"0 0 448 512\" xmlns=\"http:\/\/www.w3.org\/2000\/svg\"><path d=\"M416 208H32c-17.67 0-32 14.33-32 32v32c0 17.67 14.33 32 32 32h384c17.67 0 32-14.33 32-32v-32c0-17.67-14.33-32-32-32z\"><\/path><\/svg><\/span>\n\t\t\t\t\t\t\t\t\t\t\t\t\t<\/span>\n\t\t\t\t\t\t\t\t\t\t\t\t<a class=\"elementor-toggle-title\" tabindex=\"0\">Zg\u0142aszanie naruszenia ochrony danych osobowych<\/a>\n\t\t\t\t\t<\/div>\n\n\t\t\t\t\t<div id=\"elementor-tab-content-6561\" class=\"elementor-tab-content elementor-clearfix\" data-tab=\"1\" role=\"region\" aria-labelledby=\"elementor-tab-title-6561\"><p>Je\u015bli uwa\u017casz, \u017ce poufno\u015b\u0107, dost\u0119pno\u015b\u0107 lub integralno\u015b\u0107 Twoich lub czyichkolwiek danych osobowych zosta\u0142a naruszona przez nets360 lub pracownika nets360, wy\u015blij wiadomo\u015b\u0107 e-mail na adres <a href=\"mailto:privacy@nets360.eu\">privacy@nets360.eu<\/a>.<\/p>\n<\/div>\n\t\t\t\t<\/div>\n\t\t\t\t\t\t\t<div class=\"elementor-toggle-item\">\n\t\t\t\t\t<div id=\"elementor-tab-title-6562\" class=\"elementor-tab-title\" data-tab=\"2\" role=\"button\" aria-controls=\"elementor-tab-content-6562\" aria-expanded=\"false\">\n\t\t\t\t\t\t\t\t\t\t\t\t<span class=\"elementor-toggle-icon elementor-toggle-icon-right\" aria-hidden=\"true\">\n\t\t\t\t\t\t\t\t\t\t\t\t\t\t\t<span class=\"elementor-toggle-icon-closed\"><svg class=\"e-font-icon-svg e-fas-plus\" viewBox=\"0 0 448 512\" xmlns=\"http:\/\/www.w3.org\/2000\/svg\"><path d=\"M416 208H272V64c0-17.67-14.33-32-32-32h-32c-17.67 0-32 14.33-32 32v144H32c-17.67 0-32 14.33-32 32v32c0 17.67 14.33 32 32 32h144v144c0 17.67 14.33 32 32 32h32c17.67 0 32-14.33 32-32V304h144c17.67 0 32-14.33 32-32v-32c0-17.67-14.33-32-32-32z\"><\/path><\/svg><\/span>\n\t\t\t\t\t\t\t\t<span class=\"elementor-toggle-icon-opened\"><svg class=\"elementor-toggle-icon-opened e-font-icon-svg e-fas-minus\" viewBox=\"0 0 448 512\" xmlns=\"http:\/\/www.w3.org\/2000\/svg\"><path d=\"M416 208H32c-17.67 0-32 14.33-32 32v32c0 17.67 14.33 32 32 32h384c17.67 0 32-14.33 32-32v-32c0-17.67-14.33-32-32-32z\"><\/path><\/svg><\/span>\n\t\t\t\t\t\t\t\t\t\t\t\t\t<\/span>\n\t\t\t\t\t\t\t\t\t\t\t\t<a class=\"elementor-toggle-title\" tabindex=\"0\">Raportowanie kwestii IT i bezpiecze\u0144stwa<\/a>\n\t\t\t\t\t<\/div>\n\n\t\t\t\t\t<div id=\"elementor-tab-content-6562\" class=\"elementor-tab-content elementor-clearfix\" data-tab=\"2\" role=\"region\" aria-labelledby=\"elementor-tab-title-6562\"><p>Je\u015bli otrzyma\u0142e\u015b spam lub wiadomo\u015bci phishingowe z sieci nets360, Twoje komputery zosta\u0142y zaatakowane lub otrzyma\u0142e\u015b oszuka\u0144cze telefony, wy\u015blij wiadomo\u015b\u0107 e-mail na adres <a href=\"mailto:abuse@nets360.eu\">abuse@nets360.eu<\/a>.<\/p><\/p>\n<\/div>\n\t\t\t\t<\/div>\n\t\t\t\t\t\t\t<div class=\"elementor-toggle-item\">\n\t\t\t\t\t<div id=\"elementor-tab-title-6563\" class=\"elementor-tab-title\" data-tab=\"3\" role=\"button\" aria-controls=\"elementor-tab-content-6563\" aria-expanded=\"false\">\n\t\t\t\t\t\t\t\t\t\t\t\t<span class=\"elementor-toggle-icon elementor-toggle-icon-right\" aria-hidden=\"true\">\n\t\t\t\t\t\t\t\t\t\t\t\t\t\t\t<span class=\"elementor-toggle-icon-closed\"><svg class=\"e-font-icon-svg e-fas-plus\" viewBox=\"0 0 448 512\" xmlns=\"http:\/\/www.w3.org\/2000\/svg\"><path d=\"M416 208H272V64c0-17.67-14.33-32-32-32h-32c-17.67 0-32 14.33-32 32v144H32c-17.67 0-32 14.33-32 32v32c0 17.67 14.33 32 32 32h144v144c0 17.67 14.33 32 32 32h32c17.67 0 32-14.33 32-32V304h144c17.67 0 32-14.33 32-32v-32c0-17.67-14.33-32-32-32z\"><\/path><\/svg><\/span>\n\t\t\t\t\t\t\t\t<span class=\"elementor-toggle-icon-opened\"><svg class=\"elementor-toggle-icon-opened e-font-icon-svg e-fas-minus\" viewBox=\"0 0 448 512\" xmlns=\"http:\/\/www.w3.org\/2000\/svg\"><path d=\"M416 208H32c-17.67 0-32 14.33-32 32v32c0 17.67 14.33 32 32 32h384c17.67 0 32-14.33 32-32v-32c0-17.67-14.33-32-32-32z\"><\/path><\/svg><\/span>\n\t\t\t\t\t\t\t\t\t\t\t\t\t<\/span>\n\t\t\t\t\t\t\t\t\t\t\t\t<a class=\"elementor-toggle-title\" tabindex=\"0\">Zg\u0142aszanie nielegalnych tre\u015bci<\/a>\n\t\t\t\t\t<\/div>\n\n\t\t\t\t\t<div id=\"elementor-tab-content-6563\" class=\"elementor-tab-content elementor-clearfix\" data-tab=\"3\" role=\"region\" aria-labelledby=\"elementor-tab-title-6563\"><p>Je\u015bli zauwa\u017cysz nielegalne tre\u015bci na stronach internetowych korzystaj\u0105cych z us\u0142ug hostingowych lub us\u0142ug w chmurze nets360, takie jak pod\u017ceganie do nienawi\u015bci i przemocy, naruszenie ustawy o znakach towarowych, materia\u0142y terrorystyczne itp.  <a href=\"mailto:illegal@nets360.eu\">illegal@nets360.eu<\/a><\/p><\/p>\n<\/div>\n\t\t\t\t<\/div>\n\t\t\t\t\t\t\t\t<\/div>\n\t\t\t\t\t\t<\/div>\n\t\t\t\t<\/div>\n\t\t\t\t\t<\/div>\n\t\t\t\t<\/div>\n\t\t\t\t<\/div>\n\t\t","protected":false},"excerpt":{"rendered":"<p>nets360 Ujawnienie informacji prawnych Nota prawna Siedziba g\u0142\u00f3wna nets360 O\u00dc Hobujaama 4Tallinn 10151Estonia Numer rejestru handlowego: 16895772NIP: EE102744798 Telefon: +372 6063940Email: frontdesk@nets360.eu Reprezentowany przez: Bernhard Teufel (CEO) Odpowiedzialny za tre\u015b\u0107: Jaakko M\u00e4kinen nets360 oferuje swoje us\u0142ugi w ca\u0142ej Europie. Nasze biura i zespo\u0142y w danym kraju mo\u017cna znale\u017a\u0107 w sekcji kontakt. Zastrze\u017cenie nets360 \u015bwiadczy us\u0142ugi [&hellip;]<\/p>\n","protected":false},"author":1,"featured_media":0,"parent":0,"menu_order":0,"comment_status":"closed","ping_status":"closed","template":"","meta":{"_acf_changed":false,"inline_featured_image":false,"footnotes":""},"class_list":["post-15279","page","type-page","status-publish","hentry"],"acf":[],"_links":{"self":[{"href":"https:\/\/nets360.eu\/pl\/wp-json\/wp\/v2\/pages\/15279","targetHints":{"allow":["GET"]}}],"collection":[{"href":"https:\/\/nets360.eu\/pl\/wp-json\/wp\/v2\/pages"}],"about":[{"href":"https:\/\/nets360.eu\/pl\/wp-json\/wp\/v2\/types\/page"}],"author":[{"embeddable":true,"href":"https:\/\/nets360.eu\/pl\/wp-json\/wp\/v2\/users\/1"}],"replies":[{"embeddable":true,"href":"https:\/\/nets360.eu\/pl\/wp-json\/wp\/v2\/comments?post=15279"}],"version-history":[{"count":1,"href":"https:\/\/nets360.eu\/pl\/wp-json\/wp\/v2\/pages\/15279\/revisions"}],"predecessor-version":[{"id":15280,"href":"https:\/\/nets360.eu\/pl\/wp-json\/wp\/v2\/pages\/15279\/revisions\/15280"}],"wp:attachment":[{"href":"https:\/\/nets360.eu\/pl\/wp-json\/wp\/v2\/media?parent=15279"}],"curies":[{"name":"wp","href":"https:\/\/api.w.org\/{rel}","templated":true}]}}