{"id":8496,"date":"2024-05-05T22:35:06","date_gmt":"2024-05-05T22:35:06","guid":{"rendered":"https:\/\/nets360.eu\/partner\/"},"modified":"2024-05-18T12:50:02","modified_gmt":"2024-05-18T12:50:02","slug":"partner","status":"publish","type":"page","link":"https:\/\/nets360.eu\/pl\/partner\/","title":{"rendered":"Partner"},"content":{"rendered":"\t\t<div data-elementor-type=\"wp-page\" data-elementor-id=\"8496\" class=\"elementor elementor-8496 elementor-8407\" data-elementor-post-type=\"page\">\n\t\t\t\t<div class=\"elementor-element elementor-element-af06b46 e-flex e-con-boxed e-con e-parent\" data-id=\"af06b46\" data-element_type=\"container\">\n\t\t\t\t\t<div class=\"e-con-inner\">\n\t\t<div class=\"elementor-element elementor-element-5a97069 e-flex e-con-boxed e-con e-child\" data-id=\"5a97069\" data-element_type=\"container\" data-settings=\"{&quot;background_background&quot;:&quot;classic&quot;}\">\n\t\t\t\t\t<div class=\"e-con-inner\">\n\t\t<div class=\"elementor-element elementor-element-4559816 e-flex e-con-boxed e-con e-child\" data-id=\"4559816\" data-element_type=\"container\">\n\t\t\t\t\t<div class=\"e-con-inner\">\n\t\t\t\t<div class=\"elementor-element elementor-element-f53c1bd elementor-vertical-align-middle elementor-widget elementor-widget-image-box\" data-id=\"f53c1bd\" data-element_type=\"widget\" data-widget_type=\"image-box.default\">\n\t\t\t\t<div class=\"elementor-widget-container\">\n\t\t\t\t\t<div class=\"elementor-image-box-wrapper\"><div class=\"elementor-image-box-content\"><h1 class=\"elementor-image-box-title\">Partner biznesowy<\/h1><\/div><\/div>\t\t\t\t<\/div>\n\t\t\t\t<\/div>\n\t\t\t\t<div class=\"elementor-element elementor-element-62a135a elementor-widget elementor-widget-text-editor\" data-id=\"62a135a\" data-element_type=\"widget\" data-widget_type=\"text-editor.default\">\n\t\t\t\t<div class=\"elementor-widget-container\">\n\t\t\t\t\t\t\t\t\t<p>nets360: Connect. Wsp\u00f3\u0142praca. Sukces<\/p>\n\t\t\t\t\t\t\t\t<\/div>\n\t\t\t\t<\/div>\n\t\t\t\t\t<\/div>\n\t\t\t\t<\/div>\n\t\t\t\t\t<\/div>\n\t\t\t\t<\/div>\n\t\t\t\t\t<\/div>\n\t\t\t\t<\/div>\n\t\t<div class=\"elementor-element elementor-element-06ba22e e-flex e-con-boxed e-con e-parent\" data-id=\"06ba22e\" data-element_type=\"container\">\n\t\t\t\t\t<div class=\"e-con-inner\">\n\t\t\t\t<div class=\"elementor-element elementor-element-32136de elementor-widget elementor-widget-heading\" data-id=\"32136de\" data-element_type=\"widget\" data-widget_type=\"heading.default\">\n\t\t\t\t<div class=\"elementor-widget-container\">\n\t\t\t\t\t<h2 class=\"elementor-heading-title elementor-size-default\">Modele partnerskie w nets360<\/h2>\t\t\t\t<\/div>\n\t\t\t\t<\/div>\n\t\t\t\t<div class=\"elementor-element elementor-element-b729ce3 elementor-widget elementor-widget-text-editor\" data-id=\"b729ce3\" data-element_type=\"widget\" data-widget_type=\"text-editor.default\">\n\t\t\t\t<div class=\"elementor-widget-container\">\n\t\t\t\t\t\t\t\t\t<p>Niezale\u017cnie od tego, czy jeste\u015b specjalist\u0105 IoT, dostawc\u0105 us\u0142ug IT, sprzedawc\u0105, integratorem system\u00f3w, dostawc\u0105 us\u0142ug czy operatorem z w\u0142asn\u0105 infrastruktur\u0105 sieciow\u0105: Jako partner nets360, zar\u00f3wno Ty, jak i Twoi klienci korzystacie z zalet wsp\u00f3\u0142pracy z nets360.<\/p>\n\t\t\t\t\t\t\t\t<\/div>\n\t\t\t\t<\/div>\n\t\t\t\t\t<\/div>\n\t\t\t\t<\/div>\n\t\t<div class=\"elementor-element elementor-element-8b9cdae e-flex e-con-boxed e-con e-parent\" data-id=\"8b9cdae\" data-element_type=\"container\">\n\t\t\t\t\t<div class=\"e-con-inner\">\n\t\t<div class=\"elementor-element elementor-element-05a702d e-con-full e-flex e-con e-child\" data-id=\"05a702d\" data-element_type=\"container\">\n\t\t\t\t<div class=\"elementor-element elementor-element-a0a3125 elementor-widget elementor-widget-image\" data-id=\"a0a3125\" data-element_type=\"widget\" data-widget_type=\"image.default\">\n\t\t\t\t<div class=\"elementor-widget-container\">\n\t\t\t\t\t\t\t\t\t\t\t\t\t\t\t<img decoding=\"async\" src=\"https:\/\/nets360.eu\/wp-content\/uploads\/elementor\/thumbs\/nets360_partner_silber-qoccs5i9wztfiq7fvrs2gtdg9bg1gdg0ii1792wez4.png\" title=\"nets360_partner_silber\" alt=\"nets360_partner_silber\" loading=\"lazy\" \/>\t\t\t\t\t\t\t\t\t\t\t\t\t\t\t<\/div>\n\t\t\t\t<\/div>\n\t\t\t\t<\/div>\n\t\t<div class=\"elementor-element elementor-element-8cbc6a0 e-con-full e-flex e-con e-child\" data-id=\"8cbc6a0\" data-element_type=\"container\">\n\t\t\t\t<div class=\"elementor-element elementor-element-295d53b elementor-widget elementor-widget-image\" data-id=\"295d53b\" data-element_type=\"widget\" data-widget_type=\"image.default\">\n\t\t\t\t<div class=\"elementor-widget-container\">\n\t\t\t\t\t\t\t\t\t\t\t\t\t\t\t<img decoding=\"async\" src=\"https:\/\/nets360.eu\/wp-content\/uploads\/elementor\/thumbs\/nets360_partner_gold-qoccrf6slmtehn9o5geij00jmj1rgujj2vrltbzftc.png\" title=\"nets360_partner_gold\" alt=\"nets360_partner_gold\" loading=\"lazy\" \/>\t\t\t\t\t\t\t\t\t\t\t\t\t\t\t<\/div>\n\t\t\t\t<\/div>\n\t\t\t\t<\/div>\n\t\t<div class=\"elementor-element elementor-element-7a3f6de e-con-full e-flex e-con e-child\" data-id=\"7a3f6de\" data-element_type=\"container\">\n\t\t\t\t<\/div>\n\t\t<div class=\"elementor-element elementor-element-a25c4aa e-con-full e-flex e-con e-child\" data-id=\"a25c4aa\" data-element_type=\"container\">\n\t\t\t\t<\/div>\n\t\t\t\t\t<\/div>\n\t\t\t\t<\/div>\n\t\t<div class=\"elementor-element elementor-element-801fef5 e-flex e-con-boxed e-con e-parent\" data-id=\"801fef5\" data-element_type=\"container\">\n\t\t\t\t\t<div class=\"e-con-inner\">\n\t\t<div class=\"elementor-element elementor-element-5bab30d e-con-full e-flex e-con e-child\" data-id=\"5bab30d\" data-element_type=\"container\">\n\t\t\t\t<div class=\"elementor-element elementor-element-833b628 elementor-widget elementor-widget-heading\" data-id=\"833b628\" data-element_type=\"widget\" data-widget_type=\"heading.default\">\n\t\t\t\t<div class=\"elementor-widget-container\">\n\t\t\t\t\t<h2 class=\"elementor-heading-title elementor-size-default\"><a href=\"https:\/\/nets360.eu\/business-partner-reseller\/\">Odsprzedawca<\/a><\/h2>\t\t\t\t<\/div>\n\t\t\t\t<\/div>\n\t\t\t\t<div class=\"elementor-element elementor-element-7c0761c elementor-widget elementor-widget-text-editor\" data-id=\"7c0761c\" data-element_type=\"widget\" data-widget_type=\"text-editor.default\">\n\t\t\t\t<div class=\"elementor-widget-container\">\n\t\t\t\t\t\t\t\t\t<p>Zaoferuj swoim klientom biznesowym nasze kompleksowe portfolio produkt\u00f3w i korzystaj z atrakcyjnych prowizji.<\/p>\n\t\t\t\t\t\t\t\t<\/div>\n\t\t\t\t<\/div>\n\t\t\t\t<\/div>\n\t\t<div class=\"elementor-element elementor-element-898ccea e-con-full e-flex e-con e-child\" data-id=\"898ccea\" data-element_type=\"container\">\n\t\t\t\t<div class=\"elementor-element elementor-element-fa2799c elementor-widget elementor-widget-heading\" data-id=\"fa2799c\" data-element_type=\"widget\" data-widget_type=\"heading.default\">\n\t\t\t\t<div class=\"elementor-widget-container\">\n\t\t\t\t\t<h2 class=\"elementor-heading-title elementor-size-default\">Value Added Reseller<\/h2>\t\t\t\t<\/div>\n\t\t\t\t<\/div>\n\t\t\t\t<div class=\"elementor-element elementor-element-dbb9abd elementor-widget elementor-widget-text-editor\" data-id=\"dbb9abd\" data-element_type=\"widget\" data-widget_type=\"text-editor.default\">\n\t\t\t\t<div class=\"elementor-widget-container\">\n\t\t\t\t\t\t\t\t\t<p>Otrzymaj atrakcyjne i modu\u0142owe portfolio produkt\u00f3w hurtowych, zintegruj swoje dodatkowe us\u0142ugi i sprzedawaj je pod w\u0142asn\u0105 nazw\u0105 i faktur\u0105 swoim klientom biznesowym.<\/p>\n\t\t\t\t\t\t\t\t<\/div>\n\t\t\t\t<\/div>\n\t\t\t\t<\/div>\n\t\t<div class=\"elementor-element elementor-element-71a9eb4 e-con-full e-flex e-con e-child\" data-id=\"71a9eb4\" data-element_type=\"container\">\n\t\t\t\t<div class=\"elementor-element elementor-element-ab41157 elementor-widget elementor-widget-heading\" data-id=\"ab41157\" data-element_type=\"widget\" data-widget_type=\"heading.default\">\n\t\t\t\t<div class=\"elementor-widget-container\">\n\t\t\t\t\t<h2 class=\"elementor-heading-title elementor-size-default\"><a href=\"https:\/\/nets360.eu\/business-partner-isp-nsp\/\">Dostawca ISP \/ NSP<\/a><\/h2>\t\t\t\t<\/div>\n\t\t\t\t<\/div>\n\t\t\t\t<div class=\"elementor-element elementor-element-0b5b070 elementor-widget elementor-widget-text-editor\" data-id=\"0b5b070\" data-element_type=\"widget\" data-widget_type=\"text-editor.default\">\n\t\t\t\t<div class=\"elementor-widget-container\">\n\t\t\t\t\t\t\t\t\t<p>Zaoferuj nam swoj\u0105 infrastruktur\u0119, aby\u015bmy mogli wsp\u00f3lnie opracowa\u0107 skuteczne, oparte na wsp\u00f3\u0142pracy rozwi\u0105zania w zakresie us\u0142ug zarz\u0105dzanych.<\/p>\n\t\t\t\t\t\t\t\t<\/div>\n\t\t\t\t<\/div>\n\t\t\t\t<\/div>\n\t\t<div class=\"elementor-element elementor-element-7ac4df0 e-con-full e-flex e-con e-child\" data-id=\"7ac4df0\" data-element_type=\"container\">\n\t\t\t\t<div class=\"elementor-element elementor-element-f0c867e elementor-widget elementor-widget-heading\" data-id=\"f0c867e\" data-element_type=\"widget\" data-widget_type=\"heading.default\">\n\t\t\t\t<div class=\"elementor-widget-container\">\n\t\t\t\t\t<h2 class=\"elementor-heading-title elementor-size-default\"><a href=\"https:\/\/nets360.eu\/business-partner-isp-nsp\/\">Instalacja na miejscu<\/a><\/h2>\t\t\t\t<\/div>\n\t\t\t\t<\/div>\n\t\t\t\t<div class=\"elementor-element elementor-element-14dad49 elementor-widget elementor-widget-text-editor\" data-id=\"14dad49\" data-element_type=\"widget\" data-widget_type=\"text-editor.default\">\n\t\t\t\t<div class=\"elementor-widget-container\">\n\t\t\t\t\t\t\t\t\t<p>Rozszerzenie naszych us\u0142ug zarz\u0105dzanych poprzez instalacj\u0119 naszych rozwi\u0105za\u0144 na miejscu.<\/p>\n\t\t\t\t\t\t\t\t<\/div>\n\t\t\t\t<\/div>\n\t\t\t\t<\/div>\n\t\t\t\t\t<\/div>\n\t\t\t\t<\/div>\n\t\t\t\t<\/div>\n\t\t","protected":false},"excerpt":{"rendered":"<p>Partner biznesowy nets360: Connect. Wsp\u00f3\u0142praca. Sukces Modele partnerskie w nets360 Niezale\u017cnie od tego, czy jeste\u015b specjalist\u0105 IoT, dostawc\u0105 us\u0142ug IT, sprzedawc\u0105, integratorem system\u00f3w, dostawc\u0105 us\u0142ug czy operatorem z w\u0142asn\u0105 infrastruktur\u0105 sieciow\u0105: Jako partner nets360, zar\u00f3wno Ty, jak i Twoi klienci korzystacie z zalet wsp\u00f3\u0142pracy z nets360. Odsprzedawca Zaoferuj swoim klientom biznesowym nasze kompleksowe portfolio produkt\u00f3w [&hellip;]<\/p>\n","protected":false},"author":1,"featured_media":0,"parent":0,"menu_order":0,"comment_status":"closed","ping_status":"closed","template":"","meta":{"_acf_changed":false,"inline_featured_image":false,"footnotes":""},"class_list":["post-8496","page","type-page","status-publish","hentry"],"acf":[],"_links":{"self":[{"href":"https:\/\/nets360.eu\/pl\/wp-json\/wp\/v2\/pages\/8496","targetHints":{"allow":["GET"]}}],"collection":[{"href":"https:\/\/nets360.eu\/pl\/wp-json\/wp\/v2\/pages"}],"about":[{"href":"https:\/\/nets360.eu\/pl\/wp-json\/wp\/v2\/types\/page"}],"author":[{"embeddable":true,"href":"https:\/\/nets360.eu\/pl\/wp-json\/wp\/v2\/users\/1"}],"replies":[{"embeddable":true,"href":"https:\/\/nets360.eu\/pl\/wp-json\/wp\/v2\/comments?post=8496"}],"version-history":[{"count":7,"href":"https:\/\/nets360.eu\/pl\/wp-json\/wp\/v2\/pages\/8496\/revisions"}],"predecessor-version":[{"id":9399,"href":"https:\/\/nets360.eu\/pl\/wp-json\/wp\/v2\/pages\/8496\/revisions\/9399"}],"wp:attachment":[{"href":"https:\/\/nets360.eu\/pl\/wp-json\/wp\/v2\/media?parent=8496"}],"curies":[{"name":"wp","href":"https:\/\/api.w.org\/{rel}","templated":true}]}}