{"id":15265,"date":"2024-01-04T13:13:02","date_gmt":"2024-01-04T13:13:02","guid":{"rendered":"https:\/\/nets360.eu\/juridisk-upplysning\/"},"modified":"2025-08-14T08:47:40","modified_gmt":"2025-08-14T08:47:40","slug":"juridisk-upplysning","status":"publish","type":"page","link":"https:\/\/nets360.eu\/sv\/juridisk-upplysning\/","title":{"rendered":"Juridisk upplysning"},"content":{"rendered":"\t\t<div data-elementor-type=\"wp-page\" data-elementor-id=\"15265\" class=\"elementor elementor-15265 elementor-1372\" data-elementor-post-type=\"page\">\n\t\t\t\t<div class=\"elementor-element elementor-element-5443ba6 e-flex e-con-boxed e-con e-parent\" data-id=\"5443ba6\" data-element_type=\"container\" data-settings=\"{&quot;background_background&quot;:&quot;gradient&quot;}\">\n\t\t\t\t\t<div class=\"e-con-inner\">\n\t\t<div class=\"elementor-element elementor-element-5fc7769 e-flex e-con-boxed e-con e-child\" data-id=\"5fc7769\" data-element_type=\"container\">\n\t\t\t\t\t<div class=\"e-con-inner\">\n\t\t<div class=\"elementor-element elementor-element-774e743 e-flex e-con-boxed e-con e-child\" data-id=\"774e743\" data-element_type=\"container\">\n\t\t\t\t\t<div class=\"e-con-inner\">\n\t\t\t\t<div class=\"elementor-element elementor-element-6486a88 elementor-widget elementor-widget-text-editor\" data-id=\"6486a88\" data-element_type=\"widget\" data-widget_type=\"text-editor.default\">\n\t\t\t\t<div class=\"elementor-widget-container\">\n\t\t\t\t\t\t\t\t\t<p>nets360<\/p>\t\t\t\t\t\t\t\t<\/div>\n\t\t\t\t<\/div>\n\t\t\t\t<div class=\"elementor-element elementor-element-52638f4 elementor-widget elementor-widget-heading\" data-id=\"52638f4\" data-element_type=\"widget\" data-widget_type=\"heading.default\">\n\t\t\t\t<div class=\"elementor-widget-container\">\n\t\t\t\t\t<h1 class=\"elementor-heading-title elementor-size-default\">Juridisk upplysning<\/h1>\t\t\t\t<\/div>\n\t\t\t\t<\/div>\n\t\t\t\t\t<\/div>\n\t\t\t\t<\/div>\n\t\t\t\t\t<\/div>\n\t\t\t\t<\/div>\n\t\t\t\t\t<\/div>\n\t\t\t\t<\/div>\n\t\t<div class=\"elementor-element elementor-element-09076b3 e-flex e-con-boxed e-con e-parent\" data-id=\"09076b3\" data-element_type=\"container\">\n\t\t\t\t\t<div class=\"e-con-inner\">\n\t\t\t\t<div class=\"elementor-element elementor-element-68ea3ca elementor-widget elementor-widget-heading\" data-id=\"68ea3ca\" data-element_type=\"widget\" data-widget_type=\"heading.default\">\n\t\t\t\t<div class=\"elementor-widget-container\">\n\t\t\t\t\t<h2 class=\"elementor-heading-title elementor-size-default\">Juridiskt meddelande\n\n<\/h2>\t\t\t\t<\/div>\n\t\t\t\t<\/div>\n\t\t\t\t<div class=\"elementor-element elementor-element-6538102 elementor-widget elementor-widget-text-editor\" data-id=\"6538102\" data-element_type=\"widget\" data-widget_type=\"text-editor.default\">\n\t\t\t\t<div class=\"elementor-widget-container\">\n\t\t\t\t\t\t\t\t\t<p><strong>Huvudkontor<\/strong><\/p><p>nets360 O\u00dc<\/p><p>Hobujaama 4<br>Tallinn 10151<br>Estland<\/p><p>Handelsregisternummer: 16895772<br>VAT ID: EE102744798  <\/p><p>Telefon: +372 6063940 +372 6063940<br>E-post: frontdesk@nets360.eu<\/p><p>F\u00f6retr\u00e4dda av: Bernhard Teufel (VD)<\/p><p>Ansvarig f\u00f6r inneh\u00e5ll: Jaakko M\u00e4kinen<\/p><p><strong>nets360 erbjuder sina tj\u00e4nster i hela Europa. Du kan hitta v\u00e5ra kontor och team i ditt land i <a href=\"https:\/\/nets360.eu\/sv\/kontakta-oss\/\">kontaktavsnittet<\/a>. <\/strong><\/p>\t\t\t\t\t\t\t\t<\/div>\n\t\t\t\t<\/div>\n\t\t\t\t\t<\/div>\n\t\t\t\t<\/div>\n\t\t<div class=\"elementor-element elementor-element-115aa2f e-flex e-con-boxed e-con e-parent\" data-id=\"115aa2f\" data-element_type=\"container\">\n\t\t\t\t\t<div class=\"e-con-inner\">\n\t\t\t\t<div class=\"elementor-element elementor-element-7cdea4c elementor-widget elementor-widget-heading\" data-id=\"7cdea4c\" data-element_type=\"widget\" data-widget_type=\"heading.default\">\n\t\t\t\t<div class=\"elementor-widget-container\">\n\t\t\t\t\t<h2 class=\"elementor-heading-title elementor-size-default\">Ansvarsfriskrivning\n<\/h2>\t\t\t\t<\/div>\n\t\t\t\t<\/div>\n\t\t\t\t<div class=\"elementor-element elementor-element-38b1dee elementor-widget elementor-widget-text-editor\" data-id=\"38b1dee\" data-element_type=\"widget\" data-widget_type=\"text-editor.default\">\n\t\t\t\t<div class=\"elementor-widget-container\">\n\t\t\t\t\t\t\t\t\t<p>nets360 tillhandah\u00e5ller tj\u00e4nster uteslutande till f\u00f6retagskunder, offentliga myndigheter och icke-statliga organisationer (NGO:er) inom Europeiska ekonomiska samarbetsomr\u00e5det. Vi erbjuder inte tj\u00e4nster till privatpersoner eller konsumenter (B2C). <\/p><p><b>Meddelande i enlighet med Art. 14 Para. 1 ODR-f\u00f6rordningen:   <\/b><br>Europeiska kommissionen tillhandah\u00e5ller en plattform f\u00f6r tvistl\u00f6sning online (ODR), som du kan komma \u00e5t h\u00e4r: https:\/\/ec.europa.eu\/consumers\/odr\/ <br>Vi \u00e4r dock varken skyldiga eller villiga att delta i tvistl\u00f6sningsf\u00f6rfaranden inf\u00f6r en konsumentskiljedomstol, eftersom vi inte erbjuder tj\u00e4nster till konsumenter.<\/p><p><strong>Ansvarsfriskrivning f\u00f6r prim\u00e4rt spr\u00e5k<\/strong><br>Inneh\u00e5llet och informationen p\u00e5 denna webbplats \u00e4r huvudsakligen p\u00e5 engelska. \u00d6vers\u00e4ttningar till andra spr\u00e5k kan vara f\u00f6rsenade eller inte uppdaterade. Om ett visst inneh\u00e5ll endast finns tillg\u00e4ngligt p\u00e5 ett icke-engelskt spr\u00e5k, anses det inneh\u00e5llet vara auktoritativt.  <\/p><p><b>Ansvarsfriskrivning<\/b> f\u00f6r <strong>inneh\u00e5ll<\/strong> fr\u00e5n tredje part<br>nets360 ansvarar inte f\u00f6r den information som publiceras eller sprids av tredje part, s\u00e5som partners och \u00e5terf\u00f6rs\u00e4ljare.<\/p>\t\t\t\t\t\t\t\t<\/div>\n\t\t\t\t<\/div>\n\t\t\t\t\t<\/div>\n\t\t\t\t<\/div>\n\t\t<div class=\"elementor-element elementor-element-76e7bc2 e-flex e-con-boxed e-con e-parent\" data-id=\"76e7bc2\" data-element_type=\"container\">\n\t\t\t\t\t<div class=\"e-con-inner\">\n\t\t\t\t<div class=\"elementor-element elementor-element-0b0a32a elementor-widget elementor-widget-heading\" data-id=\"0b0a32a\" data-element_type=\"widget\" data-widget_type=\"heading.default\">\n\t\t\t\t<div class=\"elementor-widget-container\">\n\t\t\t\t\t<h2 class=\"elementor-heading-title elementor-size-default\">nets360<\/h2>\t\t\t\t<\/div>\n\t\t\t\t<\/div>\n\t\t\t\t<div class=\"elementor-element elementor-element-5289185 elementor-widget elementor-widget-text-editor\" data-id=\"5289185\" data-element_type=\"widget\" data-widget_type=\"text-editor.default\">\n\t\t\t\t<div class=\"elementor-widget-container\">\n\t\t\t\t\t\t\t\t\t<p>nets360 <strong>Group \/ Varum\u00e4rke<br><\/strong>nets360 Group h\u00e4nvisar till den europeiska organisationen eller till ett eller flera av medlemsf\u00f6retagen. nets360 best\u00e5r av separata, oberoende f\u00f6retag. Medlemsf\u00f6retag i nets360-n\u00e4tverket av oberoende f\u00f6retag \u00e4r anslutna till nets360 Group. Inget medlemsf\u00f6retag har n\u00e5gon befogenhet att \u00e5l\u00e4gga eller binda nets360 Group eller n\u00e5got annat medlemsf\u00f6retag gentemot tredje part, och nets360 Group har inte heller n\u00e5gon s\u00e5dan befogenhet att \u00e5l\u00e4gga eller binda n\u00e5got medlemsf\u00f6retag.   <\/p><p>Varum\u00e4rket nets360 \u00e4r norsk nordic O\u00dc:s egendom i Tallinn. Inget f\u00f6retag som \u00e4r anslutet till varum\u00e4rket nets360 har r\u00e4tt att ing\u00e5 avtal eller \u00e5dra sig ansvar f\u00f6r sj\u00e4lva varum\u00e4rket. <\/p>\t\t\t\t\t\t\t\t<\/div>\n\t\t\t\t<\/div>\n\t\t\t\t\t<\/div>\n\t\t\t\t<\/div>\n\t\t<div class=\"elementor-element elementor-element-85bfe1b e-flex e-con-boxed e-con e-parent\" data-id=\"85bfe1b\" data-element_type=\"container\">\n\t\t\t\t\t<div class=\"e-con-inner\">\n\t\t\t\t<div class=\"elementor-element elementor-element-d3b6afb elementor-widget elementor-widget-heading\" data-id=\"d3b6afb\" data-element_type=\"widget\" data-widget_type=\"heading.default\">\n\t\t\t\t<div class=\"elementor-widget-container\">\n\t\t\t\t\t<h2 class=\"elementor-heading-title elementor-size-default\">Juridisk not om jurisdiktion och juridiska personer\n<\/h2>\t\t\t\t<\/div>\n\t\t\t\t<\/div>\n\t\t\t\t<div class=\"elementor-element elementor-element-a268d5e elementor-widget elementor-widget-text-editor\" data-id=\"a268d5e\" data-element_type=\"widget\" data-widget_type=\"text-editor.default\">\n\t\t\t\t<div class=\"elementor-widget-container\">\n\t\t\t\t\t\t\t\t\t<p>Beroende p\u00e5 i vilket land v\u00e5ra tj\u00e4nster tillhandah\u00e5lls kan nets360 bedriva verksamhet genom dotterbolag eller juridiskt distinkta enheter enligt lokal lagstiftning.<\/p><p>nets360 O\u00dc, baserat i Estland, fungerar som den centrala juridiska och operativa enheten, men vissa tj\u00e4nster eller avtalsf\u00f6rh\u00e5llanden kan hanteras lokalt genom landsspecifika filialer eller partnerenheter som ing\u00e5r i nets360:s bredare ekosystem.<\/p><p>Alla s\u00e5dana enheter arbetar under samma kvalitets-, efterlevnads- och tj\u00e4nstestandarder som nets360 O\u00dc.<\/p>\t\t\t\t\t\t\t\t<\/div>\n\t\t\t\t<\/div>\n\t\t\t\t\t<\/div>\n\t\t\t\t<\/div>\n\t\t<div class=\"elementor-element elementor-element-863ea44 e-flex e-con-boxed e-con e-parent\" data-id=\"863ea44\" data-element_type=\"container\">\n\t\t\t\t\t<div class=\"e-con-inner\">\n\t\t\t\t<div class=\"elementor-element elementor-element-0bb53a4 elementor-widget elementor-widget-heading\" data-id=\"0bb53a4\" data-element_type=\"widget\" data-widget_type=\"heading.default\">\n\t\t\t\t<div class=\"elementor-widget-container\">\n\t\t\t\t\t<h2 class=\"elementor-heading-title elementor-size-default\">Rapportering av \u00f6vertr\u00e4delser<\/h2>\t\t\t\t<\/div>\n\t\t\t\t<\/div>\n\t\t\t\t<div class=\"elementor-element elementor-element-3e9964e elementor-widget__width-initial animated-fast elementor-widget elementor-widget-toggle\" data-id=\"3e9964e\" data-element_type=\"widget\" data-settings=\"{&quot;_animation&quot;:&quot;none&quot;}\" data-widget_type=\"toggle.default\">\n\t\t\t\t<div class=\"elementor-widget-container\">\n\t\t\t\t\t\t\t<div class=\"elementor-toggle\">\n\t\t\t\t\t\t\t<div class=\"elementor-toggle-item\">\n\t\t\t\t\t<div id=\"elementor-tab-title-6561\" class=\"elementor-tab-title\" data-tab=\"1\" role=\"button\" aria-controls=\"elementor-tab-content-6561\" aria-expanded=\"false\">\n\t\t\t\t\t\t\t\t\t\t\t\t<span class=\"elementor-toggle-icon elementor-toggle-icon-right\" aria-hidden=\"true\">\n\t\t\t\t\t\t\t\t\t\t\t\t\t\t\t<span class=\"elementor-toggle-icon-closed\"><svg class=\"e-font-icon-svg e-fas-plus\" viewBox=\"0 0 448 512\" xmlns=\"http:\/\/www.w3.org\/2000\/svg\"><path d=\"M416 208H272V64c0-17.67-14.33-32-32-32h-32c-17.67 0-32 14.33-32 32v144H32c-17.67 0-32 14.33-32 32v32c0 17.67 14.33 32 32 32h144v144c0 17.67 14.33 32 32 32h32c17.67 0 32-14.33 32-32V304h144c17.67 0 32-14.33 32-32v-32c0-17.67-14.33-32-32-32z\"><\/path><\/svg><\/span>\n\t\t\t\t\t\t\t\t<span class=\"elementor-toggle-icon-opened\"><svg class=\"elementor-toggle-icon-opened e-font-icon-svg e-fas-minus\" viewBox=\"0 0 448 512\" xmlns=\"http:\/\/www.w3.org\/2000\/svg\"><path d=\"M416 208H32c-17.67 0-32 14.33-32 32v32c0 17.67 14.33 32 32 32h384c17.67 0 32-14.33 32-32v-32c0-17.67-14.33-32-32-32z\"><\/path><\/svg><\/span>\n\t\t\t\t\t\t\t\t\t\t\t\t\t<\/span>\n\t\t\t\t\t\t\t\t\t\t\t\t<a class=\"elementor-toggle-title\" tabindex=\"0\">Anm\u00e4lan av personuppgiftsincident<\/a>\n\t\t\t\t\t<\/div>\n\n\t\t\t\t\t<div id=\"elementor-tab-content-6561\" class=\"elementor-tab-content elementor-clearfix\" data-tab=\"1\" role=\"region\" aria-labelledby=\"elementor-tab-title-6561\"><p>Om du anser att sekretessen, tillg\u00e4ngligheten eller integriteten f\u00f6r dina eller n\u00e5gon annans personuppgifter har \u00e4ventyrats av nets360 eller en anst\u00e4lld hos nets360, skicka ett e-postmeddelande om detta till <a href=\"mailto:privacy@nets360.eu\">privacy@nets360.eu<\/a><\/p>\n<\/div>\n\t\t\t\t<\/div>\n\t\t\t\t\t\t\t<div class=\"elementor-toggle-item\">\n\t\t\t\t\t<div id=\"elementor-tab-title-6562\" class=\"elementor-tab-title\" data-tab=\"2\" role=\"button\" aria-controls=\"elementor-tab-content-6562\" aria-expanded=\"false\">\n\t\t\t\t\t\t\t\t\t\t\t\t<span class=\"elementor-toggle-icon elementor-toggle-icon-right\" aria-hidden=\"true\">\n\t\t\t\t\t\t\t\t\t\t\t\t\t\t\t<span class=\"elementor-toggle-icon-closed\"><svg class=\"e-font-icon-svg e-fas-plus\" viewBox=\"0 0 448 512\" xmlns=\"http:\/\/www.w3.org\/2000\/svg\"><path d=\"M416 208H272V64c0-17.67-14.33-32-32-32h-32c-17.67 0-32 14.33-32 32v144H32c-17.67 0-32 14.33-32 32v32c0 17.67 14.33 32 32 32h144v144c0 17.67 14.33 32 32 32h32c17.67 0 32-14.33 32-32V304h144c17.67 0 32-14.33 32-32v-32c0-17.67-14.33-32-32-32z\"><\/path><\/svg><\/span>\n\t\t\t\t\t\t\t\t<span class=\"elementor-toggle-icon-opened\"><svg class=\"elementor-toggle-icon-opened e-font-icon-svg e-fas-minus\" viewBox=\"0 0 448 512\" xmlns=\"http:\/\/www.w3.org\/2000\/svg\"><path d=\"M416 208H32c-17.67 0-32 14.33-32 32v32c0 17.67 14.33 32 32 32h384c17.67 0 32-14.33 32-32v-32c0-17.67-14.33-32-32-32z\"><\/path><\/svg><\/span>\n\t\t\t\t\t\t\t\t\t\t\t\t\t<\/span>\n\t\t\t\t\t\t\t\t\t\t\t\t<a class=\"elementor-toggle-title\" tabindex=\"0\">Rapportering av IT- och s\u00e4kerhetsfr\u00e5gor<\/a>\n\t\t\t\t\t<\/div>\n\n\t\t\t\t\t<div id=\"elementor-tab-content-6562\" class=\"elementor-tab-content elementor-clearfix\" data-tab=\"2\" role=\"region\" aria-labelledby=\"elementor-tab-title-6562\"><p>Om du har f\u00e5tt skr\u00e4ppost eller phishing-meddelanden fr\u00e5n nets360-n\u00e4tverket, om dina datorer har attackerats eller om du har f\u00e5tt bluffsamtal, skicka ett e-postmeddelande till <a href=\"mailto:abuse@nets360.eu\">abuse@nets360.eu<\/a><\/p><\/p>\n<\/div>\n\t\t\t\t<\/div>\n\t\t\t\t\t\t\t<div class=\"elementor-toggle-item\">\n\t\t\t\t\t<div id=\"elementor-tab-title-6563\" class=\"elementor-tab-title\" data-tab=\"3\" role=\"button\" aria-controls=\"elementor-tab-content-6563\" aria-expanded=\"false\">\n\t\t\t\t\t\t\t\t\t\t\t\t<span class=\"elementor-toggle-icon elementor-toggle-icon-right\" aria-hidden=\"true\">\n\t\t\t\t\t\t\t\t\t\t\t\t\t\t\t<span class=\"elementor-toggle-icon-closed\"><svg class=\"e-font-icon-svg e-fas-plus\" viewBox=\"0 0 448 512\" xmlns=\"http:\/\/www.w3.org\/2000\/svg\"><path d=\"M416 208H272V64c0-17.67-14.33-32-32-32h-32c-17.67 0-32 14.33-32 32v144H32c-17.67 0-32 14.33-32 32v32c0 17.67 14.33 32 32 32h144v144c0 17.67 14.33 32 32 32h32c17.67 0 32-14.33 32-32V304h144c17.67 0 32-14.33 32-32v-32c0-17.67-14.33-32-32-32z\"><\/path><\/svg><\/span>\n\t\t\t\t\t\t\t\t<span class=\"elementor-toggle-icon-opened\"><svg class=\"elementor-toggle-icon-opened e-font-icon-svg e-fas-minus\" viewBox=\"0 0 448 512\" xmlns=\"http:\/\/www.w3.org\/2000\/svg\"><path d=\"M416 208H32c-17.67 0-32 14.33-32 32v32c0 17.67 14.33 32 32 32h384c17.67 0 32-14.33 32-32v-32c0-17.67-14.33-32-32-32z\"><\/path><\/svg><\/span>\n\t\t\t\t\t\t\t\t\t\t\t\t\t<\/span>\n\t\t\t\t\t\t\t\t\t\t\t\t<a class=\"elementor-toggle-title\" tabindex=\"0\">Rapportering av olagligt inneh\u00e5ll<\/a>\n\t\t\t\t\t<\/div>\n\n\t\t\t\t\t<div id=\"elementor-tab-content-6563\" class=\"elementor-tab-content elementor-clearfix\" data-tab=\"3\" role=\"region\" aria-labelledby=\"elementor-tab-title-6563\"><p>Om du uppt\u00e4cker olagligt inneh\u00e5ll p\u00e5 webbplatser som anv\u00e4nder nets360:s webbhotell eller molntj\u00e4nster, till exempel uppmaning till hat och v\u00e5ld, brott mot varum\u00e4rkeslagen, terroristmaterial etc., ber vi dig att rapportera det via e-post.  <a href=\"mailto:illegal@nets360.eu\">illegal@nets360.eu<\/a><\/p><\/p>\n<\/div>\n\t\t\t\t<\/div>\n\t\t\t\t\t\t\t\t<\/div>\n\t\t\t\t\t\t<\/div>\n\t\t\t\t<\/div>\n\t\t\t\t\t<\/div>\n\t\t\t\t<\/div>\n\t\t\t\t<\/div>\n\t\t","protected":false},"excerpt":{"rendered":"<p>nets360 Juridisk upplysning Juridiskt meddelande Huvudkontor nets360 O\u00dc Hobujaama 4Tallinn 10151Estland Handelsregisternummer: 16895772VAT ID: EE102744798 Telefon: +372 6063940 +372 6063940E-post: frontdesk@nets360.eu F\u00f6retr\u00e4dda av: Bernhard Teufel (VD) Ansvarig f\u00f6r inneh\u00e5ll: Jaakko M\u00e4kinen nets360 erbjuder sina tj\u00e4nster i hela Europa. Du kan hitta v\u00e5ra kontor och team i ditt land i kontaktavsnittet. Ansvarsfriskrivning nets360 tillhandah\u00e5ller tj\u00e4nster uteslutande [&hellip;]<\/p>\n","protected":false},"author":1,"featured_media":0,"parent":0,"menu_order":0,"comment_status":"closed","ping_status":"closed","template":"","meta":{"_acf_changed":false,"inline_featured_image":false,"footnotes":""},"class_list":["post-15265","page","type-page","status-publish","hentry"],"acf":[],"_links":{"self":[{"href":"https:\/\/nets360.eu\/sv\/wp-json\/wp\/v2\/pages\/15265","targetHints":{"allow":["GET"]}}],"collection":[{"href":"https:\/\/nets360.eu\/sv\/wp-json\/wp\/v2\/pages"}],"about":[{"href":"https:\/\/nets360.eu\/sv\/wp-json\/wp\/v2\/types\/page"}],"author":[{"embeddable":true,"href":"https:\/\/nets360.eu\/sv\/wp-json\/wp\/v2\/users\/1"}],"replies":[{"embeddable":true,"href":"https:\/\/nets360.eu\/sv\/wp-json\/wp\/v2\/comments?post=15265"}],"version-history":[{"count":1,"href":"https:\/\/nets360.eu\/sv\/wp-json\/wp\/v2\/pages\/15265\/revisions"}],"predecessor-version":[{"id":15266,"href":"https:\/\/nets360.eu\/sv\/wp-json\/wp\/v2\/pages\/15265\/revisions\/15266"}],"wp:attachment":[{"href":"https:\/\/nets360.eu\/sv\/wp-json\/wp\/v2\/media?parent=15265"}],"curies":[{"name":"wp","href":"https:\/\/api.w.org\/{rel}","templated":true}]}}