{"id":8500,"date":"2024-05-05T22:35:06","date_gmt":"2024-05-05T22:35:06","guid":{"rendered":"https:\/\/nets360.eu\/partner\/"},"modified":"2024-05-18T12:50:02","modified_gmt":"2024-05-18T12:50:02","slug":"partner","status":"publish","type":"page","link":"https:\/\/nets360.eu\/sv\/partner\/","title":{"rendered":"Partner"},"content":{"rendered":"\t\t<div data-elementor-type=\"wp-page\" data-elementor-id=\"8500\" class=\"elementor elementor-8500 elementor-8407\" data-elementor-post-type=\"page\">\n\t\t\t\t<div class=\"elementor-element elementor-element-af06b46 e-flex e-con-boxed e-con e-parent\" data-id=\"af06b46\" data-element_type=\"container\">\n\t\t\t\t\t<div class=\"e-con-inner\">\n\t\t<div class=\"elementor-element elementor-element-5a97069 e-flex e-con-boxed e-con e-child\" data-id=\"5a97069\" data-element_type=\"container\" data-settings=\"{&quot;background_background&quot;:&quot;classic&quot;}\">\n\t\t\t\t\t<div class=\"e-con-inner\">\n\t\t<div class=\"elementor-element elementor-element-4559816 e-flex e-con-boxed e-con e-child\" data-id=\"4559816\" data-element_type=\"container\">\n\t\t\t\t\t<div class=\"e-con-inner\">\n\t\t\t\t<div class=\"elementor-element elementor-element-f53c1bd elementor-vertical-align-middle elementor-widget elementor-widget-image-box\" data-id=\"f53c1bd\" data-element_type=\"widget\" data-widget_type=\"image-box.default\">\n\t\t\t\t<div class=\"elementor-widget-container\">\n\t\t\t\t\t<div class=\"elementor-image-box-wrapper\"><div class=\"elementor-image-box-content\"><h1 class=\"elementor-image-box-title\">Aff\u00e4rspartner<\/h1><\/div><\/div>\t\t\t\t<\/div>\n\t\t\t\t<\/div>\n\t\t\t\t<div class=\"elementor-element elementor-element-62a135a elementor-widget elementor-widget-text-editor\" data-id=\"62a135a\" data-element_type=\"widget\" data-widget_type=\"text-editor.default\">\n\t\t\t\t<div class=\"elementor-widget-container\">\n\t\t\t\t\t\t\t\t\t<p>nets360: Anslut. Samarbeta. Lyckas<\/p>\n\t\t\t\t\t\t\t\t<\/div>\n\t\t\t\t<\/div>\n\t\t\t\t\t<\/div>\n\t\t\t\t<\/div>\n\t\t\t\t\t<\/div>\n\t\t\t\t<\/div>\n\t\t\t\t\t<\/div>\n\t\t\t\t<\/div>\n\t\t<div class=\"elementor-element elementor-element-06ba22e e-flex e-con-boxed e-con e-parent\" data-id=\"06ba22e\" data-element_type=\"container\">\n\t\t\t\t\t<div class=\"e-con-inner\">\n\t\t\t\t<div class=\"elementor-element elementor-element-32136de elementor-widget elementor-widget-heading\" data-id=\"32136de\" data-element_type=\"widget\" data-widget_type=\"heading.default\">\n\t\t\t\t<div class=\"elementor-widget-container\">\n\t\t\t\t\t<h2 class=\"elementor-heading-title elementor-size-default\">Partnermodeller p\u00e5 nets360<\/h2>\t\t\t\t<\/div>\n\t\t\t\t<\/div>\n\t\t\t\t<div class=\"elementor-element elementor-element-b729ce3 elementor-widget elementor-widget-text-editor\" data-id=\"b729ce3\" data-element_type=\"widget\" data-widget_type=\"text-editor.default\">\n\t\t\t\t<div class=\"elementor-widget-container\">\n\t\t\t\t\t\t\t\t\t<p>Oavsett om det \u00e4r som IoT-specialist, IT-tj\u00e4nsteleverant\u00f6r, \u00e5terf\u00f6rs\u00e4ljare, systemhus, systemintegrat\u00f6r, tj\u00e4nsteleverant\u00f6r eller operat\u00f6r med egen n\u00e4tverksinfrastruktur: Som nets360-partner kan b\u00e5de du och dina kunder dra nytta av f\u00f6rdelarna med att arbeta med nets360.<\/p>\n\t\t\t\t\t\t\t\t<\/div>\n\t\t\t\t<\/div>\n\t\t\t\t\t<\/div>\n\t\t\t\t<\/div>\n\t\t<div class=\"elementor-element elementor-element-8b9cdae e-flex e-con-boxed e-con e-parent\" data-id=\"8b9cdae\" data-element_type=\"container\">\n\t\t\t\t\t<div class=\"e-con-inner\">\n\t\t<div class=\"elementor-element elementor-element-05a702d e-con-full e-flex e-con e-child\" data-id=\"05a702d\" data-element_type=\"container\">\n\t\t\t\t<div class=\"elementor-element elementor-element-a0a3125 elementor-widget elementor-widget-image\" data-id=\"a0a3125\" data-element_type=\"widget\" data-widget_type=\"image.default\">\n\t\t\t\t<div class=\"elementor-widget-container\">\n\t\t\t\t\t\t\t\t\t\t\t\t\t\t\t<img decoding=\"async\" src=\"https:\/\/nets360.eu\/wp-content\/uploads\/elementor\/thumbs\/nets360_partner_silber-qoccs5i9wztfiq7fvrs2gtdg9bg1gdg0ii1792wez4.png\" title=\"nets360_partner_silber\" alt=\"nets360_partner_silber\" loading=\"lazy\" \/>\t\t\t\t\t\t\t\t\t\t\t\t\t\t\t<\/div>\n\t\t\t\t<\/div>\n\t\t\t\t<\/div>\n\t\t<div class=\"elementor-element elementor-element-8cbc6a0 e-con-full e-flex e-con e-child\" data-id=\"8cbc6a0\" data-element_type=\"container\">\n\t\t\t\t<div class=\"elementor-element elementor-element-295d53b elementor-widget elementor-widget-image\" data-id=\"295d53b\" data-element_type=\"widget\" data-widget_type=\"image.default\">\n\t\t\t\t<div class=\"elementor-widget-container\">\n\t\t\t\t\t\t\t\t\t\t\t\t\t\t\t<img decoding=\"async\" src=\"https:\/\/nets360.eu\/wp-content\/uploads\/elementor\/thumbs\/nets360_partner_gold-qoccrf6slmtehn9o5geij00jmj1rgujj2vrltbzftc.png\" title=\"nets360_partner_gold\" alt=\"nets360_partner_gold\" loading=\"lazy\" \/>\t\t\t\t\t\t\t\t\t\t\t\t\t\t\t<\/div>\n\t\t\t\t<\/div>\n\t\t\t\t<\/div>\n\t\t<div class=\"elementor-element elementor-element-7a3f6de e-con-full e-flex e-con e-child\" data-id=\"7a3f6de\" data-element_type=\"container\">\n\t\t\t\t<\/div>\n\t\t<div class=\"elementor-element elementor-element-a25c4aa e-con-full e-flex e-con e-child\" data-id=\"a25c4aa\" data-element_type=\"container\">\n\t\t\t\t<\/div>\n\t\t\t\t\t<\/div>\n\t\t\t\t<\/div>\n\t\t<div class=\"elementor-element elementor-element-801fef5 e-flex e-con-boxed e-con e-parent\" data-id=\"801fef5\" data-element_type=\"container\">\n\t\t\t\t\t<div class=\"e-con-inner\">\n\t\t<div class=\"elementor-element elementor-element-5bab30d e-con-full e-flex e-con e-child\" data-id=\"5bab30d\" data-element_type=\"container\">\n\t\t\t\t<div class=\"elementor-element elementor-element-833b628 elementor-widget elementor-widget-heading\" data-id=\"833b628\" data-element_type=\"widget\" data-widget_type=\"heading.default\">\n\t\t\t\t<div class=\"elementor-widget-container\">\n\t\t\t\t\t<h2 class=\"elementor-heading-title elementor-size-default\"><a href=\"https:\/\/nets360.eu\/sv\/affarspartner-aterforsaljare\/\">\u00c5terf\u00f6rs\u00e4ljare<\/a><\/h2>\t\t\t\t<\/div>\n\t\t\t\t<\/div>\n\t\t\t\t<div class=\"elementor-element elementor-element-7c0761c elementor-widget elementor-widget-text-editor\" data-id=\"7c0761c\" data-element_type=\"widget\" data-widget_type=\"text-editor.default\">\n\t\t\t\t<div class=\"elementor-widget-container\">\n\t\t\t\t\t\t\t\t\t<p>Erbjud dina f\u00f6retagskunder v\u00e5r omfattande produktportf\u00f6lj och dra nytta av attraktiva provisioner.<\/p>\n\t\t\t\t\t\t\t\t<\/div>\n\t\t\t\t<\/div>\n\t\t\t\t<\/div>\n\t\t<div class=\"elementor-element elementor-element-898ccea e-con-full e-flex e-con e-child\" data-id=\"898ccea\" data-element_type=\"container\">\n\t\t\t\t<div class=\"elementor-element elementor-element-fa2799c elementor-widget elementor-widget-heading\" data-id=\"fa2799c\" data-element_type=\"widget\" data-widget_type=\"heading.default\">\n\t\t\t\t<div class=\"elementor-widget-container\">\n\t\t\t\t\t<h2 class=\"elementor-heading-title elementor-size-default\">\u00c5terf\u00f6rs\u00e4ljare med merv\u00e4rde<\/h2>\t\t\t\t<\/div>\n\t\t\t\t<\/div>\n\t\t\t\t<div class=\"elementor-element elementor-element-dbb9abd elementor-widget elementor-widget-text-editor\" data-id=\"dbb9abd\" data-element_type=\"widget\" data-widget_type=\"text-editor.default\">\n\t\t\t\t<div class=\"elementor-widget-container\">\n\t\t\t\t\t\t\t\t\t<p>F\u00e5 en attraktiv och modul\u00e4r portf\u00f6lj med grossistprodukter, integrera dina till\u00e4ggstj\u00e4nster och marknadsf\u00f6ra dem under ditt eget namn och med din egen faktura till dina f\u00f6retagskunder<\/p>\n\t\t\t\t\t\t\t\t<\/div>\n\t\t\t\t<\/div>\n\t\t\t\t<\/div>\n\t\t<div class=\"elementor-element elementor-element-71a9eb4 e-con-full e-flex e-con e-child\" data-id=\"71a9eb4\" data-element_type=\"container\">\n\t\t\t\t<div class=\"elementor-element elementor-element-ab41157 elementor-widget elementor-widget-heading\" data-id=\"ab41157\" data-element_type=\"widget\" data-widget_type=\"heading.default\">\n\t\t\t\t<div class=\"elementor-widget-container\">\n\t\t\t\t\t<h2 class=\"elementor-heading-title elementor-size-default\"><a href=\"https:\/\/nets360.eu\/sv\/affarspartner-isp-nsp\/\">Leverant\u00f6r ISP \/ NSP<\/a><\/h2>\t\t\t\t<\/div>\n\t\t\t\t<\/div>\n\t\t\t\t<div class=\"elementor-element elementor-element-0b5b070 elementor-widget elementor-widget-text-editor\" data-id=\"0b5b070\" data-element_type=\"widget\" data-widget_type=\"text-editor.default\">\n\t\t\t\t<div class=\"elementor-widget-container\">\n\t\t\t\t\t\t\t\t\t<p>Erbjud oss din infrastruktur s\u00e5 att vi tillsammans kan utveckla framg\u00e5ngsrika och samarbetsinriktade managed service-l\u00f6sningar.<\/p>\n\t\t\t\t\t\t\t\t<\/div>\n\t\t\t\t<\/div>\n\t\t\t\t<\/div>\n\t\t<div class=\"elementor-element elementor-element-7ac4df0 e-con-full e-flex e-con e-child\" data-id=\"7ac4df0\" data-element_type=\"container\">\n\t\t\t\t<div class=\"elementor-element elementor-element-f0c867e elementor-widget elementor-widget-heading\" data-id=\"f0c867e\" data-element_type=\"widget\" data-widget_type=\"heading.default\">\n\t\t\t\t<div class=\"elementor-widget-container\">\n\t\t\t\t\t<h2 class=\"elementor-heading-title elementor-size-default\"><a href=\"https:\/\/nets360.eu\/sv\/affarspartner-isp-nsp\/\">Installation p\u00e5 plats<\/a><\/h2>\t\t\t\t<\/div>\n\t\t\t\t<\/div>\n\t\t\t\t<div class=\"elementor-element elementor-element-14dad49 elementor-widget elementor-widget-text-editor\" data-id=\"14dad49\" data-element_type=\"widget\" data-widget_type=\"text-editor.default\">\n\t\t\t\t<div class=\"elementor-widget-container\">\n\t\t\t\t\t\t\t\t\t<p>Ut\u00f6ka v\u00e5r managed service genom att installera v\u00e5ra l\u00f6sningar p\u00e5 plats<\/p>\n\t\t\t\t\t\t\t\t<\/div>\n\t\t\t\t<\/div>\n\t\t\t\t<\/div>\n\t\t\t\t\t<\/div>\n\t\t\t\t<\/div>\n\t\t\t\t<\/div>\n\t\t","protected":false},"excerpt":{"rendered":"<p>Aff\u00e4rspartner nets360: Anslut. Samarbeta. Lyckas Partnermodeller p\u00e5 nets360 Oavsett om det \u00e4r som IoT-specialist, IT-tj\u00e4nsteleverant\u00f6r, \u00e5terf\u00f6rs\u00e4ljare, systemhus, systemintegrat\u00f6r, tj\u00e4nsteleverant\u00f6r eller operat\u00f6r med egen n\u00e4tverksinfrastruktur: Som nets360-partner kan b\u00e5de du och dina kunder dra nytta av f\u00f6rdelarna med att arbeta med nets360. \u00c5terf\u00f6rs\u00e4ljare Erbjud dina f\u00f6retagskunder v\u00e5r omfattande produktportf\u00f6lj och dra nytta av attraktiva provisioner. \u00c5terf\u00f6rs\u00e4ljare [&hellip;]<\/p>\n","protected":false},"author":1,"featured_media":0,"parent":0,"menu_order":0,"comment_status":"closed","ping_status":"closed","template":"","meta":{"_acf_changed":false,"inline_featured_image":false,"footnotes":""},"class_list":["post-8500","page","type-page","status-publish","hentry"],"acf":[],"_links":{"self":[{"href":"https:\/\/nets360.eu\/sv\/wp-json\/wp\/v2\/pages\/8500","targetHints":{"allow":["GET"]}}],"collection":[{"href":"https:\/\/nets360.eu\/sv\/wp-json\/wp\/v2\/pages"}],"about":[{"href":"https:\/\/nets360.eu\/sv\/wp-json\/wp\/v2\/types\/page"}],"author":[{"embeddable":true,"href":"https:\/\/nets360.eu\/sv\/wp-json\/wp\/v2\/users\/1"}],"replies":[{"embeddable":true,"href":"https:\/\/nets360.eu\/sv\/wp-json\/wp\/v2\/comments?post=8500"}],"version-history":[{"count":7,"href":"https:\/\/nets360.eu\/sv\/wp-json\/wp\/v2\/pages\/8500\/revisions"}],"predecessor-version":[{"id":9400,"href":"https:\/\/nets360.eu\/sv\/wp-json\/wp\/v2\/pages\/8500\/revisions\/9400"}],"wp:attachment":[{"href":"https:\/\/nets360.eu\/sv\/wp-json\/wp\/v2\/media?parent=8500"}],"curies":[{"name":"wp","href":"https:\/\/api.w.org\/{rel}","templated":true}]}}