{"id":8528,"date":"2023-12-04T22:31:23","date_gmt":"2023-12-04T22:31:23","guid":{"rendered":"https:\/\/nets360.eu\/affarspartner-isp-nsp\/"},"modified":"2024-05-19T17:06:59","modified_gmt":"2024-05-19T17:06:59","slug":"affarspartner-isp-nsp","status":"publish","type":"page","link":"https:\/\/nets360.eu\/sv\/affarspartner-isp-nsp\/","title":{"rendered":"Aff\u00e4rspartner ISP \/ NSP"},"content":{"rendered":"\t\t<div data-elementor-type=\"wp-page\" data-elementor-id=\"8528\" class=\"elementor elementor-8528 elementor-418\" data-elementor-post-type=\"page\">\n\t\t\t\t<div class=\"elementor-element elementor-element-5443ba6 e-flex e-con-boxed e-con e-parent\" data-id=\"5443ba6\" data-element_type=\"container\" data-settings=\"{&quot;background_background&quot;:&quot;gradient&quot;}\">\n\t\t\t\t\t<div class=\"e-con-inner\">\n\t\t<div class=\"elementor-element elementor-element-5fc7769 e-flex e-con-boxed e-con e-child\" data-id=\"5fc7769\" data-element_type=\"container\">\n\t\t\t\t\t<div class=\"e-con-inner\">\n\t\t<div class=\"elementor-element elementor-element-774e743 e-flex e-con-boxed e-con e-child\" data-id=\"774e743\" data-element_type=\"container\">\n\t\t\t\t\t<div class=\"e-con-inner\">\n\t\t\t\t<div class=\"elementor-element elementor-element-6486a88 elementor-widget elementor-widget-text-editor\" data-id=\"6486a88\" data-element_type=\"widget\" data-widget_type=\"text-editor.default\">\n\t\t\t\t<div class=\"elementor-widget-container\">\n\t\t\t\t\t\t\t\t\t<p>nets360 Aff\u00e4rspartner<\/p>\n\t\t\t\t\t\t\t\t<\/div>\n\t\t\t\t<\/div>\n\t\t\t\t<div class=\"elementor-element elementor-element-52638f4 elementor-widget elementor-widget-heading\" data-id=\"52638f4\" data-element_type=\"widget\" data-widget_type=\"heading.default\">\n\t\t\t\t<div class=\"elementor-widget-container\">\n\t\t\t\t\t<h1 class=\"elementor-heading-title elementor-size-default\">Bli aff\u00e4rspartner till nets360  <\/h1>\t\t\t\t<\/div>\n\t\t\t\t<\/div>\n\t\t\t\t<div class=\"elementor-element elementor-element-52bc3ac elementor-widget elementor-widget-text-editor\" data-id=\"52bc3ac\" data-element_type=\"widget\" data-widget_type=\"text-editor.default\">\n\t\t\t\t<div class=\"elementor-widget-container\">\n\t\t\t\t\t\t\t\t\t<p>Den h\u00e4r sidan v\u00e4nder sig till Internet Service Providers (ISP), Network Service Providers (NSP) och Wireless Service Providers.<\/p>\n\t\t\t\t\t\t\t\t<\/div>\n\t\t\t\t<\/div>\n\t\t\t\t\t<\/div>\n\t\t\t\t<\/div>\n\t\t\t\t\t<\/div>\n\t\t\t\t<\/div>\n\t\t\t\t\t<\/div>\n\t\t\t\t<\/div>\n\t\t<div class=\"elementor-element elementor-element-6f61e54 e-flex e-con-boxed e-con e-parent\" data-id=\"6f61e54\" data-element_type=\"container\">\n\t\t\t\t\t<div class=\"e-con-inner\">\n\t\t<div class=\"elementor-element elementor-element-98caadf e-con-full e-flex e-con e-child\" data-id=\"98caadf\" data-element_type=\"container\">\n\t\t\t\t<div class=\"elementor-element elementor-element-ffd4bc1 animated-fast elementor-widget elementor-widget-image\" data-id=\"ffd4bc1\" data-element_type=\"widget\" data-settings=\"{&quot;_animation&quot;:&quot;none&quot;}\" data-widget_type=\"image.default\">\n\t\t\t\t<div class=\"elementor-widget-container\">\n\t\t\t\t\t\t\t\t\t\t\t\t\t\t\t<img fetchpriority=\"high\" decoding=\"async\" width=\"330\" height=\"220\" src=\"https:\/\/nets360.eu\/wp-content\/uploads\/2024\/01\/Flag_of_Europe.svg.png\" class=\"attachment-full size-full wp-image-8337\" alt=\"\" srcset=\"https:\/\/nets360.eu\/wp-content\/uploads\/2024\/01\/Flag_of_Europe.svg.png 330w, https:\/\/nets360.eu\/wp-content\/uploads\/2024\/01\/Flag_of_Europe.svg-300x200.png 300w\" sizes=\"(max-width: 330px) 100vw, 330px\" \/>\t\t\t\t\t\t\t\t\t\t\t\t\t\t\t<\/div>\n\t\t\t\t<\/div>\n\t\t\t\t<\/div>\n\t\t<div class=\"elementor-element elementor-element-d4c74b6 e-con-full animated-fast e-flex e-con e-child\" data-id=\"d4c74b6\" data-element_type=\"container\" data-settings=\"{&quot;animation&quot;:&quot;none&quot;}\">\n\t\t\t\t<div class=\"elementor-element elementor-element-b88adf2 elementor-widget elementor-widget-heading\" data-id=\"b88adf2\" data-element_type=\"widget\" data-widget_type=\"heading.default\">\n\t\t\t\t<div class=\"elementor-widget-container\">\n\t\t\t\t\t<h3 class=\"elementor-heading-title elementor-size-default\">V\u00e5r vision<br>\nEuropeisk VNO f\u00f6r f\u00f6retagskunder\n<\/h3>\t\t\t\t<\/div>\n\t\t\t\t<\/div>\n\t\t\t\t<div class=\"elementor-element elementor-element-d9213f6 elementor-widget elementor-widget-text-editor\" data-id=\"d9213f6\" data-element_type=\"widget\" data-widget_type=\"text-editor.default\">\n\t\t\t\t<div class=\"elementor-widget-container\">\n\t\t\t\t\t\t\t\t\t<p>P\u00e5 nets360 har vi en vision. Vi vill bli en<span style=\"color: var( --e-global-color-text ); font-family: var( --e-global-typography-text-font-family ), default; font-size: var( --e-global-typography-text-font-size ); font-weight: var( --e-global-typography-text-font-weight ); text-align: var(--text-align);\">ledande <\/span><span style=\"color: var( --e-global-color-text ); font-family: var( --e-global-typography-text-font-family ), default; font-size: var( --e-global-typography-text-font-size ); font-weight: var( --e-global-typography-text-font-weight ); text-align: var(--text-align);\">europeisk managed service provider inom omr\u00e5det IoT access och SD-WAN\/SASE f\u00f6r f\u00f6retagskunder<\/span>.<\/p>\n<p>F\u00f6r att denna vision ska bli verklighet beh\u00f6ver vi dig som en lokal partner f\u00f6r fiberoptisk access och mobil kommunikation.<\/p>\n<p><strong>Vi s\u00f6ker regionala och nationella<\/strong><\/p>\n<ul>\n<li>Leverant\u00f6rer av Internettj\u00e4nster (ISP)<\/li>\n<li>Leverant\u00f6rer av n\u00e4tverkstj\u00e4nster (NSP)<\/li>\n<li>Leverant\u00f6rer av tr\u00e5dl\u00f6sa tj\u00e4nster<\/li>\n<\/ul>\n<p><strong>med \u00e5tkomst via<\/strong><\/p>\n<ul>\n<li>fiberoptik<\/li>\n<li>4G \/ 5G<\/li>\n<li>Bredband<\/li>\n<li>DSL.<\/li>\n<\/ul>\n\t\t\t\t\t\t\t\t<\/div>\n\t\t\t\t<\/div>\n\t\t\t\t<\/div>\n\t\t\t\t\t<\/div>\n\t\t\t\t<\/div>\n\t\t<div class=\"elementor-element elementor-element-902b396 e-flex e-con-boxed e-con e-parent\" data-id=\"902b396\" data-element_type=\"container\">\n\t\t\t\t\t<div class=\"e-con-inner\">\n\t\t<div class=\"elementor-element elementor-element-2c89cb4 e-con-full e-flex e-con e-child\" data-id=\"2c89cb4\" data-element_type=\"container\" data-settings=\"{&quot;background_background&quot;:&quot;classic&quot;}\">\n\t\t\t\t<div class=\"elementor-element elementor-element-678d05b elementor-widget elementor-widget-heading\" data-id=\"678d05b\" data-element_type=\"widget\" data-widget_type=\"heading.default\">\n\t\t\t\t<div class=\"elementor-widget-container\">\n\t\t\t\t\t<h1 class=\"elementor-heading-title elementor-size-default\">Kontakta nets360<\/h1>\t\t\t\t<\/div>\n\t\t\t\t<\/div>\n\t\t\t\t<div class=\"elementor-element elementor-element-862e639 elementor-widget elementor-widget-text-editor\" data-id=\"862e639\" data-element_type=\"widget\" data-widget_type=\"text-editor.default\">\n\t\t\t\t<div class=\"elementor-widget-container\">\n\t\t\t\t\t\t\t\t\t<p>Fyll i formul\u00e4ret nedan s\u00e5 kommer en av v\u00e5ra f\u00f6rs\u00e4ljningsexperter att h\u00f6ra av sig inom en arbetsdag.<\/p>\n\t\t\t\t\t\t\t\t<\/div>\n\t\t\t\t<\/div>\n\t\t\t\t<div class=\"elementor-element elementor-element-aa53cc9 elementor-widget elementor-widget-wpforms\" data-id=\"aa53cc9\" data-element_type=\"widget\" data-widget_type=\"wpforms.default\">\n\t\t\t\t<div class=\"elementor-widget-container\">\n\t\t\t\t\t<style id=\"wpforms-css-vars-elementor-widget-aa53cc9\">\n\t\t\t\t.elementor-widget-wpforms.elementor-element-aa53cc9 {\n\t\t\t\t--wpforms-button-background-color: #313131;\n--wpforms-button-text-color: #FFFFFF;\n--wpforms-field-size-input-height: 31px;\n--wpforms-field-size-input-spacing: 10px;\n--wpforms-field-size-font-size: 14px;\n--wpforms-field-size-line-height: 17px;\n--wpforms-field-size-padding-h: 9px;\n--wpforms-field-size-checkbox-size: 14px;\n--wpforms-field-size-sublabel-spacing: 5px;\n--wpforms-field-size-icon-size: 0.75;\n--wpforms-label-size-font-size: 14px;\n--wpforms-label-size-line-height: 17px;\n--wpforms-label-size-sublabel-font-size: 13px;\n--wpforms-label-size-sublabel-line-height: 16px;\n--wpforms-button-size-font-size: 14px;\n--wpforms-button-size-height: 37px;\n--wpforms-button-size-padding-h: 15px;\n--wpforms-button-size-margin-top: 5px;\n\t\t\t}\n\t\t\t<\/style><div class=\"wpforms-container wpforms-container-full wpforms-render-modern\" id=\"wpforms-1190\"><form id=\"wpforms-form-1190\" class=\"wpforms-validate wpforms-form wpforms-ajax-form\" data-formid=\"1190\" method=\"post\" enctype=\"multipart\/form-data\" action=\"\/sv\/wp-json\/wp\/v2\/pages\/8528\" data-token=\"95f26f0d3bc26606411d286f4481cf82\" data-token-time=\"1776206496\"><noscript class=\"wpforms-error-noscript\">Aktivera JavaScript i din webbl\u00e4sare f\u00f6r att fylla i formul\u00e4ret.<\/noscript><div id=\"wpforms-error-noscript\" style=\"display: none;\">Aktivera JavaScript i din webbl\u00e4sare f\u00f6r att fylla i formul\u00e4ret.<\/div><div class=\"wpforms-field-container\"><div id=\"wpforms-1190-field_2-container\" class=\"wpforms-field wpforms-field-name\" data-field-id=\"2\"><fieldset><legend class=\"wpforms-field-label\">Name <span class=\"wpforms-required-label\" aria-hidden=\"true\">*<\/span><\/legend><div class=\"wpforms-field-row wpforms-field-large\"><div class=\"wpforms-field-row-block wpforms-first wpforms-one-half\"><input type=\"text\" id=\"wpforms-1190-field_2\" class=\"wpforms-field-name-first wpforms-field-required\" name=\"wpforms[fields][2][first]\" aria-errormessage=\"wpforms-1190-field_2-error\" required><label for=\"wpforms-1190-field_2\" class=\"wpforms-field-sublabel after\">F\u00f6rst<\/label><\/div><div class=\"wpforms-field-row-block wpforms-one-half\"><input type=\"text\" id=\"wpforms-1190-field_2-last\" class=\"wpforms-field-name-last wpforms-field-required\" name=\"wpforms[fields][2][last]\" aria-errormessage=\"wpforms-1190-field_2-last-error\" required><label for=\"wpforms-1190-field_2-last\" class=\"wpforms-field-sublabel after\">Sist<\/label><\/div><\/div><\/fieldset><\/div><div id=\"wpforms-1190-field_3-container\" class=\"wpforms-field wpforms-field-text\" data-field-id=\"3\"><label class=\"wpforms-field-label\" for=\"wpforms-1190-field_3\">Company Name <span class=\"wpforms-required-label\" aria-hidden=\"true\">*<\/span><\/label><input type=\"text\" id=\"wpforms-1190-field_3\" class=\"wpforms-field-large wpforms-field-required\" name=\"wpforms[fields][3]\" aria-errormessage=\"wpforms-1190-field_3-error\" required><\/div><div id=\"wpforms-1190-field_15-container\" class=\"wpforms-field wpforms-field-select wpforms-field-select-style-classic\" data-field-id=\"15\"><label class=\"wpforms-field-label\" for=\"wpforms-1190-field_15\">Country <span class=\"wpforms-required-label\" aria-hidden=\"true\">*<\/span><\/label><select id=\"wpforms-1190-field_15\" class=\"wpforms-field-large wpforms-field-required\" name=\"wpforms[fields][15]\" required=\"required\"><option value=\"Select an option...\"  class=\"choice-27 depth-1\"  >Select an option...<\/option><option value=\"Albania\"  class=\"choice-44 depth-1\"  >Albania<\/option><option value=\"Andorra\"  class=\"choice-26 depth-1\"  >Andorra<\/option><option value=\"Austria\"  class=\"choice-25 depth-1\"  >Austria<\/option><option value=\"Belgium\"  class=\"choice-24 depth-1\"  >Belgium<\/option><option value=\"Bosnia and Herzegovina\"  class=\"choice-23 depth-1\"  >Bosnia and Herzegovina<\/option><option value=\"Bulgaria\"  class=\"choice-22 depth-1\"  >Bulgaria<\/option><option value=\"Croatia\"  class=\"choice-21 depth-1\"  >Croatia<\/option><option value=\"Cyprus\"  class=\"choice-20 depth-1\"  >Cyprus<\/option><option value=\"Czech\"  class=\"choice-19 depth-1\"  >Czech<\/option><option value=\"Denmark\"  class=\"choice-18 depth-1\"  >Denmark<\/option><option value=\"Estonia\"  class=\"choice-17 depth-1\"  >Estonia<\/option><option value=\"Finland\"  class=\"choice-16 depth-1\"  >Finland<\/option><option value=\"France\"  class=\"choice-15 depth-1\"  >France<\/option><option value=\"Germany\"  class=\"choice-14 depth-1\"  >Germany<\/option><option value=\"Greece\"  class=\"choice-13 depth-1\"  >Greece<\/option><option value=\"Hungary\"  class=\"choice-12 depth-1\"  >Hungary<\/option><option value=\"Iceland\"  class=\"choice-11 depth-1\"  >Iceland<\/option><option value=\"Ireland\"  class=\"choice-10 depth-1\"  >Ireland<\/option><option value=\"Italy\"  class=\"choice-9 depth-1\"  >Italy<\/option><option value=\"Latvia\"  class=\"choice-31 depth-1\"  >Latvia<\/option><option value=\"Liechtenstein\"  class=\"choice-30 depth-1\"  >Liechtenstein<\/option><option value=\"Lithuania\"  class=\"choice-29 depth-1\"  >Lithuania<\/option><option value=\"Luxembourg\"  class=\"choice-36 depth-1\"  >Luxembourg<\/option><option value=\"Malta\"  class=\"choice-35 depth-1\"  >Malta<\/option><option value=\"Moldova\"  class=\"choice-34 depth-1\"  >Moldova<\/option><option value=\"Monaco\"  class=\"choice-33 depth-1\"  >Monaco<\/option><option value=\"Montenegro\"  class=\"choice-32 depth-1\"  >Montenegro<\/option><option value=\"Netherlands\"  class=\"choice-28 depth-1\"  >Netherlands<\/option><option value=\"North Macedonia\"  class=\"choice-8 depth-1\"  >North Macedonia<\/option><option value=\"Norway\"  class=\"choice-7 depth-1\"  >Norway<\/option><option value=\"Poland\"  class=\"choice-6 depth-1\"  >Poland<\/option><option value=\"Portugal\"  class=\"choice-5 depth-1\"  >Portugal<\/option><option value=\"Romania\"  class=\"choice-4 depth-1\"  >Romania<\/option><option value=\"San Marino\"  class=\"choice-2 depth-1\"  >San Marino<\/option><option value=\"Serbia\"  class=\"choice-3 depth-1\"  >Serbia<\/option><option value=\"Slovakia\"  class=\"choice-43 depth-1\"  >Slovakia<\/option><option value=\"Slovenia\"  class=\"choice-42 depth-1\"  >Slovenia<\/option><option value=\"Spain\"  class=\"choice-41 depth-1\"  >Spain<\/option><option value=\"Sweden\"  class=\"choice-40 depth-1\"  >Sweden<\/option><option value=\"Switzerland\"  class=\"choice-39 depth-1\"  >Switzerland<\/option><option value=\"United Kingdom\"  class=\"choice-38 depth-1\"  >United Kingdom<\/option><option value=\"OTHER Country\"  class=\"choice-37 depth-1\"  >OTHER Country<\/option><\/select><\/div><div id=\"wpforms-1190-field_4-container\" class=\"wpforms-field wpforms-field-email\" data-field-id=\"4\"><label class=\"wpforms-field-label\" for=\"wpforms-1190-field_4\">Email <span class=\"wpforms-required-label\" aria-hidden=\"true\">*<\/span><\/label><input type=\"email\" id=\"wpforms-1190-field_4\" class=\"wpforms-field-large wpforms-field-required\" name=\"wpforms[fields][4]\" spellcheck=\"false\" aria-errormessage=\"wpforms-1190-field_4-error\" required><\/div><div id=\"wpforms-1190-field_11-container\" class=\"wpforms-field wpforms-field-text\" data-field-id=\"11\"><label class=\"wpforms-field-label\" for=\"wpforms-1190-field_11\">Phone Number (with international prefix e.g. +372) <span class=\"wpforms-required-label\" aria-hidden=\"true\">*<\/span><\/label><input type=\"text\" id=\"wpforms-1190-field_11\" class=\"wpforms-field-large wpforms-field-required\" name=\"wpforms[fields][11]\" aria-errormessage=\"wpforms-1190-field_11-error\" required><\/div><div id=\"wpforms-1190-field_6-container\" class=\"wpforms-field wpforms-field-textarea\" data-field-id=\"6\"><label class=\"wpforms-field-label\" for=\"wpforms-1190-field_6\">Your message<\/label><textarea id=\"wpforms-1190-field_6\" class=\"wpforms-field-medium\" name=\"wpforms[fields][6]\" aria-errormessage=\"wpforms-1190-field_6-error\" ><\/textarea><\/div><div id=\"wpforms-1190-field_7-container\" class=\"wpforms-field wpforms-field-checkbox\" data-field-id=\"7\"><fieldset><legend class=\"wpforms-field-label wpforms-label-hide\" aria-hidden=\"false\">DSGV0 <span class=\"wpforms-required-label\" aria-hidden=\"true\">*<\/span><\/legend><ul id=\"wpforms-1190-field_7\" class=\"wpforms-field-required\"><li class=\"choice-1 depth-1\"><input type=\"checkbox\" id=\"wpforms-1190-field_7_1\" name=\"wpforms[fields][7][]\" value=\"Privacy Notice: Your personal data from the contact form will be used by nets360 to process your request.\" aria-errormessage=\"wpforms-1190-field_7_1-error\" required ><label class=\"wpforms-field-label-inline\" for=\"wpforms-1190-field_7_1\">Privacy Notice: Your personal data from the contact form will be used by nets360 to process your request.<\/label><\/li><\/ul><\/fieldset><\/div><\/div><!-- .wpforms-field-container --><div class=\"wpforms-recaptcha-container wpforms-is-recaptcha wpforms-is-recaptcha-type-v2\" ><div class=\"g-recaptcha\" data-sitekey=\"6Le7eIApAAAAAA5l3NYBsvlUdYHMkISRZnRT9YLa\"><\/div><input type=\"text\" name=\"g-recaptcha-hidden\" class=\"wpforms-recaptcha-hidden\" style=\"position:absolute!important;clip:rect(0,0,0,0)!important;height:1px!important;width:1px!important;border:0!important;overflow:hidden!important;padding:0!important;margin:0!important;\" data-rule-recaptcha=\"1\"><\/div><div class=\"wpforms-submit-container\" ><input type=\"hidden\" name=\"wpforms[id]\" value=\"1190\"><input type=\"hidden\" name=\"page_title\" value=\"\"><input type=\"hidden\" name=\"page_url\" value=\"https:\/\/nets360.eu\/sv\/wp-json\/wp\/v2\/pages\/8528\"><input type=\"hidden\" name=\"url_referer\" value=\"\"><button type=\"submit\" name=\"wpforms[submit]\" id=\"wpforms-submit-1190\" class=\"wpforms-submit\" data-alt-text=\"Sending...\" data-submit-text=\"Submit\" aria-live=\"assertive\" value=\"wpforms-submit\">Submit<\/button><img decoding=\"async\" src=\"https:\/\/nets360.eu\/wp-content\/plugins\/wpforms-lite\/assets\/images\/submit-spin.svg\" class=\"wpforms-submit-spinner\" style=\"display: none;\" width=\"26\" height=\"26\" alt=\"Laddar\"><\/div><\/form><\/div>  <!-- .wpforms-container -->\t\t\t\t<\/div>\n\t\t\t\t<\/div>\n\t\t\t\t<\/div>\n\t\t<div class=\"elementor-element elementor-element-084bd44 e-con-full e-flex e-con e-child\" data-id=\"084bd44\" data-element_type=\"container\">\n\t\t<div class=\"elementor-element elementor-element-b410f02 e-flex e-con-boxed e-con e-child\" data-id=\"b410f02\" data-element_type=\"container\" data-settings=\"{&quot;background_background&quot;:&quot;classic&quot;}\">\n\t\t\t\t\t<div class=\"e-con-inner\">\n\t\t\t\t<div class=\"elementor-element elementor-element-4271e9f elementor-widget elementor-widget-heading\" data-id=\"4271e9f\" data-element_type=\"widget\" data-widget_type=\"heading.default\">\n\t\t\t\t<div class=\"elementor-widget-container\">\n\t\t\t\t\t<h3 class=\"elementor-heading-title elementor-size-default\">Ring oss<\/h3>\t\t\t\t<\/div>\n\t\t\t\t<\/div>\n\t\t\t\t<div class=\"elementor-element elementor-element-2e2789b elementor-widget elementor-widget-text-editor\" data-id=\"2e2789b\" data-element_type=\"widget\" data-widget_type=\"text-editor.default\">\n\t\t\t\t<div class=\"elementor-widget-container\">\n\t\t\t\t\t\t\t\t\t<p><strong>Telefon: +372 60 63 940 +372 60 63 940<\/strong><\/p>\n<p>\u00d6ppettider f\u00f6r f\u00f6rs\u00e4ljning: M\u00e5ndag &#8211; fredag (kl. 8.00-19.00)<\/p>\n\t\t\t\t\t\t\t\t<\/div>\n\t\t\t\t<\/div>\n\t\t\t\t\t<\/div>\n\t\t\t\t<\/div>\n\t\t<div class=\"elementor-element elementor-element-221d849 e-flex e-con-boxed e-con e-child\" data-id=\"221d849\" data-element_type=\"container\" data-settings=\"{&quot;background_background&quot;:&quot;classic&quot;}\">\n\t\t\t\t\t<div class=\"e-con-inner\">\n\t\t\t\t<div class=\"elementor-element elementor-element-322a4c7 elementor-widget elementor-widget-heading\" data-id=\"322a4c7\" data-element_type=\"widget\" data-widget_type=\"heading.default\">\n\t\t\t\t<div class=\"elementor-widget-container\">\n\t\t\t\t\t<h3 class=\"elementor-heading-title elementor-size-default\">V\u00e4lj en plats<\/h3>\t\t\t\t<\/div>\n\t\t\t\t<\/div>\n\t\t\t\t<div class=\"elementor-element elementor-element-8d09a13 elementor-widget__width-initial animated-fast elementor-widget elementor-widget-toggle\" data-id=\"8d09a13\" data-element_type=\"widget\" data-settings=\"{&quot;_animation&quot;:&quot;none&quot;}\" data-widget_type=\"toggle.default\">\n\t\t\t\t<div class=\"elementor-widget-container\">\n\t\t\t\t\t\t\t<div class=\"elementor-toggle\">\n\t\t\t\t\t\t\t<div class=\"elementor-toggle-item\">\n\t\t\t\t\t<div id=\"elementor-tab-title-1471\" class=\"elementor-tab-title\" data-tab=\"1\" role=\"button\" aria-controls=\"elementor-tab-content-1471\" aria-expanded=\"false\">\n\t\t\t\t\t\t\t\t\t\t\t\t<span class=\"elementor-toggle-icon elementor-toggle-icon-right\" aria-hidden=\"true\">\n\t\t\t\t\t\t\t\t\t\t\t\t\t\t\t<span class=\"elementor-toggle-icon-closed\"><svg class=\"e-font-icon-svg e-fas-plus\" viewBox=\"0 0 448 512\" xmlns=\"http:\/\/www.w3.org\/2000\/svg\"><path d=\"M416 208H272V64c0-17.67-14.33-32-32-32h-32c-17.67 0-32 14.33-32 32v144H32c-17.67 0-32 14.33-32 32v32c0 17.67 14.33 32 32 32h144v144c0 17.67 14.33 32 32 32h32c17.67 0 32-14.33 32-32V304h144c17.67 0 32-14.33 32-32v-32c0-17.67-14.33-32-32-32z\"><\/path><\/svg><\/span>\n\t\t\t\t\t\t\t\t<span class=\"elementor-toggle-icon-opened\"><svg class=\"elementor-toggle-icon-opened e-font-icon-svg e-fas-minus\" viewBox=\"0 0 448 512\" xmlns=\"http:\/\/www.w3.org\/2000\/svg\"><path d=\"M416 208H32c-17.67 0-32 14.33-32 32v32c0 17.67 14.33 32 32 32h384c17.67 0 32-14.33 32-32v-32c0-17.67-14.33-32-32-32z\"><\/path><\/svg><\/span>\n\t\t\t\t\t\t\t\t\t\t\t\t\t<\/span>\n\t\t\t\t\t\t\t\t\t\t\t\t<a class=\"elementor-toggle-title\" tabindex=\"0\">Estland, Huvudkontor<\/a>\n\t\t\t\t\t<\/div>\n\n\t\t\t\t\t<div id=\"elementor-tab-content-1471\" class=\"elementor-tab-content elementor-clearfix\" data-tab=\"1\" role=\"region\" aria-labelledby=\"elementor-tab-title-1471\"><p>nets360 O\u00dc<br \/>Hobujaama 4<br \/>Tallinn 10151<br \/>Estland<\/p>\n<p>Telefon: +372 60 63 940 +372 60 63 940<\/p>\n<p>\u00d6ppettider f\u00f6r f\u00f6rs\u00e4ljning: M\u00e5ndag &#8211; fredag (kl. 8.00-19.00)<\/p>\n<\/div>\n\t\t\t\t<\/div>\n\t\t\t\t\t\t\t\t<\/div>\n\t\t\t\t\t\t<\/div>\n\t\t\t\t<\/div>\n\t\t\t\t\t<\/div>\n\t\t\t\t<\/div>\n\t\t\t\t<\/div>\n\t\t\t\t\t<\/div>\n\t\t\t\t<\/div>\n\t\t\t\t<\/div>\n\t\t","protected":false},"excerpt":{"rendered":"<p>nets360 Aff\u00e4rspartner Bli aff\u00e4rspartner till nets360 Den h\u00e4r sidan v\u00e4nder sig till Internet Service Providers (ISP), Network Service Providers (NSP) och Wireless Service Providers. V\u00e5r vision Europeisk VNO f\u00f6r f\u00f6retagskunder P\u00e5 nets360 har vi en vision. Vi vill bli enledande europeisk managed service provider inom omr\u00e5det IoT access och SD-WAN\/SASE f\u00f6r f\u00f6retagskunder. F\u00f6r att denna [&hellip;]<\/p>\n","protected":false},"author":2,"featured_media":0,"parent":0,"menu_order":0,"comment_status":"closed","ping_status":"closed","template":"","meta":{"_acf_changed":false,"inline_featured_image":false,"footnotes":""},"class_list":["post-8528","page","type-page","status-publish","hentry"],"acf":[],"_links":{"self":[{"href":"https:\/\/nets360.eu\/sv\/wp-json\/wp\/v2\/pages\/8528","targetHints":{"allow":["GET"]}}],"collection":[{"href":"https:\/\/nets360.eu\/sv\/wp-json\/wp\/v2\/pages"}],"about":[{"href":"https:\/\/nets360.eu\/sv\/wp-json\/wp\/v2\/types\/page"}],"author":[{"embeddable":true,"href":"https:\/\/nets360.eu\/sv\/wp-json\/wp\/v2\/users\/2"}],"replies":[{"embeddable":true,"href":"https:\/\/nets360.eu\/sv\/wp-json\/wp\/v2\/comments?post=8528"}],"version-history":[{"count":5,"href":"https:\/\/nets360.eu\/sv\/wp-json\/wp\/v2\/pages\/8528\/revisions"}],"predecessor-version":[{"id":9544,"href":"https:\/\/nets360.eu\/sv\/wp-json\/wp\/v2\/pages\/8528\/revisions\/9544"}],"wp:attachment":[{"href":"https:\/\/nets360.eu\/sv\/wp-json\/wp\/v2\/media?parent=8528"}],"curies":[{"name":"wp","href":"https:\/\/api.w.org\/{rel}","templated":true}]}}